{"id":1347,"date":"2016-07-08T10:22:35","date_gmt":"2016-07-08T13:22:35","guid":{"rendered":"http:\/\/www.rotaseguros.com.br\/corretor\/?page_id=1347"},"modified":"2022-11-10T14:50:34","modified_gmt":"2022-11-10T17:50:34","slug":"fichasdefiliacao","status":"publish","type":"page","link":"https:\/\/www.rotaseguros.com.br\/corretor\/index.php\/links\/informacoes-de-operadoras\/fichasdefiliacao\/","title":{"rendered":"Fichas de Filia\u00e7\u00e3o"},"content":{"rendered":"\r\n<p>Fichas de Filia\u00e7\u00e3o:<\/p>\r\n\r\n\r\n\r\n<ul class=\"wp-block-list\">\r\n<li><a href=\"http:\/\/www.rotaseguros.com.br\/corretor\/wp-content\/uploads\/APLER.pdf\" target=\"_blank\" rel=\"noopener noreferrer\">Ficha da APLER &#8211; Profissionais Liberais<\/a><\/li>\r\n<li><a href=\"http:\/\/www.rotaseguros.com.br\/corretor\/wp-content\/uploads\/ASPB.pdf\" target=\"_blank\" rel=\"noopener noreferrer\">Ficha da ASPB &#8211; Servidores P\u00fablicos<\/a><\/li>\r\n<li><a href=\"http:\/\/www.rotaseguros.com.br\/corretor\/wp-content\/uploads\/SASPB.pdf\" target=\"_blank\" rel=\"noopener noreferrer\">Ficha da SASPB &#8211; Servidores P\u00fablicos<\/a><\/li>\r\n<li><a href=\"https:\/\/www.rotaseguros.com.br\/corretor\/wp-content\/uploads\/Ficha_UBE_2021-2.pdf\" target=\"_blank\" rel=\"noopener\">Ficha UBE 2021<\/a><\/li>\r\n<li><a href=\"https:\/\/www.rotaseguros.com.br\/corretor\/wp-content\/uploads\/Ficha-Associativa-ANTRACC-590-Mensal.-1.pdf\" target=\"_blank\" rel=\"noopener\">Ficha Associativa ANTRACC &#8211; Mensal.<\/a><\/li>\r\n<li><a href=\"https:\/\/www.rotaseguros.com.br\/corretor\/wp-content\/uploads\/Ficha-Associativa-AEB-5-1.pdf\" target=\"_blank\" rel=\"noopener\">Ficha Associativa AEB<\/a><\/li>\r\n<li><a href=\"https:\/\/www.rotaseguros.com.br\/corretor\/wp-content\/uploads\/FICHA-FILIACAO-ANCEPLA-1.pdf\" target=\"_blank\" rel=\"noopener\">FICHA FILIA\u00c7\u00c3O ANCEPLA<\/a><\/li>\r\n<li><a href=\"https:\/\/www.rotaseguros.com.br\/corretor\/wp-content\/uploads\/FICHA-ABPL-1.pdf\">FICHA ABPL<\/a><\/li>\r\n<li><a href=\"https:\/\/www.rotaseguros.com.br\/corretor\/wp-content\/uploads\/ASCOM-3.pdf\" target=\"_blank\" rel=\"noopener\">FICHA ASCOM<\/a><\/li>\r\n<li><a href=\"https:\/\/www.rotaseguros.com.br\/corretor\/wp-content\/uploads\/ABRE-BRASIL-3.pdf\" target=\"_blank\" rel=\"noopener\">FICHA ABRE BRASIL<\/a><\/li>\r\n<li><a href=\"https:\/\/www.rotaseguros.com.br\/corretor\/wp-content\/uploads\/AFPB-4.pdf\" target=\"_blank\" rel=\"noopener\">FICHA AFPB<\/a><\/li>\r\n<\/ul>\r\n\r\n\r\n\r\n<div class=\"wp-block-file\"><a href=\"https:\/\/www.rotaseguros.com.br\/corretor\/wp-content\/uploads\/Ficha-Cadastral-UBES-Atualizada.pdf\"> Ficha da UBES &#8211; Estudantes Secundaristas &#8211; Atualizada 11\/12\/19<\/a><a class=\"wp-block-file__button\" href=\"https:\/\/www.rotaseguros.com.br\/corretor\/wp-content\/uploads\/Ficha-Cadastral-UBES-Atualizada.pdf\" download=\"\">Baixar<\/a><\/div>\r\n\r\n\r\n\r\n<div class=\"wp-block-file\"><a href=\"https:\/\/www.rotaseguros.com.br\/corretor\/wp-content\/uploads\/Ficha-Cadastral-UNE-Atualizada.pdf\"> Ficha Cadastral UNE &#8211; Atualizada 11\/12\/19<\/a><a class=\"wp-block-file__button\" href=\"https:\/\/www.rotaseguros.com.br\/corretor\/wp-content\/uploads\/Ficha-Cadastral-UNE-Atualizada.pdf\" download=\"\">Baixar<\/a><\/div>\r\n\r\n\r\n\r\n\r\n\r\n<div class=\"wp-block-file\"><a href=\"https:\/\/www.rotaseguros.com.br\/corretor\/wp-content\/uploads\/TERMO-DE-ADES\u00c3O-ABRABDIR-2019.pdf\">TERMO-DE-ADES\u00c3O-ABRABDIR &#8211; 2019<\/a><a class=\"wp-block-file__button\" href=\"https:\/\/www.rotaseguros.com.br\/corretor\/wp-content\/uploads\/TERMO-DE-ADES\u00c3O-ABRABDIR-2019.pdf\" download=\"\">Baixar<\/a><\/div>\r\n\r\n\r\n\r\n<div class=\"wp-block-file\">\u00a0<\/div>\r\n\r\n\r\n\r\n<p><strong>ALLCARE<\/strong><\/p>\r\n\r\n\r\n\r\n<p><a href=\"http:\/\/www.rotaseguros.com.br\/corretor\/wp-content\/uploads\/allcare-28.jpg\" target=\"_blank\" rel=\"noopener noreferrer\">Facilitador Entidades &#8211; AllCare<\/a><\/p>\r\n\r\n\r\n\r\n\r\n\r\n\r\n\r\n\r\n\r\n<p><strong>BEM BENEF\u00cdCIOS<\/strong><\/p>\r\n\r\n\r\n\r\n<p><a href=\"http:\/\/www.rotaseguros.com.br\/corretor\/wp-content\/uploads\/BEM-BENEFICIOS-FACILITADOR-02.04-1.pdf\" target=\"_blank\" rel=\"noopener noreferrer\">Facilitador\u00a0Entidades &#8211; Bem Benef\u00edcios<\/a><\/p>\r\n\r\n\r\n\r\n<p>&nbsp;<\/p>\r\n\r\n\r\n\r\n<p>UNIMED BH<\/p>\r\n\r\n\r\n\r\n<ul class=\"wp-block-list\">\r\n<li><a href=\"http:\/\/www.rotaseguros.com.br\/corretor\/wp-content\/uploads\/FICHA-ASSOCIATIVA-SITIPAN.pdf\" target=\"_blank\" rel=\"noopener noreferrer\">SITIPAN &#8211; Funcion\u00e1rios de Padarias e Confeitarias<\/a><\/li>\r\n<li><a href=\"http:\/\/www.rotaseguros.com.br\/corretor\/wp-content\/uploads\/FICHA-ASSPOCIATIVA-SITESEMG.pdf\" target=\"_blank\" rel=\"noopener noreferrer\">SITESEMG &#8211; Trabalhadores em Entidades Sindicais do Estado de MG<\/a><\/li>\r\n<li><a href=\"http:\/\/www.rotaseguros.com.br\/corretor\/wp-content\/uploads\/BEM-BENEFICIOS-ABRASERVICE-FICHA-ASSOCIATIVA.pdf\" target=\"_blank\" rel=\"noopener noreferrer\">ABRASERVICE &#8211; Profissionais Liberais<\/a><\/li>\r\n<li><a href=\"http:\/\/www.rotaseguros.com.br\/corretor\/wp-content\/uploads\/FICHA-ASSOCIATIVA-ASPMRN.pdf\" target=\"_blank\" rel=\"noopener noreferrer\">ASPMRN &#8211; Servidores P\u00fablicos Municipais de Ribeir\u00e3o das Neves<\/a><\/li>\r\n<li><a href=\"http:\/\/www.rotaseguros.com.br\/corretor\/wp-content\/uploads\/FICHA-ASSOCIATIVA-SINORTE.pdf\" target=\"_blank\" rel=\"noopener noreferrer\">SINORTE &#8211; Servidores P\u00fablicos Municipais regi\u00e3o Norte e Metropolitana de BH<\/a><\/li>\r\n<li><a href=\"http:\/\/www.rotaseguros.com.br\/corretor\/wp-content\/uploads\/FICHA-ASSOCIATIVA-SISPMUC.pdf\" target=\"_blank\" rel=\"noopener noreferrer\">SISPMUC &#8211; Servidores P\u00fablicos Municipais de Caet\u00e9<\/a><\/li>\r\n<\/ul>\r\n\r\n\r\n\r\n<div class=\"wp-block-file\"><a href=\"https:\/\/www.rotaseguros.com.br\/corretor\/wp-content\/uploads\/FICHA-SINTTEL-SINDICALIZA\u00c7\u00c3O-1.pdf\">FICHA SINTTEL SINDICALIZA\u00c7\u00c3O<\/a><a class=\"wp-block-file__button\" href=\"https:\/\/www.rotaseguros.com.br\/corretor\/wp-content\/uploads\/FICHA-SINTTEL-SINDICALIZA\u00c7\u00c3O-1.pdf\" download=\"\">Baixar<\/a><\/div>\r\n\r\n\r\n\r\n<div class=\"wp-block-file\"><a href=\"https:\/\/www.rotaseguros.com.br\/corretor\/wp-content\/uploads\/FICHA-SINTTEL-ASSOCIADO-1.pdf\">FICHA SINTTEL ASSOCIADO<\/a><a class=\"wp-block-file__button\" href=\"https:\/\/www.rotaseguros.com.br\/corretor\/wp-content\/uploads\/FICHA-SINTTEL-ASSOCIADO-1.pdf\" download=\"\">Baixar<\/a><\/div>\r\n\r\n\r\n\r\n<p>&nbsp;<\/p>\r\n\r\n\r\n\r\n<div class=\"wp-block-file\">\u00a0<\/div>\r\n","protected":false},"excerpt":{"rendered":"<p>Fichas de Filia\u00e7\u00e3o: Ficha da APLER &#8211; Profissionais Liberais Ficha da ASPB &#8211; Servidores P\u00fablicos Ficha da SASPB &#8211; Servidores P\u00fablicos Ficha UBE 2021 Ficha Associativa ANTRACC &#8211; Mensal. Ficha &#8230;<\/p>\n","protected":false},"author":1,"featured_media":0,"parent":11,"menu_order":0,"comment_status":"closed","ping_status":"closed","template":"","meta":{"footnotes":""},"class_list":["post-1347","page","type-page","status-publish","hentry"],"_links":{"self":[{"href":"https:\/\/www.rotaseguros.com.br\/corretor\/index.php\/wp-json\/wp\/v2\/pages\/1347","targetHints":{"allow":["GET"]}}],"collection":[{"href":"https:\/\/www.rotaseguros.com.br\/corretor\/index.php\/wp-json\/wp\/v2\/pages"}],"about":[{"href":"https:\/\/www.rotaseguros.com.br\/corretor\/index.php\/wp-json\/wp\/v2\/types\/page"}],"author":[{"embeddable":true,"href":"https:\/\/www.rotaseguros.com.br\/corretor\/index.php\/wp-json\/wp\/v2\/users\/1"}],"replies":[{"embeddable":true,"href":"https:\/\/www.rotaseguros.com.br\/corretor\/index.php\/wp-json\/wp\/v2\/comments?post=1347"}],"version-history":[{"count":0,"href":"https:\/\/www.rotaseguros.com.br\/corretor\/index.php\/wp-json\/wp\/v2\/pages\/1347\/revisions"}],"up":[{"embeddable":true,"href":"https:\/\/www.rotaseguros.com.br\/corretor\/index.php\/wp-json\/wp\/v2\/pages\/11"}],"wp:attachment":[{"href":"https:\/\/www.rotaseguros.com.br\/corretor\/index.php\/wp-json\/wp\/v2\/media?parent=1347"}],"curies":[{"name":"wp","href":"https:\/\/api.w.org\/{rel}","templated":true}]}}