{"id":17,"date":"2016-04-08T13:00:10","date_gmt":"2016-04-08T16:00:10","guid":{"rendered":"http:\/\/www.rotaseguros.com.br\/corretor\/?page_id=17"},"modified":"2022-11-10T14:51:40","modified_gmt":"2022-11-10T17:51:40","slug":"links-uteis","status":"publish","type":"page","link":"https:\/\/www.rotaseguros.com.br\/corretor\/index.php\/links-uteis\/","title":{"rendered":"Links \u00dateis"},"content":{"rendered":"<ul>\n<li><a href=\"http:\/\/allcare.com.br\/\" target=\"_blank\" rel=\"noopener\">ALLCARE BENEF\u00cdCIOS<\/a><\/li>\n<li><a href=\"http:\/\/www.amil.com.br\" target=\"_blank\" rel=\"noopener\">AMIL<\/a><\/li>\n<li><a href=\"https:\/\/www.amildental.com.br\/portal\/web\/institucional\" target=\"_blank\" rel=\"noopener\">AMIL DENTAL<\/a><\/li>\n<li><a href=\"http:\/\/www.ans.gov.br\" target=\"_blank\" rel=\"noopener\">ANS<\/a><\/li>\n<li><a href=\"http:\/\/www.bradescosaude.com.br\" target=\"_blank\" rel=\"noopener\">BRADESCO SA\u00daDE<\/a><\/li>\n<li><a href=\"http:\/\/cartaosus.com.br\/consulta-cartao-sus\/\" target=\"_blank\" rel=\"noopener\">CONSULTA CART\u00c3O NACIONAL DE SA\u00daDE<\/a><\/li>\n<li><a href=\"http:\/\/www.buscacep.correios.com.br\/sistemas\/buscacep\/\" target=\"_blank\" rel=\"noopener\">CONSULTA CEP<\/a><\/li>\n<li><a href=\"http:\/\/www.receita.fazenda.gov.br\/pessoajuridica\/cnpj\/cnpjreva\/cnpjreva_solicitacao.asp\" target=\"_blank\" rel=\"noopener\">CONSULTA CNPJ<\/a><\/li>\n<li><a href=\"https:\/\/www.receita.fazenda.gov.br\/Aplicacoes\/SSL\/ATCTA\/CPF\/ConsultaPublica.asp\" target=\"_blank\" rel=\"noopener\">CONSULTA CPF<\/a><\/li>\n<li><a href=\"http:\/\/www.correios.com.br\/\" target=\"_blank\" rel=\"noopener\">CORREIOS<\/a><\/li>\n<li><a href=\"http:\/\/www.fecomerciomg.org.br\/produtos-e-servicos\/juridico\/cnae-classificacao-nacional-de-atividades-economicas\/\" target=\"_blank\" rel=\"noopener\">FECOM\u00c9RCIO<\/a><\/li>\n<li><a href=\"http:\/\/portal.sulamericaseguros.com.br\" target=\"_blank\" rel=\"noopener\">SULAM\u00c9RICA<\/a><\/li>\n<li><a href=\"http:\/\/portal.unimedbh.com.br\/wps\/portal\/inicio\" target=\"_blank\" rel=\"noopener\">UNIMED BH<\/a><\/li>\n<\/ul>\n","protected":false},"excerpt":{"rendered":"<p>ALLCARE BENEF\u00cdCIOS AMIL AMIL DENTAL ANS BRADESCO SA\u00daDE CONSULTA CART\u00c3O NACIONAL DE SA\u00daDE CONSULTA CEP CONSULTA CNPJ CONSULTA CPF CORREIOS FECOM\u00c9RCIO SULAM\u00c9RICA UNIMED BH<\/p>\n","protected":false},"author":1,"featured_media":0,"parent":0,"menu_order":3,"comment_status":"closed","ping_status":"closed","template":"","meta":{"footnotes":""},"class_list":["post-17","page","type-page","status-publish","hentry"],"_links":{"self":[{"href":"https:\/\/www.rotaseguros.com.br\/corretor\/index.php\/wp-json\/wp\/v2\/pages\/17","targetHints":{"allow":["GET"]}}],"collection":[{"href":"https:\/\/www.rotaseguros.com.br\/corretor\/index.php\/wp-json\/wp\/v2\/pages"}],"about":[{"href":"https:\/\/www.rotaseguros.com.br\/corretor\/index.php\/wp-json\/wp\/v2\/types\/page"}],"author":[{"embeddable":true,"href":"https:\/\/www.rotaseguros.com.br\/corretor\/index.php\/wp-json\/wp\/v2\/users\/1"}],"replies":[{"embeddable":true,"href":"https:\/\/www.rotaseguros.com.br\/corretor\/index.php\/wp-json\/wp\/v2\/comments?post=17"}],"version-history":[{"count":0,"href":"https:\/\/www.rotaseguros.com.br\/corretor\/index.php\/wp-json\/wp\/v2\/pages\/17\/revisions"}],"wp:attachment":[{"href":"https:\/\/www.rotaseguros.com.br\/corretor\/index.php\/wp-json\/wp\/v2\/media?parent=17"}],"curies":[{"name":"wp","href":"https:\/\/api.w.org\/{rel}","templated":true}]}}