{"id":3650,"date":"2017-05-31T16:17:24","date_gmt":"2017-05-31T19:17:24","guid":{"rendered":"http:\/\/www.rotaseguros.com.br\/corretor\/?page_id=3650"},"modified":"2025-09-30T09:39:55","modified_gmt":"2025-09-30T12:39:55","slug":"odontoprev","status":"publish","type":"page","link":"https:\/\/www.rotaseguros.com.br\/corretor\/index.php\/links\/informacoes-de-operadoras\/odontoprev\/","title":{"rendered":"Odontoprev"},"content":{"rendered":"\r\n<h2 class=\"wp-block-heading\">Tabelas de Pre\u00e7os<\/h2>\r\n<h3><strong>Planos PME<\/strong><\/h3>\r\n<div><strong>&#8211; Clientes MEI<\/strong><\/div>\r\n<div>\u2022Regras: m\u00ednimo de 3 vidas e 6 meses de constitui\u00e7\u00e3o.<\/div>\r\n<div>\u2022N\u00e3o dispon\u00edvel: contrata\u00e7\u00e3o do Plano Master.<\/div>\r\n<div>\u00a0<\/div>\r\n<div><strong>Rede Unna \u2013 MEI<\/strong><\/div>\r\n<div>\u2022Integral Doc MEI (Rol Ampliado + Doc. Ortod\u00f4ntica): R$ 32,89<\/div>\r\n<div>\u2022Car\u00eancias: 90 dias cl\u00ednica geral | 180 dias pr\u00f3tese e ortodontia.<\/div>\r\n<div>\u2022Integral Doc White MEI (Rol Ampliado + Doc. Ortod\u00f4ntica + Placa Bruxismo + Placa Clareamento): R$ 55,60<\/div>\r\n<div>\u2022Car\u00eancias: 90 dias cl\u00ednica geral | 180 dias pr\u00f3tese, ortodontia, bruxismo e clareamento.<\/div>\r\n<div>\u00a0<\/div>\r\n<div><strong>Rede Principal \u2013 MEI<\/strong><\/div>\r\n<div>\u2022Integral MEI (Rol Ampliado): R$ 27,90<\/div>\r\n<div>\u2022Car\u00eancias: 90 dias cl\u00ednica geral | 180 dias pr\u00f3tese.<\/div>\r\n<div>\u2022Integral Doc White MEI (Rol Ampliado + Doc. Ortod\u00f4ntica + Placa Bruxismo + Placa Clareamento): R$ 53,24<\/div>\r\n<div>\u2022Car\u00eancias: 90 dias cl\u00ednica geral | 180 dias pr\u00f3tese, ortodontia, bruxismo e clareamento.<\/div>\r\n<div>\u00a0<\/div>\r\n<div>&#8212;&#8212;&#8212;&#8212;&#8212;&#8212;&#8212;&#8212;&#8212;&#8212;&#8212;&#8212;&#8212;<\/div>\r\n<div>\u00a0<\/div>\r\n<div><strong>&#8211; Clientes PME (3 a 29 vidas)<\/strong><\/div>\r\n<div>\u00a0<\/div>\r\n<div><strong>Rede Unna<\/strong><\/div>\r\n<div>\u2022Integral Doc: R$ 27,42 | Sem car\u00eancia<\/div>\r\n<div>\u2022Integral Doc White: R$ 47,42 | Sem car\u00eancia<\/div>\r\n<div>\u2022Master (Rol + Ortho + Pr\u00f3tese): R$ 108,44 | Car\u00eancia: 0 cl\u00ednica geral | 180 dias pr\u00f3tese e ortodontia.<\/div>\r\n<div>\u00a0<\/div>\r\n<div><strong>Rede Principal<\/strong><\/div>\r\n<div>\u2022Integral: R$ 23,90 | Sem car\u00eancia<\/div>\r\n<div>\u2022Integral Doc White: R$ 45,79 | Sem car\u00eancia<\/div>\r\n<div>\u2022Master: R$ 99,90 | Car\u00eancia: 0 cl\u00ednica geral | 180 dias pr\u00f3tese e ortodontia.<\/div>\r\n<div>\u00a0<\/div>\r\n<div>&#8212;&#8212;&#8212;&#8212;&#8212;&#8212;&#8212;&#8212;&#8212;&#8212;&#8212;&#8212;&#8212;<\/div>\r\n<div>\u00a0<\/div>\r\n<div><strong>&#8211; Clientes PME (30 a 99 vidas)<\/strong><\/div>\r\n<div>\u00a0<\/div>\r\n<div><strong>Rede Unna<\/strong><\/div>\r\n<div>\u2022Integral Doc: R$ 21,90 | Sem car\u00eancia<\/div>\r\n<div>\u2022Integral Doc White: R$ 44,19 | Sem car\u00eancia<\/div>\r\n<div>\u2022Master: R$ 105,25 | Car\u00eancia: 0 cl\u00ednica geral | 90 dias pr\u00f3tese e ortodontia.<\/div>\r\n<div>\u00a0<\/div>\r\n<div><strong>Rede Principal<\/strong><\/div>\r\n<div>\u2022Integral: R$ 18,90 | Sem car\u00eancia<\/div>\r\n<div>\u2022Integral Doc White: R$ 42,19 | Sem car\u00eancia<\/div>\r\n<div>\u2022Master: R$ 89,90 | Car\u00eancia: 0 cl\u00ednica geral | 90 dias pr\u00f3tese e ortodontia.<\/div>\r\n<div>\u00a0<\/div>\r\n<div>&#8212;&#8212;&#8212;&#8212;&#8212;&#8212;&#8212;&#8212;&#8212;&#8212;&#8212;&#8212;&#8212;<\/div>\r\n<div>\u00a0<\/div>\r\n<div><strong>&#8211; Clientes PME (100 a 199 vidas)<\/strong><\/div>\r\n<div>\u00a0<\/div>\r\n<div><strong>Rede Unna<\/strong><\/div>\r\n<div>\u2022Integral Doc: R$ 16,90 | Sem car\u00eancia<\/div>\r\n<div>\u2022Integral Doc White: R$ 38,15 | Sem car\u00eancia<\/div>\r\n<div>\u2022Master: R$ 77,90 | Car\u00eancia: 0 cl\u00ednica geral | 90 dias pr\u00f3tese e ortodontia.<\/div>\r\n<div>\u00a0<\/div>\r\n<div><strong>Rede Principal<\/strong><\/div>\r\n<div>\u2022Integral: R$ 13,90 | Sem car\u00eancia<\/div>\r\n<div>\u2022Integral Doc White: R$ 36,40 | Sem car\u00eancia<\/div>\r\n<div>\u2022Master: R$ 71,90 | Car\u00eancia: 0 cl\u00ednica geral | 90 dias pr\u00f3tese e ortodontia.<\/div>\r\n<div>\u00a0<\/div>\r\n<div>&#8212;&#8212;&#8212;&#8212;&#8212;&#8212;&#8212;&#8212;&#8212;&#8212;&#8212;&#8212;&#8212;<\/div>\r\n<div>\u00a0<\/div>\r\n<div><strong>&#8211; Premissas Comerciais PME<\/strong><\/div>\r\n<div>\u2022Contrato: 24 meses<\/div>\r\n<div>\u2022Prazo de den\u00fancia: 60 dias<\/div>\r\n<div>\u00a0<\/div>\r\n<div>&#8212;&#8212;&#8212;&#8212;&#8212;&#8212;&#8212;&#8212;&#8212;&#8212;&#8212;&#8212;&#8212;<\/div>\r\n<div>\u00a0<\/div>\r\n<h3><strong>Planos PF<\/strong><\/h3>\r\n<div><strong>&#8211; Plano de Campanha PF (Rede Principal)<\/strong><\/div>\r\n<div>\u2022Bem-Estar Mensal: R$ 45,60<\/div>\r\n<div>\u2022Car\u00eancias: 30 dias cl\u00ednica geral | 180 dias pr\u00f3tese.<\/div>\r\n<div>\u2022Bem-Estar Anual: R$ 547,20<\/div>\r\n<div>\u2022Car\u00eancias: Isento cl\u00ednica geral | 90 dias pr\u00f3tese.<\/div>\r\n<div>\u00a0<\/div>\r\n<div>&#8212;&#8212;&#8212;&#8212;&#8212;&#8212;&#8212;&#8212;&#8212;&#8212;&#8212;&#8212;&#8212;<\/div>\r\n<div>\u00a0<\/div>\r\n<div><strong>&#8211; Demais Planos PF (Rede Unna)<\/strong><\/div>\r\n<div>\u2022Dental J\u00fanior: R$ 29,90\/mensal | R$ 358,80\/anual<\/div>\r\n<div>\u2022Bem-Estar White: R$ 89,90\/mensal | R$ 1.078,80\/anual<\/div>\r\n<div>\u2022Bem-Estar Pr\u00f3: R$ 99,90\/mensal | R$ 1.198,80\/anual<\/div>\r\n<div>\u2022Bem-Estar Ortho: R$ 139,90\/mensal | R$ 1.678,80\/anual<\/div>\r\n<div>\u2022Bem-Estar Ortho White: R$ 159,90\/mensal | R$ 1.918,80\/anual<\/div>\r\n<div>\u00a0<\/div>\r\n<div><strong>Car\u00eancias PF<\/strong><\/div>\r\n<div>\u2022Planos mensais: 90 dias cl\u00ednica geral | 180 dias pr\u00f3tese, clareamento e ortodontia.<\/div>\r\n<div>\u2022Planos anuais: 60 dias cl\u00ednica geral | 90 dias pr\u00f3tese, clareamento e ortodontia.<\/div>\r\n<div>\u00a0<\/div>\r\n<div>&#8212;&#8212;&#8212;&#8212;&#8212;&#8212;&#8212;&#8212;&#8212;&#8212;&#8212;&#8212;&#8212;<\/div>\r\n<div>\u00a0<\/div>\r\n<div><strong>&#8211; Condi\u00e7\u00f5es de Pagamento PF<\/strong><\/div>\r\n<div>\u2022Mensal: cart\u00e3o de cr\u00e9dito recorrente<\/div>\r\n<div>\u2022Anual: cart\u00e3o de cr\u00e9dito (parcela \u00fanica)<\/div>\r\n<div>\u2022D\u00e9bito em conta: Ita\u00fa, Santander, Bradesco, Banco do Brasil e Sicoob (primeira via boleto)<\/div>\r\n<div>\u2022Contrato: 12 meses<\/div>\r\n<div>\u00a0<\/div>\r\n<div><img loading=\"lazy\" decoding=\"async\" class=\"alignnone wp-image-66813 \" src=\"http:\/\/www.rotaseguros.com.br\/corretor\/wp-content\/uploads\/Plano-Bem-Estar.jpeg\" alt=\"\" width=\"352\" height=\"623\" srcset=\"https:\/\/www.rotaseguros.com.br\/corretor\/wp-content\/uploads\/Plano-Bem-Estar.jpeg 904w, https:\/\/www.rotaseguros.com.br\/corretor\/wp-content\/uploads\/Plano-Bem-Estar-170x300.jpeg 170w, https:\/\/www.rotaseguros.com.br\/corretor\/wp-content\/uploads\/Plano-Bem-Estar-579x1024.jpeg 579w, https:\/\/www.rotaseguros.com.br\/corretor\/wp-content\/uploads\/Plano-Bem-Estar-768x1359.jpeg 768w, https:\/\/www.rotaseguros.com.br\/corretor\/wp-content\/uploads\/Plano-Bem-Estar-868x1536.jpeg 868w\" sizes=\"auto, (max-width: 352px) 100vw, 352px\" \/><\/div>\r\n<div>\u00a0<\/div>\r\n<div><img loading=\"lazy\" decoding=\"async\" class=\"alignnone wp-image-66814 \" src=\"http:\/\/www.rotaseguros.com.br\/corretor\/wp-content\/uploads\/Plano-Integral-DOC-100-a-199-vidas.jpeg\" alt=\"\" width=\"352\" height=\"636\" srcset=\"https:\/\/www.rotaseguros.com.br\/corretor\/wp-content\/uploads\/Plano-Integral-DOC-100-a-199-vidas.jpeg 708w, https:\/\/www.rotaseguros.com.br\/corretor\/wp-content\/uploads\/Plano-Integral-DOC-100-a-199-vidas-166x300.jpeg 166w, https:\/\/www.rotaseguros.com.br\/corretor\/wp-content\/uploads\/Plano-Integral-DOC-100-a-199-vidas-566x1024.jpeg 566w\" sizes=\"auto, (max-width: 352px) 100vw, 352px\" \/><\/div>\r\n<div>\u00a0<\/div>\r\n<div><img loading=\"lazy\" decoding=\"async\" class=\"alignnone wp-image-66817 \" src=\"http:\/\/www.rotaseguros.com.br\/corretor\/wp-content\/uploads\/Plano-Integral-DOC-100-a-199-vidas-1.jpeg\" alt=\"\" width=\"352\" height=\"596\" srcset=\"https:\/\/www.rotaseguros.com.br\/corretor\/wp-content\/uploads\/Plano-Integral-DOC-100-a-199-vidas-1.jpeg 945w, https:\/\/www.rotaseguros.com.br\/corretor\/wp-content\/uploads\/Plano-Integral-DOC-100-a-199-vidas-1-177x300.jpeg 177w, https:\/\/www.rotaseguros.com.br\/corretor\/wp-content\/uploads\/Plano-Integral-DOC-100-a-199-vidas-1-605x1024.jpeg 605w, https:\/\/www.rotaseguros.com.br\/corretor\/wp-content\/uploads\/Plano-Integral-DOC-100-a-199-vidas-1-768x1300.jpeg 768w, https:\/\/www.rotaseguros.com.br\/corretor\/wp-content\/uploads\/Plano-Integral-DOC-100-a-199-vidas-1-907x1536.jpeg 907w\" sizes=\"auto, (max-width: 352px) 100vw, 352px\" \/><\/div>\r\n<div>\u00a0<\/div>\r\n<div><img loading=\"lazy\" decoding=\"async\" class=\"alignnone wp-image-66815 \" src=\"http:\/\/www.rotaseguros.com.br\/corretor\/wp-content\/uploads\/Plano-Integral-DOC-30-a-99-vidas.jpeg\" alt=\"\" width=\"351\" height=\"635\" srcset=\"https:\/\/www.rotaseguros.com.br\/corretor\/wp-content\/uploads\/Plano-Integral-DOC-30-a-99-vidas.jpeg 708w, https:\/\/www.rotaseguros.com.br\/corretor\/wp-content\/uploads\/Plano-Integral-DOC-30-a-99-vidas-166x300.jpeg 166w, https:\/\/www.rotaseguros.com.br\/corretor\/wp-content\/uploads\/Plano-Integral-DOC-30-a-99-vidas-566x1024.jpeg 566w\" sizes=\"auto, (max-width: 351px) 100vw, 351px\" \/><\/div>\r\n<div>\u00a0<\/div>\r\n<div><img loading=\"lazy\" decoding=\"async\" class=\"alignnone wp-image-66816 \" src=\"http:\/\/www.rotaseguros.com.br\/corretor\/wp-content\/uploads\/Plano-Integral-DOC-30-a-99-vidas-1.jpeg\" alt=\"\" width=\"352\" height=\"597\" srcset=\"https:\/\/www.rotaseguros.com.br\/corretor\/wp-content\/uploads\/Plano-Integral-DOC-30-a-99-vidas-1.jpeg 943w, https:\/\/www.rotaseguros.com.br\/corretor\/wp-content\/uploads\/Plano-Integral-DOC-30-a-99-vidas-1-177x300.jpeg 177w, https:\/\/www.rotaseguros.com.br\/corretor\/wp-content\/uploads\/Plano-Integral-DOC-30-a-99-vidas-1-604x1024.jpeg 604w, https:\/\/www.rotaseguros.com.br\/corretor\/wp-content\/uploads\/Plano-Integral-DOC-30-a-99-vidas-1-768x1303.jpeg 768w, https:\/\/www.rotaseguros.com.br\/corretor\/wp-content\/uploads\/Plano-Integral-DOC-30-a-99-vidas-1-905x1536.jpeg 905w\" sizes=\"auto, (max-width: 352px) 100vw, 352px\" \/><\/div>\r\n<div>\u00a0<\/div>\r\n<div><img loading=\"lazy\" decoding=\"async\" class=\"alignnone wp-image-66818 \" src=\"http:\/\/www.rotaseguros.com.br\/corretor\/wp-content\/uploads\/Plano-Integral-DOC-03-a-29-vidas.jpeg\" alt=\"\" width=\"351\" height=\"594\" srcset=\"https:\/\/www.rotaseguros.com.br\/corretor\/wp-content\/uploads\/Plano-Integral-DOC-03-a-29-vidas.jpeg 946w, https:\/\/www.rotaseguros.com.br\/corretor\/wp-content\/uploads\/Plano-Integral-DOC-03-a-29-vidas-177x300.jpeg 177w, https:\/\/www.rotaseguros.com.br\/corretor\/wp-content\/uploads\/Plano-Integral-DOC-03-a-29-vidas-605x1024.jpeg 605w, https:\/\/www.rotaseguros.com.br\/corretor\/wp-content\/uploads\/Plano-Integral-DOC-03-a-29-vidas-768x1299.jpeg 768w, https:\/\/www.rotaseguros.com.br\/corretor\/wp-content\/uploads\/Plano-Integral-DOC-03-a-29-vidas-908x1536.jpeg 908w\" sizes=\"auto, (max-width: 351px) 100vw, 351px\" \/><\/div>\r\n<div>\u00a0<\/div>\r\n<div><img loading=\"lazy\" decoding=\"async\" class=\"alignnone wp-image-66819 \" src=\"http:\/\/www.rotaseguros.com.br\/corretor\/wp-content\/uploads\/Plano-Integral-100-a-199-vidas.jpeg\" alt=\"\" width=\"352\" height=\"554\" srcset=\"https:\/\/www.rotaseguros.com.br\/corretor\/wp-content\/uploads\/Plano-Integral-100-a-199-vidas.jpeg 814w, https:\/\/www.rotaseguros.com.br\/corretor\/wp-content\/uploads\/Plano-Integral-100-a-199-vidas-191x300.jpeg 191w, https:\/\/www.rotaseguros.com.br\/corretor\/wp-content\/uploads\/Plano-Integral-100-a-199-vidas-651x1024.jpeg 651w, https:\/\/www.rotaseguros.com.br\/corretor\/wp-content\/uploads\/Plano-Integral-100-a-199-vidas-768x1208.jpeg 768w\" sizes=\"auto, (max-width: 352px) 100vw, 352px\" \/><\/div>\r\n<div>\u00a0<\/div>\r\n<div><img loading=\"lazy\" decoding=\"async\" class=\"alignnone wp-image-66820 \" src=\"http:\/\/www.rotaseguros.com.br\/corretor\/wp-content\/uploads\/Plano-Integral-30-a-99-vidas.jpeg\" alt=\"\" width=\"353\" height=\"555\" srcset=\"https:\/\/www.rotaseguros.com.br\/corretor\/wp-content\/uploads\/Plano-Integral-30-a-99-vidas.jpeg 814w, https:\/\/www.rotaseguros.com.br\/corretor\/wp-content\/uploads\/Plano-Integral-30-a-99-vidas-191x300.jpeg 191w, https:\/\/www.rotaseguros.com.br\/corretor\/wp-content\/uploads\/Plano-Integral-30-a-99-vidas-651x1024.jpeg 651w, https:\/\/www.rotaseguros.com.br\/corretor\/wp-content\/uploads\/Plano-Integral-30-a-99-vidas-768x1208.jpeg 768w\" sizes=\"auto, (max-width: 353px) 100vw, 353px\" \/><\/div>\r\n<div>\u00a0<\/div>\r\n<div><img loading=\"lazy\" decoding=\"async\" class=\"alignnone wp-image-66826 \" src=\"http:\/\/www.rotaseguros.com.br\/corretor\/wp-content\/uploads\/Plano-Integral-MEI-Apartir-de-03-vidas.jpeg\" alt=\"\" width=\"352\" height=\"568\" srcset=\"https:\/\/www.rotaseguros.com.br\/corretor\/wp-content\/uploads\/Plano-Integral-MEI-Apartir-de-03-vidas.jpeg 992w, https:\/\/www.rotaseguros.com.br\/corretor\/wp-content\/uploads\/Plano-Integral-MEI-Apartir-de-03-vidas-186x300.jpeg 186w, https:\/\/www.rotaseguros.com.br\/corretor\/wp-content\/uploads\/Plano-Integral-MEI-Apartir-de-03-vidas-635x1024.jpeg 635w, https:\/\/www.rotaseguros.com.br\/corretor\/wp-content\/uploads\/Plano-Integral-MEI-Apartir-de-03-vidas-768x1239.jpeg 768w, https:\/\/www.rotaseguros.com.br\/corretor\/wp-content\/uploads\/Plano-Integral-MEI-Apartir-de-03-vidas-952x1536.jpeg 952w\" sizes=\"auto, (max-width: 352px) 100vw, 352px\" \/><\/div>\r\n<div>\u00a0<\/div>\r\n<div><img loading=\"lazy\" decoding=\"async\" class=\"alignnone wp-image-66827 \" src=\"http:\/\/www.rotaseguros.com.br\/corretor\/wp-content\/uploads\/Plano-Integral-03-a-29-vidas.jpeg\" alt=\"\" width=\"352\" height=\"551\" srcset=\"https:\/\/www.rotaseguros.com.br\/corretor\/wp-content\/uploads\/Plano-Integral-03-a-29-vidas.jpeg 819w, https:\/\/www.rotaseguros.com.br\/corretor\/wp-content\/uploads\/Plano-Integral-03-a-29-vidas-192x300.jpeg 192w, https:\/\/www.rotaseguros.com.br\/corretor\/wp-content\/uploads\/Plano-Integral-03-a-29-vidas-655x1024.jpeg 655w, https:\/\/www.rotaseguros.com.br\/corretor\/wp-content\/uploads\/Plano-Integral-03-a-29-vidas-768x1200.jpeg 768w\" sizes=\"auto, (max-width: 352px) 100vw, 352px\" \/><\/div>\r\n<div>\u00a0<\/div>\r\n<div><img loading=\"lazy\" decoding=\"async\" class=\"alignnone wp-image-66821 \" src=\"http:\/\/www.rotaseguros.com.br\/corretor\/wp-content\/uploads\/WhatsApp-Image-2025-09-30-at-07.12.19-1.jpeg\" alt=\"\" width=\"355\" height=\"597\" srcset=\"https:\/\/www.rotaseguros.com.br\/corretor\/wp-content\/uploads\/WhatsApp-Image-2025-09-30-at-07.12.19-1.jpeg 567w, https:\/\/www.rotaseguros.com.br\/corretor\/wp-content\/uploads\/WhatsApp-Image-2025-09-30-at-07.12.19-1-178x300.jpeg 178w\" sizes=\"auto, (max-width: 355px) 100vw, 355px\" \/><\/div>\r\n<div>\u00a0<\/div>\r\n<div><img loading=\"lazy\" decoding=\"async\" class=\"alignnone wp-image-66822 \" src=\"http:\/\/www.rotaseguros.com.br\/corretor\/wp-content\/uploads\/WhatsApp-Image-2025-09-30-at-07.12.19.jpeg\" alt=\"\" width=\"355\" height=\"686\" srcset=\"https:\/\/www.rotaseguros.com.br\/corretor\/wp-content\/uploads\/WhatsApp-Image-2025-09-30-at-07.12.19.jpeg 530w, https:\/\/www.rotaseguros.com.br\/corretor\/wp-content\/uploads\/WhatsApp-Image-2025-09-30-at-07.12.19-155x300.jpeg 155w\" sizes=\"auto, (max-width: 355px) 100vw, 355px\" \/><\/div>\r\n<div>\u00a0<\/div>\r\n<div><img loading=\"lazy\" decoding=\"async\" class=\"alignnone wp-image-66823 \" src=\"http:\/\/www.rotaseguros.com.br\/corretor\/wp-content\/uploads\/WhatsApp-Image-2025-09-30-at-07.12.20-1.jpeg\" alt=\"\" width=\"356\" height=\"688\" srcset=\"https:\/\/www.rotaseguros.com.br\/corretor\/wp-content\/uploads\/WhatsApp-Image-2025-09-30-at-07.12.20-1.jpeg 530w, https:\/\/www.rotaseguros.com.br\/corretor\/wp-content\/uploads\/WhatsApp-Image-2025-09-30-at-07.12.20-1-155x300.jpeg 155w\" sizes=\"auto, (max-width: 356px) 100vw, 356px\" \/><\/div>\r\n<div>\u00a0<\/div>\r\n<div><img loading=\"lazy\" decoding=\"async\" class=\"alignnone wp-image-66824 \" src=\"http:\/\/www.rotaseguros.com.br\/corretor\/wp-content\/uploads\/WhatsApp-Image-2025-09-30-at-07.12.21-1.jpeg\" alt=\"\" width=\"354\" height=\"684\" srcset=\"https:\/\/www.rotaseguros.com.br\/corretor\/wp-content\/uploads\/WhatsApp-Image-2025-09-30-at-07.12.21-1.jpeg 567w, https:\/\/www.rotaseguros.com.br\/corretor\/wp-content\/uploads\/WhatsApp-Image-2025-09-30-at-07.12.21-1-155x300.jpeg 155w, https:\/\/www.rotaseguros.com.br\/corretor\/wp-content\/uploads\/WhatsApp-Image-2025-09-30-at-07.12.21-1-530x1024.jpeg 530w\" sizes=\"auto, (max-width: 354px) 100vw, 354px\" \/><\/div>\r\n<div>\u00a0<\/div>\r\n<div><img loading=\"lazy\" decoding=\"async\" class=\"alignnone wp-image-66825 \" src=\"http:\/\/www.rotaseguros.com.br\/corretor\/wp-content\/uploads\/WhatsApp-Image-2025-09-30-at-07.12.21.jpeg\" alt=\"\" width=\"354\" height=\"684\" srcset=\"https:\/\/www.rotaseguros.com.br\/corretor\/wp-content\/uploads\/WhatsApp-Image-2025-09-30-at-07.12.21.jpeg 530w, https:\/\/www.rotaseguros.com.br\/corretor\/wp-content\/uploads\/WhatsApp-Image-2025-09-30-at-07.12.21-155x300.jpeg 155w\" sizes=\"auto, (max-width: 354px) 100vw, 354px\" \/><\/div>\r\n<div>\u00a0<\/div>\r\n<div><img loading=\"lazy\" decoding=\"async\" class=\"alignnone wp-image-66828 \" src=\"http:\/\/www.rotaseguros.com.br\/corretor\/wp-content\/uploads\/WhatsApp-Image-2025-09-30-at-07.12.11-1.jpeg\" alt=\"\" width=\"353\" height=\"592\" srcset=\"https:\/\/www.rotaseguros.com.br\/corretor\/wp-content\/uploads\/WhatsApp-Image-2025-09-30-at-07.12.11-1.jpeg 954w, https:\/\/www.rotaseguros.com.br\/corretor\/wp-content\/uploads\/WhatsApp-Image-2025-09-30-at-07.12.11-1-179x300.jpeg 179w, https:\/\/www.rotaseguros.com.br\/corretor\/wp-content\/uploads\/WhatsApp-Image-2025-09-30-at-07.12.11-1-611x1024.jpeg 611w, https:\/\/www.rotaseguros.com.br\/corretor\/wp-content\/uploads\/WhatsApp-Image-2025-09-30-at-07.12.11-1-768x1288.jpeg 768w, https:\/\/www.rotaseguros.com.br\/corretor\/wp-content\/uploads\/WhatsApp-Image-2025-09-30-at-07.12.11-1-916x1536.jpeg 916w\" sizes=\"auto, (max-width: 353px) 100vw, 353px\" \/><\/div>\r\n<div>\u00a0<\/div>\r\n<div><img loading=\"lazy\" decoding=\"async\" class=\"alignnone wp-image-66829 \" src=\"http:\/\/www.rotaseguros.com.br\/corretor\/wp-content\/uploads\/WhatsApp-Image-2025-09-30-at-07.12.12.jpeg\" alt=\"\" width=\"351\" height=\"588\" srcset=\"https:\/\/www.rotaseguros.com.br\/corretor\/wp-content\/uploads\/WhatsApp-Image-2025-09-30-at-07.12.12.jpeg 954w, https:\/\/www.rotaseguros.com.br\/corretor\/wp-content\/uploads\/WhatsApp-Image-2025-09-30-at-07.12.12-179x300.jpeg 179w, https:\/\/www.rotaseguros.com.br\/corretor\/wp-content\/uploads\/WhatsApp-Image-2025-09-30-at-07.12.12-611x1024.jpeg 611w, https:\/\/www.rotaseguros.com.br\/corretor\/wp-content\/uploads\/WhatsApp-Image-2025-09-30-at-07.12.12-768x1288.jpeg 768w, https:\/\/www.rotaseguros.com.br\/corretor\/wp-content\/uploads\/WhatsApp-Image-2025-09-30-at-07.12.12-916x1536.jpeg 916w\" sizes=\"auto, (max-width: 351px) 100vw, 351px\" \/><\/div>\r\n<div>\u00a0<\/div>\r\n<div><img loading=\"lazy\" decoding=\"async\" class=\"alignnone wp-image-66830 \" src=\"http:\/\/www.rotaseguros.com.br\/corretor\/wp-content\/uploads\/WhatsApp-Image-2025-09-30-at-07.12.13-1.jpeg\" alt=\"\" width=\"351\" height=\"589\" srcset=\"https:\/\/www.rotaseguros.com.br\/corretor\/wp-content\/uploads\/WhatsApp-Image-2025-09-30-at-07.12.13-1.jpeg 953w, https:\/\/www.rotaseguros.com.br\/corretor\/wp-content\/uploads\/WhatsApp-Image-2025-09-30-at-07.12.13-1-179x300.jpeg 179w, https:\/\/www.rotaseguros.com.br\/corretor\/wp-content\/uploads\/WhatsApp-Image-2025-09-30-at-07.12.13-1-610x1024.jpeg 610w, https:\/\/www.rotaseguros.com.br\/corretor\/wp-content\/uploads\/WhatsApp-Image-2025-09-30-at-07.12.13-1-768x1289.jpeg 768w, https:\/\/www.rotaseguros.com.br\/corretor\/wp-content\/uploads\/WhatsApp-Image-2025-09-30-at-07.12.13-1-915x1536.jpeg 915w\" sizes=\"auto, (max-width: 351px) 100vw, 351px\" \/><\/div>\r\n<div>\u00a0<\/div>\r\n<div><img loading=\"lazy\" decoding=\"async\" class=\"alignnone wp-image-66831 \" src=\"http:\/\/www.rotaseguros.com.br\/corretor\/wp-content\/uploads\/WhatsApp-Image-2025-09-30-at-07.12.13.jpeg\" alt=\"\" width=\"352\" height=\"591\" srcset=\"https:\/\/www.rotaseguros.com.br\/corretor\/wp-content\/uploads\/WhatsApp-Image-2025-09-30-at-07.12.13.jpeg 954w, https:\/\/www.rotaseguros.com.br\/corretor\/wp-content\/uploads\/WhatsApp-Image-2025-09-30-at-07.12.13-179x300.jpeg 179w, https:\/\/www.rotaseguros.com.br\/corretor\/wp-content\/uploads\/WhatsApp-Image-2025-09-30-at-07.12.13-611x1024.jpeg 611w, https:\/\/www.rotaseguros.com.br\/corretor\/wp-content\/uploads\/WhatsApp-Image-2025-09-30-at-07.12.13-768x1288.jpeg 768w, https:\/\/www.rotaseguros.com.br\/corretor\/wp-content\/uploads\/WhatsApp-Image-2025-09-30-at-07.12.13-916x1536.jpeg 916w\" sizes=\"auto, (max-width: 352px) 100vw, 352px\" \/><\/div>\r\n<div>\u00a0<\/div>\r\n<div><img loading=\"lazy\" decoding=\"async\" class=\"alignnone wp-image-66832 \" src=\"http:\/\/www.rotaseguros.com.br\/corretor\/wp-content\/uploads\/WhatsApp-Image-2025-09-30-at-07.12.15-1.jpeg\" alt=\"\" width=\"351\" height=\"635\" srcset=\"https:\/\/www.rotaseguros.com.br\/corretor\/wp-content\/uploads\/WhatsApp-Image-2025-09-30-at-07.12.15-1.jpeg 884w, https:\/\/www.rotaseguros.com.br\/corretor\/wp-content\/uploads\/WhatsApp-Image-2025-09-30-at-07.12.15-1-166x300.jpeg 166w, https:\/\/www.rotaseguros.com.br\/corretor\/wp-content\/uploads\/WhatsApp-Image-2025-09-30-at-07.12.15-1-566x1024.jpeg 566w, https:\/\/www.rotaseguros.com.br\/corretor\/wp-content\/uploads\/WhatsApp-Image-2025-09-30-at-07.12.15-1-768x1389.jpeg 768w, https:\/\/www.rotaseguros.com.br\/corretor\/wp-content\/uploads\/WhatsApp-Image-2025-09-30-at-07.12.15-1-849x1536.jpeg 849w\" sizes=\"auto, (max-width: 351px) 100vw, 351px\" \/><\/div>\r\n<div>\u00a0<\/div>\r\n<div><img loading=\"lazy\" decoding=\"async\" class=\"alignnone wp-image-66833 \" src=\"http:\/\/www.rotaseguros.com.br\/corretor\/wp-content\/uploads\/WhatsApp-Image-2025-09-30-at-07.12.18-1.jpeg\" alt=\"\" width=\"351\" height=\"540\" srcset=\"https:\/\/www.rotaseguros.com.br\/corretor\/wp-content\/uploads\/WhatsApp-Image-2025-09-30-at-07.12.18-1.jpeg 833w, https:\/\/www.rotaseguros.com.br\/corretor\/wp-content\/uploads\/WhatsApp-Image-2025-09-30-at-07.12.18-1-195x300.jpeg 195w, https:\/\/www.rotaseguros.com.br\/corretor\/wp-content\/uploads\/WhatsApp-Image-2025-09-30-at-07.12.18-1-666x1024.jpeg 666w, https:\/\/www.rotaseguros.com.br\/corretor\/wp-content\/uploads\/WhatsApp-Image-2025-09-30-at-07.12.18-1-768x1180.jpeg 768w\" sizes=\"auto, (max-width: 351px) 100vw, 351px\" \/><\/div>","protected":false},"excerpt":{"rendered":"<p>Tabelas de Pre\u00e7os Planos PME &#8211; Clientes MEI \u2022Regras: m\u00ednimo de 3 vidas e 6 meses de constitui\u00e7\u00e3o. \u2022N\u00e3o dispon\u00edvel: contrata\u00e7\u00e3o do Plano Master. \u00a0 Rede Unna \u2013 MEI \u2022Integral &#8230;<\/p>\n","protected":false},"author":1,"featured_media":0,"parent":11,"menu_order":0,"comment_status":"closed","ping_status":"closed","template":"","meta":{"footnotes":""},"class_list":["post-3650","page","type-page","status-publish","hentry"],"_links":{"self":[{"href":"https:\/\/www.rotaseguros.com.br\/corretor\/index.php\/wp-json\/wp\/v2\/pages\/3650","targetHints":{"allow":["GET"]}}],"collection":[{"href":"https:\/\/www.rotaseguros.com.br\/corretor\/index.php\/wp-json\/wp\/v2\/pages"}],"about":[{"href":"https:\/\/www.rotaseguros.com.br\/corretor\/index.php\/wp-json\/wp\/v2\/types\/page"}],"author":[{"embeddable":true,"href":"https:\/\/www.rotaseguros.com.br\/corretor\/index.php\/wp-json\/wp\/v2\/users\/1"}],"replies":[{"embeddable":true,"href":"https:\/\/www.rotaseguros.com.br\/corretor\/index.php\/wp-json\/wp\/v2\/comments?post=3650"}],"version-history":[{"count":3,"href":"https:\/\/www.rotaseguros.com.br\/corretor\/index.php\/wp-json\/wp\/v2\/pages\/3650\/revisions"}],"predecessor-version":[{"id":66835,"href":"https:\/\/www.rotaseguros.com.br\/corretor\/index.php\/wp-json\/wp\/v2\/pages\/3650\/revisions\/66835"}],"up":[{"embeddable":true,"href":"https:\/\/www.rotaseguros.com.br\/corretor\/index.php\/wp-json\/wp\/v2\/pages\/11"}],"wp:attachment":[{"href":"https:\/\/www.rotaseguros.com.br\/corretor\/index.php\/wp-json\/wp\/v2\/media?parent=3650"}],"curies":[{"name":"wp","href":"https:\/\/api.w.org\/{rel}","templated":true}]}}