{"id":3720,"date":"2017-06-09T09:07:43","date_gmt":"2017-06-09T12:07:43","guid":{"rendered":"http:\/\/www.rotaseguros.com.br\/corretor\/?page_id=3720"},"modified":"2024-01-26T16:31:04","modified_gmt":"2024-01-26T19:31:04","slug":"bem-beneficios","status":"publish","type":"page","link":"https:\/\/www.rotaseguros.com.br\/corretor\/index.php\/links\/informacoes-de-operadoras\/bem-beneficios\/","title":{"rendered":"Bem Benef\u00edcios"},"content":{"rendered":"\r\n<h1><strong>Tabelas Bem Administradora<\/strong><\/h1>\r\n<p>&nbsp;<\/p>\r\n\r\n\r\n\r\n\r\n\r\n\r\n\r\n<h2><b>Unimed<\/b><\/h2>\r\n<p><strong>Tabelas de Pre\u00e7os<\/strong><\/p>\r\n<ul>\r\n<li><a href=\"https:\/\/www.rotaseguros.com.br\/corretor\/wp-content\/uploads\/ABRASERVICE-REGIONAL.pdf\" target=\"_blank\" rel=\"noopener\">ABRASERVICE REGIONAL &#8211; (Atualizado em 26\/01\/24)<\/a><\/li>\r\n<li><a href=\"https:\/\/www.rotaseguros.com.br\/corretor\/wp-content\/uploads\/ANPS-REGIONAL.pdf\" target=\"_blank\" rel=\"noopener\">ANPS REGIONAL &#8211; (Atualizado em 26\/01\/24)<\/a><\/li>\r\n<li><a href=\"https:\/\/www.rotaseguros.com.br\/corretor\/wp-content\/uploads\/SEEMG-REGIONAL.pdf\" target=\"_blank\" rel=\"noopener\">SEEMG REGIONAL &#8211; (Atualizado em 26\/01\/24)<\/a><\/li>\r\n<li><a href=\"https:\/\/www.rotaseguros.com.br\/corretor\/wp-content\/uploads\/SINDTRAUX-REGIONAL.pdf\" target=\"_blank\" rel=\"noopener\">SINDTRAUX REGIONAL &#8211; (Atualizado em 26\/01\/24)<\/a><\/li>\r\n<li><a href=\"https:\/\/www.rotaseguros.com.br\/corretor\/wp-content\/uploads\/SISPMUC-REGIONAL.pdf\" target=\"_blank\" rel=\"noopener\">SISPMUC REGIONAL &#8211; (Atualizado em 26\/01\/24)<\/a><\/li>\r\n<li><a href=\"https:\/\/www.rotaseguros.com.br\/corretor\/wp-content\/uploads\/TI-COM-UBH-REAJUSTE-AGO-2024.pdf\" target=\"_blank\" rel=\"noopener\">TI.COM UBH REAJUSTE AGO 2024 &#8211; (Atualizado em 26\/01\/24)<\/a><\/li>\r\n<\/ul>\r\n<p><strong>Rede Credenciada<\/strong><\/p>\r\n<ul>\r\n<li><a href=\"https:\/\/www.rotaseguros.com.br\/corretor\/wp-content\/uploads\/GUIA-Cartilha-Unifacil.pdf\" target=\"_blank\" rel=\"noopener\">GUIA Cartilha Unifacil &#8211; (Atualizado em 26\/01\/24)<\/a><\/li>\r\n<li><a href=\"https:\/\/www.rotaseguros.com.br\/corretor\/wp-content\/uploads\/Guia-Rede-Ampla.pdf\" target=\"_blank\" rel=\"noopener\">Guia Rede Ampla &#8211; (Atualizado em 26\/01\/24)<\/a><\/li>\r\n<li><a href=\"https:\/\/www.rotaseguros.com.br\/corretor\/wp-content\/uploads\/Guia-Rede-Odontoprev.pdf\" target=\"_blank\" rel=\"noopener\">Guia Rede Odontoprev &#8211; (Atualizado em 26\/01\/24)<\/a><\/li>\r\n<li><a href=\"https:\/\/www.rotaseguros.com.br\/corretor\/wp-content\/uploads\/Guia-Unifacil.pdf\" target=\"_blank\" rel=\"noopener\">Guia Unifacil &#8211; (Atualizado em 26\/01\/24)<\/a><\/li>\r\n<\/ul>\r\n<p><strong>Documentos\u00a0<\/strong><b>\u00dateis<\/b><\/p>\r\n<ul>\r\n<li><a href=\"https:\/\/www.rotaseguros.com.br\/corretor\/wp-content\/uploads\/Classificacao-de-Procedimentos-UNIMED-1.pdf\" target=\"_blank\" rel=\"noopener\">Classifica\u00e7\u00e3o de Procedimentos UNIMED &#8211; (Atualizado em 26\/01\/24)<\/a><\/li>\r\n<li><a href=\"https:\/\/www.rotaseguros.com.br\/corretor\/wp-content\/uploads\/CONSULTA-NUMERO-DA-CARTEIRINHA-1.pdf\" target=\"_blank\" rel=\"noopener\">CONSULTA NUMERO DA CARTEIRINHA &#8211; (Atualizado em 26\/01\/24)<\/a><\/li>\r\n<li><a href=\"https:\/\/www.rotaseguros.com.br\/corretor\/wp-content\/uploads\/Declaracao-Saude_Editavel.pdf\" target=\"_blank\" rel=\"noopener\">Declara\u00e7\u00e3o Sa\u00fade Edit\u00e1vel &#8211; (Atualizado em 26\/01\/24)<\/a><\/li>\r\n<\/ul>\r\n<p><b>Vig\u00eancias<\/b><\/p>\r\n<p><img loading=\"lazy\" decoding=\"async\" class=\"alignnone size-medium wp-image-63582\" src=\"https:\/\/www.rotaseguros.com.br\/corretor\/wp-content\/uploads\/FECHAMENTOS-UNIMED-300x296.jpg\" alt=\"\" width=\"300\" height=\"296\" srcset=\"https:\/\/www.rotaseguros.com.br\/corretor\/wp-content\/uploads\/FECHAMENTOS-UNIMED-300x296.jpg 300w, https:\/\/www.rotaseguros.com.br\/corretor\/wp-content\/uploads\/FECHAMENTOS-UNIMED-480x473.jpg 480w, https:\/\/www.rotaseguros.com.br\/corretor\/wp-content\/uploads\/FECHAMENTOS-UNIMED.jpg 663w\" sizes=\"auto, (max-width: 300px) 100vw, 300px\" \/><\/p>\r\n<p>&nbsp;<\/p>\r\n<h2><b>UsiSa\u00fade<\/b><\/h2>\r\n<p><strong>Tabelas de Pre\u00e7os<\/strong><\/p>\r\n<ul>\r\n<li><a href=\"https:\/\/www.rotaseguros.com.br\/corretor\/wp-content\/uploads\/USISAUDE-ABAEP-REAJUSTEMAIO-2024.pdf\" target=\"_blank\" rel=\"noopener\">USISAUDE-ABAEP-REAJUSTEMAIO-2024 &#8211; (Atualizado em 26\/01\/24)<\/a><\/li>\r\n<li><a href=\"https:\/\/www.rotaseguros.com.br\/corretor\/wp-content\/uploads\/USISAUDE-ABES-REAJUSTE-MAIO-2024.pdf\" target=\"_blank\" rel=\"noopener\">USISAUDE-ABES-REAJUSTE-MAIO-2024 &#8211; (Atualizado em 26\/01\/24)<\/a><\/li>\r\n<li><a href=\"https:\/\/www.rotaseguros.com.br\/corretor\/wp-content\/uploads\/USISAUDE-Tabela-de-ti-com-2024.pdf\" target=\"_blank\" rel=\"noopener\">USISAUDE-Tabela-de-ti-com-2024 &#8211; (Atualizado em 26\/01\/24)<\/a><\/li>\r\n<\/ul>\r\n<p><strong>Diversos<\/strong><\/p>\r\n<ul>\r\n<li><a href=\"https:\/\/www.rotaseguros.com.br\/corretor\/wp-content\/uploads\/DPS-UNIFICADA-USISAUDE-1.pdf\" target=\"_blank\" rel=\"noopener\">DPS-UNIFICADA-USISAUDE &#8211; (Atualizado em 26\/01\/24)<\/a><\/li>\r\n<li><a href=\"https:\/\/www.rotaseguros.com.br\/corretor\/wp-content\/uploads\/MANUAL-DO-CORRETOR-USISAUDE.pdf\" target=\"_blank\" rel=\"noopener\">MANUAL-DO-CORRETOR-USISAUDE &#8211; (Atualizado em 26\/01\/24)<\/a><\/li>\r\n<li><a href=\"https:\/\/www.rotaseguros.com.br\/corretor\/wp-content\/uploads\/Rede-credenciada-Abes-Abaep-Ti.xlsx\" target=\"_blank\" rel=\"noopener\">Rede-credenciada-Abes-Abaep-Ti &#8211; (Atualizado em 26\/01\/24)<\/a><\/li>\r\n<\/ul>\r\n<div style=\"width: 720px;\" class=\"wp-video\"><video class=\"wp-video-shortcode\" id=\"video-3720-1\" width=\"720\" height=\"1280\" preload=\"metadata\" controls=\"controls\"><source type=\"video\/mp4\" src=\"https:\/\/www.rotaseguros.com.br\/corretor\/wp-content\/uploads\/Aplicativo-Usisaude.mp4?_=1\" \/><a href=\"https:\/\/www.rotaseguros.com.br\/corretor\/wp-content\/uploads\/Aplicativo-Usisaude.mp4\">https:\/\/www.rotaseguros.com.br\/corretor\/wp-content\/uploads\/Aplicativo-Usisaude.mp4<\/a><\/video><\/div>\r\n<p><b>Vig\u00eancias<\/b><\/p>\r\n<p><img loading=\"lazy\" decoding=\"async\" class=\"alignnone size-medium wp-image-63590\" src=\"https:\/\/www.rotaseguros.com.br\/corretor\/wp-content\/uploads\/FECHAMENTOS-USISAUDE-VIG-300x294.jpg\" alt=\"\" width=\"300\" height=\"294\" srcset=\"https:\/\/www.rotaseguros.com.br\/corretor\/wp-content\/uploads\/FECHAMENTOS-USISAUDE-VIG-300x294.jpg 300w, https:\/\/www.rotaseguros.com.br\/corretor\/wp-content\/uploads\/FECHAMENTOS-USISAUDE-VIG-480x471.jpg 480w, https:\/\/www.rotaseguros.com.br\/corretor\/wp-content\/uploads\/FECHAMENTOS-USISAUDE-VIG.jpg 667w\" sizes=\"auto, (max-width: 300px) 100vw, 300px\" \/><\/p>\r\n<p>&nbsp;<\/p>\r\n<h2><b>MedGold<\/b><\/h2>\r\n<ul>\r\n<li><a href=\"https:\/\/www.rotaseguros.com.br\/corretor\/wp-content\/uploads\/MEDGOLD-REAJUSTE-MAIO-2024.pdf\" target=\"_blank\" rel=\"noopener\">MEDGOLD-REAJUSTE-MAIO-2024 &#8211; (Atualizado em 26\/01\/24)<\/a><\/li>\r\n<li><a href=\"https:\/\/www.rotaseguros.com.br\/corretor\/wp-content\/uploads\/Suspensao-dos-Atendimentos-Felicio-Rocho.pdf\" target=\"_blank\" rel=\"noopener\">Suspensao-dos-Atendimentos-Felicio-Rocho &#8211; (Atualizado em 26\/01\/24)<\/a><\/li>\r\n<\/ul>\r\n<p><img loading=\"lazy\" decoding=\"async\" class=\"alignnone size-medium wp-image-63594\" src=\"https:\/\/www.rotaseguros.com.br\/corretor\/wp-content\/uploads\/ORIZONTI-MEDGOLD-1-300x300.jpeg\" alt=\"\" width=\"300\" height=\"300\" srcset=\"https:\/\/www.rotaseguros.com.br\/corretor\/wp-content\/uploads\/ORIZONTI-MEDGOLD-1-300x300.jpeg 300w, https:\/\/www.rotaseguros.com.br\/corretor\/wp-content\/uploads\/ORIZONTI-MEDGOLD-1-1024x1024.jpeg 1024w, https:\/\/www.rotaseguros.com.br\/corretor\/wp-content\/uploads\/ORIZONTI-MEDGOLD-1-150x150.jpeg 150w, https:\/\/www.rotaseguros.com.br\/corretor\/wp-content\/uploads\/ORIZONTI-MEDGOLD-1-768x768.jpeg 768w, https:\/\/www.rotaseguros.com.br\/corretor\/wp-content\/uploads\/ORIZONTI-MEDGOLD-1-980x980.jpeg 980w, https:\/\/www.rotaseguros.com.br\/corretor\/wp-content\/uploads\/ORIZONTI-MEDGOLD-1-480x480.jpeg 480w, https:\/\/www.rotaseguros.com.br\/corretor\/wp-content\/uploads\/ORIZONTI-MEDGOLD-1.jpeg 1080w\" sizes=\"auto, (max-width: 300px) 100vw, 300px\" \/><\/p>\r\n<p>&nbsp;<\/p>\r\n<h2><b>Geral<\/b><\/h2>\r\n<p><strong>Treinamento<\/strong><\/p>\r\n<ul>\r\n<li><a href=\"https:\/\/www.rotaseguros.com.br\/corretor\/wp-content\/uploads\/MANUAL-DO-CORRETOR-UNIMED-BH.pdf\" target=\"_blank\" rel=\"noopener\">MANUAL-DO-CORRETOR-UNIMED-BH &#8211; (Atualizado em 26\/01\/24)<\/a><\/li>\r\n<li><a href=\"https:\/\/www.rotaseguros.com.br\/corretor\/wp-content\/uploads\/ONLINEVENDA-TUTORIAL-CORRETOR.pdf\" target=\"_blank\" rel=\"noopener\">ONLINEVENDA-TUTORIAL-CORRETOR &#8211; (Atualizado em 26\/01\/24)<\/a><\/li>\r\n<li><a href=\"https:\/\/www.rotaseguros.com.br\/corretor\/wp-content\/uploads\/ONLINEVENDA-TUTORIAL-GESTOR.pdf\" target=\"_blank\" rel=\"noopener\">ONLINEVENDA-TUTORIAL-GESTOR &#8211; (Atualizado em 26\/01\/24)<\/a><\/li>\r\n<li><a href=\"https:\/\/www.rotaseguros.com.br\/corretor\/wp-content\/uploads\/ONLINEVENDA-TUTORIAL-SUPERVISOR.pdf\" target=\"_blank\" rel=\"noopener\">ONLINEVENDA-TUTORIAL-SUPERVISOR &#8211; (Atualizado em 26\/01\/24)<\/a><\/li>\r\n<\/ul>\r\n<p><strong>Vendas Online<\/strong><\/p>\r\n<ul>\r\n<li><a href=\"https:\/\/www.rotaseguros.com.br\/corretor\/wp-content\/uploads\/Passo-a-passo-DPS.pdf\" target=\"_blank\" rel=\"noopener\">Passo-a-passo-DPS &#8211; (Atualizado em 26\/01\/24)<\/a><\/li>\r\n<li><a href=\"https:\/\/www.rotaseguros.com.br\/corretor\/wp-content\/uploads\/Processo-implantacao-proposta.pdf\" target=\"_blank\" rel=\"noopener\">Processo-implantacao-proposta &#8211; (Atualizado em 26\/01\/24)<\/a><\/li>\r\n<\/ul>\r\n<p>&nbsp;<\/p>\r\n<h2><b>Campanhas e Fechamentos<\/b><\/h2>\r\n<p><img loading=\"lazy\" decoding=\"async\" class=\"alignnone size-medium wp-image-63601\" src=\"https:\/\/www.rotaseguros.com.br\/corretor\/wp-content\/uploads\/AnyConv.com__FECHAMENTOS-UNIMED-VIG-01.12-A-11.01-300x296.jpg\" alt=\"\" width=\"300\" height=\"296\" srcset=\"https:\/\/www.rotaseguros.com.br\/corretor\/wp-content\/uploads\/AnyConv.com__FECHAMENTOS-UNIMED-VIG-01.12-A-11.01-300x296.jpg 300w, https:\/\/www.rotaseguros.com.br\/corretor\/wp-content\/uploads\/AnyConv.com__FECHAMENTOS-UNIMED-VIG-01.12-A-11.01-480x473.jpg 480w, https:\/\/www.rotaseguros.com.br\/corretor\/wp-content\/uploads\/AnyConv.com__FECHAMENTOS-UNIMED-VIG-01.12-A-11.01.jpg 663w\" sizes=\"auto, (max-width: 300px) 100vw, 300px\" \/><\/p>\r\n<p><img loading=\"lazy\" decoding=\"async\" class=\"alignnone size-medium wp-image-63602\" src=\"https:\/\/www.rotaseguros.com.br\/corretor\/wp-content\/uploads\/USISAUDE-JAN24-300x294.jpg\" alt=\"\" width=\"300\" height=\"294\" srcset=\"https:\/\/www.rotaseguros.com.br\/corretor\/wp-content\/uploads\/USISAUDE-JAN24-300x294.jpg 300w, https:\/\/www.rotaseguros.com.br\/corretor\/wp-content\/uploads\/USISAUDE-JAN24-480x471.jpg 480w, https:\/\/www.rotaseguros.com.br\/corretor\/wp-content\/uploads\/USISAUDE-JAN24.jpg 661w\" sizes=\"auto, (max-width: 300px) 100vw, 300px\" \/><\/p>\r\n<p><img loading=\"lazy\" decoding=\"async\" class=\"alignnone size-medium wp-image-63603\" src=\"https:\/\/www.rotaseguros.com.br\/corretor\/wp-content\/uploads\/UNIMED-JAN24-300x295.jpg\" alt=\"\" width=\"300\" height=\"295\" srcset=\"https:\/\/www.rotaseguros.com.br\/corretor\/wp-content\/uploads\/UNIMED-JAN24-300x295.jpg 300w, https:\/\/www.rotaseguros.com.br\/corretor\/wp-content\/uploads\/UNIMED-JAN24-480x471.jpg 480w, https:\/\/www.rotaseguros.com.br\/corretor\/wp-content\/uploads\/UNIMED-JAN24.jpg 663w\" sizes=\"auto, (max-width: 300px) 100vw, 300px\" \/><\/p>\r\n<p><img loading=\"lazy\" decoding=\"async\" class=\"alignnone size-medium wp-image-63604\" src=\"https:\/\/www.rotaseguros.com.br\/corretor\/wp-content\/uploads\/MEDGOLD-JAN24-300x295.jpg\" alt=\"\" width=\"300\" height=\"295\" srcset=\"https:\/\/www.rotaseguros.com.br\/corretor\/wp-content\/uploads\/MEDGOLD-JAN24-300x295.jpg 300w, https:\/\/www.rotaseguros.com.br\/corretor\/wp-content\/uploads\/MEDGOLD-JAN24-480x471.jpg 480w, https:\/\/www.rotaseguros.com.br\/corretor\/wp-content\/uploads\/MEDGOLD-JAN24.jpg 661w\" sizes=\"auto, (max-width: 300px) 100vw, 300px\" \/><\/p>\r\n<p><img loading=\"lazy\" decoding=\"async\" class=\"alignnone size-medium wp-image-63605\" src=\"https:\/\/www.rotaseguros.com.br\/corretor\/wp-content\/uploads\/FECHAMENTOS-USISAUDE-VIG-FEV-E-MAR-24-300x296.jpg\" alt=\"\" width=\"300\" height=\"296\" srcset=\"https:\/\/www.rotaseguros.com.br\/corretor\/wp-content\/uploads\/FECHAMENTOS-USISAUDE-VIG-FEV-E-MAR-24-300x296.jpg 300w, https:\/\/www.rotaseguros.com.br\/corretor\/wp-content\/uploads\/FECHAMENTOS-USISAUDE-VIG-FEV-E-MAR-24-480x473.jpg 480w, https:\/\/www.rotaseguros.com.br\/corretor\/wp-content\/uploads\/FECHAMENTOS-USISAUDE-VIG-FEV-E-MAR-24.jpg 659w\" sizes=\"auto, (max-width: 300px) 100vw, 300px\" \/><\/p>\r\n<p><img loading=\"lazy\" decoding=\"async\" class=\"alignnone size-medium wp-image-63606\" src=\"https:\/\/www.rotaseguros.com.br\/corretor\/wp-content\/uploads\/FECHAMENTOS-UNIMED-VIG-FEV-E-MAR-24-300x297.jpg\" alt=\"\" width=\"300\" height=\"297\" srcset=\"https:\/\/www.rotaseguros.com.br\/corretor\/wp-content\/uploads\/FECHAMENTOS-UNIMED-VIG-FEV-E-MAR-24-300x297.jpg 300w, https:\/\/www.rotaseguros.com.br\/corretor\/wp-content\/uploads\/FECHAMENTOS-UNIMED-VIG-FEV-E-MAR-24-150x150.jpg 150w, https:\/\/www.rotaseguros.com.br\/corretor\/wp-content\/uploads\/FECHAMENTOS-UNIMED-VIG-FEV-E-MAR-24-480x475.jpg 480w, https:\/\/www.rotaseguros.com.br\/corretor\/wp-content\/uploads\/FECHAMENTOS-UNIMED-VIG-FEV-E-MAR-24.jpg 657w\" sizes=\"auto, (max-width: 300px) 100vw, 300px\" \/><\/p>\r\n<p>&nbsp;<\/p>\r\n<h2><b>Vencidas<\/b><\/h2>\r\n<p><img loading=\"lazy\" decoding=\"async\" class=\"alignnone size-medium wp-image-63607\" src=\"https:\/\/www.rotaseguros.com.br\/corretor\/wp-content\/uploads\/ALTERACAO-CAMPANHA-VIG-OUT-NOV-2023-300x297.jpg\" alt=\"\" width=\"300\" height=\"297\" srcset=\"https:\/\/www.rotaseguros.com.br\/corretor\/wp-content\/uploads\/ALTERACAO-CAMPANHA-VIG-OUT-NOV-2023-300x297.jpg 300w, https:\/\/www.rotaseguros.com.br\/corretor\/wp-content\/uploads\/ALTERACAO-CAMPANHA-VIG-OUT-NOV-2023-150x150.jpg 150w, https:\/\/www.rotaseguros.com.br\/corretor\/wp-content\/uploads\/ALTERACAO-CAMPANHA-VIG-OUT-NOV-2023-480x475.jpg 480w, https:\/\/www.rotaseguros.com.br\/corretor\/wp-content\/uploads\/ALTERACAO-CAMPANHA-VIG-OUT-NOV-2023.jpg 664w\" sizes=\"auto, (max-width: 300px) 100vw, 300px\" \/><\/p>\r\n<p><img loading=\"lazy\" decoding=\"async\" class=\"alignnone size-medium wp-image-63608\" src=\"https:\/\/www.rotaseguros.com.br\/corretor\/wp-content\/uploads\/CAMPANHA-SET-OUT-E-NOV-2023-300x300.jpg\" alt=\"\" width=\"300\" height=\"300\" srcset=\"https:\/\/www.rotaseguros.com.br\/corretor\/wp-content\/uploads\/CAMPANHA-SET-OUT-E-NOV-2023-300x300.jpg 300w, https:\/\/www.rotaseguros.com.br\/corretor\/wp-content\/uploads\/CAMPANHA-SET-OUT-E-NOV-2023-150x150.jpg 150w, https:\/\/www.rotaseguros.com.br\/corretor\/wp-content\/uploads\/CAMPANHA-SET-OUT-E-NOV-2023-480x479.jpg 480w, https:\/\/www.rotaseguros.com.br\/corretor\/wp-content\/uploads\/CAMPANHA-SET-OUT-E-NOV-2023.jpg 663w\" sizes=\"auto, (max-width: 300px) 100vw, 300px\" \/><\/p>\r\n<p><img loading=\"lazy\" decoding=\"async\" class=\"alignnone size-medium wp-image-63609\" src=\"https:\/\/www.rotaseguros.com.br\/corretor\/wp-content\/uploads\/FECHAMENTOS-USISAUDE-VIG-01.12-A-20.01-300x294.jpg\" alt=\"\" width=\"300\" height=\"294\" srcset=\"https:\/\/www.rotaseguros.com.br\/corretor\/wp-content\/uploads\/FECHAMENTOS-USISAUDE-VIG-01.12-A-20.01-300x294.jpg 300w, https:\/\/www.rotaseguros.com.br\/corretor\/wp-content\/uploads\/FECHAMENTOS-USISAUDE-VIG-01.12-A-20.01-480x471.jpg 480w, https:\/\/www.rotaseguros.com.br\/corretor\/wp-content\/uploads\/FECHAMENTOS-USISAUDE-VIG-01.12-A-20.01.jpg 667w\" sizes=\"auto, (max-width: 300px) 100vw, 300px\" \/><\/p>\r\n<p><img loading=\"lazy\" decoding=\"async\" class=\"alignnone size-medium wp-image-63610\" src=\"https:\/\/www.rotaseguros.com.br\/corretor\/wp-content\/uploads\/MEDGOLD-DEZ2023-300x296.jpg\" alt=\"\" width=\"300\" height=\"296\" srcset=\"https:\/\/www.rotaseguros.com.br\/corretor\/wp-content\/uploads\/MEDGOLD-DEZ2023-300x296.jpg 300w, https:\/\/www.rotaseguros.com.br\/corretor\/wp-content\/uploads\/MEDGOLD-DEZ2023-480x474.jpg 480w, https:\/\/www.rotaseguros.com.br\/corretor\/wp-content\/uploads\/MEDGOLD-DEZ2023.jpg 662w\" sizes=\"auto, (max-width: 300px) 100vw, 300px\" \/><\/p>\r\n<p><img loading=\"lazy\" decoding=\"async\" class=\"alignnone size-medium wp-image-63611\" src=\"https:\/\/www.rotaseguros.com.br\/corretor\/wp-content\/uploads\/UNIMED-DEZ2023-300x296.jpg\" alt=\"\" width=\"300\" height=\"296\" srcset=\"https:\/\/www.rotaseguros.com.br\/corretor\/wp-content\/uploads\/UNIMED-DEZ2023-300x296.jpg 300w, https:\/\/www.rotaseguros.com.br\/corretor\/wp-content\/uploads\/UNIMED-DEZ2023-480x473.jpg 480w, https:\/\/www.rotaseguros.com.br\/corretor\/wp-content\/uploads\/UNIMED-DEZ2023.jpg 663w\" sizes=\"auto, (max-width: 300px) 100vw, 300px\" \/><\/p>\r\n<p><img loading=\"lazy\" decoding=\"async\" class=\"alignnone size-medium wp-image-63612\" src=\"https:\/\/www.rotaseguros.com.br\/corretor\/wp-content\/uploads\/USISAUDE-DEZ2023-300x297.jpg\" alt=\"\" width=\"300\" height=\"297\" srcset=\"https:\/\/www.rotaseguros.com.br\/corretor\/wp-content\/uploads\/USISAUDE-DEZ2023-300x297.jpg 300w, https:\/\/www.rotaseguros.com.br\/corretor\/wp-content\/uploads\/USISAUDE-DEZ2023-150x150.jpg 150w, https:\/\/www.rotaseguros.com.br\/corretor\/wp-content\/uploads\/USISAUDE-DEZ2023-480x475.jpg 480w, https:\/\/www.rotaseguros.com.br\/corretor\/wp-content\/uploads\/USISAUDE-DEZ2023.jpg 661w\" sizes=\"auto, (max-width: 300px) 100vw, 300px\" \/><\/p>\r\n<p>&nbsp;<\/p>\r\n<div>\u00a0<\/div>\r\n\r\n<p>&nbsp;<\/p>","protected":false},"excerpt":{"rendered":"<p>Tabelas Bem Administradora &nbsp; Unimed Tabelas de Pre\u00e7os ABRASERVICE REGIONAL &#8211; (Atualizado em 26\/01\/24) ANPS REGIONAL &#8211; (Atualizado em 26\/01\/24) SEEMG REGIONAL &#8211; (Atualizado em 26\/01\/24) SINDTRAUX REGIONAL &#8211; (Atualizado &#8230;<\/p>\n","protected":false},"author":1,"featured_media":0,"parent":11,"menu_order":0,"comment_status":"closed","ping_status":"closed","template":"","meta":{"footnotes":""},"class_list":["post-3720","page","type-page","status-publish","hentry"],"_links":{"self":[{"href":"https:\/\/www.rotaseguros.com.br\/corretor\/index.php\/wp-json\/wp\/v2\/pages\/3720","targetHints":{"allow":["GET"]}}],"collection":[{"href":"https:\/\/www.rotaseguros.com.br\/corretor\/index.php\/wp-json\/wp\/v2\/pages"}],"about":[{"href":"https:\/\/www.rotaseguros.com.br\/corretor\/index.php\/wp-json\/wp\/v2\/types\/page"}],"author":[{"embeddable":true,"href":"https:\/\/www.rotaseguros.com.br\/corretor\/index.php\/wp-json\/wp\/v2\/users\/1"}],"replies":[{"embeddable":true,"href":"https:\/\/www.rotaseguros.com.br\/corretor\/index.php\/wp-json\/wp\/v2\/comments?post=3720"}],"version-history":[{"count":0,"href":"https:\/\/www.rotaseguros.com.br\/corretor\/index.php\/wp-json\/wp\/v2\/pages\/3720\/revisions"}],"up":[{"embeddable":true,"href":"https:\/\/www.rotaseguros.com.br\/corretor\/index.php\/wp-json\/wp\/v2\/pages\/11"}],"wp:attachment":[{"href":"https:\/\/www.rotaseguros.com.br\/corretor\/index.php\/wp-json\/wp\/v2\/media?parent=3720"}],"curies":[{"name":"wp","href":"https:\/\/api.w.org\/{rel}","templated":true}]}}