{"id":39,"date":"2016-04-08T15:01:59","date_gmt":"2016-04-08T18:01:59","guid":{"rendered":"http:\/\/www.rotaseguros.com.br\/corretor\/?page_id=39"},"modified":"2026-02-06T16:51:16","modified_gmt":"2026-02-06T19:51:16","slug":"allcare-2","status":"publish","type":"page","link":"https:\/\/www.rotaseguros.com.br\/corretor\/index.php\/links\/informacoes-de-operadoras\/allcare-2\/","title":{"rendered":"AllCare"},"content":{"rendered":"\r\n\r\n\r\n\r\n\r\n<h1 class=\"wp-block-heading\">Tabelas de Pre\u00e7os<\/h1>\r\n<p><strong>GNDI<\/strong><\/p>\r\n<ul>\r\n<li><a href=\"http:\/\/www.rotaseguros.com.br\/corretor\/wp-content\/uploads\/tabela_adesao_ndi_afecom_bh-1.pdf\" target=\"_blank\" rel=\"noopener\">tabela_adesao_ndi_afecom_bh &#8211; (Atualizado em 06\/02\/26)<\/a><\/li>\r\n<li><a href=\"http:\/\/www.rotaseguros.com.br\/corretor\/wp-content\/uploads\/tabela_adesao_ndi_bh-1.pdf\" target=\"_blank\" rel=\"noopener\">tabela_adesao_ndi_bh &#8211; (Atualizado em 06\/02\/26)<\/a><\/li>\r\n<\/ul>\r\n<p><strong>Hapvida NDI<\/strong><\/p>\r\n<ul>\r\n<li><a href=\"http:\/\/www.rotaseguros.com.br\/corretor\/wp-content\/uploads\/tabela_adesao_hapvida_bh-3.pdf\" target=\"_blank\" rel=\"noopener\">tabela_adesao_hapvida_bh &#8211; (Atualizado em 06\/02\/26)<\/a><\/li>\r\n<li><a href=\"http:\/\/www.rotaseguros.com.br\/corretor\/wp-content\/uploads\/tabela_adesao_hapvida_uberaba_mg.pdf\" target=\"_blank\" rel=\"noopener\">tabela_adesao_hapvida_uberaba_mg &#8211; (Atualizado em 06\/02\/26)<\/a><\/li>\r\n<li><a href=\"http:\/\/www.rotaseguros.com.br\/corretor\/wp-content\/uploads\/tabela_pme_hapvida_belo-horizante_mg-1.pdf\" target=\"_blank\" rel=\"noopener\">tabela_pme_hapvida_belo-horizante_mg &#8211; (Atualizado em 06\/02\/26)<\/a><\/li>\r\n<li><a href=\"http:\/\/www.rotaseguros.com.br\/corretor\/wp-content\/uploads\/tabela_pme_hapvida_uberaba_mg.pdf\" target=\"_blank\" rel=\"noopener\">tabela_pme_hapvida_uberaba_mg &#8211; (Atualizado em 06\/02\/26)<\/a><\/li>\r\n<\/ul>\r\n<p><strong>Unimed BH | Allcare<\/strong><\/p>\r\n<ul>\r\n<li><a href=\"http:\/\/www.rotaseguros.com.br\/corretor\/wp-content\/uploads\/tabela_adesao_unimed_bh_afpb_bh-2.pdf\" target=\"_blank\" rel=\"noopener\">tabela_adesao_unimed_bh_afpb_bh &#8211; (Atualizado em 06\/02\/26)<\/a><\/li>\r\n<li><a href=\"http:\/\/www.rotaseguros.com.br\/corretor\/wp-content\/uploads\/tabela_adesao_unimed_bh_antracc_bh-2.pdf\" target=\"_blank\" rel=\"noopener\">tabela_adesao_unimed_bh_antracc_bh &#8211; (Atualizado em 06\/02\/26)<\/a><\/li>\r\n<li><a href=\"http:\/\/www.rotaseguros.com.br\/corretor\/wp-content\/uploads\/tabela_adesao_unimed_bh_ancepla_bh-17.pdf\" target=\"_blank\" rel=\"noopener\">tabela_adesao_unimed_bh_ancepla_bh &#8211; (Atualizado em 06\/02\/26)<\/a><\/li>\r\n<li><a href=\"http:\/\/www.rotaseguros.com.br\/corretor\/wp-content\/uploads\/tabela_pme_unimed_bh-10.pdf\" target=\"_blank\" rel=\"noopener\">tabela_pme_unimed_bh &#8211; (Atualizado em 06\/02\/26)<\/a><\/li>\r\n<\/ul>\r\n<p>&nbsp;<\/p>\r\n<ul>\r\n<li style=\"list-style-type: none;\">\u00a0<\/li>\r\n<\/ul>\r\n\r\n\r\n\r\n<p><strong>Material de Apoio<\/strong><\/p>\r\n<ul>\r\n<li><a href=\"https:\/\/www.rotaseguros.com.br\/corretor\/wp-content\/uploads\/arc_adesao_gndi_mg_compressed.pdf\" target=\"_blank\" rel=\"noopener\">\u00a0Aditivo de Redu\u00e7\u00e3o de Car\u00eancia GNDI | (Atualizado 30\/09\/2024)<\/a><\/li>\r\n<li><a href=\"https:\/\/www.rotaseguros.com.br\/corretor\/wp-content\/uploads\/contrato_faturadigital-1_compressed.pdf\" target=\"_blank\" rel=\"noopener\">Temo de Ades\u00e3o &#8211; Fatura Digital GNDI | (Atualizado 30\/09\/2024)<\/a><\/li>\r\n<li><a href=\"https:\/\/www.rotaseguros.com.br\/corretor\/wp-content\/uploads\/arc_adesao_gndi_mg_compressed.pdf\" target=\"_blank\" rel=\"noopener\">\u00a0Aditivo de Redu\u00e7\u00e3o de Car\u00eancia Hapvida | (Atualizado 30\/09\/2024)<\/a><\/li>\r\n<li><a href=\"https:\/\/www.rotaseguros.com.br\/corretor\/wp-content\/uploads\/arc_adesao_unimed_geral_bh_compressed.pdf\" target=\"_blank\" rel=\"noopener\">\u00a0Aditivo de Redu\u00e7\u00e3o de Car\u00eancia Unimed | (Atualizado 30\/09\/2024)<\/a><\/li>\r\n<li><a href=\"https:\/\/www.rotaseguros.com.br\/corretor\/wp-content\/uploads\/contrato_faturadigital-3_compressed.pdf\" target=\"_blank\" rel=\"noopener\">\u00a0Termo de Ades\u00e3o &#8211; Fatura Digital Unimed | (Atualizado 30\/09\/2024)<\/a><\/li>\r\n<li><a href=\"https:\/\/www.rotaseguros.com.br\/corretor\/wp-content\/uploads\/arc_pme_unimed_bh_compressed.pdf\" target=\"_blank\" rel=\"noopener\">\u00a0Aditivo de Redu\u00e7\u00e3o de Car\u00eancia Unimed PME | (Atualizado 30\/09\/2024)<\/a><\/li>\r\n<\/ul>\r\n<ul>\r\n<li><a href=\"https:\/\/www.rotaseguros.com.br\/corretor\/wp-content\/uploads\/IBANX-MANUAL.pdf\" target=\"_blank\" rel=\"noopener\">IBANX MANUAL &#8211; (Atualizado em 04\/03\/24)<\/a><\/li>\r\n<li><a href=\"https:\/\/www.ibanx.com.br\/ibanx\/index.xhtml\" target=\"_blank\" rel=\"noopener\">Site IBANX &#8211; (Atualizado em 04\/03\/24)<\/a><\/li>\r\n<li><a href=\"http:\/\/www.rotaseguros.com.br\/corretor\/wp-content\/uploads\/FACILITADOR-PME-ATUALIZADO.pdf\" target=\"_blank\" rel=\"noopener\">FACILITADOR PME ATUALIZADO &#8211; (Atualizado em 30\/05\/25)<\/a><\/li>\r\n<li><a href=\"http:\/\/www.rotaseguros.com.br\/corretor\/wp-content\/uploads\/FACILITADOR-HAPVIDA-ATUAL.pdf\" target=\"_blank\" rel=\"noopener\">FACILITADOR HAPVIDA ATUAL &#8211; (Atualizado em 30\/05\/25)<\/a><\/li>\r\n<li><a href=\"http:\/\/www.rotaseguros.com.br\/corretor\/wp-content\/uploads\/FACILITADOR-NDI-MG.pdf\" target=\"_blank\" rel=\"noopener\">FACILITADOR NDI MG &#8211; (Atualizado em 30\/05\/25)<\/a><\/li>\r\n<\/ul>\r\n<ul>\r\n<li><a href=\"https:\/\/corretorallcare.com.br\/fechamentos\" target=\"_blank\" rel=\"noopener\">Site &#8211; Fechamentos &#8211; (Atualizado em 04\/03\/24)<\/a><\/li>\r\n<li><a href=\"https:\/\/www.corretorallcare.com.br\/materiais-de-vendas\" target=\"_blank\" rel=\"noopener\">Site &#8211; Materiais de Vendas &#8211; (Atualizado 07\/01\/26)<\/a><\/li>\r\n<li><a href=\"https:\/\/www.rotaseguros.com.br\/corretor\/wp-content\/uploads\/contrato_faturadigital.pdf\" target=\"_blank\" rel=\"noopener\">Contrato fatura digital \u2013 (Atualizado em 04\/03\/24)<\/a><\/li>\r\n<li><a href=\"https:\/\/www.rotaseguros.com.br\/corretor\/wp-content\/uploads\/arc_adesao_gndi_minas.pdf\" target=\"_blank\" rel=\"noopener\">Arc_ades\u00e3o gndi minas \u2013 (Atualizado em 04\/03\/24)<\/a><\/li>\r\n<li><a href=\"https:\/\/www.rotaseguros.com.br\/corretor\/wp-content\/uploads\/arc_hapvida_adesao.pdf\" target=\"_blank\" rel=\"noopener\">Arc_hapvida_ades\u00e3o \u2013 (Atualizado em 04\/03\/24)<\/a><\/li>\r\n<li><a href=\"https:\/\/www.rotaseguros.com.br\/corretor\/wp-content\/uploads\/arc_unimed_bh_geral-1.pdf\" target=\"_blank\" rel=\"noopener\">Arc_unimed_bh_geral \u2013 (Atualizado em 04\/03\/24)<\/a><\/li>\r\n<li><a href=\"https:\/\/www.rotaseguros.com.br\/corretor\/wp-content\/uploads\/arc_unimed_bh_geral_ancepla.pdf\" target=\"_blank\" rel=\"noopener\">Arc_unimed_bh_geral_ancepla \u2013 (Atualizado em 04\/03\/24)<\/a><\/li>\r\n<li><a href=\"https:\/\/www.rotaseguros.com.br\/corretor\/wp-content\/uploads\/contrato_faturadigital-1.pdf\" target=\"_blank\" rel=\"noopener\">Contrato_fatura digital \u2013 (Atualizado em 04\/03\/24)<\/a><\/li>\r\n<li><a href=\"https:\/\/www.rotaseguros.com.br\/corretor\/wp-content\/uploads\/TREINAMENTO-KENYA-MG-2024.pptx\" target=\"_blank\" rel=\"noopener\">TREINAMENTO KENYA MG 2024 &#8211; (Atualizado em 04\/04\/24)<\/a><\/li>\r\n<li><a href=\"https:\/\/www.rotaseguros.com.br\/corretor\/wp-content\/uploads\/TREINAMENTO-PME-SISTEMA-ABRIL.pptm\" target=\"_blank\" rel=\"noopener\">TREINAMENTO PME SISTEMA ABRIL &#8211; (Atualizado em 04\/04\/24)<\/a><\/li>\r\n<li><a href=\"https:\/\/www.rotaseguros.com.br\/corretor\/wp-content\/uploads\/Treinamento-SISTEMA-ADESAO-2024-Abril.pptx\" target=\"_blank\" rel=\"noopener\">Treinamento SISTEMA ADESAO 2024 Abril &#8211; (Atualizado em 04\/04\/24)<\/a><\/li>\r\n<li><a href=\"http:\/\/www.rotaseguros.com.br\/corretor\/wp-content\/uploads\/Manual-Venda-Beneficiario-2.pptx\" target=\"_blank\" rel=\"noopener\">Manual &#8211; Venda Benefici\u00e1rio &#8211; (Atualizado em 07\/01\/26)<\/a><\/li>\r\n<li><a href=\"http:\/\/www.rotaseguros.com.br\/corretor\/wp-content\/uploads\/Manual-Venda-Empresa-1.pptx\" target=\"_blank\" rel=\"noopener\">Manual &#8211; Venda Empresa &#8211; (Atualizado em 07\/01\/26)<\/a><\/li>\r\n<li><a href=\"http:\/\/www.rotaseguros.com.br\/corretor\/wp-content\/uploads\/Preenchimento-de-Proposta-PME-Administrado-1.pdf\" target=\"_blank\" rel=\"noopener\">Preenchimento de Proposta &#8211; PME Administrado &#8211; (Atualizado em 07\/01\/26)<\/a><\/li>\r\n<li><a href=\"http:\/\/www.rotaseguros.com.br\/corretor\/wp-content\/uploads\/FACILITADORES-atuais-12-25.pdf\" target=\"_blank\" rel=\"noopener\">FACILITADORES atuais &#8211; (Atualizado em 07\/01\/26)<\/a><\/li>\r\n<\/ul>\r\n<blockquote>\r\n<p data-pm-slice=\"1 1 []\">&gt; Confira o status de sua proposta no portal do corretor: <a class=\"ProsemirrorEditor-link\" href=\"https:\/\/portal.allcare.com.br\">https:\/\/portal.allcare.com.br<\/a> e em caso de pend\u00eancias regularize em: <a class=\"ProsemirrorEditor-link\" href=\"https:\/\/vendas.allcare.com.br\">https:\/\/vendas.allcare.com.br<\/a>.<\/p>\r\n<\/blockquote>\r\n<p data-pm-slice=\"1 1 []\"><br \/><strong>Atualiza\u00e7\u00e3o de regra comercial Hapvida\/NDI- UNI\u00c3O EST\u00c1VEL<\/strong><br \/>Ser\u00e1 aceito o documento em anexo, para comprovar o v\u00ednculo marital<br \/><strong>Obs: o documento precisa conter<\/strong> <br \/>\u2022\u00a0 Assinatura de ambos os c\u00f4njuges com reconhecimento de firma;<br \/>\u2022\u00a0 Assinatura de testemunhas-com reconhecimento de firma;<br \/>\u2022\u00a0 Registrar em cart\u00f3rio.<\/p>\r\n<ul>\r\n<li><a href=\"https:\/\/www.rotaseguros.com.br\/corretor\/wp-content\/uploads\/DECLARACAO-DE-CONVIVIO-MARITAL-HAPVIDA-editavel.docx\" target=\"_blank\" rel=\"noopener\">DECLARA\u00c7\u00c3O DE CONV\u00cdVIO \u2013 MARITAL- EDIT\u00c1VEL \u2013 (Atualizado em 04\/04\/24)<\/a><\/li>\r\n<li><a href=\"https:\/\/www.rotaseguros.com.br\/corretor\/wp-content\/uploads\/declaracao-de-uniao-estavel-UNIMED-BH.docx\" target=\"_blank\" rel=\"noopener\">Declara\u00e7\u00e3o de Uni\u00e3o Est\u00e1vel UNIMED BH &#8211; (Atualizado em 04\/04\/24)<\/a><\/li>\r\n<li><a href=\"https:\/\/www.rotaseguros.com.br\/corretor\/wp-content\/uploads\/DECLARACAO-DE-PROFISSIONAL-AUTONOMO.pdf\" target=\"_blank\" rel=\"noopener\">DECLARA\u00c7\u00c3O DE PROFISSIONAL AUTONOMO &#8211; (Atualizado em 04\/04\/24)<\/a><\/li>\r\n<\/ul>\r\n<p><img loading=\"lazy\" decoding=\"async\" class=\"alignnone wp-image-67159 \" src=\"http:\/\/www.rotaseguros.com.br\/corretor\/wp-content\/uploads\/WhatsApp-Image-2026-01-07-at-08.53.33-539x1024.jpeg\" alt=\"\" width=\"348\" height=\"661\" srcset=\"https:\/\/www.rotaseguros.com.br\/corretor\/wp-content\/uploads\/WhatsApp-Image-2026-01-07-at-08.53.33-539x1024.jpeg 539w, https:\/\/www.rotaseguros.com.br\/corretor\/wp-content\/uploads\/WhatsApp-Image-2026-01-07-at-08.53.33-158x300.jpeg 158w, https:\/\/www.rotaseguros.com.br\/corretor\/wp-content\/uploads\/WhatsApp-Image-2026-01-07-at-08.53.33.jpeg 592w\" sizes=\"auto, (max-width: 348px) 100vw, 348px\" \/><\/p>\r\n<p><img loading=\"lazy\" decoding=\"async\" class=\"alignnone wp-image-67160 \" src=\"http:\/\/www.rotaseguros.com.br\/corretor\/wp-content\/uploads\/WhatsApp-Image-2026-01-07-at-08.53.34-1024x569.jpeg\" alt=\"\" width=\"539\" height=\"300\" srcset=\"https:\/\/www.rotaseguros.com.br\/corretor\/wp-content\/uploads\/WhatsApp-Image-2026-01-07-at-08.53.34-1024x569.jpeg 1024w, https:\/\/www.rotaseguros.com.br\/corretor\/wp-content\/uploads\/WhatsApp-Image-2026-01-07-at-08.53.34-300x167.jpeg 300w, https:\/\/www.rotaseguros.com.br\/corretor\/wp-content\/uploads\/WhatsApp-Image-2026-01-07-at-08.53.34-768x427.jpeg 768w, https:\/\/www.rotaseguros.com.br\/corretor\/wp-content\/uploads\/WhatsApp-Image-2026-01-07-at-08.53.34-1536x853.jpeg 1536w, https:\/\/www.rotaseguros.com.br\/corretor\/wp-content\/uploads\/WhatsApp-Image-2026-01-07-at-08.53.34.jpeg 1600w\" sizes=\"auto, (max-width: 539px) 100vw, 539px\" \/><\/p>\r\n<p><img loading=\"lazy\" decoding=\"async\" class=\"alignnone wp-image-66177 \" src=\"http:\/\/www.rotaseguros.com.br\/corretor\/wp-content\/uploads\/allcare1-761x1024.jpeg\" alt=\"\" width=\"430\" height=\"579\" srcset=\"https:\/\/www.rotaseguros.com.br\/corretor\/wp-content\/uploads\/allcare1-761x1024.jpeg 761w, https:\/\/www.rotaseguros.com.br\/corretor\/wp-content\/uploads\/allcare1-223x300.jpeg 223w, https:\/\/www.rotaseguros.com.br\/corretor\/wp-content\/uploads\/allcare1.jpeg 762w\" sizes=\"auto, (max-width: 430px) 100vw, 430px\" \/><\/p>\r\n<p><img loading=\"lazy\" decoding=\"async\" class=\"alignnone wp-image-66178 \" src=\"http:\/\/www.rotaseguros.com.br\/corretor\/wp-content\/uploads\/allcare2-1024x600.jpeg\" alt=\"\" width=\"595\" height=\"349\" srcset=\"https:\/\/www.rotaseguros.com.br\/corretor\/wp-content\/uploads\/allcare2-1024x600.jpeg 1024w, https:\/\/www.rotaseguros.com.br\/corretor\/wp-content\/uploads\/allcare2-300x176.jpeg 300w, https:\/\/www.rotaseguros.com.br\/corretor\/wp-content\/uploads\/allcare2-768x450.jpeg 768w, https:\/\/www.rotaseguros.com.br\/corretor\/wp-content\/uploads\/allcare2-1536x900.jpeg 1536w, https:\/\/www.rotaseguros.com.br\/corretor\/wp-content\/uploads\/allcare2.jpeg 1600w\" sizes=\"auto, (max-width: 595px) 100vw, 595px\" \/><\/p>\r\n<p>&nbsp;<\/p>\r\n<p>&nbsp;<\/p>\r\n<p>&nbsp;<\/p>\r\n<div class=\"wp-block-file\">\u00a0<\/div>\r\n<div class=\"wp-block-file\">\u00a0<\/div>\r\n<p><\/p>","protected":false},"excerpt":{"rendered":"<p>Tabelas de Pre\u00e7os GNDI tabela_adesao_ndi_afecom_bh &#8211; (Atualizado em 06\/02\/26) tabela_adesao_ndi_bh &#8211; (Atualizado em 06\/02\/26) Hapvida NDI tabela_adesao_hapvida_bh &#8211; (Atualizado em 06\/02\/26) tabela_adesao_hapvida_uberaba_mg &#8211; (Atualizado em 06\/02\/26) tabela_pme_hapvida_belo-horizante_mg &#8211; (Atualizado em &#8230;<\/p>\n","protected":false},"author":1,"featured_media":0,"parent":11,"menu_order":0,"comment_status":"closed","ping_status":"closed","template":"","meta":{"footnotes":""},"class_list":["post-39","page","type-page","status-publish","hentry"],"_links":{"self":[{"href":"https:\/\/www.rotaseguros.com.br\/corretor\/index.php\/wp-json\/wp\/v2\/pages\/39","targetHints":{"allow":["GET"]}}],"collection":[{"href":"https:\/\/www.rotaseguros.com.br\/corretor\/index.php\/wp-json\/wp\/v2\/pages"}],"about":[{"href":"https:\/\/www.rotaseguros.com.br\/corretor\/index.php\/wp-json\/wp\/v2\/types\/page"}],"author":[{"embeddable":true,"href":"https:\/\/www.rotaseguros.com.br\/corretor\/index.php\/wp-json\/wp\/v2\/users\/1"}],"replies":[{"embeddable":true,"href":"https:\/\/www.rotaseguros.com.br\/corretor\/index.php\/wp-json\/wp\/v2\/comments?post=39"}],"version-history":[{"count":10,"href":"https:\/\/www.rotaseguros.com.br\/corretor\/index.php\/wp-json\/wp\/v2\/pages\/39\/revisions"}],"predecessor-version":[{"id":67257,"href":"https:\/\/www.rotaseguros.com.br\/corretor\/index.php\/wp-json\/wp\/v2\/pages\/39\/revisions\/67257"}],"up":[{"embeddable":true,"href":"https:\/\/www.rotaseguros.com.br\/corretor\/index.php\/wp-json\/wp\/v2\/pages\/11"}],"wp:attachment":[{"href":"https:\/\/www.rotaseguros.com.br\/corretor\/index.php\/wp-json\/wp\/v2\/media?parent=39"}],"curies":[{"name":"wp","href":"https:\/\/api.w.org\/{rel}","templated":true}]}}