{"id":43,"date":"2016-04-08T15:03:04","date_gmt":"2016-04-08T18:03:04","guid":{"rendered":"http:\/\/www.rotaseguros.com.br\/corretor\/?page_id=43"},"modified":"2025-10-15T16:58:33","modified_gmt":"2025-10-15T19:58:33","slug":"bradesco-saude","status":"publish","type":"page","link":"https:\/\/www.rotaseguros.com.br\/corretor\/index.php\/links\/informacoes-de-operadoras\/bradesco-saude\/","title":{"rendered":"Bradesco"},"content":{"rendered":"<p><strong>Central de Atendimento Bradesco:\u00a0<\/strong>4004-2700 | 0800 727 9966<\/p>\r\n<p><strong>Bradesco Sa\u00fade<\/strong><\/p>\r\n<ul>\r\n<li><a href=\"https:\/\/www.rotaseguros.com.br\/corretor\/wp-content\/uploads\/Exemplos-de-Reembolso-25-04-2023-Novas-Vendas.pdf\" target=\"_blank\" rel=\"noopener\">Exemplos de Reembolso &#8211; Novas Vendas &#8211; (Atualizado em 10\/11\/23)<\/a><\/li>\r\n<li><a href=\"http:\/\/www.rotaseguros.com.br\/corretor\/wp-content\/uploads\/A.F.Digi_.Manual.Coparticipacao-111224.pdf\" target=\"_blank\" rel=\"noopener\">Novo Modelo de Coparticipa\u00e7\u00e3o 2023 &#8211; (Atualizado em 15\/10\/25)<\/a><\/li>\r\n<li><a href=\"https:\/\/www.rotaseguros.com.br\/corretor\/wp-content\/uploads\/PORTFOLIO-SAUDE-070623.pdf\" target=\"_blank\" rel=\"noopener\">Portf\u00f3lio Sa\u00fade &#8211; (Atualizado em 10\/11\/23)<\/a><\/li>\r\n<li><a href=\"http:\/\/www.rotaseguros.com.br\/corretor\/wp-content\/uploads\/18118d73-8295-470e-b224-cc2d098fc095.pdf\" target=\"_blank\" rel=\"noopener\">Manual Sa\u00fade e Dental | SPG | Bradesco &#8211; (Atualizada em 15\/10\/2025)<\/a><\/li>\r\n<li><a href=\"http:\/\/www.rotaseguros.com.br\/corretor\/wp-content\/uploads\/Manual-EMPRESARIAL-140125-REVISADOS-FINAL.pdf\" target=\"_blank\" rel=\"noopener\">Manual Sa\u00fade e Dental | Empresarial | Bradesco &#8211; (Atualizada em 26\/06\/2025)<\/a><\/li>\r\n<li><a href=\"https:\/\/www.rotaseguros.com.br\/corretor\/wp-content\/uploads\/CESPG-HOBv115.07.22_SITE1.pdf\" target=\"_blank\" rel=\"noopener\">Termo Seguro Reembolso | Bradesco &#8211; (atualizada em 10\/11\/2022)<\/a><\/li>\r\n<li><a href=\"https:\/\/www.rotaseguros.com.br\/corretor\/wp-content\/uploads\/1MG.pdf\" target=\"_blank\" rel=\"noopener\">Lista de Hospitais | Bradesco Sa\u00fade &#8211; (atualizada em 30\/09\/2024)<\/a><\/li>\r\n<li><a href=\"https:\/\/www.rotaseguros.com.br\/corretor\/wp-content\/uploads\/2MG.pdf\" target=\"_blank\" rel=\"noopener\">Lista de Laborat\u00f3rios | Bradesco Sa\u00fade &#8211; (atualizada em 30\/09\/2024)<\/a><\/li>\r\n<li><a href=\"https:\/\/www.rotaseguros.com.br\/corretor\/wp-content\/uploads\/LISTAGEMDEPERITOSBRADESCOSAUDEADULTOatualizada07.07.2022.pdf\" target=\"_blank\" rel=\"noopener\">Lista de Peritos | Bradesco Sa\u00fade &#8211; (atualizada em 10\/11\/2022)<\/a><\/li>\r\n<li><a href=\"https:\/\/www.rotaseguros.com.br\/corretor\/wp-content\/uploads\/FINAL-FolderDigital.EfetivoMinas-1onda.031122.pdf\" target=\"_blank\" rel=\"noopener\">Folder Plano Efetivo Minas | Bradesco Sa\u00fade &#8211; (atualizada em 10\/11\/2022)<\/a><br \/><br \/><\/li>\r\n<\/ul>\r\n<p><strong>Rede Credenciada<\/strong><\/p>\r\n<ul>\r\n<li><a href=\"https:\/\/www.rotaseguros.com.br\/corretor\/wp-content\/uploads\/Bradesco-Rede-Credenciada-Rede-Unna-MG-25102023-DENTAL.xlsx\" target=\"_blank\" rel=\"noopener\">Bradesco Rede Credenciada Rede Unna MG 25102023 DENTAL &#8211; (Atualizado em 10\/11\/23)<\/a><\/li>\r\n<li><a href=\"https:\/\/www.rotaseguros.com.br\/corretor\/wp-content\/uploads\/Rede-PRINCIPAL-Descritivo-Nivel-Brasil.pdf\" target=\"_blank\" rel=\"noopener\">Rede PRINCIPAL &#8211; Descritivo Nivel Brasil &#8211; (Atualizado em 09\/07\/24)<\/a><\/li>\r\n<li><a href=\"http:\/\/www.rotaseguros.com.br\/corretor\/wp-content\/uploads\/1MG-1.pdf\" target=\"_blank\" rel=\"noopener\">Linha de Hospitais por planos &#8211; (Atualizado em 15\/10\/25)<\/a><\/li>\r\n<\/ul>\r\n<p><strong>Material de Apoio<\/strong><\/p>\r\n<ul>\r\n<li><a href=\"https:\/\/www.rotaseguros.com.br\/corretor\/wp-content\/uploads\/Coberturas-plano-Odontologico-Badesco.pdf\" target=\"_blank\" rel=\"noopener\">Coberturas Plano Odontologico Badesco &#8211; (Atualizado em 10\/11\/23)<\/a><\/li>\r\n<li><a href=\"http:\/\/www.rotaseguros.com.br\/corretor\/wp-content\/uploads\/TREINAMENTO-REGRAS-COMERCIAIS-E-DIFERENCIAS-junho.pdf\" target=\"_blank\" rel=\"noopener\">TREINAMENTO REGRAS COMERCIAIS E DIFERENCIAS &#8211; (Atualizado em 06\/06\/25)<\/a><\/li>\r\n<li><a href=\"https:\/\/www.rotaseguros.com.br\/corretor\/wp-content\/uploads\/concierge-novo-portfolio-maio-2023.pdf\" target=\"_blank\" rel=\"noopener\">Concierge novo portfolio maio 2023 &#8211; (Atualizado em 10\/11\/23)<\/a><\/li>\r\n<li><a href=\"https:\/\/www.rotaseguros.com.br\/corretor\/wp-content\/uploads\/Apresentacao-JAN24Maio-Sem-Video-1.pptx\" target=\"_blank\" rel=\"noopener\">Apresenta\u00e7\u00e3o JAN-24-Maio Sem V\u00eddeo &#8211; (Atualizado em 09\/07\/24)<\/a><\/li>\r\n<li><a href=\"https:\/\/www.rotaseguros.com.br\/corretor\/wp-content\/uploads\/Novo_Passo_a_Passo_Emissao_Expressa.pdf\" target=\"_blank\" rel=\"noopener\">Novo Passo a Passo Emiss\u00e3o Expressa &#8211; (Atualizado em 28\/05\/24)<\/a><\/li>\r\n<li><a href=\"http:\/\/www.rotaseguros.com.br\/corretor\/wp-content\/uploads\/0f3df51b-b8de-4e0c-a48f-bed230c3f212.pdf\" target=\"_blank\" rel=\"noopener\">Reembolso do Bradesco Sa\u00fade &#8211; (Atualizado em 15\/10\/25)<\/a><\/li>\r\n<li><a href=\"http:\/\/www.rotaseguros.com.br\/corretor\/wp-content\/uploads\/Lista.procedimentos.11-08-2025.pdf\" target=\"_blank\" rel=\"noopener\">Lista de procedimentos &#8211; (Atualizado em 15\/10\/25)<\/a><\/li>\r\n<li><a href=\"http:\/\/www.rotaseguros.com.br\/corretor\/wp-content\/uploads\/Cartilha_BoasVindasSPG_AF.pdf\" target=\"_blank\" rel=\"noopener\">Guia de Planos Bradesco Sa\u00fade &#8211; (Atualizado em 15\/10\/25)<\/a><\/li>\r\n<\/ul>\r\n<p><strong>Bradesco Dental<\/strong><\/p>\r\n<p><a href=\"https:\/\/www.rotaseguros.com.br\/corretor\/wp-content\/uploads\/WhatsApp-Image-2024-09-30-at-12.31.54.jpeg\" target=\"_blank\" rel=\"noopener\">Bradesco Dental SPG Premium top &#8211; (Atualizado em 30\/09\/2024)<\/a><\/p>\r\n<p><a href=\"https:\/\/www.rotaseguros.com.br\/corretor\/wp-content\/uploads\/v-13-DENT0006-Folheto_Dental_Novos_Planos_MULT-040821.pdf\" target=\"_blank\" rel=\"noopener\">Apresenta\u00e7\u00e3o Produtos Novos<\/a><\/p>\r\n<p><a href=\"https:\/\/www.rotaseguros.com.br\/corretor\/wp-content\/uploads\/coberturas-SPG.xlsx\" target=\"_blank\" rel=\"noopener\">Coberturas | SPG Dental<\/a><\/p>\r\n<p><a href=\"https:\/\/www.rotaseguros.com.br\/corretor\/wp-content\/uploads\/Linha-de-Planos-Dental-PF.pdf\" target=\"_blank\" rel=\"noopener\">Linha de Planos Dental PF &#8211; 21\/07\/23<\/a><\/p>\r\n<p><a href=\"https:\/\/www.rotaseguros.com.br\/corretor\/wp-content\/uploads\/Coberturas-Dental-PF-Mercado-Ideal-DOC-Mult-Fit-Muit-Orto-e-Mult-Estetica.pdf\" target=\"_blank\" rel=\"noopener\">Coberturas Dental PF Mercado &#8211; Ideal DOC, Mult Fit, Muit Orto e Mult Est\u00e9tica &#8211; 21\/07\/23<\/a><\/p>\r\n<p><a href=\"https:\/\/www.rotaseguros.com.br\/corretor\/wp-content\/uploads\/Catatlogo-Condicoes-de-Contratacao-Cobertura-e-Glossario.xlsx\" target=\"_blank\" rel=\"noopener\">Cat\u00e1logo, Condi\u00e7\u00f5es de Contrata\u00e7\u00e3o, Cobertura e Gloss\u00e1rio<\/a><\/p>\r\n<p>Pessoa F\u00edsica<\/p>\r\n<ul>\r\n<li><a href=\"https:\/\/www.rotaseguros.com.br\/corretor\/wp-content\/uploads\/Apresentacao-PF-Mercado.pdf\" target=\"_blank\" rel=\"noopener\">Apresenta\u00e7\u00e3o Produtos Novos | Pessoa F\u00edsica<\/a><\/li>\r\n<\/ul>\r\n<p>Demais Informa\u00e7\u00f5es:<\/p>\r\n<ul>\r\n<li><a href=\"https:\/\/www.rotaseguros.com.br\/corretor\/wp-content\/uploads\/SPG-jan2023-Claudia.pptx\" target=\"_blank\" rel=\"noopener\">SPG jan2023 Claudia &#8211; (Atualizado em 09\/07\/24)<\/a><\/li>\r\n<\/ul>\r\n<p>&nbsp;<\/p>\r\n<p><strong>Confira as redes credenciadas do Bradesco Sa\u00fade!<\/strong><\/p>\r\n<p>Voc\u00ea pode baixar as listas completas de hospitais, cl\u00ednicas, consult\u00f3rios e laborat\u00f3rios dispon\u00edveis para cada linha de plano. \u00c9 r\u00e1pido e pr\u00e1tico:<\/p>\r\n<p><strong>Rede Hospitalar por linha de planos:<\/strong> <br \/><a href=\"https:\/\/www.bradescoseguros.com.br\/clientes\/produtos\/plano-saude\/rede-hospitalar-por-linha-de-planos\" target=\"_blank\" rel=\"noopener\">https:\/\/www.bradescoseguros.com.br\/clientes\/produtos\/plano-saude\/rede-hospitalar-por-linha-de-planos<\/a><\/p>\r\n<p><strong>Rede de Cl\u00ednicas e Consult\u00f3rios:<\/strong> <br \/><a href=\"https:\/\/www.bradescoseguros.com.br\/clientes\/produtos\/plano-saude\/rede-de-clinicas-e-consultorios\" target=\"_blank\" rel=\"noopener\">https:\/\/www.bradescoseguros.com.br\/clientes\/produtos\/plano-saude\/rede-de-clinicas-e-consultorios<\/a><\/p>\r\n<p><strong>Laborat\u00f3rios por linha de planos:<\/strong><br \/><a href=\"https:\/\/www.bradescoseguros.com.br\/clientes\/produtos\/plano-saude\/laboratorios-por-linha-de-planos\" target=\"_blank\" rel=\"noopener\">https:\/\/www.bradescoseguros.com.br\/clientes\/produtos\/plano-saude\/laboratorios-por-linha-de-planos<\/a><\/p>\r\n\r\n<div>\u00a0<\/div>\r\n<div><img loading=\"lazy\" decoding=\"async\" class=\"alignnone wp-image-66896 \" src=\"http:\/\/www.rotaseguros.com.br\/corretor\/wp-content\/uploads\/WhatsApp-Image-2025-10-15-at-15.55.03.jpeg\" alt=\"\" width=\"361\" height=\"474\" srcset=\"https:\/\/www.rotaseguros.com.br\/corretor\/wp-content\/uploads\/WhatsApp-Image-2025-10-15-at-15.55.03.jpeg 635w, https:\/\/www.rotaseguros.com.br\/corretor\/wp-content\/uploads\/WhatsApp-Image-2025-10-15-at-15.55.03-229x300.jpeg 229w\" sizes=\"auto, (max-width: 361px) 100vw, 361px\" \/><\/div>\r\n<div>\u00a0<\/div>\r\n<div><img loading=\"lazy\" decoding=\"async\" class=\"alignnone wp-image-64572 \" src=\"https:\/\/www.rotaseguros.com.br\/corretor\/wp-content\/uploads\/WhatsApp-Image-2024-07-09-at-09.20.17-1024x784.jpeg\" alt=\"\" width=\"438\" height=\"335\" srcset=\"https:\/\/www.rotaseguros.com.br\/corretor\/wp-content\/uploads\/WhatsApp-Image-2024-07-09-at-09.20.17-1024x784.jpeg 1024w, https:\/\/www.rotaseguros.com.br\/corretor\/wp-content\/uploads\/WhatsApp-Image-2024-07-09-at-09.20.17-300x230.jpeg 300w, https:\/\/www.rotaseguros.com.br\/corretor\/wp-content\/uploads\/WhatsApp-Image-2024-07-09-at-09.20.17-768x588.jpeg 768w, https:\/\/www.rotaseguros.com.br\/corretor\/wp-content\/uploads\/WhatsApp-Image-2024-07-09-at-09.20.17-1080x827.jpeg 1080w, https:\/\/www.rotaseguros.com.br\/corretor\/wp-content\/uploads\/WhatsApp-Image-2024-07-09-at-09.20.17-980x750.jpeg 980w, https:\/\/www.rotaseguros.com.br\/corretor\/wp-content\/uploads\/WhatsApp-Image-2024-07-09-at-09.20.17-480x368.jpeg 480w, https:\/\/www.rotaseguros.com.br\/corretor\/wp-content\/uploads\/WhatsApp-Image-2024-07-09-at-09.20.17.jpeg 1170w\" sizes=\"auto, (max-width: 438px) 100vw, 438px\" \/><\/div>\r\n<div>\u00a0<\/div>\r\n<div><img loading=\"lazy\" decoding=\"async\" class=\"alignnone wp-image-64573 \" src=\"https:\/\/www.rotaseguros.com.br\/corretor\/wp-content\/uploads\/WhatsApp-Image-2024-07-09-at-09.20.16-607x1024.jpeg\" alt=\"\" width=\"353\" height=\"596\" srcset=\"https:\/\/www.rotaseguros.com.br\/corretor\/wp-content\/uploads\/WhatsApp-Image-2024-07-09-at-09.20.16-607x1024.jpeg 607w, https:\/\/www.rotaseguros.com.br\/corretor\/wp-content\/uploads\/WhatsApp-Image-2024-07-09-at-09.20.16-178x300.jpeg 178w, https:\/\/www.rotaseguros.com.br\/corretor\/wp-content\/uploads\/WhatsApp-Image-2024-07-09-at-09.20.16-480x810.jpeg 480w, https:\/\/www.rotaseguros.com.br\/corretor\/wp-content\/uploads\/WhatsApp-Image-2024-07-09-at-09.20.16.jpeg 720w\" sizes=\"auto, (max-width: 353px) 100vw, 353px\" \/><\/div>\r\n<div>\u00a0<\/div>\r\n<div>\u00a0<\/div>\r\n<div><img loading=\"lazy\" decoding=\"async\" class=\"alignnone wp-image-64574 \" src=\"https:\/\/www.rotaseguros.com.br\/corretor\/wp-content\/uploads\/WhatsApp-Image-2024-07-09-at-09.20.15.jpeg\" alt=\"\" width=\"463\" height=\"1043\" srcset=\"https:\/\/www.rotaseguros.com.br\/corretor\/wp-content\/uploads\/WhatsApp-Image-2024-07-09-at-09.20.15.jpeg 710w, https:\/\/www.rotaseguros.com.br\/corretor\/wp-content\/uploads\/WhatsApp-Image-2024-07-09-at-09.20.15-133x300.jpeg 133w, https:\/\/www.rotaseguros.com.br\/corretor\/wp-content\/uploads\/WhatsApp-Image-2024-07-09-at-09.20.15-454x1024.jpeg 454w, https:\/\/www.rotaseguros.com.br\/corretor\/wp-content\/uploads\/WhatsApp-Image-2024-07-09-at-09.20.15-682x1536.jpeg 682w, https:\/\/www.rotaseguros.com.br\/corretor\/wp-content\/uploads\/WhatsApp-Image-2024-07-09-at-09.20.15-480x1082.jpeg 480w\" sizes=\"auto, (max-width: 463px) 100vw, 463px\" \/><\/div>\r\n","protected":false},"excerpt":{"rendered":"<p>Central de Atendimento Bradesco:\u00a04004-2700 | 0800 727 9966 Bradesco Sa\u00fade Exemplos de Reembolso &#8211; Novas Vendas &#8211; (Atualizado em 10\/11\/23) Novo Modelo de Coparticipa\u00e7\u00e3o 2023 &#8211; (Atualizado em 15\/10\/25) Portf\u00f3lio &#8230;<\/p>\n","protected":false},"author":1,"featured_media":0,"parent":11,"menu_order":0,"comment_status":"closed","ping_status":"closed","template":"","meta":{"footnotes":""},"class_list":["post-43","page","type-page","status-publish","hentry"],"_links":{"self":[{"href":"https:\/\/www.rotaseguros.com.br\/corretor\/index.php\/wp-json\/wp\/v2\/pages\/43","targetHints":{"allow":["GET"]}}],"collection":[{"href":"https:\/\/www.rotaseguros.com.br\/corretor\/index.php\/wp-json\/wp\/v2\/pages"}],"about":[{"href":"https:\/\/www.rotaseguros.com.br\/corretor\/index.php\/wp-json\/wp\/v2\/types\/page"}],"author":[{"embeddable":true,"href":"https:\/\/www.rotaseguros.com.br\/corretor\/index.php\/wp-json\/wp\/v2\/users\/1"}],"replies":[{"embeddable":true,"href":"https:\/\/www.rotaseguros.com.br\/corretor\/index.php\/wp-json\/wp\/v2\/comments?post=43"}],"version-history":[{"count":8,"href":"https:\/\/www.rotaseguros.com.br\/corretor\/index.php\/wp-json\/wp\/v2\/pages\/43\/revisions"}],"predecessor-version":[{"id":66897,"href":"https:\/\/www.rotaseguros.com.br\/corretor\/index.php\/wp-json\/wp\/v2\/pages\/43\/revisions\/66897"}],"up":[{"embeddable":true,"href":"https:\/\/www.rotaseguros.com.br\/corretor\/index.php\/wp-json\/wp\/v2\/pages\/11"}],"wp:attachment":[{"href":"https:\/\/www.rotaseguros.com.br\/corretor\/index.php\/wp-json\/wp\/v2\/media?parent=43"}],"curies":[{"name":"wp","href":"https:\/\/api.w.org\/{rel}","templated":true}]}}