{"id":5126,"date":"2017-12-06T15:29:42","date_gmt":"2017-12-06T18:29:42","guid":{"rendered":"http:\/\/www.rotaseguros.com.br\/corretor\/?page_id=5126"},"modified":"2025-09-29T10:56:54","modified_gmt":"2025-09-29T13:56:54","slug":"porto-seguro","status":"publish","type":"page","link":"https:\/\/www.rotaseguros.com.br\/corretor\/index.php\/links\/informacoes-de-operadoras\/porto-seguro\/","title":{"rendered":"Porto Seguro"},"content":{"rendered":"\r\n<h2><strong>Tabela de Pre\u00e7os<\/strong><\/h2>\r\n<ul>\r\n<li><a href=\"https:\/\/www.rotaseguros.com.br\/corretor\/wp-content\/uploads\/Tabela-comercial_PME_Z1a5_022023.pdf\" target=\"_blank\" rel=\"noopener\">Tabela de Pre\u00e7os | PME | Zona 1 \u00e0 5 | Porto Seguro Odonto &#8211; (atualizada em 22\/02\/2023)<\/a><\/li>\r\n<li><a href=\"https:\/\/www.rotaseguros.com.br\/corretor\/wp-content\/uploads\/Tabela-comercial_PME_Z6-022023.pdf\" target=\"_blank\" rel=\"noopener\">Tabela de Pre\u00e7os | PME | Zona 6 | Porto Seguro Odonto &#8211; (atualizada em 22\/02\/2023)<\/a><\/li>\r\n<li><a href=\"https:\/\/www.rotaseguros.com.br\/corretor\/wp-content\/uploads\/Tabela-comercial_PME_Z7_BAMG-E-GOIANIA-022023.pdf\" target=\"_blank\" rel=\"noopener\">Tabela de Pre\u00e7os | PME | Zona 7 | Porto Seguro Odonto &#8211; (atualizada em 22\/02\/2023)<\/a><br \/><br \/><\/li>\r\n<\/ul>\r\n<p><strong>Diferenciais da Porto Odontol\u00f3gico!<\/strong><\/p>\r\n<ul>\r\n<li>Plano Nacional<\/li>\r\n<li>\u00a0Central de atendimento 24h<\/li>\r\n<li>\u00a0Produto sem coparticipa\u00e7\u00e3o<\/li>\r\n<li>Sem taxa de ades\u00e3o<\/li>\r\n<li>Sem car\u00eancia para empresas acima de 30 vidas<\/li>\r\n<li>De 10 a 29 vidas no d\u00e9bito autom\u00e1tico nos bancos conveniados Sem Car\u00eancia ( Banco do Brasil, Bradesco, Ita\u00fa e Santander)<\/li>\r\n<li>N\u00e3o h\u00e1 restri\u00e7\u00f5es de ramo de atividade<\/li>\r\n<li>Remiss\u00e3o por morte<\/li>\r\n<li>Descontos em farm\u00e1cias (Droga Raia, Drogaria Pacheco, Drogasil, Pague Menos e Drogaria S\u00e3o Paulo)<\/li>\r\n<li>Desconto Invisalign<\/li>\r\n<\/ul>\r\n<p><strong>Quem pode aderir ao plano odontol\u00f3gico?<\/strong><\/p>\r\n<p><strong>Titular:<\/strong> S\u00f3cios, funcion\u00e1rios e CLT.<br \/><strong>Dependentes:<\/strong> C\u00f4njuge, Companheiro, Filhos e Enteados<br \/><strong>Agregados:<\/strong> Pai, M\u00e3e, Av\u00f3s, netos, bisav\u00f3s, bisnetos, irm\u00e3os, tios, sobrinhos, sogros, genro\/nora, padrasto\/madrasta, do c\u00f4njuge, ou companheiros e cunhado e cunhada<br \/><strong>Prestadores PJs e Estagi\u00e1rios<\/strong><\/p>\r\n<ul>\r\n<li><strong>Informa\u00e7\u00f5es importantes!<\/strong><\/li>\r\n<\/ul>\r\n<p>&#8211; O valor ser\u00e1 pago por pessoa<br \/>&#8211; Dependentes e agregados somente ter\u00e3o direito ao plano se o titular estiver incluso.<br \/>&#8211; O plano definido pelo titular \u00e9 o mesmo para dependentes e agregados<br \/>&#8211; Vig\u00eancia e perman\u00eancia m\u00ednima: 12 ou 24 meses.<br \/>(Regras de cancelamentos dispon\u00edveis na condi\u00e7\u00f5es gerais)<\/p>\r\n<p>&nbsp;<\/p>\r\n<h2><strong>Material de Apoio<\/strong><\/h2>\r\n<div>\r\n<ul>\r\n<li><a href=\"http:\/\/www.rotaseguros.com.br\/corretor\/wp-content\/uploads\/Folheto-coberturas-Detalhadas-GERAL.pdf\" target=\"_blank\" rel=\"noopener\">Folheto coberturas Detalhadas | Porto Seguro &#8211; (Atualizada em 29\/09\/2025)\u00a0<\/a><\/li>\r\n<li><a href=\"https:\/\/www.rotaseguros.com.br\/corretor\/wp-content\/uploads\/Material-de-Apoio-Corretor-Odonto_230202_145401.pdf\" target=\"_blank\" rel=\"noopener\">Material de Apoio Corretor | Porto Seguro Odonto &#8211; (Atualizada em 22\/02\/2023)<\/a><\/li>\r\n<li><a href=\"https:\/\/www.rotaseguros.com.br\/corretor\/wp-content\/uploads\/resumo-das-coberturas.pdf\" target=\"_blank\" rel=\"noopener\">Resumo das coberturas | Porto Seguro Odonto &#8211; (Atualizada em 22\/02\/2023)<\/a><\/li>\r\n<li><a href=\"https:\/\/www.rotaseguros.com.br\/corretor\/wp-content\/uploads\/REDE-REFERENCIADA-ODONTO-02_2023.xlsx\" target=\"_blank\" rel=\"noopener\">Rede Referenciada | Porto Seguro Odonto &#8211; (Atualizada em 22\/02\/2023)<\/a><\/li>\r\n<li><a href=\"http:\/\/www.rotaseguros.com.br\/corretor\/wp-content\/uploads\/DOC-20230710-WA0004.pdf\" target=\"_blank\" rel=\"noopener\">Manual Or\u00e7amento e Transmiss\u00e3o PME &#8211; (Atualizado em 29\/09\/25)<\/a><\/li>\r\n<li><a href=\"http:\/\/www.rotaseguros.com.br\/corretor\/wp-content\/uploads\/DOC-20230817-WA0020.pdf\" target=\"_blank\" rel=\"noopener\">Manual Or\u00e7amento Empresarial Cotador Odonto &#8211; (Atualizado em 29\/09\/25)<\/a><\/li>\r\n<li><a href=\"http:\/\/www.rotaseguros.com.br\/corretor\/wp-content\/uploads\/REDE-ESPECIALIDADES-JULHO_2025.xlsx\" target=\"_blank\" rel=\"noopener\">REDE ESPECIALIDADES JULHO_2025 &#8211; (Atualizado em 29\/09\/25)<\/a><\/li>\r\n<li><a href=\"http:\/\/www.rotaseguros.com.br\/corretor\/wp-content\/uploads\/Apresentacao-Comercial_Empresa-29.07.24-2.pdf\" target=\"_blank\" rel=\"noopener\">Apresenta\u00e7\u00e3o-Comercial_Empresa &#8211; (Atualizado em 29\/09\/25)<\/a><\/li>\r\n<li><a href=\"http:\/\/www.rotaseguros.com.br\/corretor\/wp-content\/uploads\/Condicoes-Gerais-Odonto.pdf\" target=\"_blank\" rel=\"noopener\">Condi\u00e7\u00f5es Gerais Odonto &#8211; (Atualizado em 29\/09\/25)<\/a><\/li>\r\n<\/ul>\r\n<p>&nbsp;<\/p>\r\n<\/div>\r\n\r\n<p><img loading=\"lazy\" decoding=\"async\" class=\"aligncenter wp-image-62124 size-large\" src=\"https:\/\/www.rotaseguros.com.br\/corretor\/wp-content\/uploads\/WhatsApp-Image-2023-02-22-at-14.53.56-645x1024.jpeg\" alt=\"\" width=\"645\" height=\"1024\" srcset=\"https:\/\/www.rotaseguros.com.br\/corretor\/wp-content\/uploads\/WhatsApp-Image-2023-02-22-at-14.53.56-645x1024.jpeg 645w, https:\/\/www.rotaseguros.com.br\/corretor\/wp-content\/uploads\/WhatsApp-Image-2023-02-22-at-14.53.56-189x300.jpeg 189w, https:\/\/www.rotaseguros.com.br\/corretor\/wp-content\/uploads\/WhatsApp-Image-2023-02-22-at-14.53.56-768x1219.jpeg 768w, https:\/\/www.rotaseguros.com.br\/corretor\/wp-content\/uploads\/WhatsApp-Image-2023-02-22-at-14.53.56-968x1536.jpeg 968w, https:\/\/www.rotaseguros.com.br\/corretor\/wp-content\/uploads\/WhatsApp-Image-2023-02-22-at-14.53.56-980x1556.jpeg 980w, https:\/\/www.rotaseguros.com.br\/corretor\/wp-content\/uploads\/WhatsApp-Image-2023-02-22-at-14.53.56-480x762.jpeg 480w, https:\/\/www.rotaseguros.com.br\/corretor\/wp-content\/uploads\/WhatsApp-Image-2023-02-22-at-14.53.56.jpeg 1008w\" sizes=\"auto, (max-width: 645px) 100vw, 645px\" \/><\/p>\r\n<p>&nbsp;<\/p>\r\n<p>&nbsp;<\/p>\r\n<figure id=\"attachment_62125\" aria-describedby=\"caption-attachment-62125\" style=\"width: 809px\" class=\"wp-caption aligncenter\"><img loading=\"lazy\" decoding=\"async\" class=\"wp-image-62125 size-full\" src=\"https:\/\/www.rotaseguros.com.br\/corretor\/wp-content\/uploads\/WhatsApp-Image-2023-02-22-at-14.53.56-1.jpeg\" alt=\"\" width=\"809\" height=\"266\" srcset=\"https:\/\/www.rotaseguros.com.br\/corretor\/wp-content\/uploads\/WhatsApp-Image-2023-02-22-at-14.53.56-1.jpeg 809w, https:\/\/www.rotaseguros.com.br\/corretor\/wp-content\/uploads\/WhatsApp-Image-2023-02-22-at-14.53.56-1-300x99.jpeg 300w, https:\/\/www.rotaseguros.com.br\/corretor\/wp-content\/uploads\/WhatsApp-Image-2023-02-22-at-14.53.56-1-768x253.jpeg 768w, https:\/\/www.rotaseguros.com.br\/corretor\/wp-content\/uploads\/WhatsApp-Image-2023-02-22-at-14.53.56-1-480x158.jpeg 480w\" sizes=\"auto, (max-width: 809px) 100vw, 809px\" \/><figcaption id=\"caption-attachment-62125\" class=\"wp-caption-text\">Car\u00eancias p\/novos clientes porte 1 Odonto a partir de jan\/23\u00a0(03-29\u00a0vidas)<\/figcaption><\/figure>\r\n<p>&nbsp;<\/p>\r\n<p>&nbsp;<\/p>\r\n\r\n<p>&nbsp;<\/p>\r\n<p><br \/>\r\n\r\n<\/p>\r\n\r\n\r\n\r\n<p>&nbsp;<\/p>\r\n","protected":false},"excerpt":{"rendered":"<p>&nbsp; &nbsp; &nbsp; &nbsp; &nbsp;<\/p>\n","protected":false},"author":1,"featured_media":0,"parent":11,"menu_order":0,"comment_status":"closed","ping_status":"closed","template":"","meta":{"footnotes":""},"class_list":["post-5126","page","type-page","status-publish","hentry"],"_links":{"self":[{"href":"https:\/\/www.rotaseguros.com.br\/corretor\/index.php\/wp-json\/wp\/v2\/pages\/5126","targetHints":{"allow":["GET"]}}],"collection":[{"href":"https:\/\/www.rotaseguros.com.br\/corretor\/index.php\/wp-json\/wp\/v2\/pages"}],"about":[{"href":"https:\/\/www.rotaseguros.com.br\/corretor\/index.php\/wp-json\/wp\/v2\/types\/page"}],"author":[{"embeddable":true,"href":"https:\/\/www.rotaseguros.com.br\/corretor\/index.php\/wp-json\/wp\/v2\/users\/1"}],"replies":[{"embeddable":true,"href":"https:\/\/www.rotaseguros.com.br\/corretor\/index.php\/wp-json\/wp\/v2\/comments?post=5126"}],"version-history":[{"count":4,"href":"https:\/\/www.rotaseguros.com.br\/corretor\/index.php\/wp-json\/wp\/v2\/pages\/5126\/revisions"}],"predecessor-version":[{"id":66783,"href":"https:\/\/www.rotaseguros.com.br\/corretor\/index.php\/wp-json\/wp\/v2\/pages\/5126\/revisions\/66783"}],"up":[{"embeddable":true,"href":"https:\/\/www.rotaseguros.com.br\/corretor\/index.php\/wp-json\/wp\/v2\/pages\/11"}],"wp:attachment":[{"href":"https:\/\/www.rotaseguros.com.br\/corretor\/index.php\/wp-json\/wp\/v2\/media?parent=5126"}],"curies":[{"name":"wp","href":"https:\/\/api.w.org\/{rel}","templated":true}]}}