{"id":51902,"date":"2022-01-13T19:27:42","date_gmt":"2022-01-13T22:27:42","guid":{"rendered":"https:\/\/www.rotaseguros.com.br\/corretor\/?page_id=51902"},"modified":"2026-04-15T17:36:38","modified_gmt":"2026-04-15T20:36:38","slug":"medgold","status":"publish","type":"page","link":"https:\/\/www.rotaseguros.com.br\/corretor\/index.php\/links\/informacoes-de-operadoras\/medgold\/","title":{"rendered":"MedGold"},"content":{"rendered":"<h2>Tabela de Pre\u00e7os<\/h2>\n<ul>\n<li><a href=\"http:\/\/www.rotaseguros.com.br\/corretor\/wp-content\/uploads\/Tabela-de-Vendas-2025.pdf\" target=\"_blank\" rel=\"noopener\">Tabela de Vendas MedGold &#8211; (Atualizado em 15\/04\/26)<\/a><\/li>\n<\/ul>\n<h2>Material de Apoio<\/h2>\n<ul>\n<li><a href=\"http:\/\/www.rotaseguros.com.br\/corretor\/wp-content\/uploads\/REGRAS_DE_COMERCIALIZACAO.pdf\" target=\"_blank\" rel=\"noopener\">Regras de Comercializa\u00e7\u00e3o MedGold &#8211; (Atualizado em 15\/04\/26)<\/a><\/li>\n<li><a href=\"http:\/\/www.rotaseguros.com.br\/corretor\/wp-content\/uploads\/REDE-DE-PRESTADORES-Comercial.xlsx\" target=\"_blank\" rel=\"noopener\">Medgold REDE DE PRESTADORES &#8211; Comercial &#8211; (Atualizado em 08\/01\/26)<\/a><\/li>\n<li><a href=\"http:\/\/www.rotaseguros.com.br\/corretor\/wp-content\/uploads\/Folder-Master-Versao-Digital-Medgold.pdf\" target=\"_blank\" rel=\"noopener\">Folder Master Vers\u00e3o Digital &#8211; Medgold &#8211; (Atualizado em 15\/04\/26)<\/a><\/li>\n<li><a href=\"http:\/\/www.rotaseguros.com.br\/corretor\/wp-content\/uploads\/Manual-vendedor-MEDGOLD-DIGITAL-3.pdf\" target=\"_blank\" rel=\"noopener\">Manual do Vendedor MedGold Digital &#8211; (Atualizado em 18\/08\/25)<\/a><\/li>\n<li><a href=\"http:\/\/www.rotaseguros.com.br\/corretor\/wp-content\/uploads\/Apresentacao-Institucional-040624_240829_135233-1.pdf\" target=\"_blank\" rel=\"noopener\">Apresenta\u00e7\u00e3o Institucional MedGold &#8211; (Atualizado em 19\/05\/25)<\/a><\/li>\n<li><a href=\"http:\/\/www.rotaseguros.com.br\/corretor\/wp-content\/uploads\/Capacitacao-MEDGOLD-CORRETORES.pdf\" target=\"_blank\" rel=\"noopener\">Capacitacao MEDGOLD &#8211; CORRETORES &#8211; (Atualizado em 08\/01\/26)<\/a><\/li>\n<\/ul>\n<ul>\n<li><a href=\"https:\/\/vendas.medgoldsaude.com.br\/\">https:\/\/vendas.medgoldsaude.com.br\/<\/a><\/li>\n<li>WhatsApp Canal do Corretor: 31 98317-4963<\/li>\n<li><a href=\"http:\/\/www.rotaseguros.com.br\/corretor\/wp-content\/uploads\/Anexo_I_Rol_2021RN_465.2021_RN599_RN600-1.pdf\" target=\"_blank\" rel=\"noopener\">ROL DE PROCEDIMENTOS E EVENTOS EM SA\u00daDE &#8211; Anexo 1 &#8211; MedGold &#8211; (Atualizado em 18\/08\/25)<\/a><\/li>\n<li><a href=\"http:\/\/www.rotaseguros.com.br\/corretor\/wp-content\/uploads\/DOC-20250123-WA0004_250519_152223.pdf\" target=\"_blank\" rel=\"noopener\">RESOLU\u00c7\u00c3O DO CONSELHO DE SA\u00daDE SUPLEMENTAR &#8211; (Atualizado em 19\/05\/25)<\/a><\/li>\n<\/ul>\n<p><img loading=\"lazy\" decoding=\"async\" class=\"alignnone wp-image-63868 size-full\" src=\"https:\/\/www.rotaseguros.com.br\/corretor\/wp-content\/uploads\/foto1.png\" alt=\"\" width=\"579\" height=\"430\" srcset=\"https:\/\/www.rotaseguros.com.br\/corretor\/wp-content\/uploads\/foto1.png 579w, https:\/\/www.rotaseguros.com.br\/corretor\/wp-content\/uploads\/foto1-300x223.png 300w, https:\/\/www.rotaseguros.com.br\/corretor\/wp-content\/uploads\/foto1-480x356.png 480w\" sizes=\"auto, (max-width: 579px) 100vw, 579px\" \/><\/p>\n<p>&nbsp;<\/p>\n<p><img loading=\"lazy\" decoding=\"async\" class=\"alignnone wp-image-66585 \" src=\"http:\/\/www.rotaseguros.com.br\/corretor\/wp-content\/uploads\/imagem-medigold.jpeg\" alt=\"\" width=\"485\" height=\"606\" srcset=\"https:\/\/www.rotaseguros.com.br\/corretor\/wp-content\/uploads\/imagem-medigold.jpeg 1080w, https:\/\/www.rotaseguros.com.br\/corretor\/wp-content\/uploads\/imagem-medigold-240x300.jpeg 240w, https:\/\/www.rotaseguros.com.br\/corretor\/wp-content\/uploads\/imagem-medigold-819x1024.jpeg 819w, https:\/\/www.rotaseguros.com.br\/corretor\/wp-content\/uploads\/imagem-medigold-768x960.jpeg 768w\" sizes=\"auto, (max-width: 485px) 100vw, 485px\" \/><\/p>\n","protected":false},"excerpt":{"rendered":"<p>Tabela de Pre\u00e7os Tabela de Vendas MedGold &#8211; (Atualizado em 15\/04\/26) Material de Apoio Regras de Comercializa\u00e7\u00e3o MedGold &#8211; (Atualizado em 15\/04\/26) Medgold REDE DE PRESTADORES &#8211; Comercial &#8211; (Atualizado &#8230;<\/p>\n","protected":false},"author":1,"featured_media":0,"parent":11,"menu_order":0,"comment_status":"closed","ping_status":"closed","template":"","meta":{"footnotes":""},"class_list":["post-51902","page","type-page","status-publish","hentry"],"_links":{"self":[{"href":"https:\/\/www.rotaseguros.com.br\/corretor\/index.php\/wp-json\/wp\/v2\/pages\/51902","targetHints":{"allow":["GET"]}}],"collection":[{"href":"https:\/\/www.rotaseguros.com.br\/corretor\/index.php\/wp-json\/wp\/v2\/pages"}],"about":[{"href":"https:\/\/www.rotaseguros.com.br\/corretor\/index.php\/wp-json\/wp\/v2\/types\/page"}],"author":[{"embeddable":true,"href":"https:\/\/www.rotaseguros.com.br\/corretor\/index.php\/wp-json\/wp\/v2\/users\/1"}],"replies":[{"embeddable":true,"href":"https:\/\/www.rotaseguros.com.br\/corretor\/index.php\/wp-json\/wp\/v2\/comments?post=51902"}],"version-history":[{"count":11,"href":"https:\/\/www.rotaseguros.com.br\/corretor\/index.php\/wp-json\/wp\/v2\/pages\/51902\/revisions"}],"predecessor-version":[{"id":67457,"href":"https:\/\/www.rotaseguros.com.br\/corretor\/index.php\/wp-json\/wp\/v2\/pages\/51902\/revisions\/67457"}],"up":[{"embeddable":true,"href":"https:\/\/www.rotaseguros.com.br\/corretor\/index.php\/wp-json\/wp\/v2\/pages\/11"}],"wp:attachment":[{"href":"https:\/\/www.rotaseguros.com.br\/corretor\/index.php\/wp-json\/wp\/v2\/media?parent=51902"}],"curies":[{"name":"wp","href":"https:\/\/api.w.org\/{rel}","templated":true}]}}