{"id":57,"date":"2016-04-08T15:07:09","date_gmt":"2016-04-08T18:07:09","guid":{"rendered":"http:\/\/www.rotaseguros.com.br\/corretor\/?page_id=57"},"modified":"2026-04-07T13:53:51","modified_gmt":"2026-04-07T16:53:51","slug":"sulamerica","status":"publish","type":"page","link":"https:\/\/www.rotaseguros.com.br\/corretor\/index.php\/links\/informacoes-de-operadoras\/sulamerica\/","title":{"rendered":"SulAm\u00e9rica"},"content":{"rendered":"<div>\n<h2>Tabelas de Pre\u00e7os<\/h2>\n<\/div>\n<ul>\n<li><a href=\"http:\/\/www.rotaseguros.com.br\/corretor\/wp-content\/uploads\/2.Marco_.26-Folheto-Apoio-as-vendas-PME.pdf\" target=\"_blank\" rel=\"noopener\">Folheto de Apoio \u00e0s vendas apartir de 03 a 29 vidas &#8211; (Atualizado em 07\/04\/26)<\/a><\/li>\n<li><a href=\"http:\/\/www.rotaseguros.com.br\/corretor\/wp-content\/uploads\/0068.0170.5497-Setembro.25-Folheto-Apoio-as-Vendas-PME.pdf\" target=\"_blank\" rel=\"noopener\">Folheto de Apoio \u00e0s vendas apartir de 30 a 99 vidas &#8211; (Atualizado em 01\/10\/25)<\/a><\/li>\n<li><a href=\"http:\/\/www.rotaseguros.com.br\/corretor\/wp-content\/uploads\/Folheto-de-Apoio-as-vendas-apartir-de-100-vidas.pdf\" target=\"_blank\" rel=\"noopener\">Folheto de Apoio \u00e0s vendas apartir de 100 vidas &#8211; (Atualizado em 02\/06\/25)<\/a><\/li>\n<\/ul>\n<p><strong>QualiPro &#8211; Sul\u00e1merica Qualicorp<\/strong><\/p>\n<ul>\n<li style=\"list-style-type: none;\">\n<ul>\n<li><a href=\"http:\/\/www.rotaseguros.com.br\/corretor\/wp-content\/uploads\/QUALIPRO_SAS_MG_TM_F_25_NP_AN_002.pdf\" target=\"_blank\" rel=\"noopener\">QUALIPRO_SAS_MG_TM_F_25_NP_AN_002 &#8211; (Atualizado em 09\/02\/26)<\/a><\/li>\n<li><a href=\"http:\/\/www.rotaseguros.com.br\/corretor\/wp-content\/uploads\/QUALIPRO_SAS_MG_TM_A_25_NP_AN_001.pdf\" target=\"_blank\" rel=\"noopener\">QUALIPRO_SAS_MG_TM_A_25_NP_AN_001 &#8211; (Atualizado em 09\/02\/26)<\/a><\/li>\n<li><a href=\"http:\/\/www.rotaseguros.com.br\/corretor\/wp-content\/uploads\/QUALIPRO_SAS_MG_TM_F_25_NP.pdf\" target=\"_blank\" rel=\"noopener\">QUALIPRO_SAS_MG_TM_F_25_NP &#8211; (Atualizado em 09\/02\/26)<\/a><\/li>\n<li><a href=\"http:\/\/www.rotaseguros.com.br\/corretor\/wp-content\/uploads\/QUALIPRO_SAS_MG_F_25_NP-7.pdf\" target=\"_blank\" rel=\"noopener\">QUALIPRO_SAS_MG_F_25_NP &#8211; (Atualizado em 09\/02\/26)<\/a><\/li>\n<\/ul>\n<\/li>\n<\/ul>\n<p><strong>Material de Apoio<\/strong><\/p>\n<ul>\n<li style=\"list-style-type: none;\">\n<ul>\n<li><a href=\"http:\/\/www.rotaseguros.com.br\/corretor\/wp-content\/uploads\/Laminas-de-Rede_V2_Lamina-Nacional_MG-20.pdf\" target=\"_blank\" rel=\"noopener\">Laminas de Rede_Lamina Nacional_Tabela_Minas_Gerais &#8211; (Atualizado em 15\/10\/25)<\/a><\/li>\n<\/ul>\n<\/li>\n<\/ul>\n<p>&nbsp;<\/p>\n<p><img loading=\"lazy\" decoding=\"async\" class=\"alignnone wp-image-66198\" src=\"http:\/\/www.rotaseguros.com.br\/corretor\/wp-content\/uploads\/imagem1-sulamerica-261x300.jpeg\" alt=\"\" width=\"284\" height=\"327\" srcset=\"https:\/\/www.rotaseguros.com.br\/corretor\/wp-content\/uploads\/imagem1-sulamerica-261x300.jpeg 261w, https:\/\/www.rotaseguros.com.br\/corretor\/wp-content\/uploads\/imagem1-sulamerica.jpeg 516w\" sizes=\"auto, (max-width: 284px) 100vw, 284px\" \/><\/p>\n<p><strong>Ol\u00e1 corretor (a),<\/strong><\/p>\n<p>A plataforma DivulgaSula est\u00e1 no ar!<br \/>\nA partir de agora, por meio de um \u00fanico portal, os corretores e vendedores poder\u00e3o personalizar pe\u00e7as de divulga\u00e7\u00e3o com seu nome, logo da corretora, e-mail e telefone. Demais n\u00e9?<br \/>\nAl\u00e9m disso, poder\u00e3o ter acesso a materiais de apoio \u00e0 venda, v\u00eddeos, pe\u00e7as prontas para divulga\u00e7\u00e3o em redes sociais, <strong>l\u00e2minas de rede<\/strong> e informa\u00e7\u00f5es sobre lan\u00e7amento de produtos.<\/p>\n<p>\u2022 Pra voc\u00ea que \u00e9 corretor ou vendedor, acesse agora <a href=\"https:\/\/divulgasula.sulamericaseguros.com.br\/login\/\" target=\"_blank\" rel=\"noopener\">https:\/\/divulgasula.sulamericaseguros.com.br\/login\/<\/a> e comece a usar as melhores pe\u00e7as de divulga\u00e7\u00e3o.<\/p>\n<p><strong>Login vendedor:<\/strong> mesmos dados de acesso do cotador.<br \/>\n<strong>Login corretor:<\/strong> mesmos dados de acesso portal do corretor.<\/p>\n<p>&nbsp;<\/p>\n<p>&nbsp;<\/p>\n","protected":false},"excerpt":{"rendered":"<p>Tabelas de Pre\u00e7os Folheto de Apoio \u00e0s vendas apartir de 03 a 29 vidas &#8211; (Atualizado em 07\/04\/26) Folheto de Apoio \u00e0s vendas apartir de 30 a 99 vidas &#8211; &#8230;<\/p>\n","protected":false},"author":1,"featured_media":0,"parent":11,"menu_order":0,"comment_status":"closed","ping_status":"closed","template":"","meta":{"footnotes":""},"class_list":["post-57","page","type-page","status-publish","hentry"],"_links":{"self":[{"href":"https:\/\/www.rotaseguros.com.br\/corretor\/index.php\/wp-json\/wp\/v2\/pages\/57","targetHints":{"allow":["GET"]}}],"collection":[{"href":"https:\/\/www.rotaseguros.com.br\/corretor\/index.php\/wp-json\/wp\/v2\/pages"}],"about":[{"href":"https:\/\/www.rotaseguros.com.br\/corretor\/index.php\/wp-json\/wp\/v2\/types\/page"}],"author":[{"embeddable":true,"href":"https:\/\/www.rotaseguros.com.br\/corretor\/index.php\/wp-json\/wp\/v2\/users\/1"}],"replies":[{"embeddable":true,"href":"https:\/\/www.rotaseguros.com.br\/corretor\/index.php\/wp-json\/wp\/v2\/comments?post=57"}],"version-history":[{"count":10,"href":"https:\/\/www.rotaseguros.com.br\/corretor\/index.php\/wp-json\/wp\/v2\/pages\/57\/revisions"}],"predecessor-version":[{"id":67419,"href":"https:\/\/www.rotaseguros.com.br\/corretor\/index.php\/wp-json\/wp\/v2\/pages\/57\/revisions\/67419"}],"up":[{"embeddable":true,"href":"https:\/\/www.rotaseguros.com.br\/corretor\/index.php\/wp-json\/wp\/v2\/pages\/11"}],"wp:attachment":[{"href":"https:\/\/www.rotaseguros.com.br\/corretor\/index.php\/wp-json\/wp\/v2\/media?parent=57"}],"curies":[{"name":"wp","href":"https:\/\/api.w.org\/{rel}","templated":true}]}}