{"id":5915,"date":"2018-04-14T13:17:20","date_gmt":"2018-04-14T16:17:20","guid":{"rendered":"http:\/\/www.rotaseguros.com.br\/corretor\/?page_id=5915"},"modified":"2023-05-30T18:05:45","modified_gmt":"2023-05-30T21:05:45","slug":"empresarial","status":"publish","type":"page","link":"https:\/\/www.rotaseguros.com.br\/corretor\/index.php\/empresarial\/","title":{"rendered":"Empresarial"},"content":{"rendered":"<p>Formul\u00e1rios de Cota\u00e7\u00e3o:<\/p>\r\n<ul>\r\n<li><a href=\"https:\/\/www.rotaseguros.com.br\/corretor\/wp-content\/uploads\/DISTRIBUICAO-DE-FAIXA-ETARIA.xls\" target=\"_blank\" rel=\"noopener\">DISTRIBUI\u00c7\u00c3O DE FAIXA ET\u00c1RIA<\/a><\/li>\r\n<li><a href=\"https:\/\/www.rotaseguros.com.br\/corretor\/wp-content\/uploads\/NOVO-FORMULARIO-PJ.xlsx\" target=\"_blank\" rel=\"noopener\">NOVO FORMULARIO COTA\u00c7\u00c3O AMIL PJ<\/a><\/li>\r\n<li><a href=\"https:\/\/www.rotaseguros.com.br\/corretor\/wp-content\/uploads\/formulario-ROTA-2.xlsx\" target=\"_blank\" rel=\"noopener\">Formul\u00e1rio de Cota\u00e7\u00e3o &#8211; Rota Seguros<\/a><\/li>\r\n<li><a href=\"https:\/\/www.rotaseguros.com.br\/corretor\/wp-content\/uploads\/NOVO-FORMULARIO-COTACAO-EMPRESARIAL-BRADESCO.xlsx\" target=\"_blank\" rel=\"noopener\">NOVO FORMUL\u00c1RIO COTA\u00c7\u00c3O EMPRESARIAL BRADESCO | A PARTIR DE 200 VIDAS<\/a><\/li>\r\n<li><a href=\"https:\/\/www.rotaseguros.com.br\/corretor\/wp-content\/uploads\/Formulario-de-Cotacao-Notre-Dame-GNDI.xlsx\" target=\"_blank\" rel=\"noopener\">Formul\u00e1rio de Cota\u00e7\u00e3o Notre Dame &#8211; GNDI<\/a><\/li>\r\n<li><a href=\"https:\/\/www.rotaseguros.com.br\/corretor\/index.php\/2021\/11\/24\/comunicado-medclass-e-promed\/\" target=\"_blank\" rel=\"noopener\">FORMULARIO DE COTACAO EMPRESARIAL &#8211; HAPVIDA<\/a><\/li>\r\n<\/ul>\r\n\r\n<div class=\"wp-block-file\">\u00a0<\/div>\r\n","protected":false},"excerpt":{"rendered":"<p>Formul\u00e1rios de Cota\u00e7\u00e3o: DISTRIBUI\u00c7\u00c3O DE FAIXA ET\u00c1RIA NOVO FORMULARIO COTA\u00c7\u00c3O AMIL PJ Formul\u00e1rio de Cota\u00e7\u00e3o &#8211; Rota Seguros NOVO FORMUL\u00c1RIO COTA\u00c7\u00c3O EMPRESARIAL BRADESCO | A PARTIR DE 200 VIDAS Formul\u00e1rio &#8230;<\/p>\n","protected":false},"author":1,"featured_media":0,"parent":0,"menu_order":0,"comment_status":"closed","ping_status":"closed","template":"","meta":{"footnotes":""},"class_list":["post-5915","page","type-page","status-publish","hentry"],"_links":{"self":[{"href":"https:\/\/www.rotaseguros.com.br\/corretor\/index.php\/wp-json\/wp\/v2\/pages\/5915","targetHints":{"allow":["GET"]}}],"collection":[{"href":"https:\/\/www.rotaseguros.com.br\/corretor\/index.php\/wp-json\/wp\/v2\/pages"}],"about":[{"href":"https:\/\/www.rotaseguros.com.br\/corretor\/index.php\/wp-json\/wp\/v2\/types\/page"}],"author":[{"embeddable":true,"href":"https:\/\/www.rotaseguros.com.br\/corretor\/index.php\/wp-json\/wp\/v2\/users\/1"}],"replies":[{"embeddable":true,"href":"https:\/\/www.rotaseguros.com.br\/corretor\/index.php\/wp-json\/wp\/v2\/comments?post=5915"}],"version-history":[{"count":0,"href":"https:\/\/www.rotaseguros.com.br\/corretor\/index.php\/wp-json\/wp\/v2\/pages\/5915\/revisions"}],"wp:attachment":[{"href":"https:\/\/www.rotaseguros.com.br\/corretor\/index.php\/wp-json\/wp\/v2\/media?parent=5915"}],"curies":[{"name":"wp","href":"https:\/\/api.w.org\/{rel}","templated":true}]}}