{"id":60480,"date":"2022-01-31T16:04:51","date_gmt":"2022-01-31T19:04:51","guid":{"rendered":"https:\/\/www.rotaseguros.com.br\/corretor\/?page_id=60480"},"modified":"2026-02-24T11:07:46","modified_gmt":"2026-02-24T14:07:46","slug":"usisaude","status":"publish","type":"page","link":"https:\/\/www.rotaseguros.com.br\/corretor\/index.php\/links\/informacoes-de-operadoras\/usisaude\/","title":{"rendered":"Usisa\u00fade"},"content":{"rendered":"<h2><strong>Tabela de Pre\u00e7os<\/strong><\/h2>\n<h3><strong>BH<\/strong><\/h3>\n<ul>\n<li><a href=\"http:\/\/www.rotaseguros.com.br\/corretor\/wp-content\/uploads\/Guia-do-Corretor-Usisaude-RMBH-2025.pdf\" target=\"_blank\" rel=\"noopener\">Guia do Corretor Usisa\u00fade &#8211; RMBH &#8211; (Atualizado em 05\/01\/26)<\/a><\/li>\n<li><a href=\"https:\/\/portal.usisaude.com.br\/PlanodeSaude\/pls_paginaGuiaMedico.jsp\" target=\"_blank\" rel=\"noopener\">Guia M\u00e9dico &#8211; (Atualizado em 06\/05\/25)<\/a><\/li>\n<\/ul>\n<h3><strong>Empresarial BH<\/strong><\/h3>\n<ul>\n<li><a href=\"http:\/\/www.rotaseguros.com.br\/corretor\/wp-content\/uploads\/Tabela-PME-2-_BH_BALCAO_2025-2026-3.pdf\" target=\"_blank\" rel=\"noopener\">Tabela PME 2 _BH_BALC\u00c3O_2025-2026 &#8211; (Atualizado em 24\/02\/26)<\/a><\/li>\n<li><a href=\"http:\/\/www.rotaseguros.com.br\/corretor\/wp-content\/uploads\/Tabela-PME-1-_BH_CERTO-E-EXCLUSIVO_2025-2026-2.pdf\" target=\"_blank\" rel=\"noopener\">Tabela PME 1 _BH_CERTO E EXCLUSIVO_2025-2026 &#8211; (Atualizado em 24\/02\/26)<\/a><\/li>\n<\/ul>\n<p><strong>Material de Apoio<\/strong><\/p>\n<ul>\n<li><a href=\"http:\/\/www.rotaseguros.com.br\/corretor\/wp-content\/uploads\/Rede-Credenciada-Empresarial-1.xlsx\" target=\"_blank\" rel=\"noopener\">Rede Credenciada Empresarial &#8211; (Atualizado em 06\/05\/25)<\/a><\/li>\n<li><a href=\"http:\/\/www.rotaseguros.com.br\/corretor\/wp-content\/uploads\/Manual-Gerenciar-Beneficiario.pdf\" target=\"_blank\" rel=\"noopener\">Manual Gerenciar Benefici\u00e1rio &#8211; (Atualizado em 29\/09\/25)<\/a><\/li>\n<li><a href=\"http:\/\/www.rotaseguros.com.br\/corretor\/wp-content\/uploads\/Manual-Empresarial-atualizado.pdf\" target=\"_blank\" rel=\"noopener\">Manual Empresarial atualizado &#8211; (Atualizado em 29\/09\/25)<\/a><\/li>\n<li><a href=\"http:\/\/www.rotaseguros.com.br\/corretor\/wp-content\/uploads\/Treinamento-2025.pdf\" target=\"_blank\" rel=\"noopener\">Treinamento 2026 &#8211; (Atualizado em 11\/02\/26)<\/a><\/li>\n<\/ul>\n<h3><strong>Vale do A\u00e7o<\/strong><\/h3>\n<ul>\n<li><a href=\"http:\/\/www.rotaseguros.com.br\/corretor\/wp-content\/uploads\/Tabela_VALE-DO-ACO_2025-2026-2.pdf\" target=\"_blank\" rel=\"noopener\">Tabela_VALE DO A\u00c7O_2025-2026 &#8211; (Atualizado em 24\/02\/26)<\/a><\/li>\n<li><a href=\"http:\/\/www.rotaseguros.com.br\/corretor\/wp-content\/uploads\/Guia-do-Corretor-Usisaude-Vale-do-aco-Itabira-Joao-Monlevade-2025.pdf\" target=\"_blank\" rel=\"noopener\">Guia do Corretor Usisa\u00fade &#8211; Vale do a\u00e7o-Itabira-Jo\u00e3o Monlevade- (Atualizado em 05\/01\/26)<\/a><\/li>\n<\/ul>\n<h3><strong>Jo\u00e3o Monlevade\/Itabira<\/strong><\/h3>\n<ul>\n<li><a href=\"http:\/\/www.rotaseguros.com.br\/corretor\/wp-content\/uploads\/Tabelas_JM-E-ITABIRA_COMBO_2025-2026-1.pdf\" target=\"_blank\" rel=\"noopener\">Tabelas_JM E ITABIRA_COMBO &#8211; (Atualizado em 28\/10\/25)<\/a><\/li>\n<li><a href=\"http:\/\/www.rotaseguros.com.br\/corretor\/wp-content\/uploads\/Tabela_JM-E-ITABIRA_BALCAO-2025-2026.pdf\" target=\"_blank\" rel=\"noopener\">Tabela_JM E ITABIRA_BALC\u00c3O &#8211; (Atualizado em 29\/09\/25)<\/a><\/li>\n<\/ul>\n<h3><strong>Acessos<\/strong><\/h3>\n<ul>\n<li><a href=\"https:\/\/vendasusisaude.fsfx.com.br\/beneficiarioFsfx\/#\/\" target=\"_blank\" rel=\"noopener\">Portal de Vendas \u2014 Benefici\u00e1rios\u00a0<\/a><\/li>\n<li><a href=\"https:\/\/vendasusisaude.fsfx.com.br\/beneficiarioFsfx\/#\/home\/empresa\" target=\"_blank\" rel=\"noopener\">Portal de Vendas \u2014 Empresas<\/a><\/li>\n<\/ul>\n<p><strong>Rede Odonto<\/strong><\/p>\n<ul>\n<li><a href=\"http:\/\/www.rotaseguros.com.br\/corretor\/wp-content\/uploads\/Rede-Credenciada-MG.xlsx\" target=\"_blank\" rel=\"noopener\">Rede Credenciada MG &#8211; (Atualizado em 29\/09\/25)<\/a><\/li>\n<li><a href=\"http:\/\/www.rotaseguros.com.br\/corretor\/wp-content\/uploads\/Manual-Usisaude-Odonto-Rede.pdf\" target=\"_blank\" rel=\"noopener\">Manual Usisaude Odonto Rede- (Atualizado em 29\/09\/25)<\/a><\/li>\n<\/ul>\n<p>Links:<\/p>\n<ul>\n<li style=\"list-style-type: none;\">\n<ul>\n<li><a href=\"https:\/\/portalservicos.fsfx.com.br\/rede-medica\" target=\"_blank\" rel=\"noopener\">https:\/\/portalservicos.fsfx.com.br\/rede-medica<\/a><\/li>\n<li><a href=\"https:\/\/portal.usisaude.com.br\/PlanodeSaude\/pls_paginaGuiaMedico.jsp\" target=\"_blank\" rel=\"noopener\">https:\/\/portal.usisaude.com.br\/PlanodeSaude\/pls_paginaGuiaMedico.jsp<\/a><\/li>\n<li><a href=\"https:\/\/vendasusisaude.fsfx.com.br\/beneficiarioFsfx\/#\/login\" target=\"_blank\" rel=\"noopener\">https:\/\/vendasusisaude.fsfx.com.br\/beneficiarioFsfx\/#\/login<\/a><\/li>\n<li><a href=\"http:\/\/entrevistadronline.dav.med.br\/t\" target=\"_blank\" rel=\"noopener\">http:\/\/entrevistadronline.dav.med.br\/t<\/a><\/li>\n<\/ul>\n<\/li>\n<\/ul>\n<p>A Dr. Online est\u00e1 com um novo canal de atendimento aos clientes para assuntos relacionados \u00e0 entrevista t\u00e9cnica, assinatura de DS ou d\u00favidas relativas a esse processo.<\/p>\n<p>WhatsApp: <a href=\"https:\/\/api.whatsapp.com\/send\/?phone=5561999399769&amp;text&amp;type=phone_number&amp;app_absent=0\" target=\"_blank\" rel=\"noopener\">https:\/\/api.whatsapp.com\/send\/?phone=5561999399769&amp;text&amp;type=phone_number&amp;app_absent=0<\/a><\/p>\n<p>&nbsp;<\/p>\n<p><img loading=\"lazy\" decoding=\"async\" class=\"alignnone wp-image-67288 \" src=\"http:\/\/www.rotaseguros.com.br\/corretor\/wp-content\/uploads\/WhatsApp-Image-2026-02-11-at-08.50.02-683x1024.jpeg\" alt=\"\" width=\"335\" height=\"502\" srcset=\"https:\/\/www.rotaseguros.com.br\/corretor\/wp-content\/uploads\/WhatsApp-Image-2026-02-11-at-08.50.02-683x1024.jpeg 683w, https:\/\/www.rotaseguros.com.br\/corretor\/wp-content\/uploads\/WhatsApp-Image-2026-02-11-at-08.50.02-200x300.jpeg 200w, https:\/\/www.rotaseguros.com.br\/corretor\/wp-content\/uploads\/WhatsApp-Image-2026-02-11-at-08.50.02-768x1152.jpeg 768w, https:\/\/www.rotaseguros.com.br\/corretor\/wp-content\/uploads\/WhatsApp-Image-2026-02-11-at-08.50.02.jpeg 1024w\" sizes=\"auto, (max-width: 335px) 100vw, 335px\" \/><\/p>\n<p><img loading=\"lazy\" decoding=\"async\" class=\"alignnone wp-image-67289 \" src=\"http:\/\/www.rotaseguros.com.br\/corretor\/wp-content\/uploads\/WhatsApp-Image-2026-02-11-at-08.50.01.jpeg\" alt=\"\" width=\"477\" height=\"282\" srcset=\"https:\/\/www.rotaseguros.com.br\/corretor\/wp-content\/uploads\/WhatsApp-Image-2026-02-11-at-08.50.01.jpeg 969w, https:\/\/www.rotaseguros.com.br\/corretor\/wp-content\/uploads\/WhatsApp-Image-2026-02-11-at-08.50.01-300x177.jpeg 300w, https:\/\/www.rotaseguros.com.br\/corretor\/wp-content\/uploads\/WhatsApp-Image-2026-02-11-at-08.50.01-768x454.jpeg 768w\" sizes=\"auto, (max-width: 477px) 100vw, 477px\" \/><\/p>\n<p>&nbsp;<\/p>\n<p><img loading=\"lazy\" decoding=\"async\" class=\"alignnone wp-image-67094 \" src=\"http:\/\/www.rotaseguros.com.br\/corretor\/wp-content\/uploads\/WhatsApp-Image-2026-01-05-at-13.46.37.jpeg\" alt=\"\" width=\"279\" height=\"496\" srcset=\"https:\/\/www.rotaseguros.com.br\/corretor\/wp-content\/uploads\/WhatsApp-Image-2026-01-05-at-13.46.37.jpeg 408w, https:\/\/www.rotaseguros.com.br\/corretor\/wp-content\/uploads\/WhatsApp-Image-2026-01-05-at-13.46.37-169x300.jpeg 169w\" sizes=\"auto, (max-width: 279px) 100vw, 279px\" \/><\/p>\n<p>&nbsp;<\/p>\n<p><img loading=\"lazy\" decoding=\"async\" class=\"alignnone wp-image-66759 \" src=\"http:\/\/www.rotaseguros.com.br\/corretor\/wp-content\/uploads\/usisaude1.jpeg\" alt=\"\" width=\"423\" height=\"427\" srcset=\"https:\/\/www.rotaseguros.com.br\/corretor\/wp-content\/uploads\/usisaude1.jpeg 667w, https:\/\/www.rotaseguros.com.br\/corretor\/wp-content\/uploads\/usisaude1-297x300.jpeg 297w, https:\/\/www.rotaseguros.com.br\/corretor\/wp-content\/uploads\/usisaude1-150x150.jpeg 150w\" sizes=\"auto, (max-width: 423px) 100vw, 423px\" \/><\/p>\n<ul>\n<li>Entrevistas de Sa\u00fade Usisa\u00fade + Dr. Online<\/li>\n<li>R\u00e1pido e f\u00e1cil, direto do seu celular!<\/li>\n<\/ul>\n<p>As entrevistas para contrata\u00e7\u00e3o dos planos Usisa\u00fade agora s\u00e3o feitas via Dr. Online.<\/p>\n<p>Voc\u00ea receber\u00e1 um link por WhatsApp e poder\u00e1 acessar no hor\u00e1rio que for melhor pra voc\u00ea (segunda a sexta, de 8h \u00e0s 20h30).<\/p>\n<p><strong>Passo a passo para a entrevista:<\/strong><\/p>\n<ul>\n<li>Acesse o link recebido.<\/li>\n<li>Informe CPF e data de nascimento.<\/li>\n<li>Aguarde na fila virtual e fale com um especialista.<\/li>\n<\/ul>\n<p>Ap\u00f3s a entrevista, voc\u00ea receber\u00e1 a <strong>Declara\u00e7\u00e3o de Sa\u00fade<\/strong> por e-mail. Somente ap\u00f3s a assinatura, o processo estar\u00e1 conclu\u00eddo.<\/p>\n<p><strong>Importante:<\/strong> O n\u00famero de telefone e o e-mail informados dever\u00e3o ser o do cliente, e n\u00e3o de terceiros.<\/p>\n<h3><strong>Contato<\/strong><\/h3>\n<p><a href=\"http:\/\/wa.me\/553182719685\" target=\"_blank\" rel=\"noopener\">WhatsApp Relacionamento Coorporativo\u00a0<\/a><\/p>\n<p><strong>Telefone:<\/strong> 08002830040<\/p>\n<p>_____________________________________________________________________<\/p>\n<p><strong>Novidade para sua venda! ?<\/strong><\/p>\n<p>Agora, consultas e exames simples ter\u00e3o isen\u00e7\u00e3o de car\u00eancia no nosso plano empresarial<\/p>\n<p>_____________________________________________________________________<\/p>\n<p><strong>Aten\u00e7\u00e3o, Corretores! ?<\/strong><\/p>\n<p>Facilite seu dia a dia com os links abaixo:<\/p>\n<p>Portal do Benefici\u00e1rio: <a href=\"https:\/\/portalservicos.fsfx.com.br\/login\" target=\"_blank\" rel=\"noopener\">https:\/\/portalservicos.fsfx.com.br\/login<\/a> &#8211; funcion\u00e1rio faz seu pr\u00f3prio cadastro.<br \/>\nPortal do RH: <a href=\"https:\/\/portal.usisaude.com.br\/PlanodeSaude\/index.jsp\" target=\"_blank\" rel=\"noopener\">https:\/\/portal.usisaude.com.br\/PlanodeSaude\/index.jsp<\/a> &#8211; n\u00b0 de contrato e senha: 123mudar.<br \/>\nGuia M\u00e9dico: <a href=\"https:\/\/portal.usisaude.com.br\/PlanodeSaude\/pls_paginaGuiaMedico.jsp\" target=\"_blank\" rel=\"noopener\">https:\/\/portal.usisaude.com.br\/PlanodeSaude\/pls_paginaGuiaMedico.jsp<\/a><br \/>\nSite Usisa\u00fade: <a href=\"https:\/\/www.fsfx.com.br\/usisaude\/\">https:\/\/www.fsfx.com.br\/usisaude\/<\/a><br \/>\nAtendimento ao Cliente: 0800 283 0040<br \/>\n<strong>App Usisa\u00fade:<\/strong><br \/>\nAndroid: <a href=\"https:\/\/play.google.com\/store\/apps\/details?id=com.br.fsfx.usisaude&amp;hl=pt_BR&amp;gl=US\">https:\/\/play.google.com\/store\/apps\/details?id=com.br.fsfx.usisaude&amp;hl=pt_BR&amp;gl=US<\/a><br \/>\nApple: <a href=\"https:\/\/apps.apple.com\/us\/app\/usisaude\/id123456789\">https:\/\/apps.apple.com\/us\/app\/usisaude\/id123456789<\/a><\/p>\n<p>? Salve estas informa\u00e7\u00f5es e tenha tudo na\u00a0palma\u00a0da\u00a0m\u00e3o!<\/p>\n<p>_____________________________________________________________________<\/p>\n<p><strong>Observa\u00e7\u00f5es:<\/strong><br \/>\n\u2022 A UsiSa\u00fade que envia o primeiro boleto, o corretor n\u00e3o cobra ades\u00e3o.<br \/>\n\u2022 A Usisa\u00fade n\u00e3o fornece carteirinha f\u00edsica. Exce\u00e7\u00f5es para grandes contas quando solicitado na negocia\u00e7\u00e3o, informado na proposta e e-mail de libera\u00e7\u00e3o da ger\u00eancia.<br \/>\n\u2022 Dependentes somente c\u00f4njuge e filhos.<br \/>\n\u2022 Limite de idade titular e c\u00f4njuge 64 anos e filhos 21 ou 24 se estudante.<\/p>\n<p data-pm-slice=\"1 1 []\"><strong>A Usisa\u00fade envia o boleto por e-mail, mas se o benefici\u00e1rio n\u00e3o receber pode solicitar no 0800 283 0040 ou pelo e-mail <a class=\"ProsemirrorEditor-link\" href=\"mailto:usisaudefaturamento@fsfx.com.br\">usisaudefaturamento@fsfx.com.br<\/a><\/strong><\/p>\n<p data-pm-slice=\"1 1 []\"><img loading=\"lazy\" decoding=\"async\" class=\"alignnone wp-image-66010 size-full\" src=\"http:\/\/www.rotaseguros.com.br\/corretor\/wp-content\/uploads\/Imagem-do-WhatsApp-de-2025-05-19-as-16.12.55_3fc14462.jpg\" alt=\"\" width=\"855\" height=\"556\" srcset=\"https:\/\/www.rotaseguros.com.br\/corretor\/wp-content\/uploads\/Imagem-do-WhatsApp-de-2025-05-19-as-16.12.55_3fc14462.jpg 855w, https:\/\/www.rotaseguros.com.br\/corretor\/wp-content\/uploads\/Imagem-do-WhatsApp-de-2025-05-19-as-16.12.55_3fc14462-300x195.jpg 300w, https:\/\/www.rotaseguros.com.br\/corretor\/wp-content\/uploads\/Imagem-do-WhatsApp-de-2025-05-19-as-16.12.55_3fc14462-768x499.jpg 768w\" sizes=\"auto, (max-width: 855px) 100vw, 855px\" \/><\/p>\n<p data-pm-slice=\"1 1 []\"><img loading=\"lazy\" decoding=\"async\" class=\"alignnone wp-image-66011 size-full\" src=\"http:\/\/www.rotaseguros.com.br\/corretor\/wp-content\/uploads\/Imagem-do-WhatsApp-de-2025-05-19-as-16.12.53_82be1d40.jpg\" alt=\"\" width=\"719\" height=\"871\" srcset=\"https:\/\/www.rotaseguros.com.br\/corretor\/wp-content\/uploads\/Imagem-do-WhatsApp-de-2025-05-19-as-16.12.53_82be1d40.jpg 719w, https:\/\/www.rotaseguros.com.br\/corretor\/wp-content\/uploads\/Imagem-do-WhatsApp-de-2025-05-19-as-16.12.53_82be1d40-248x300.jpg 248w\" sizes=\"auto, (max-width: 719px) 100vw, 719px\" \/><\/p>\n<p data-pm-slice=\"1 1 []\"><img loading=\"lazy\" decoding=\"async\" class=\"alignnone wp-image-66012 size-full\" src=\"http:\/\/www.rotaseguros.com.br\/corretor\/wp-content\/uploads\/Imagem-do-WhatsApp-de-2025-05-19-as-16.12.51_08bab641.jpg\" alt=\"\" width=\"1375\" height=\"768\" srcset=\"https:\/\/www.rotaseguros.com.br\/corretor\/wp-content\/uploads\/Imagem-do-WhatsApp-de-2025-05-19-as-16.12.51_08bab641.jpg 1375w, https:\/\/www.rotaseguros.com.br\/corretor\/wp-content\/uploads\/Imagem-do-WhatsApp-de-2025-05-19-as-16.12.51_08bab641-300x168.jpg 300w, https:\/\/www.rotaseguros.com.br\/corretor\/wp-content\/uploads\/Imagem-do-WhatsApp-de-2025-05-19-as-16.12.51_08bab641-1024x572.jpg 1024w, https:\/\/www.rotaseguros.com.br\/corretor\/wp-content\/uploads\/Imagem-do-WhatsApp-de-2025-05-19-as-16.12.51_08bab641-768x429.jpg 768w\" sizes=\"auto, (max-width: 1375px) 100vw, 1375px\" \/><\/p>\n<p data-pm-slice=\"1 1 []\"><img loading=\"lazy\" decoding=\"async\" class=\"alignnone wp-image-66013 \" src=\"http:\/\/www.rotaseguros.com.br\/corretor\/wp-content\/uploads\/Imagem-do-WhatsApp-de-2025-05-19-as-16.12.50_943a4722.jpg\" alt=\"\" width=\"807\" height=\"184\" srcset=\"https:\/\/www.rotaseguros.com.br\/corretor\/wp-content\/uploads\/Imagem-do-WhatsApp-de-2025-05-19-as-16.12.50_943a4722.jpg 1600w, https:\/\/www.rotaseguros.com.br\/corretor\/wp-content\/uploads\/Imagem-do-WhatsApp-de-2025-05-19-as-16.12.50_943a4722-300x69.jpg 300w, https:\/\/www.rotaseguros.com.br\/corretor\/wp-content\/uploads\/Imagem-do-WhatsApp-de-2025-05-19-as-16.12.50_943a4722-1024x234.jpg 1024w, https:\/\/www.rotaseguros.com.br\/corretor\/wp-content\/uploads\/Imagem-do-WhatsApp-de-2025-05-19-as-16.12.50_943a4722-768x176.jpg 768w, https:\/\/www.rotaseguros.com.br\/corretor\/wp-content\/uploads\/Imagem-do-WhatsApp-de-2025-05-19-as-16.12.50_943a4722-1536x351.jpg 1536w\" sizes=\"auto, (max-width: 807px) 100vw, 807px\" \/><\/p>\n<p data-pm-slice=\"1 1 []\"><img loading=\"lazy\" decoding=\"async\" class=\"alignnone wp-image-66762 \" src=\"http:\/\/www.rotaseguros.com.br\/corretor\/wp-content\/uploads\/WhatsApp-Image-2025-09-29-at-09.25.22.jpeg\" alt=\"\" width=\"638\" height=\"798\" srcset=\"https:\/\/www.rotaseguros.com.br\/corretor\/wp-content\/uploads\/WhatsApp-Image-2025-09-29-at-09.25.22.jpeg 1080w, https:\/\/www.rotaseguros.com.br\/corretor\/wp-content\/uploads\/WhatsApp-Image-2025-09-29-at-09.25.22-240x300.jpeg 240w, https:\/\/www.rotaseguros.com.br\/corretor\/wp-content\/uploads\/WhatsApp-Image-2025-09-29-at-09.25.22-819x1024.jpeg 819w, https:\/\/www.rotaseguros.com.br\/corretor\/wp-content\/uploads\/WhatsApp-Image-2025-09-29-at-09.25.22-768x960.jpeg 768w\" sizes=\"auto, (max-width: 638px) 100vw, 638px\" \/><\/p>\n<div style=\"width: 720px;\" class=\"wp-video\"><video class=\"wp-video-shortcode\" id=\"video-60480-1\" width=\"720\" height=\"1280\" preload=\"metadata\" controls=\"controls\"><source type=\"video\/mp4\" src=\"http:\/\/www.rotaseguros.com.br\/corretor\/wp-content\/uploads\/Video-APP.mp4?_=1\" \/><a href=\"http:\/\/www.rotaseguros.com.br\/corretor\/wp-content\/uploads\/Video-APP.mp4\">http:\/\/www.rotaseguros.com.br\/corretor\/wp-content\/uploads\/Video-APP.mp4<\/a><\/video><\/div>\n","protected":false},"excerpt":{"rendered":"<p>Tabela de Pre\u00e7os BH Guia do Corretor Usisa\u00fade &#8211; RMBH &#8211; (Atualizado em 05\/01\/26) Guia M\u00e9dico &#8211; (Atualizado em 06\/05\/25) Empresarial BH Tabela PME 2 _BH_BALC\u00c3O_2025-2026 &#8211; (Atualizado em 24\/02\/26) &#8230;<\/p>\n","protected":false},"author":1,"featured_media":0,"parent":11,"menu_order":0,"comment_status":"closed","ping_status":"closed","template":"","meta":{"footnotes":""},"class_list":["post-60480","page","type-page","status-publish","hentry"],"_links":{"self":[{"href":"https:\/\/www.rotaseguros.com.br\/corretor\/index.php\/wp-json\/wp\/v2\/pages\/60480","targetHints":{"allow":["GET"]}}],"collection":[{"href":"https:\/\/www.rotaseguros.com.br\/corretor\/index.php\/wp-json\/wp\/v2\/pages"}],"about":[{"href":"https:\/\/www.rotaseguros.com.br\/corretor\/index.php\/wp-json\/wp\/v2\/types\/page"}],"author":[{"embeddable":true,"href":"https:\/\/www.rotaseguros.com.br\/corretor\/index.php\/wp-json\/wp\/v2\/users\/1"}],"replies":[{"embeddable":true,"href":"https:\/\/www.rotaseguros.com.br\/corretor\/index.php\/wp-json\/wp\/v2\/comments?post=60480"}],"version-history":[{"count":16,"href":"https:\/\/www.rotaseguros.com.br\/corretor\/index.php\/wp-json\/wp\/v2\/pages\/60480\/revisions"}],"predecessor-version":[{"id":67311,"href":"https:\/\/www.rotaseguros.com.br\/corretor\/index.php\/wp-json\/wp\/v2\/pages\/60480\/revisions\/67311"}],"up":[{"embeddable":true,"href":"https:\/\/www.rotaseguros.com.br\/corretor\/index.php\/wp-json\/wp\/v2\/pages\/11"}],"wp:attachment":[{"href":"https:\/\/www.rotaseguros.com.br\/corretor\/index.php\/wp-json\/wp\/v2\/media?parent=60480"}],"curies":[{"name":"wp","href":"https:\/\/api.w.org\/{rel}","templated":true}]}}