{"id":61,"date":"2016-04-08T15:09:23","date_gmt":"2016-04-08T18:09:23","guid":{"rendered":"http:\/\/www.rotaseguros.com.br\/corretor\/?page_id=61"},"modified":"2024-09-10T10:29:26","modified_gmt":"2024-09-10T13:29:26","slug":"unimed","status":"publish","type":"page","link":"https:\/\/www.rotaseguros.com.br\/corretor\/index.php\/links\/informacoes-de-operadoras\/unimed\/","title":{"rendered":"Unimed"},"content":{"rendered":"\r\n<h3 class=\"wp-block-heading\">Unimed BH<\/h3>\r\n<ul>\r\n<li><a href=\"https:\/\/www.rotaseguros.com.br\/corretor\/wp-content\/uploads\/TAB-IND-2023.pdf\" target=\"_blank\" rel=\"noopener\">TABELA UNIMED BH INDIVIDUAL &#8211; (Atualizado em 19\/09\/23)<\/a><\/li>\r\n<li><a href=\"https:\/\/www.rotaseguros.com.br\/corretor\/wp-content\/uploads\/TAB-PME-2023.pdf\" target=\"_blank\" rel=\"noopener\">TABELA UNIMED BH PME &#8211; (Atualizado em 19\/09\/23)<\/a><\/li>\r\n<li><a href=\"https:\/\/www.rotaseguros.com.br\/corretor\/wp-content\/uploads\/tabela_adesao_unimed_abre_bh.pdf\" target=\"_blank\" rel=\"noopener\">Tabela Ades\u00e3o Unimed BH &#8211; (Atualizado em 18\/08\/23)<\/a><\/li>\r\n<li><a href=\"https:\/\/www.rotaseguros.com.br\/corretor\/wp-content\/uploads\/QUALIPRO_UNIMED_BH_ABRACEM_24.pdf\" target=\"_blank\" rel=\"noopener\">QUALIPRO UNIMED BH ABRACEM &#8211; (Atualizado em 10\/09\/24)<\/a><\/li>\r\n<\/ul>\r\n<p>&nbsp;<\/p>\r\n<h4>Material de Apoio<\/h4>\r\n\r\n\r\n\r\n\r\n\r\n<ul>\r\n<li><a href=\"https:\/\/www.rotaseguros.com.br\/corretor\/wp-content\/uploads\/formulario_cotacao_unimedbh.xlsx\" target=\"_blank\" rel=\"noopener\">Formul\u00e1rio Cota\u00e7\u00e3o | Unimed BH &#8211; (atualizada 28\/04\/2022)<\/a><\/li>\r\n<li><a href=\"https:\/\/www.rotaseguros.com.br\/corretor\/wp-content\/uploads\/FACILITADOR-PME.pdf\" target=\"_blank\" rel=\"noopener\">Facilitador | UNIMED BH &#8211; PME &#8211; (Atualizado em 18\/08\/23)<\/a><\/li>\r\n<li><a href=\"https:\/\/www.rotaseguros.com.br\/corretor\/wp-content\/uploads\/Treinamento-Unimed-Bh-fevereiro-2024.pdf\" target=\"_blank\" rel=\"noopener\">Treinamento Unimed BH &#8211; (Atualizado em 06\/03\/24)<\/a><\/li>\r\n<\/ul>\r\n\r\n<div class=\"wp-block-file\">\u00a0<\/div>\r\n","protected":false},"excerpt":{"rendered":"<p>Unimed BH TABELA UNIMED BH INDIVIDUAL &#8211; (Atualizado em 19\/09\/23) TABELA UNIMED BH PME &#8211; (Atualizado em 19\/09\/23) Tabela Ades\u00e3o Unimed BH &#8211; (Atualizado em 18\/08\/23) QUALIPRO UNIMED BH ABRACEM &#8230;<\/p>\n","protected":false},"author":1,"featured_media":0,"parent":11,"menu_order":0,"comment_status":"closed","ping_status":"closed","template":"","meta":{"footnotes":""},"class_list":["post-61","page","type-page","status-publish","hentry"],"_links":{"self":[{"href":"https:\/\/www.rotaseguros.com.br\/corretor\/index.php\/wp-json\/wp\/v2\/pages\/61","targetHints":{"allow":["GET"]}}],"collection":[{"href":"https:\/\/www.rotaseguros.com.br\/corretor\/index.php\/wp-json\/wp\/v2\/pages"}],"about":[{"href":"https:\/\/www.rotaseguros.com.br\/corretor\/index.php\/wp-json\/wp\/v2\/types\/page"}],"author":[{"embeddable":true,"href":"https:\/\/www.rotaseguros.com.br\/corretor\/index.php\/wp-json\/wp\/v2\/users\/1"}],"replies":[{"embeddable":true,"href":"https:\/\/www.rotaseguros.com.br\/corretor\/index.php\/wp-json\/wp\/v2\/comments?post=61"}],"version-history":[{"count":0,"href":"https:\/\/www.rotaseguros.com.br\/corretor\/index.php\/wp-json\/wp\/v2\/pages\/61\/revisions"}],"up":[{"embeddable":true,"href":"https:\/\/www.rotaseguros.com.br\/corretor\/index.php\/wp-json\/wp\/v2\/pages\/11"}],"wp:attachment":[{"href":"https:\/\/www.rotaseguros.com.br\/corretor\/index.php\/wp-json\/wp\/v2\/media?parent=61"}],"curies":[{"name":"wp","href":"https:\/\/api.w.org\/{rel}","templated":true}]}}