{"id":63019,"date":"2023-09-25T15:01:25","date_gmt":"2023-09-25T18:01:25","guid":{"rendered":"https:\/\/www.rotaseguros.com.br\/corretor\/?page_id=63019"},"modified":"2026-02-24T09:12:41","modified_gmt":"2026-02-24T12:12:41","slug":"aurora-saude","status":"publish","type":"page","link":"https:\/\/www.rotaseguros.com.br\/corretor\/index.php\/links\/informacoes-de-operadoras\/aurora-saude\/","title":{"rendered":"Aurora Sa\u00fade"},"content":{"rendered":"<h1>Tabela de Pre\u00e7os<\/h1>\n<ul>\n<li><a href=\"http:\/\/www.rotaseguros.com.br\/corretor\/wp-content\/uploads\/AURORA-SAUDE-TABELA-DE-PRECOS-PME-PARA.pdf\" target=\"_blank\" rel=\"noopener\">AURORA SA\u00daDE &#8211; TABELA DE PRE\u00c7OS PME PAR\u00c1 &#8211; (Atualizado em 24\/02\/26)<\/a><\/li>\n<li><a href=\"http:\/\/www.rotaseguros.com.br\/corretor\/wp-content\/uploads\/AURORA-SAUDE-TABELA-DE-PRECOS-MG-1.pdf\" target=\"_blank\" rel=\"noopener\">AURORA SA\u00daDE &#8211; TABELA DE PRE\u00c7OS MG &#8211; (Atualizado em 24\/02\/26)<\/a><\/li>\n<li><a href=\"https:\/\/www.rotaseguros.com.br\/corretor\/wp-content\/uploads\/Aurora-Saude-Manual-do-Beneficiario.pdf\" target=\"_blank\" rel=\"noopener\">Aurora Sa\u00fade &#8211; Manual do Benefici\u00e1rio &#8211; (Atualizado em 09\/07\/24)<\/a><\/li>\n<li><a href=\"http:\/\/www.rotaseguros.com.br\/corretor\/wp-content\/uploads\/MANUAL-TECNICO-FETROMINAS_BH_RMBH.pdf\" target=\"_blank\" rel=\"noopener\">MANUAL-T\u00c9CNICO-FETROMINAS_BH_RMBH- (Atualizado em 29\/09\/25)<\/a><\/li>\n<\/ul>\n<p><strong>Prestadores que realizam os exames da jornada de sa\u00fade<\/strong><\/p>\n<ul>\n<li><a href=\"https:\/\/sway.cloud.microsoft\/zu1O25EHdxlyagWZ?ref=Link\" target=\"_blank\" rel=\"noopener\">https:\/\/sway.cloud.microsoft\/zu1O25EHdxlyagWZ?ref=Link<\/a><\/li>\n<\/ul>\n<p>Entrevista M\u00e9dica &#8211; Aurora Sa\u00fade &#8211; (21) 97581-1754<\/p>\n<p><strong>Material de Apoio<\/strong><\/p>\n<ul>\n<li><a href=\"https:\/\/www.rotaseguros.com.br\/corretor\/wp-content\/uploads\/Aurora-Saude-Declaracao-de-Uniao-Estavel-v09.2023.docx\" target=\"_blank\" rel=\"noopener\">Declara\u00e7\u00e3o de Uni\u00e3o Est\u00e1vel \u2013 Aurora Sa\u00fade \u2013 (Atualizado em 04\/03\/24)<\/a><\/li>\n<li><a href=\"https:\/\/www.rotaseguros.com.br\/corretor\/wp-content\/uploads\/AURORA-SAUDE-APRESENTACAO-CORRETORAS_V4-110324.pdf\" target=\"_blank\" rel=\"noopener\">Aurora Sa\u00fade &#8211; Apresenta\u00e7\u00e3o &#8211; Corretoras &#8211; (Atualizado em 09\/07\/24)<\/a><\/li>\n<li><a href=\"https:\/\/6167prd-plano.cloudmv.com.br\/mvsaudeweb\/#\/guia-medico\" target=\"_blank\" rel=\"noopener\">Guia m\u00e9dico &#8211; (Atualizado em 09\/07\/24)<\/a><\/li>\n<li><a href=\"https:\/\/souaurorasaude.planium.io\/web\/portalvenda\/notificadas\" target=\"_blank\" rel=\"noopener\">Link de vendas &#8211; (Atualizado em 04\/03\/24)<\/a><\/li>\n<li><a href=\"http:\/\/www.rotaseguros.com.br\/corretor\/wp-content\/uploads\/Rede-Credenciada-Completa-18.09.25.xlsx\" target=\"_blank\" rel=\"noopener\">Rede Credenciada Completa &#8211; (Atualizado em 29\/09\/25)<\/a><\/li>\n<li><a href=\"http:\/\/www.rotaseguros.com.br\/corretor\/wp-content\/uploads\/004-DOC-ATEND-V04-MANUAL-DE-CLASSIFICACAO-DOS-PROCEDIMENTOS.pdf\" target=\"_blank\" rel=\"noopener\">MANUAL DE CLASSIFICA\u00c7\u00c3O DOS PROCEDIMENTOS &#8211; (Atualizado em 29\/09\/25)<\/a><\/li>\n<\/ul>\n","protected":false},"excerpt":{"rendered":"<p>Tabela de Pre\u00e7os AURORA SA\u00daDE &#8211; TABELA DE PRE\u00c7OS PME PAR\u00c1 &#8211; (Atualizado em 24\/02\/26) AURORA SA\u00daDE &#8211; TABELA DE PRE\u00c7OS MG &#8211; (Atualizado em 24\/02\/26) Aurora Sa\u00fade &#8211; Manual &#8230;<\/p>\n","protected":false},"author":22,"featured_media":0,"parent":11,"menu_order":0,"comment_status":"closed","ping_status":"closed","template":"","meta":{"footnotes":""},"class_list":["post-63019","page","type-page","status-publish","hentry"],"_links":{"self":[{"href":"https:\/\/www.rotaseguros.com.br\/corretor\/index.php\/wp-json\/wp\/v2\/pages\/63019","targetHints":{"allow":["GET"]}}],"collection":[{"href":"https:\/\/www.rotaseguros.com.br\/corretor\/index.php\/wp-json\/wp\/v2\/pages"}],"about":[{"href":"https:\/\/www.rotaseguros.com.br\/corretor\/index.php\/wp-json\/wp\/v2\/types\/page"}],"author":[{"embeddable":true,"href":"https:\/\/www.rotaseguros.com.br\/corretor\/index.php\/wp-json\/wp\/v2\/users\/22"}],"replies":[{"embeddable":true,"href":"https:\/\/www.rotaseguros.com.br\/corretor\/index.php\/wp-json\/wp\/v2\/comments?post=63019"}],"version-history":[{"count":11,"href":"https:\/\/www.rotaseguros.com.br\/corretor\/index.php\/wp-json\/wp\/v2\/pages\/63019\/revisions"}],"predecessor-version":[{"id":67307,"href":"https:\/\/www.rotaseguros.com.br\/corretor\/index.php\/wp-json\/wp\/v2\/pages\/63019\/revisions\/67307"}],"up":[{"embeddable":true,"href":"https:\/\/www.rotaseguros.com.br\/corretor\/index.php\/wp-json\/wp\/v2\/pages\/11"}],"wp:attachment":[{"href":"https:\/\/www.rotaseguros.com.br\/corretor\/index.php\/wp-json\/wp\/v2\/media?parent=63019"}],"curies":[{"name":"wp","href":"https:\/\/api.w.org\/{rel}","templated":true}]}}