{"id":63229,"date":"2023-11-10T12:11:26","date_gmt":"2023-11-10T15:11:26","guid":{"rendered":"https:\/\/www.rotaseguros.com.br\/corretor\/?page_id=63229"},"modified":"2026-01-06T16:52:02","modified_gmt":"2026-01-06T19:52:02","slug":"hapvida-ndi","status":"publish","type":"page","link":"https:\/\/www.rotaseguros.com.br\/corretor\/index.php\/links\/informacoes-de-operadoras\/hapvida-ndi\/","title":{"rendered":"Hapvida NDI"},"content":{"rendered":"<h2><strong>Tabelas de Pre\u00e7os<\/strong><\/h2>\n<p>&nbsp;<\/p>\n<p><strong>*JANEIRO CHEGOU COM TUDO!*<\/strong><\/p>\n<p><strong>\u00a0CAMPANHAS RENOVADAS\u00a0<\/strong><\/p>\n<p>\u2022<strong> HAPVIDA<\/strong><\/p>\n<p>* Tabelas Hapvida reajustadas em 4%<br \/>\n* Reajuste nos valores de coparticipa\u00e7\u00e3o<br \/>\n* Campanhas de CCE e Consangu\u00edneos permanecem vigentes<br \/>\n* 15% de desconto nas 3 primeiras mensalidades canais Individual, Super Simples e PME<br \/>\n* Campanha de isen\u00e7\u00e3o de car\u00eancias no produto Pessoa F\u00edsica<\/p>\n<p>\u2022 <strong>NDI MINAS<\/strong><\/p>\n<p>* Reajuste de 2,00% para o varejo, conforme pra\u00e7a;<br \/>\n* 15% de desconto nas 3 primeiras mensalidades (Individual, Super Simples e PME)<br \/>\n* Reajuste nos valores de coparticipa\u00e7\u00e3o;<br \/>\n* Campanhas de CCE e Consangu\u00edneos permanecem vigentes.<br \/>\n* Campanha de isen\u00e7\u00e3o de car\u00eancias no produto Pessoa F\u00edsica (Centro Oeste)<\/p>\n<p><strong>Bora acelerar e bater metas em JANEIRO!\u00a0<\/strong><\/p>\n<p>&nbsp;<\/p>\n<h4><strong>Tabelas e Materiais dispon\u00edveis no drive:<\/strong><\/h4>\n<p><a href=\"https:\/\/drive.google.com\/drive\/folders\/1Fj-WbOlJuGz2uJXa5IEFvxlijqT0dE4m\" target=\"_blank\" rel=\"noopener\">https:\/\/drive.google.com\/drive\/folders\/1Fj-WbOlJuGz2uJXa5IEFvxlijqT0dE4m<\/a><\/p>\n<p>&nbsp;<\/p>\n<p><strong>Tabela &#8211; Hapvida &#8211; S\u00e3o Jos\u00e9 do Campos\u00a0<\/strong><\/p>\n<ul>\n<li><a href=\"http:\/\/www.rotaseguros.com.br\/corretor\/wp-content\/uploads\/SJC-10-Individual.pdf\" target=\"_blank\" rel=\"noopener\">SJC &#8211; Plano de Sa\u00fade Individual &#8211; (Atualizado em 06\/10\/25)<\/a><\/li>\n<\/ul>\n<p>&nbsp;<\/p>\n<p><strong>Material de Apoio<\/strong><\/p>\n<ul>\n<li><a href=\"http:\/\/www.rotaseguros.com.br\/corretor\/wp-content\/uploads\/Rede-Hapvida-Vale-do-Paraiba-02.09.2025.xlsx\" target=\"_blank\" rel=\"noopener\">Rede Hapvida Vale do Para\u00edba &#8211; (Atualizado em 06\/10\/25)<\/a><\/li>\n<\/ul>\n<p>&nbsp;<\/p>\n<p><img loading=\"lazy\" decoding=\"async\" class=\"alignnone wp-image-67141 \" src=\"http:\/\/www.rotaseguros.com.br\/corretor\/wp-content\/uploads\/WhatsApp-Image-2026-01-06-at-12.57.27-1-768x1024.jpeg\" alt=\"\" width=\"372\" height=\"496\" srcset=\"https:\/\/www.rotaseguros.com.br\/corretor\/wp-content\/uploads\/WhatsApp-Image-2026-01-06-at-12.57.27-1-768x1024.jpeg 768w, https:\/\/www.rotaseguros.com.br\/corretor\/wp-content\/uploads\/WhatsApp-Image-2026-01-06-at-12.57.27-1-225x300.jpeg 225w, https:\/\/www.rotaseguros.com.br\/corretor\/wp-content\/uploads\/WhatsApp-Image-2026-01-06-at-12.57.27-1-1152x1536.jpeg 1152w, https:\/\/www.rotaseguros.com.br\/corretor\/wp-content\/uploads\/WhatsApp-Image-2026-01-06-at-12.57.27-1.jpeg 1200w\" sizes=\"auto, (max-width: 372px) 100vw, 372px\" \/><\/p>\n<p><img loading=\"lazy\" decoding=\"async\" class=\"alignnone wp-image-67143 \" src=\"http:\/\/www.rotaseguros.com.br\/corretor\/wp-content\/uploads\/WhatsApp-Image-2026-01-06-at-12.57.28-1-768x1024.jpeg\" alt=\"\" width=\"374\" height=\"499\" srcset=\"https:\/\/www.rotaseguros.com.br\/corretor\/wp-content\/uploads\/WhatsApp-Image-2026-01-06-at-12.57.28-1-768x1024.jpeg 768w, https:\/\/www.rotaseguros.com.br\/corretor\/wp-content\/uploads\/WhatsApp-Image-2026-01-06-at-12.57.28-1-225x300.jpeg 225w, https:\/\/www.rotaseguros.com.br\/corretor\/wp-content\/uploads\/WhatsApp-Image-2026-01-06-at-12.57.28-1-1152x1536.jpeg 1152w, https:\/\/www.rotaseguros.com.br\/corretor\/wp-content\/uploads\/WhatsApp-Image-2026-01-06-at-12.57.28-1.jpeg 1200w\" sizes=\"auto, (max-width: 374px) 100vw, 374px\" \/><\/p>\n<p><img loading=\"lazy\" decoding=\"async\" class=\"alignnone wp-image-67144 \" src=\"http:\/\/www.rotaseguros.com.br\/corretor\/wp-content\/uploads\/WhatsApp-Image-2026-01-06-at-12.57.28-768x1024.jpeg\" alt=\"\" width=\"373\" height=\"498\" srcset=\"https:\/\/www.rotaseguros.com.br\/corretor\/wp-content\/uploads\/WhatsApp-Image-2026-01-06-at-12.57.28-768x1024.jpeg 768w, https:\/\/www.rotaseguros.com.br\/corretor\/wp-content\/uploads\/WhatsApp-Image-2026-01-06-at-12.57.28-225x300.jpeg 225w, https:\/\/www.rotaseguros.com.br\/corretor\/wp-content\/uploads\/WhatsApp-Image-2026-01-06-at-12.57.28-1152x1536.jpeg 1152w, https:\/\/www.rotaseguros.com.br\/corretor\/wp-content\/uploads\/WhatsApp-Image-2026-01-06-at-12.57.28.jpeg 1200w\" sizes=\"auto, (max-width: 373px) 100vw, 373px\" \/><\/p>\n<p><img loading=\"lazy\" decoding=\"async\" class=\"alignnone wp-image-67142 \" src=\"http:\/\/www.rotaseguros.com.br\/corretor\/wp-content\/uploads\/WhatsApp-Image-2026-01-06-at-12.57.27-1024x1024.jpeg\" alt=\"\" width=\"375\" height=\"375\" srcset=\"https:\/\/www.rotaseguros.com.br\/corretor\/wp-content\/uploads\/WhatsApp-Image-2026-01-06-at-12.57.27-1024x1024.jpeg 1024w, https:\/\/www.rotaseguros.com.br\/corretor\/wp-content\/uploads\/WhatsApp-Image-2026-01-06-at-12.57.27-300x300.jpeg 300w, https:\/\/www.rotaseguros.com.br\/corretor\/wp-content\/uploads\/WhatsApp-Image-2026-01-06-at-12.57.27-150x150.jpeg 150w, https:\/\/www.rotaseguros.com.br\/corretor\/wp-content\/uploads\/WhatsApp-Image-2026-01-06-at-12.57.27-768x768.jpeg 768w, https:\/\/www.rotaseguros.com.br\/corretor\/wp-content\/uploads\/WhatsApp-Image-2026-01-06-at-12.57.27.jpeg 1440w\" sizes=\"auto, (max-width: 375px) 100vw, 375px\" \/><\/p>\n<p><img loading=\"lazy\" decoding=\"async\" class=\"alignnone wp-image-67145 \" src=\"http:\/\/www.rotaseguros.com.br\/corretor\/wp-content\/uploads\/WhatsApp-Image-2026-01-06-at-12.57.29-575x1024.jpeg\" alt=\"\" width=\"373\" height=\"664\" srcset=\"https:\/\/www.rotaseguros.com.br\/corretor\/wp-content\/uploads\/WhatsApp-Image-2026-01-06-at-12.57.29-575x1024.jpeg 575w, https:\/\/www.rotaseguros.com.br\/corretor\/wp-content\/uploads\/WhatsApp-Image-2026-01-06-at-12.57.29-169x300.jpeg 169w, https:\/\/www.rotaseguros.com.br\/corretor\/wp-content\/uploads\/WhatsApp-Image-2026-01-06-at-12.57.29-768x1367.jpeg 768w, https:\/\/www.rotaseguros.com.br\/corretor\/wp-content\/uploads\/WhatsApp-Image-2026-01-06-at-12.57.29-863x1536.jpeg 863w, https:\/\/www.rotaseguros.com.br\/corretor\/wp-content\/uploads\/WhatsApp-Image-2026-01-06-at-12.57.29.jpeg 899w\" sizes=\"auto, (max-width: 373px) 100vw, 373px\" \/><\/p>\n","protected":false},"excerpt":{"rendered":"<p>Tabelas de Pre\u00e7os &nbsp; *JANEIRO CHEGOU COM TUDO!* \u00a0CAMPANHAS RENOVADAS\u00a0 \u2022 HAPVIDA * Tabelas Hapvida reajustadas em 4% * Reajuste nos valores de coparticipa\u00e7\u00e3o * Campanhas de CCE e Consangu\u00edneos &#8230;<\/p>\n","protected":false},"author":22,"featured_media":0,"parent":11,"menu_order":0,"comment_status":"closed","ping_status":"closed","template":"","meta":{"footnotes":""},"class_list":["post-63229","page","type-page","status-publish","hentry"],"_links":{"self":[{"href":"https:\/\/www.rotaseguros.com.br\/corretor\/index.php\/wp-json\/wp\/v2\/pages\/63229","targetHints":{"allow":["GET"]}}],"collection":[{"href":"https:\/\/www.rotaseguros.com.br\/corretor\/index.php\/wp-json\/wp\/v2\/pages"}],"about":[{"href":"https:\/\/www.rotaseguros.com.br\/corretor\/index.php\/wp-json\/wp\/v2\/types\/page"}],"author":[{"embeddable":true,"href":"https:\/\/www.rotaseguros.com.br\/corretor\/index.php\/wp-json\/wp\/v2\/users\/22"}],"replies":[{"embeddable":true,"href":"https:\/\/www.rotaseguros.com.br\/corretor\/index.php\/wp-json\/wp\/v2\/comments?post=63229"}],"version-history":[{"count":19,"href":"https:\/\/www.rotaseguros.com.br\/corretor\/index.php\/wp-json\/wp\/v2\/pages\/63229\/revisions"}],"predecessor-version":[{"id":67146,"href":"https:\/\/www.rotaseguros.com.br\/corretor\/index.php\/wp-json\/wp\/v2\/pages\/63229\/revisions\/67146"}],"up":[{"embeddable":true,"href":"https:\/\/www.rotaseguros.com.br\/corretor\/index.php\/wp-json\/wp\/v2\/pages\/11"}],"wp:attachment":[{"href":"https:\/\/www.rotaseguros.com.br\/corretor\/index.php\/wp-json\/wp\/v2\/media?parent=63229"}],"curies":[{"name":"wp","href":"https:\/\/api.w.org\/{rel}","templated":true}]}}