{"id":6352,"date":"2018-06-27T10:15:08","date_gmt":"2018-06-27T13:15:08","guid":{"rendered":"http:\/\/www.rotaseguros.com.br\/corretor\/?page_id=6352"},"modified":"2026-03-18T11:21:04","modified_gmt":"2026-03-18T14:21:04","slug":"vallor-administradora","status":"publish","type":"page","link":"https:\/\/www.rotaseguros.com.br\/corretor\/index.php\/links\/informacoes-de-operadoras\/vallor-administradora\/","title":{"rendered":"Vallor Administradora"},"content":{"rendered":"\r\n<h2><strong>Tabelas<\/strong><\/h2>\r\n<h3>Voc\u00ea Total<\/h3>\r\n<ul>\r\n<li><a href=\"http:\/\/www.rotaseguros.com.br\/corretor\/wp-content\/uploads\/GUIA-DE-VENDAS-COLETIVO-POR-ADESAO.pdf\" target=\"_blank\" rel=\"noopener\">Tabela de Pre\u00e7os Vallor | Mais Voc\u00ea | Coletivo por Ades\u00e3o &#8211; (Atualizado em 18\/03\/26)<\/a><\/li>\r\n<li><a href=\"http:\/\/www.rotaseguros.com.br\/corretor\/wp-content\/uploads\/GUIA-DE-VENDAS-COLETIVO-EMPRESARIA.pdf\" target=\"_blank\" rel=\"noopener\">Tabela de Pre\u00e7os Vallor | Mais Voc\u00ea | Empresarial &#8211; (Atualizado em 18\/03\/26)<\/a><\/li>\r\n<\/ul>\r\n<h3>GNDI<\/h3>\r\n<ul>\r\n<li><a href=\"https:\/\/www.rotaseguros.com.br\/corretor\/wp-content\/uploads\/GNDI-BH.pdf\" target=\"_blank\" rel=\"noopener\">Tabela GNDI Minas | Belo Horizonte | Vallor &#8211; (atualizada em 10\/11\/2022)<\/a><\/li>\r\n<li><a href=\"https:\/\/www.rotaseguros.com.br\/corretor\/wp-content\/uploads\/GNDI-Centro-Oeste.pdf\" target=\"_blank\" rel=\"noopener\">Tabela GNDI Minas | Centro-Oeste MG | Vallor &#8211; (atualizada em 10\/11\/2022)<\/a><\/li>\r\n<li><a href=\"https:\/\/www.rotaseguros.com.br\/corretor\/wp-content\/uploads\/GNDI-Sul-de-Minas.pdf\" target=\"_blank\" rel=\"noopener\">Tabela GNDI Minas | Sul de MG | Vallor &#8211; (atualizada em 10\/11\/2022)<\/a><\/li>\r\n<li><a href=\"https:\/\/www.rotaseguros.com.br\/corretor\/wp-content\/uploads\/GNDI-Triangulo.pdf\" target=\"_blank\" rel=\"noopener\">Tabela GNDI Minas | Tri\u00e2ngulo Mineiro | Vallor &#8211; (atualizada em 10\/11\/2022)<\/a><\/li>\r\n<\/ul>\r\n<h3>Usisa\u00fade<\/h3>\r\n<ul>\r\n<li><a href=\"https:\/\/www.rotaseguros.com.br\/corretor\/wp-content\/uploads\/Usisaude.pdf\" target=\"_blank\" rel=\"noopener\">Tabela Usisa\u00fade | Vallor &#8211; (atualizada em 10\/11\/2022)<\/a><\/li>\r\n<\/ul>\r\n<h3>MedGold<\/h3>\r\n<ul>\r\n<li><a href=\"https:\/\/www.rotaseguros.com.br\/corretor\/wp-content\/uploads\/Medgold.pdf\" target=\"_blank\" rel=\"noopener\">Tabela MedGold | Vallor (atualizada em 10\/11\/2022)<\/a><\/li>\r\n<\/ul>\r\n<h3>Unimed BH<\/h3>\r\n<ul>\r\n<li><a href=\"https:\/\/www.rotaseguros.com.br\/corretor\/wp-content\/uploads\/Guia-UNIMED-SINDINAPI-NOVO_compressed.pdf\" target=\"_blank\" rel=\"noopener\">Tabela Unimed BH | Ades\u00e3o | Vallor (atualizada em 18\/12\/2023)<\/a><\/li>\r\n<li><a href=\"https:\/\/www.rotaseguros.com.br\/corretor\/wp-content\/uploads\/UNIMED-BH-PME-2023_compressed.pdf\" target=\"_blank\" rel=\"noopener\">Tabela Unimed BH | PME | Vallor (atualizada em 04\/01\/2023)<\/a><\/li>\r\n<\/ul>\r\n<div>\u00a0<\/div>\r\n<div>\u00a0<\/div>\r\n\r\n\r\n\r\n<p><strong>Fichas Associativas<\/strong><\/p>\r\n\r\n\r\n\r\n<div class=\"wp-block-file\"><a href=\"https:\/\/www.rotaseguros.com.br\/corretor\/wp-content\/uploads\/Ficha-associativa-ANASERV.pdf\">Ficha Associativa ANASERV<\/a><a class=\"wp-block-file__button\" href=\"https:\/\/www.rotaseguros.com.br\/corretor\/wp-content\/uploads\/Ficha-associativa-ANASERV.pdf\" download=\"\">Baixar<\/a><\/div>\r\n\r\n\r\n\r\n<div class=\"wp-block-file\"><a href=\"https:\/\/www.rotaseguros.com.br\/corretor\/wp-content\/uploads\/Ficha-associativa-AASP.pdf\">Ficha Associativa AASP<\/a><a class=\"wp-block-file__button\" href=\"https:\/\/www.rotaseguros.com.br\/corretor\/wp-content\/uploads\/Ficha-associativa-AASP.pdf\" download=\"\">Baixar<\/a><\/div>\r\n\r\n\r\n\r\n<div class=\"wp-block-file\"><a href=\"https:\/\/www.rotaseguros.com.br\/corretor\/wp-content\/uploads\/ficha-associativa-AEB-2.pdf\">Ficha Associativa AEB<\/a><a class=\"wp-block-file__button\" href=\"https:\/\/www.rotaseguros.com.br\/corretor\/wp-content\/uploads\/ficha-associativa-AEB-2.pdf\" download=\"\">Baixar<\/a><\/div>\r\n\r\n\r\n\r\n<div>\u00a0<\/div>\r\n<div><a href=\"https:\/\/www.rotaseguros.com.br\/corretor\/wp-content\/uploads\/Manual-do-Corretor-venda-on-line-VALLOR.pdf.pdf\" target=\"_blank\" rel=\"noopener noreferrer\">Manual do Corretor- venda on-line | VALLOR<\/a><\/div>\r\n<div><a href=\"https:\/\/www.rotaseguros.com.br\/corretor\/wp-content\/uploads\/CONSULTA-REDE-ONLINE.pdf\" target=\"_blank\" rel=\"noopener noreferrer\">CONSULTA REDE ONLINE<\/a><\/div>\r\n<div><a href=\"https:\/\/www.rotaseguros.com.br\/corretor\/wp-content\/uploads\/FOLDER-VENDAS-ONLINE.pdf\" target=\"_blank\" rel=\"noopener noreferrer\">FOLDER VENDAS ONLINE<\/a><\/div>","protected":false},"excerpt":{"rendered":"<p>Fichas Associativas \u00a0 Manual do Corretor- venda on-line | VALLOR CONSULTA REDE ONLINE FOLDER VENDAS ONLINE<\/p>\n","protected":false},"author":1,"featured_media":0,"parent":11,"menu_order":0,"comment_status":"closed","ping_status":"closed","template":"","meta":{"footnotes":""},"class_list":["post-6352","page","type-page","status-publish","hentry"],"_links":{"self":[{"href":"https:\/\/www.rotaseguros.com.br\/corretor\/index.php\/wp-json\/wp\/v2\/pages\/6352","targetHints":{"allow":["GET"]}}],"collection":[{"href":"https:\/\/www.rotaseguros.com.br\/corretor\/index.php\/wp-json\/wp\/v2\/pages"}],"about":[{"href":"https:\/\/www.rotaseguros.com.br\/corretor\/index.php\/wp-json\/wp\/v2\/types\/page"}],"author":[{"embeddable":true,"href":"https:\/\/www.rotaseguros.com.br\/corretor\/index.php\/wp-json\/wp\/v2\/users\/1"}],"replies":[{"embeddable":true,"href":"https:\/\/www.rotaseguros.com.br\/corretor\/index.php\/wp-json\/wp\/v2\/comments?post=6352"}],"version-history":[{"count":3,"href":"https:\/\/www.rotaseguros.com.br\/corretor\/index.php\/wp-json\/wp\/v2\/pages\/6352\/revisions"}],"predecessor-version":[{"id":67378,"href":"https:\/\/www.rotaseguros.com.br\/corretor\/index.php\/wp-json\/wp\/v2\/pages\/6352\/revisions\/67378"}],"up":[{"embeddable":true,"href":"https:\/\/www.rotaseguros.com.br\/corretor\/index.php\/wp-json\/wp\/v2\/pages\/11"}],"wp:attachment":[{"href":"https:\/\/www.rotaseguros.com.br\/corretor\/index.php\/wp-json\/wp\/v2\/media?parent=6352"}],"curies":[{"name":"wp","href":"https:\/\/api.w.org\/{rel}","templated":true}]}}