{"id":64446,"date":"2024-06-12T11:20:59","date_gmt":"2024-06-12T14:20:59","guid":{"rendered":"https:\/\/www.rotaseguros.com.br\/corretor\/?page_id=64446"},"modified":"2025-09-04T14:34:26","modified_gmt":"2025-09-04T17:34:26","slug":"circulo-saude","status":"publish","type":"page","link":"https:\/\/www.rotaseguros.com.br\/corretor\/index.php\/caxias\/circulo-saude\/","title":{"rendered":"C\u00edrculo Sa\u00fade"},"content":{"rendered":"<h1>Tabelas de Pre\u00e7os<\/h1>\n<p><strong>PLANOS INDIVIDUAIS<\/strong><\/p>\n<ul>\n<li><a href=\"http:\/\/www.rotaseguros.com.br\/corretor\/wp-content\/uploads\/Tabelas-Circulo-Saude-Prime-PF-Privativo-1.pdf\" target=\"_blank\" rel=\"noopener\">Tabelas -Circulo Saude Prime PF Privativo &#8211; (Atualizado em 04\/09\/25)<\/a><\/li>\n<li><a href=\"http:\/\/www.rotaseguros.com.br\/corretor\/wp-content\/uploads\/Tabelas-Circulo-Saude-Prime-PF-Semi-Privativo-1.pdf\" target=\"_blank\" rel=\"noopener\">Tabelas -Circulo Saude Prime PF Semi Privativo &#8211; (Atualizado em 04\/09\/25)<\/a><\/li>\n<\/ul>\n<p><strong>PLANOS EMPRESARIAIS<\/strong><\/p>\n<ul>\n<li><a href=\"http:\/\/www.rotaseguros.com.br\/corretor\/wp-content\/uploads\/Tabelas-Circulo-Saude-Prime-Semi-Privativo-30-a-50-vidas.pdf\" target=\"_blank\" rel=\"noopener\">Tabelas -Circulo Saude Prime Semi Privativo-30 \u00e0 50 vidas &#8211; (Atualizado em 04\/09\/25)<\/a><\/li>\n<li><a href=\"http:\/\/www.rotaseguros.com.br\/corretor\/wp-content\/uploads\/Tabelas-Circulo-Saude-Prime-Semi-Privativo-ate-29-vidas-1.pdf\" target=\"_blank\" rel=\"noopener\">Tabelas -Circulo Saude Prime Semi Privativo- at\u00e9 29 vidas &#8211; (Atualizado em 04\/09\/25)<\/a><\/li>\n<li><a href=\"http:\/\/www.rotaseguros.com.br\/corretor\/wp-content\/uploads\/Tabelas-Circulo-Saude-Prime-Ambulatorial-30-a-50-vidas.pdf\" target=\"_blank\" rel=\"noopener\">Tabelas -Circulo Saude Prime Ambulatorial-30 \u00e0 50 vidas &#8211; (Atualizado em 04\/09\/25)<\/a><\/li>\n<li><a href=\"http:\/\/www.rotaseguros.com.br\/corretor\/wp-content\/uploads\/Tabelas-Circulo-Saude-Prime-Ambulatorial-ate-29-vidas.pdf\" target=\"_blank\" rel=\"noopener\">Tabelas -Circulo Saude Prime Ambulatorial-at\u00e9 29 vidas &#8211; (Atualizado em 04\/09\/25)<\/a><\/li>\n<li><a href=\"http:\/\/www.rotaseguros.com.br\/corretor\/wp-content\/uploads\/Tabelas-Circulo-Saude-Prime-Privativo-30-a-50-vidas.pdf\" target=\"_blank\" rel=\"noopener\">Tabelas -Circulo Saude Prime Privativo- 30 \u00e0 50 vidas &#8211; (Atualizado em 04\/09\/25)<\/a><\/li>\n<li><a href=\"http:\/\/www.rotaseguros.com.br\/corretor\/wp-content\/uploads\/Tabelas-Circulo-Saude-Prime-Privativo-ate-29-vidas-1.pdf\" target=\"_blank\" rel=\"noopener\">Tabelas -Circulo Saude Prime Privativo- at\u00e9 29 vidas &#8211; (Atualizado em 04\/09\/25)<\/a><\/li>\n<li><a href=\"http:\/\/www.rotaseguros.com.br\/corretor\/wp-content\/uploads\/Tabelas-Circulo-Saude-Liberty-Semi-Privativo_30-a-50-vidas_16.04.2025.pdf\" target=\"_blank\" rel=\"noopener\">Tabelas Circulo Saude Liberty Semi Privativo_30 \u00e0 50 vidas &#8211; (Atualizado em 04\/09\/25)<\/a><\/li>\n<li><a href=\"http:\/\/www.rotaseguros.com.br\/corretor\/wp-content\/uploads\/Tabelas-Circulo-Saude-Liberty-Semi-Privativo_ate-29-vidas_16.04.2025-1.pdf\" target=\"_blank\" rel=\"noopener\">Tabelas Circulo Saude Liberty Semi Privativo_at\u00e9 29 vidas &#8211; (Atualizado em 04\/09\/25)<\/a><\/li>\n<li><a href=\"http:\/\/www.rotaseguros.com.br\/corretor\/wp-content\/uploads\/Tabelas-Circulo-Saude-Liberty-Privativo_30-a-50-vidas_16.04.2025.pdf\" target=\"_blank\" rel=\"noopener\">Tabelas Circulo Saude Liberty Privativo_30 \u00e0 50 vidas &#8211; (Atualizado em 04\/09\/25)<\/a><\/li>\n<li><a href=\"http:\/\/www.rotaseguros.com.br\/corretor\/wp-content\/uploads\/Tabelas-Circulo-Saude-Liberty-Privativo_ate-29-vidas_16.04.2025-1.pdf\" target=\"_blank\" rel=\"noopener\">Tabelas Circulo Saude Liberty Privativo_at\u00e9 29 vidas &#8211; (Atualizado em 04\/09\/25)<\/a><\/li>\n<li><a href=\"http:\/\/www.rotaseguros.com.br\/corretor\/wp-content\/uploads\/Tabelas-Circulo-360\u00b0-Semi-Privativo_-de-30-a-50-vidas-15.07.2023-2-1.pdf\" target=\"_blank\" rel=\"noopener\">Tabelas C\u00edrculo 360\u00b0 Semi Privativo_ de 30 \u00e0 50 vidas &#8211; (Atualizado em 04\/09\/25)<\/a><\/li>\n<li><a href=\"http:\/\/www.rotaseguros.com.br\/corretor\/wp-content\/uploads\/Tabelas-Circulo-360\u00b0-Privativo_-de-30-a-50-vidas-15.07.2023.pdf\" target=\"_blank\" rel=\"noopener\">Tabelas C\u00edrculo 360\u00b0 Privativo_ de 30 \u00e0 50 vidas &#8211; (Atualizado em 04\/09\/25)<\/a><\/li>\n<li><a href=\"http:\/\/www.rotaseguros.com.br\/corretor\/wp-content\/uploads\/Tabelas-Circulo-360\u00b0-Privativo_-ate-5-vidas-15.07.2023-1-2.pdf\" target=\"_blank\" rel=\"noopener\">Tabelas C\u00edrculo 360\u00b0 Privativo_ at\u00e9 5 vidas &#8211; (Atualizado em 04\/09\/25)<\/a><\/li>\n<li><a href=\"http:\/\/www.rotaseguros.com.br\/corretor\/wp-content\/uploads\/Tabelas-Circulo-360\u00b0-Privativo_-de-6-a-29-vidas-15.07.2023-2.pdf\" target=\"_blank\" rel=\"noopener\">Tabelas C\u00edrculo 360\u00b0 Privativo_ de 6 \u00e0 29 vidas &#8211; (Atualizado em 04\/09\/25)<\/a><\/li>\n<li><a href=\"http:\/\/www.rotaseguros.com.br\/corretor\/wp-content\/uploads\/Tabelas-Circulo-360\u00b0-Semi-Privativo_-ate-5-vidas-15.07.2023-2.pdf\" target=\"_blank\" rel=\"noopener\">Tabelas C\u00edrculo 360\u00b0 Semi Privativo_ at\u00e9 5 vidas &#8211; (Atualizado em 04\/09\/25)<\/a><\/li>\n<li><a href=\"http:\/\/www.rotaseguros.com.br\/corretor\/wp-content\/uploads\/Tabelas-Circulo-360\u00b0-Semi-Privativo_-de-6-a-29-vidas-15.07.2023-2.pdf\" target=\"_blank\" rel=\"noopener\">Tabelas C\u00edrculo 360\u00b0 Semi Privativo_ de 6 \u00e0 29 vida &#8211; (Atualizado em 04\/09\/25)s-15.07.2023<\/a><\/li>\n<li><a href=\"http:\/\/www.rotaseguros.com.br\/corretor\/wp-content\/uploads\/Tabelas-Circulo-360\u00b0-City-Semi-Privativo_ate-29-vidas_01.05.2025-1.pdf\" target=\"_blank\" rel=\"noopener\">Tabelas C\u00edrculo 360\u00b0 City Semi Privativo_at\u00e9 29 vidas &#8211; (Atualizado em 04\/09\/25)<\/a><\/li>\n<\/ul>\n<p>&nbsp;<\/p>\n<p><strong>ODONTOL\u00d3GICO<\/strong><\/p>\n<p><img loading=\"lazy\" decoding=\"async\" class=\"alignnone wp-image-66494 \" src=\"http:\/\/www.rotaseguros.com.br\/corretor\/wp-content\/uploads\/WhatsApp-Image-2025-02-24-at-10.30.35-1.jpeg\" alt=\"\" width=\"428\" height=\"605\" srcset=\"https:\/\/www.rotaseguros.com.br\/corretor\/wp-content\/uploads\/WhatsApp-Image-2025-02-24-at-10.30.35-1.jpeg 1132w, https:\/\/www.rotaseguros.com.br\/corretor\/wp-content\/uploads\/WhatsApp-Image-2025-02-24-at-10.30.35-1-212x300.jpeg 212w, https:\/\/www.rotaseguros.com.br\/corretor\/wp-content\/uploads\/WhatsApp-Image-2025-02-24-at-10.30.35-1-724x1024.jpeg 724w, https:\/\/www.rotaseguros.com.br\/corretor\/wp-content\/uploads\/WhatsApp-Image-2025-02-24-at-10.30.35-1-768x1086.jpeg 768w, https:\/\/www.rotaseguros.com.br\/corretor\/wp-content\/uploads\/WhatsApp-Image-2025-02-24-at-10.30.35-1-1087x1536.jpeg 1087w\" sizes=\"auto, (max-width: 428px) 100vw, 428px\" \/><\/p>\n<p><img loading=\"lazy\" decoding=\"async\" class=\"alignnone wp-image-66495 \" src=\"http:\/\/www.rotaseguros.com.br\/corretor\/wp-content\/uploads\/WhatsApp-Image-2025-02-24-at-10.30.35-2.jpeg\" alt=\"\" width=\"427\" height=\"604\" srcset=\"https:\/\/www.rotaseguros.com.br\/corretor\/wp-content\/uploads\/WhatsApp-Image-2025-02-24-at-10.30.35-2.jpeg 1132w, https:\/\/www.rotaseguros.com.br\/corretor\/wp-content\/uploads\/WhatsApp-Image-2025-02-24-at-10.30.35-2-212x300.jpeg 212w, https:\/\/www.rotaseguros.com.br\/corretor\/wp-content\/uploads\/WhatsApp-Image-2025-02-24-at-10.30.35-2-724x1024.jpeg 724w, https:\/\/www.rotaseguros.com.br\/corretor\/wp-content\/uploads\/WhatsApp-Image-2025-02-24-at-10.30.35-2-768x1086.jpeg 768w, https:\/\/www.rotaseguros.com.br\/corretor\/wp-content\/uploads\/WhatsApp-Image-2025-02-24-at-10.30.35-2-1087x1536.jpeg 1087w\" sizes=\"auto, (max-width: 427px) 100vw, 427px\" \/><\/p>\n<p><img loading=\"lazy\" decoding=\"async\" class=\"alignnone wp-image-66496 \" src=\"http:\/\/www.rotaseguros.com.br\/corretor\/wp-content\/uploads\/WhatsApp-Image-2025-02-24-at-10.30.35.jpeg\" alt=\"\" width=\"425\" height=\"601\" srcset=\"https:\/\/www.rotaseguros.com.br\/corretor\/wp-content\/uploads\/WhatsApp-Image-2025-02-24-at-10.30.35.jpeg 1132w, https:\/\/www.rotaseguros.com.br\/corretor\/wp-content\/uploads\/WhatsApp-Image-2025-02-24-at-10.30.35-212x300.jpeg 212w, https:\/\/www.rotaseguros.com.br\/corretor\/wp-content\/uploads\/WhatsApp-Image-2025-02-24-at-10.30.35-724x1024.jpeg 724w, https:\/\/www.rotaseguros.com.br\/corretor\/wp-content\/uploads\/WhatsApp-Image-2025-02-24-at-10.30.35-768x1086.jpeg 768w, https:\/\/www.rotaseguros.com.br\/corretor\/wp-content\/uploads\/WhatsApp-Image-2025-02-24-at-10.30.35-1087x1536.jpeg 1087w\" sizes=\"auto, (max-width: 425px) 100vw, 425px\" \/><\/p>\n","protected":false},"excerpt":{"rendered":"<p>Tabelas de Pre\u00e7os PLANOS INDIVIDUAIS Tabelas -Circulo Saude Prime PF Privativo &#8211; (Atualizado em 04\/09\/25) Tabelas -Circulo Saude Prime PF Semi Privativo &#8211; (Atualizado em 04\/09\/25) PLANOS EMPRESARIAIS Tabelas -Circulo &#8230;<\/p>\n","protected":false},"author":22,"featured_media":0,"parent":63821,"menu_order":0,"comment_status":"closed","ping_status":"closed","template":"","meta":{"footnotes":""},"class_list":["post-64446","page","type-page","status-publish","hentry"],"_links":{"self":[{"href":"https:\/\/www.rotaseguros.com.br\/corretor\/index.php\/wp-json\/wp\/v2\/pages\/64446","targetHints":{"allow":["GET"]}}],"collection":[{"href":"https:\/\/www.rotaseguros.com.br\/corretor\/index.php\/wp-json\/wp\/v2\/pages"}],"about":[{"href":"https:\/\/www.rotaseguros.com.br\/corretor\/index.php\/wp-json\/wp\/v2\/types\/page"}],"author":[{"embeddable":true,"href":"https:\/\/www.rotaseguros.com.br\/corretor\/index.php\/wp-json\/wp\/v2\/users\/22"}],"replies":[{"embeddable":true,"href":"https:\/\/www.rotaseguros.com.br\/corretor\/index.php\/wp-json\/wp\/v2\/comments?post=64446"}],"version-history":[{"count":8,"href":"https:\/\/www.rotaseguros.com.br\/corretor\/index.php\/wp-json\/wp\/v2\/pages\/64446\/revisions"}],"predecessor-version":[{"id":66674,"href":"https:\/\/www.rotaseguros.com.br\/corretor\/index.php\/wp-json\/wp\/v2\/pages\/64446\/revisions\/66674"}],"up":[{"embeddable":true,"href":"https:\/\/www.rotaseguros.com.br\/corretor\/index.php\/wp-json\/wp\/v2\/pages\/63821"}],"wp:attachment":[{"href":"https:\/\/www.rotaseguros.com.br\/corretor\/index.php\/wp-json\/wp\/v2\/media?parent=64446"}],"curies":[{"name":"wp","href":"https:\/\/api.w.org\/{rel}","templated":true}]}}