{"id":64880,"date":"2024-10-08T15:59:28","date_gmt":"2024-10-08T18:59:28","guid":{"rendered":"https:\/\/www.rotaseguros.com.br\/corretor\/?page_id=64880"},"modified":"2026-04-23T13:45:01","modified_gmt":"2026-04-23T16:45:01","slug":"pam-saude","status":"publish","type":"page","link":"https:\/\/www.rotaseguros.com.br\/corretor\/index.php\/cascavel\/pam-saude\/","title":{"rendered":"Pam Sa\u00fade"},"content":{"rendered":"<h1>Tabelas de Pre\u00e7os<\/h1>\n<p>&nbsp;<\/p>\n<p><strong>PME<\/strong><\/p>\n<ul>\n<li><a href=\"http:\/\/www.rotaseguros.com.br\/corretor\/wp-content\/uploads\/PME1-PRO-SAUDE-8.pdf\" target=\"_blank\" rel=\"noopener\">PME 1 PRO SA\u00daDE &#8211; (atualizado em 23\/04\/2026)<\/a><\/li>\n<li><a href=\"http:\/\/www.rotaseguros.com.br\/corretor\/wp-content\/uploads\/PME1-PRO-CLASSIC-8.pdf\" target=\"_blank\" rel=\"noopener\">PME 1 PRO CLASSIC &#8211; (atualizado em 23\/04\/2026)<\/a><\/li>\n<li><a href=\"http:\/\/www.rotaseguros.com.br\/corretor\/wp-content\/uploads\/PME1-PRO-CLASSIC-APTO-8.pdf\" target=\"_blank\" rel=\"noopener\">PME 1 PRO CLASSIC APTO &#8211; (atualizado em 23\/04\/2026)<\/a><\/li>\n<li><a href=\"http:\/\/www.rotaseguros.com.br\/corretor\/wp-content\/uploads\/PME-2-PRO-SAUDE-8.pdf\" target=\"_blank\" rel=\"noopener\">PME 2 PRO SA\u00daDE &#8211; (atualizado em 23\/04\/2026)\u00a0<\/a><\/li>\n<li><a href=\"http:\/\/www.rotaseguros.com.br\/corretor\/wp-content\/uploads\/PME-2-PRO-CLASSIC-8.pdf\" target=\"_blank\" rel=\"noopener\">PME 2 PRO CLASSIC &#8211; (atualizado em 23\/04\/2026)\u00a0<\/a><\/li>\n<li><a href=\"http:\/\/www.rotaseguros.com.br\/corretor\/wp-content\/uploads\/PME-2-PRO-CLASSIC-APTO-8.pdf\" target=\"_blank\" rel=\"noopener\">PME 2 PRO CLASSIC APTO &#8211; (atualizado em 23\/04\/2026)\u00a0<\/a><\/li>\n<li><a href=\"http:\/\/www.rotaseguros.com.br\/corretor\/wp-content\/uploads\/PME-3-PRO-SAUDE-9.pdf\" target=\"_blank\" rel=\"noopener\">PME 3 PRO SA\u00daDE &#8211; (atualizado em 23\/04\/2026)<\/a><\/li>\n<li><a href=\"http:\/\/www.rotaseguros.com.br\/corretor\/wp-content\/uploads\/PME-3-PRO-CLASSIC-9.pdf\" target=\"_blank\" rel=\"noopener\">PME 3 PRO CLASSIC &#8211; (atualizado em 23\/04\/2026)<\/a><\/li>\n<li><a href=\"http:\/\/www.rotaseguros.com.br\/corretor\/wp-content\/uploads\/PME-3-PRO-CLASSIC-APTO-9.pdf\" target=\"_blank\" rel=\"noopener\">PME 3 PRO CLASSIC APTO &#8211; (atualizado em 23\/04\/2026)<\/a><\/li>\n<\/ul>\n<p><strong>Ades\u00e3o<\/strong><\/p>\n<ul>\n<li><a href=\"http:\/\/www.rotaseguros.com.br\/corretor\/wp-content\/uploads\/Tabela-de-Vendas-PAM-Adesao-CascavelUbirata-e-CM.pdf\" target=\"_blank\" rel=\"noopener\">Tabela de Vendas &#8211; PAM Ades\u00e3o &#8211; (atualizado em 23\/04\/2026)<\/a><\/li>\n<\/ul>\n<p><strong>Material de Apoio<\/strong><\/p>\n<ul>\n<li><a href=\"https:\/\/www.rotaseguros.com.br\/corretor\/wp-content\/uploads\/FOR.COM_.005-Declaracao-de-Informacoes-de-Saude-para-Propostas-Empresariais-Rev-03.pdf\" target=\"_blank\" rel=\"noopener\">FOR.COM.005 &#8211; Declara\u00e7\u00e3o de Informa\u00e7\u00f5es de Sa\u00fade para Propostas Empresariais &#8211; (Atualizado em 09\/10\/24)<\/a><\/li>\n<li><a href=\"https:\/\/www.rotaseguros.com.br\/corretor\/wp-content\/uploads\/REDE-ACESSO-PDF.pdf\" target=\"_blank\" rel=\"noopener\">REDE ACESSO PDF &#8211; (Atualizado em 09\/10\/24)<\/a><\/li>\n<\/ul>\n<p>&nbsp;<\/p>\n<p><img loading=\"lazy\" decoding=\"async\" class=\"alignnone wp-image-64986 \" src=\"https:\/\/www.rotaseguros.com.br\/corretor\/wp-content\/uploads\/APP2024-1024x1024.jpg\" alt=\"\" width=\"565\" height=\"565\" srcset=\"https:\/\/www.rotaseguros.com.br\/corretor\/wp-content\/uploads\/APP2024-1024x1024.jpg 1024w, https:\/\/www.rotaseguros.com.br\/corretor\/wp-content\/uploads\/APP2024-300x300.jpg 300w, https:\/\/www.rotaseguros.com.br\/corretor\/wp-content\/uploads\/APP2024-150x150.jpg 150w, https:\/\/www.rotaseguros.com.br\/corretor\/wp-content\/uploads\/APP2024-768x768.jpg 768w, https:\/\/www.rotaseguros.com.br\/corretor\/wp-content\/uploads\/APP2024-1536x1536.jpg 1536w, https:\/\/www.rotaseguros.com.br\/corretor\/wp-content\/uploads\/APP2024-1080x1080.jpg 1080w, https:\/\/www.rotaseguros.com.br\/corretor\/wp-content\/uploads\/APP2024-1280x1280.jpg 1280w, https:\/\/www.rotaseguros.com.br\/corretor\/wp-content\/uploads\/APP2024-980x980.jpg 980w, https:\/\/www.rotaseguros.com.br\/corretor\/wp-content\/uploads\/APP2024-480x480.jpg 480w, https:\/\/www.rotaseguros.com.br\/corretor\/wp-content\/uploads\/APP2024.jpg 2038w\" sizes=\"auto, (max-width: 565px) 100vw, 565px\" \/><\/p>\n<p><img loading=\"lazy\" decoding=\"async\" class=\"alignnone wp-image-64987 \" src=\"https:\/\/www.rotaseguros.com.br\/corretor\/wp-content\/uploads\/APP-LINK-535x1024.jpg\" alt=\"\" width=\"346\" height=\"662\" srcset=\"https:\/\/www.rotaseguros.com.br\/corretor\/wp-content\/uploads\/APP-LINK-535x1024.jpg 535w, https:\/\/www.rotaseguros.com.br\/corretor\/wp-content\/uploads\/APP-LINK-157x300.jpg 157w, https:\/\/www.rotaseguros.com.br\/corretor\/wp-content\/uploads\/APP-LINK-768x1469.jpg 768w, https:\/\/www.rotaseguros.com.br\/corretor\/wp-content\/uploads\/APP-LINK-803x1536.jpg 803w, https:\/\/www.rotaseguros.com.br\/corretor\/wp-content\/uploads\/APP-LINK-1071x2048.jpg 1071w, https:\/\/www.rotaseguros.com.br\/corretor\/wp-content\/uploads\/APP-LINK-980x1874.jpg 980w, https:\/\/www.rotaseguros.com.br\/corretor\/wp-content\/uploads\/APP-LINK-480x918.jpg 480w, https:\/\/www.rotaseguros.com.br\/corretor\/wp-content\/uploads\/APP-LINK.jpg 1075w\" sizes=\"auto, (max-width: 346px) 100vw, 346px\" \/><\/p>\n<p><img loading=\"lazy\" decoding=\"async\" class=\"alignnone wp-image-64988 \" src=\"https:\/\/www.rotaseguros.com.br\/corretor\/wp-content\/uploads\/Canais-de-Atendimento-1-1024x1007.jpg\" alt=\"\" width=\"548\" height=\"539\" srcset=\"https:\/\/www.rotaseguros.com.br\/corretor\/wp-content\/uploads\/Canais-de-Atendimento-1-1024x1007.jpg 1024w, https:\/\/www.rotaseguros.com.br\/corretor\/wp-content\/uploads\/Canais-de-Atendimento-1-300x295.jpg 300w, https:\/\/www.rotaseguros.com.br\/corretor\/wp-content\/uploads\/Canais-de-Atendimento-1-768x755.jpg 768w, https:\/\/www.rotaseguros.com.br\/corretor\/wp-content\/uploads\/Canais-de-Atendimento-1-1536x1510.jpg 1536w, https:\/\/www.rotaseguros.com.br\/corretor\/wp-content\/uploads\/Canais-de-Atendimento-1-1080x1062.jpg 1080w, https:\/\/www.rotaseguros.com.br\/corretor\/wp-content\/uploads\/Canais-de-Atendimento-1-1280x1259.jpg 1280w, https:\/\/www.rotaseguros.com.br\/corretor\/wp-content\/uploads\/Canais-de-Atendimento-1-980x964.jpg 980w, https:\/\/www.rotaseguros.com.br\/corretor\/wp-content\/uploads\/Canais-de-Atendimento-1-480x472.jpg 480w, https:\/\/www.rotaseguros.com.br\/corretor\/wp-content\/uploads\/Canais-de-Atendimento-1.jpg 1978w\" sizes=\"auto, (max-width: 548px) 100vw, 548px\" \/><\/p>\n<p><img loading=\"lazy\" decoding=\"async\" class=\"alignnone wp-image-64989 \" src=\"https:\/\/www.rotaseguros.com.br\/corretor\/wp-content\/uploads\/Canais-de-Atendimento-2-1024x1005.jpg\" alt=\"\" width=\"593\" height=\"582\" srcset=\"https:\/\/www.rotaseguros.com.br\/corretor\/wp-content\/uploads\/Canais-de-Atendimento-2-1024x1005.jpg 1024w, https:\/\/www.rotaseguros.com.br\/corretor\/wp-content\/uploads\/Canais-de-Atendimento-2-300x295.jpg 300w, https:\/\/www.rotaseguros.com.br\/corretor\/wp-content\/uploads\/Canais-de-Atendimento-2-768x754.jpg 768w, https:\/\/www.rotaseguros.com.br\/corretor\/wp-content\/uploads\/Canais-de-Atendimento-2-1536x1508.jpg 1536w, https:\/\/www.rotaseguros.com.br\/corretor\/wp-content\/uploads\/Canais-de-Atendimento-2-1080x1060.jpg 1080w, https:\/\/www.rotaseguros.com.br\/corretor\/wp-content\/uploads\/Canais-de-Atendimento-2-1280x1257.jpg 1280w, https:\/\/www.rotaseguros.com.br\/corretor\/wp-content\/uploads\/Canais-de-Atendimento-2-980x962.jpg 980w, https:\/\/www.rotaseguros.com.br\/corretor\/wp-content\/uploads\/Canais-de-Atendimento-2-480x471.jpg 480w, https:\/\/www.rotaseguros.com.br\/corretor\/wp-content\/uploads\/Canais-de-Atendimento-2.jpg 1964w\" sizes=\"auto, (max-width: 593px) 100vw, 593px\" \/><\/p>\n<p><img loading=\"lazy\" decoding=\"async\" class=\"alignnone wp-image-64990 \" src=\"https:\/\/www.rotaseguros.com.br\/corretor\/wp-content\/uploads\/Canais-de-Atendimento-capa-1024x1005.jpg\" alt=\"\" width=\"588\" height=\"577\" srcset=\"https:\/\/www.rotaseguros.com.br\/corretor\/wp-content\/uploads\/Canais-de-Atendimento-capa-1024x1005.jpg 1024w, https:\/\/www.rotaseguros.com.br\/corretor\/wp-content\/uploads\/Canais-de-Atendimento-capa-300x294.jpg 300w, https:\/\/www.rotaseguros.com.br\/corretor\/wp-content\/uploads\/Canais-de-Atendimento-capa-768x754.jpg 768w, https:\/\/www.rotaseguros.com.br\/corretor\/wp-content\/uploads\/Canais-de-Atendimento-capa-1536x1507.jpg 1536w, https:\/\/www.rotaseguros.com.br\/corretor\/wp-content\/uploads\/Canais-de-Atendimento-capa-1080x1060.jpg 1080w, https:\/\/www.rotaseguros.com.br\/corretor\/wp-content\/uploads\/Canais-de-Atendimento-capa-1280x1256.jpg 1280w, https:\/\/www.rotaseguros.com.br\/corretor\/wp-content\/uploads\/Canais-de-Atendimento-capa-980x962.jpg 980w, https:\/\/www.rotaseguros.com.br\/corretor\/wp-content\/uploads\/Canais-de-Atendimento-capa-480x471.jpg 480w, https:\/\/www.rotaseguros.com.br\/corretor\/wp-content\/uploads\/Canais-de-Atendimento-capa.jpg 1976w\" sizes=\"auto, (max-width: 588px) 100vw, 588px\" \/><\/p>\n<p><img loading=\"lazy\" decoding=\"async\" class=\"alignnone wp-image-64991 \" src=\"https:\/\/www.rotaseguros.com.br\/corretor\/wp-content\/uploads\/documentacao-para-contratacao-TODOS-558x1024.jpg\" alt=\"\" width=\"385\" height=\"707\" srcset=\"https:\/\/www.rotaseguros.com.br\/corretor\/wp-content\/uploads\/documentacao-para-contratacao-TODOS-558x1024.jpg 558w, https:\/\/www.rotaseguros.com.br\/corretor\/wp-content\/uploads\/documentacao-para-contratacao-TODOS-163x300.jpg 163w, https:\/\/www.rotaseguros.com.br\/corretor\/wp-content\/uploads\/documentacao-para-contratacao-TODOS-768x1410.jpg 768w, https:\/\/www.rotaseguros.com.br\/corretor\/wp-content\/uploads\/documentacao-para-contratacao-TODOS-836x1536.jpg 836w, https:\/\/www.rotaseguros.com.br\/corretor\/wp-content\/uploads\/documentacao-para-contratacao-TODOS-1115x2048.jpg 1115w, https:\/\/www.rotaseguros.com.br\/corretor\/wp-content\/uploads\/documentacao-para-contratacao-TODOS-1080x1983.jpg 1080w, https:\/\/www.rotaseguros.com.br\/corretor\/wp-content\/uploads\/documentacao-para-contratacao-TODOS-980x1800.jpg 980w, https:\/\/www.rotaseguros.com.br\/corretor\/wp-content\/uploads\/documentacao-para-contratacao-TODOS-480x881.jpg 480w, https:\/\/www.rotaseguros.com.br\/corretor\/wp-content\/uploads\/documentacao-para-contratacao-TODOS.jpg 1124w\" sizes=\"auto, (max-width: 385px) 100vw, 385px\" \/><\/p>\n<p>&nbsp;<\/p>\n","protected":false},"excerpt":{"rendered":"<p>Tabelas de Pre\u00e7os &nbsp; PME PME 1 PRO SA\u00daDE &#8211; (atualizado em 23\/04\/2026) PME 1 PRO CLASSIC &#8211; (atualizado em 23\/04\/2026) PME 1 PRO CLASSIC APTO &#8211; (atualizado em 23\/04\/2026) &#8230;<\/p>\n","protected":false},"author":22,"featured_media":0,"parent":64874,"menu_order":0,"comment_status":"closed","ping_status":"closed","template":"","meta":{"footnotes":""},"class_list":["post-64880","page","type-page","status-publish","hentry"],"_links":{"self":[{"href":"https:\/\/www.rotaseguros.com.br\/corretor\/index.php\/wp-json\/wp\/v2\/pages\/64880","targetHints":{"allow":["GET"]}}],"collection":[{"href":"https:\/\/www.rotaseguros.com.br\/corretor\/index.php\/wp-json\/wp\/v2\/pages"}],"about":[{"href":"https:\/\/www.rotaseguros.com.br\/corretor\/index.php\/wp-json\/wp\/v2\/types\/page"}],"author":[{"embeddable":true,"href":"https:\/\/www.rotaseguros.com.br\/corretor\/index.php\/wp-json\/wp\/v2\/users\/22"}],"replies":[{"embeddable":true,"href":"https:\/\/www.rotaseguros.com.br\/corretor\/index.php\/wp-json\/wp\/v2\/comments?post=64880"}],"version-history":[{"count":15,"href":"https:\/\/www.rotaseguros.com.br\/corretor\/index.php\/wp-json\/wp\/v2\/pages\/64880\/revisions"}],"predecessor-version":[{"id":67573,"href":"https:\/\/www.rotaseguros.com.br\/corretor\/index.php\/wp-json\/wp\/v2\/pages\/64880\/revisions\/67573"}],"up":[{"embeddable":true,"href":"https:\/\/www.rotaseguros.com.br\/corretor\/index.php\/wp-json\/wp\/v2\/pages\/64874"}],"wp:attachment":[{"href":"https:\/\/www.rotaseguros.com.br\/corretor\/index.php\/wp-json\/wp\/v2\/media?parent=64880"}],"curies":[{"name":"wp","href":"https:\/\/api.w.org\/{rel}","templated":true}]}}