{"id":64883,"date":"2024-10-08T16:01:02","date_gmt":"2024-10-08T19:01:02","guid":{"rendered":"https:\/\/www.rotaseguros.com.br\/corretor\/?page_id=64883"},"modified":"2026-02-06T10:15:50","modified_gmt":"2026-02-06T13:15:50","slug":"humana-saude-sul","status":"publish","type":"page","link":"https:\/\/www.rotaseguros.com.br\/corretor\/index.php\/cascavel\/humana-saude-sul\/","title":{"rendered":"Humana Sa\u00fade Sul"},"content":{"rendered":"<h1>Tabelas de Pre\u00e7os<\/h1>\n<p>&nbsp;<\/p>\n<p><strong>Material de Apoio<\/strong><\/p>\n<ul>\n<li><a href=\"https:\/\/www.rotaseguros.com.br\/corretor\/wp-content\/uploads\/230524_POP-Regras-de-Aceitacao-v4.pdf\" target=\"_blank\" rel=\"noopener\">230524_POP Regras de Aceita\u00e7\u00e3o v4 &#8211; (Atualizado em 08\/10\/24)<\/a><\/li>\n<li><a href=\"https:\/\/www.rotaseguros.com.br\/corretor\/wp-content\/uploads\/230524_Regras-de-Aceitacao-v4.pdf\" target=\"_blank\" rel=\"noopener\">230524_Regras de Aceita\u00e7\u00e3o v4 &#8211; (Atualizado em 08\/10\/24)<\/a><\/li>\n<li><a href=\"https:\/\/www.rotaseguros.com.br\/corretor\/wp-content\/uploads\/348180-PRC03-MARECHAL-CE-1001.pdf\" target=\"_blank\" rel=\"noopener\">348180 &#8211; PRC03 MARECHAL &#8211; CE 1001. &#8211; (Atualizado em 08\/10\/24)<\/a><\/li>\n<li><a href=\"https:\/\/www.rotaseguros.com.br\/corretor\/wp-content\/uploads\/348180-PRC04-MARECHAL-CE.pdf\" target=\"_blank\" rel=\"noopener\">348180 &#8211; PRC04 MARECHAL &#8211; CE. &#8211; (Atualizado em 08\/10\/24)<\/a><\/li>\n<li><a href=\"https:\/\/www.rotaseguros.com.br\/corretor\/wp-content\/uploads\/348180-PRC04-MARECHAL-PF.pdf\" target=\"_blank\" rel=\"noopener\">348180 &#8211; PRC04 MARECHAL &#8211; PF. &#8211; (Atualizado em 08\/10\/24)<\/a><\/li>\n<li><a href=\"https:\/\/www.rotaseguros.com.br\/corretor\/wp-content\/uploads\/ADESAO-POR-PORTABILIDADE-HUMANA-SAUDE-SUL-2.pdf\" target=\"_blank\" rel=\"noopener\">ADES\u00c3O POR PORTABILIDADE &#8211; HUMANA SA\u00daDE SUL (2) &#8211; (Atualizado em 08\/10\/24)<\/a><\/li>\n<li><a href=\"https:\/\/www.rotaseguros.com.br\/corretor\/wp-content\/uploads\/CAMPANHA-SETEMBRO-VENDA-INCL.-E-INCLUSAO-DE-DEP.pdf\" target=\"_blank\" rel=\"noopener\">CAMPANHA SETEMBRO- VENDA INCL. E INCLUSAO DE DEP. &#8211; (Atualizado em 08\/10\/24)<\/a><\/li>\n<li><a href=\"https:\/\/www.rotaseguros.com.br\/corretor\/wp-content\/uploads\/Circular-086-24-POP-Regras-de-Aceitacao.pdf\" target=\"_blank\" rel=\"noopener\">Circular 086-24 &#8211; POP Regras de Aceita\u00e7\u00e3o &#8211; (Atualizado em 08\/10\/24)<\/a><\/li>\n<li><a href=\"https:\/\/www.rotaseguros.com.br\/corretor\/wp-content\/uploads\/Declaracao-de-Saude-HUMANA-PARANA-MARECHAL-2.pdf\" target=\"_blank\" rel=\"noopener\">Declara\u00e7\u00e3o de Sa\u00fade HUMANA PARAN\u00c1 &#8211; MARECHAL (2) &#8211; (Atualizado em 08\/10\/24)<\/a><\/li>\n<li><a href=\"https:\/\/www.rotaseguros.com.br\/corretor\/wp-content\/uploads\/ESPECIALIDADES-HUMANA-CLINICA-09_01_2024-Documentos-Google.pdf\" target=\"_blank\" rel=\"noopener\">ESPECIALIDADES HUMANA CL\u00cdNICA 09_01_2024 &#8211; Documentos Google &#8211; (Atualizado em 08\/10\/24)<\/a><\/li>\n<li><a href=\"https:\/\/www.rotaseguros.com.br\/corretor\/wp-content\/uploads\/Formulario-Cotacao-Modelo-1.xlsm\" target=\"_blank\" rel=\"noopener\">Formul\u00e1rio Cota\u00e7\u00e3o &#8211; Modelo (1) &#8211; (Atualizado em 08\/10\/24)<\/a><\/li>\n<li><a href=\"https:\/\/www.rotaseguros.com.br\/corretor\/wp-content\/uploads\/Link-por-vendedor-Humana-Sul-Rota-Cascavel.xlsx\" target=\"_blank\" rel=\"noopener\">Link por vendedor &#8211; Humana Sul (Rota Cascavel) &#8211; (Atualizado em 08\/10\/24)<\/a><\/li>\n<li><a href=\"https:\/\/www.rotaseguros.com.br\/corretor\/wp-content\/uploads\/PC-PME-HPR-CONTRATO-VIGENTE.1.docx\" target=\"_blank\" rel=\"noopener\">PC PME &#8211; HPR &#8211; CONTRATO VIGENTE.1 &#8211; (Atualizado em 08\/10\/24)<\/a><\/li>\n<li><a href=\"https:\/\/www.rotaseguros.com.br\/corretor\/wp-content\/uploads\/PDA04-FC-PME_MARECHAL.docx\" target=\"_blank\" rel=\"noopener\">PDA04 &#8211; FC PME_MARECHAL &#8211; (Atualizado em 08\/10\/24)<\/a><\/li>\n<li><a href=\"https:\/\/www.rotaseguros.com.br\/corretor\/wp-content\/uploads\/PDA05-PC-PF_MARECHAL.docx\" target=\"_blank\" rel=\"noopener\">PDA05 &#8211; PC PF_MARECHAL &#8211; (Atualizado em 08\/10\/24)<\/a><\/li>\n<li><a href=\"https:\/\/www.rotaseguros.com.br\/corretor\/wp-content\/uploads\/PDA05-PC-PME-acima-de-30-vidas_MARECHAL.docx\" target=\"_blank\" rel=\"noopener\">PDA05 &#8211; PC PME &#8211; acima de 30 vidas_MARECHAL &#8211; (Atualizado em 08\/10\/24)<\/a><\/li>\n<li><a href=\"https:\/\/www.rotaseguros.com.br\/corretor\/wp-content\/uploads\/PDA05-PC-PME-ate-29-vidas_MARECHAL.docx\" target=\"_blank\" rel=\"noopener\">PDA05 &#8211; PC PME &#8211; at\u00e9 29 vidas_MARECHAL &#8211; (Atualizado em 08\/10\/24)<\/a><\/li>\n<li><a href=\"https:\/\/www.rotaseguros.com.br\/corretor\/wp-content\/uploads\/Regulamento-Busca-Pelo-Ouro-2024.pdf\" target=\"_blank\" rel=\"noopener\">Regulamento Busca Pelo Ouro 2024 &#8211; (Atualizado em 08\/10\/24)<\/a><\/li>\n<li><a href=\"https:\/\/www.rotaseguros.com.br\/corretor\/wp-content\/uploads\/rede-credenciada-humana-toledo-10-09.pdf\" target=\"_blank\" rel=\"noopener\">rede credenciada humana &#8211; toledo 10-09 &#8211; (Atualizado em 08\/10\/24)<\/a><\/li>\n<li><a href=\"https:\/\/www.rotaseguros.com.br\/corretor\/wp-content\/uploads\/rede-credenciada-humana-marechal-10-09.pdf\" target=\"_blank\" rel=\"noopener\">rede credenciada humana &#8211; marechal 10-09 &#8211; (Atualizado em 08\/10\/24)<\/a><\/li>\n<li><a href=\"https:\/\/www.rotaseguros.com.br\/corretor\/wp-content\/uploads\/rede-credenciada-humana-cascavel-10-09.pdf\" target=\"_blank\" rel=\"noopener\">rede credenciada humana &#8211; cascavel 10-09 &#8211; (Atualizado em 08\/10\/24)<\/a><\/li>\n<li><a href=\"https:\/\/www.rotaseguros.com.br\/corretor\/wp-content\/uploads\/Solicitacao-de-inclusao-de-dependente-PF-HSUL.docx\" target=\"_blank\" rel=\"noopener\">Solicita\u00e7\u00e3o de inclus\u00e3o de dependente &#8211; PF HSUL. &#8211; (Atualizado em 08\/10\/24)<\/a><\/li>\n<li><a href=\"https:\/\/www.rotaseguros.com.br\/corretor\/wp-content\/uploads\/TERMO-DE-CONTRATACAO-COLETIVA-HUMANA-MCR.pdf\" target=\"_blank\" rel=\"noopener\">TERMO DE CONTRATAC\u00c3O COLETIVA HUMANA &#8211; MCR &#8211; (Atualizado em 08\/10\/24)<\/a><\/li>\n<\/ul>\n<p>&nbsp;<\/p>\n<p><img loading=\"lazy\" decoding=\"async\" class=\"alignnone wp-image-64920 \" src=\"https:\/\/www.rotaseguros.com.br\/corretor\/wp-content\/uploads\/comprovante-de-vinculo-com-cnpj-1024x383.jpeg\" alt=\"\" width=\"604\" height=\"226\" srcset=\"https:\/\/www.rotaseguros.com.br\/corretor\/wp-content\/uploads\/comprovante-de-vinculo-com-cnpj-1024x383.jpeg 1024w, https:\/\/www.rotaseguros.com.br\/corretor\/wp-content\/uploads\/comprovante-de-vinculo-com-cnpj-300x112.jpeg 300w, https:\/\/www.rotaseguros.com.br\/corretor\/wp-content\/uploads\/comprovante-de-vinculo-com-cnpj-768x287.jpeg 768w, https:\/\/www.rotaseguros.com.br\/corretor\/wp-content\/uploads\/comprovante-de-vinculo-com-cnpj-980x367.jpeg 980w, https:\/\/www.rotaseguros.com.br\/corretor\/wp-content\/uploads\/comprovante-de-vinculo-com-cnpj-480x180.jpeg 480w, https:\/\/www.rotaseguros.com.br\/corretor\/wp-content\/uploads\/comprovante-de-vinculo-com-cnpj.jpeg 1032w\" sizes=\"auto, (max-width: 604px) 100vw, 604px\" \/><\/p>\n<p><img loading=\"lazy\" decoding=\"async\" class=\"alignnone size-medium wp-image-64925\" src=\"https:\/\/www.rotaseguros.com.br\/corretor\/wp-content\/uploads\/estoura-balao-212x300.jpeg\" alt=\"\" width=\"212\" height=\"300\" srcset=\"https:\/\/www.rotaseguros.com.br\/corretor\/wp-content\/uploads\/estoura-balao-212x300.jpeg 212w, https:\/\/www.rotaseguros.com.br\/corretor\/wp-content\/uploads\/estoura-balao-724x1024.jpeg 724w, https:\/\/www.rotaseguros.com.br\/corretor\/wp-content\/uploads\/estoura-balao-768x1086.jpeg 768w, https:\/\/www.rotaseguros.com.br\/corretor\/wp-content\/uploads\/estoura-balao-480x679.jpeg 480w, https:\/\/www.rotaseguros.com.br\/corretor\/wp-content\/uploads\/estoura-balao.jpeg 905w\" sizes=\"auto, (max-width: 212px) 100vw, 212px\" \/><\/p>\n<p><img loading=\"lazy\" decoding=\"async\" class=\"alignnone wp-image-64942 \" src=\"https:\/\/www.rotaseguros.com.br\/corretor\/wp-content\/uploads\/terapias-especiais-exemplos-1024x222.jpeg\" alt=\"\" width=\"544\" height=\"118\" srcset=\"https:\/\/www.rotaseguros.com.br\/corretor\/wp-content\/uploads\/terapias-especiais-exemplos-1024x222.jpeg 1024w, https:\/\/www.rotaseguros.com.br\/corretor\/wp-content\/uploads\/terapias-especiais-exemplos-300x65.jpeg 300w, https:\/\/www.rotaseguros.com.br\/corretor\/wp-content\/uploads\/terapias-especiais-exemplos-768x166.jpeg 768w, https:\/\/www.rotaseguros.com.br\/corretor\/wp-content\/uploads\/terapias-especiais-exemplos-980x212.jpeg 980w, https:\/\/www.rotaseguros.com.br\/corretor\/wp-content\/uploads\/terapias-especiais-exemplos-480x104.jpeg 480w, https:\/\/www.rotaseguros.com.br\/corretor\/wp-content\/uploads\/terapias-especiais-exemplos.jpeg 1052w\" sizes=\"auto, (max-width: 544px) 100vw, 544px\" \/><\/p>\n<p><img loading=\"lazy\" decoding=\"async\" class=\"alignnone size-medium wp-image-64944\" src=\"https:\/\/www.rotaseguros.com.br\/corretor\/wp-content\/uploads\/WhatsApp-Image-2024-09-18-at-16.17.46-300x300.jpeg\" alt=\"\" width=\"300\" height=\"300\" srcset=\"https:\/\/www.rotaseguros.com.br\/corretor\/wp-content\/uploads\/WhatsApp-Image-2024-09-18-at-16.17.46-300x300.jpeg 300w, https:\/\/www.rotaseguros.com.br\/corretor\/wp-content\/uploads\/WhatsApp-Image-2024-09-18-at-16.17.46-1024x1024.jpeg 1024w, https:\/\/www.rotaseguros.com.br\/corretor\/wp-content\/uploads\/WhatsApp-Image-2024-09-18-at-16.17.46-150x150.jpeg 150w, https:\/\/www.rotaseguros.com.br\/corretor\/wp-content\/uploads\/WhatsApp-Image-2024-09-18-at-16.17.46-768x768.jpeg 768w, https:\/\/www.rotaseguros.com.br\/corretor\/wp-content\/uploads\/WhatsApp-Image-2024-09-18-at-16.17.46-1536x1536.jpeg 1536w, https:\/\/www.rotaseguros.com.br\/corretor\/wp-content\/uploads\/WhatsApp-Image-2024-09-18-at-16.17.46-1080x1080.jpeg 1080w, https:\/\/www.rotaseguros.com.br\/corretor\/wp-content\/uploads\/WhatsApp-Image-2024-09-18-at-16.17.46-1280x1280.jpeg 1280w, https:\/\/www.rotaseguros.com.br\/corretor\/wp-content\/uploads\/WhatsApp-Image-2024-09-18-at-16.17.46-980x980.jpeg 980w, https:\/\/www.rotaseguros.com.br\/corretor\/wp-content\/uploads\/WhatsApp-Image-2024-09-18-at-16.17.46-480x480.jpeg 480w, https:\/\/www.rotaseguros.com.br\/corretor\/wp-content\/uploads\/WhatsApp-Image-2024-09-18-at-16.17.46.jpeg 1600w\" sizes=\"auto, (max-width: 300px) 100vw, 300px\" \/><\/p>\n<p>&nbsp;<\/p>\n<p>&nbsp;<\/p>\n<p>&nbsp;<\/p>\n","protected":false},"excerpt":{"rendered":"<p>Tabelas de Pre\u00e7os &nbsp; Material de Apoio 230524_POP Regras de Aceita\u00e7\u00e3o v4 &#8211; (Atualizado em 08\/10\/24) 230524_Regras de Aceita\u00e7\u00e3o v4 &#8211; (Atualizado em 08\/10\/24) 348180 &#8211; PRC03 MARECHAL &#8211; CE &#8230;<\/p>\n","protected":false},"author":22,"featured_media":0,"parent":64874,"menu_order":0,"comment_status":"closed","ping_status":"closed","template":"","meta":{"footnotes":""},"class_list":["post-64883","page","type-page","status-publish","hentry"],"_links":{"self":[{"href":"https:\/\/www.rotaseguros.com.br\/corretor\/index.php\/wp-json\/wp\/v2\/pages\/64883","targetHints":{"allow":["GET"]}}],"collection":[{"href":"https:\/\/www.rotaseguros.com.br\/corretor\/index.php\/wp-json\/wp\/v2\/pages"}],"about":[{"href":"https:\/\/www.rotaseguros.com.br\/corretor\/index.php\/wp-json\/wp\/v2\/types\/page"}],"author":[{"embeddable":true,"href":"https:\/\/www.rotaseguros.com.br\/corretor\/index.php\/wp-json\/wp\/v2\/users\/22"}],"replies":[{"embeddable":true,"href":"https:\/\/www.rotaseguros.com.br\/corretor\/index.php\/wp-json\/wp\/v2\/comments?post=64883"}],"version-history":[{"count":12,"href":"https:\/\/www.rotaseguros.com.br\/corretor\/index.php\/wp-json\/wp\/v2\/pages\/64883\/revisions"}],"predecessor-version":[{"id":67245,"href":"https:\/\/www.rotaseguros.com.br\/corretor\/index.php\/wp-json\/wp\/v2\/pages\/64883\/revisions\/67245"}],"up":[{"embeddable":true,"href":"https:\/\/www.rotaseguros.com.br\/corretor\/index.php\/wp-json\/wp\/v2\/pages\/64874"}],"wp:attachment":[{"href":"https:\/\/www.rotaseguros.com.br\/corretor\/index.php\/wp-json\/wp\/v2\/media?parent=64883"}],"curies":[{"name":"wp","href":"https:\/\/api.w.org\/{rel}","templated":true}]}}