{"id":64886,"date":"2024-10-08T16:03:25","date_gmt":"2024-10-08T19:03:25","guid":{"rendered":"https:\/\/www.rotaseguros.com.br\/corretor\/?page_id=64886"},"modified":"2025-10-08T09:46:42","modified_gmt":"2025-10-08T12:46:42","slug":"lancers","status":"publish","type":"page","link":"https:\/\/www.rotaseguros.com.br\/corretor\/index.php\/cascavel\/lancers\/","title":{"rendered":"Lancers"},"content":{"rendered":"<h1>Tabelas de Pre\u00e7os<\/h1>\n<ul>\n<li><a href=\"http:\/\/www.rotaseguros.com.br\/corretor\/wp-content\/uploads\/Tabela-de-Vendas-PAM-Adesao-Cascavel-CAPLA-E-CAEBS-Pro-Classic.pdf\" target=\"_blank\" rel=\"noopener\">Tabela de Vendas &#8211; PAM Ades\u00e3o &#8211; Cascavel &#8211; CAPLA E CAEBS &#8211; (Atualizado em 08\/10\/25)<\/a><\/li>\n<li><a href=\"https:\/\/www.rotaseguros.com.br\/corretor\/wp-content\/uploads\/PAM-ADESAO-ESTUDANTE.pdf\" target=\"_blank\" rel=\"noopener\">Tabela de Vendas PAM SA\u00daDE &#8211; Lancers &#8211; ADES\u00c3O \u2013 ESTUDANTE \u2013 (Atualizado em 16\/01\/25)<\/a><\/li>\n<li><a href=\"http:\/\/www.rotaseguros.com.br\/corretor\/wp-content\/uploads\/Tabela-de-Vendas-PAM-PME.pdf\" target=\"_blank\" rel=\"noopener\">Tabela de Vendas &#8211; PAM PME &#8211; (Atualizado em 08\/10\/25)<\/a><\/li>\n<\/ul>\n<p>&nbsp;<\/p>\n<p><strong>Material de Apoio<\/strong><\/p>\n<ul>\n<li><a href=\"https:\/\/www.rotaseguros.com.br\/corretor\/wp-content\/uploads\/APRESENTACAO-LANCERS-PRO-CLASSIC.pdf\" target=\"_blank\" rel=\"noopener\">APRESENTA\u00c7\u00c3O LANCERS PRO CLASSIC &#8211; (Atualizado em 08\/10\/24)<\/a><\/li>\n<li><a href=\"https:\/\/www.rotaseguros.com.br\/corretor\/wp-content\/uploads\/APRESENTACAO-LANCERS-PRO-SAUDE.pdf\" target=\"_blank\" rel=\"noopener\">APRESENTA\u00c7\u00c3O LANCERS PRO SA\u00daDE &#8211; (Atualizado em 08\/10\/24)<\/a><\/li>\n<li><a href=\"https:\/\/www.rotaseguros.com.br\/corretor\/wp-content\/uploads\/Documentacao-para-contratacao-Lancers.pdf\" target=\"_blank\" rel=\"noopener\">Documenta\u00e7\u00e3o para contrata\u00e7\u00e3o Lancers &#8211; (Atualizado em 08\/10\/24)<\/a><\/li>\n<li><a href=\"https:\/\/www.rotaseguros.com.br\/corretor\/wp-content\/uploads\/Entidades-Lancers-e-Documentacao.pdf\" target=\"_blank\" rel=\"noopener\">Entidades Lancers e Documenta\u00e7\u00e3o &#8211; (Atualizado em 08\/10\/24)<\/a><\/li>\n<\/ul>\n<p><img loading=\"lazy\" decoding=\"async\" class=\"alignnone wp-image-64949 \" src=\"https:\/\/www.rotaseguros.com.br\/corretor\/wp-content\/uploads\/Canais-de-Comunicacao-Lancers-1024x1024.jpeg\" alt=\"\" width=\"384\" height=\"384\" srcset=\"https:\/\/www.rotaseguros.com.br\/corretor\/wp-content\/uploads\/Canais-de-Comunicacao-Lancers-1024x1024.jpeg 1024w, https:\/\/www.rotaseguros.com.br\/corretor\/wp-content\/uploads\/Canais-de-Comunicacao-Lancers-300x300.jpeg 300w, https:\/\/www.rotaseguros.com.br\/corretor\/wp-content\/uploads\/Canais-de-Comunicacao-Lancers-150x150.jpeg 150w, https:\/\/www.rotaseguros.com.br\/corretor\/wp-content\/uploads\/Canais-de-Comunicacao-Lancers-768x768.jpeg 768w, https:\/\/www.rotaseguros.com.br\/corretor\/wp-content\/uploads\/Canais-de-Comunicacao-Lancers-980x980.jpeg 980w, https:\/\/www.rotaseguros.com.br\/corretor\/wp-content\/uploads\/Canais-de-Comunicacao-Lancers-480x480.jpeg 480w, https:\/\/www.rotaseguros.com.br\/corretor\/wp-content\/uploads\/Canais-de-Comunicacao-Lancers.jpeg 1080w\" sizes=\"auto, (max-width: 384px) 100vw, 384px\" \/><\/p>\n<p><img loading=\"lazy\" decoding=\"async\" class=\"alignnone wp-image-64950 \" src=\"https:\/\/www.rotaseguros.com.br\/corretor\/wp-content\/uploads\/CARENCIA-COLETIVO-ADESAO-PRO-CLASSIC-708x1024.jpg\" alt=\"\" width=\"401\" height=\"580\" srcset=\"https:\/\/www.rotaseguros.com.br\/corretor\/wp-content\/uploads\/CARENCIA-COLETIVO-ADESAO-PRO-CLASSIC-708x1024.jpg 708w, https:\/\/www.rotaseguros.com.br\/corretor\/wp-content\/uploads\/CARENCIA-COLETIVO-ADESAO-PRO-CLASSIC-207x300.jpg 207w, https:\/\/www.rotaseguros.com.br\/corretor\/wp-content\/uploads\/CARENCIA-COLETIVO-ADESAO-PRO-CLASSIC-768x1111.jpg 768w, https:\/\/www.rotaseguros.com.br\/corretor\/wp-content\/uploads\/CARENCIA-COLETIVO-ADESAO-PRO-CLASSIC-1062x1536.jpg 1062w, https:\/\/www.rotaseguros.com.br\/corretor\/wp-content\/uploads\/CARENCIA-COLETIVO-ADESAO-PRO-CLASSIC-1416x2048.jpg 1416w, https:\/\/www.rotaseguros.com.br\/corretor\/wp-content\/uploads\/CARENCIA-COLETIVO-ADESAO-PRO-CLASSIC-1080x1562.jpg 1080w, https:\/\/www.rotaseguros.com.br\/corretor\/wp-content\/uploads\/CARENCIA-COLETIVO-ADESAO-PRO-CLASSIC-1280x1851.jpg 1280w, https:\/\/www.rotaseguros.com.br\/corretor\/wp-content\/uploads\/CARENCIA-COLETIVO-ADESAO-PRO-CLASSIC-980x1417.jpg 980w, https:\/\/www.rotaseguros.com.br\/corretor\/wp-content\/uploads\/CARENCIA-COLETIVO-ADESAO-PRO-CLASSIC-480x694.jpg 480w, https:\/\/www.rotaseguros.com.br\/corretor\/wp-content\/uploads\/CARENCIA-COLETIVO-ADESAO-PRO-CLASSIC.jpg 1661w\" sizes=\"auto, (max-width: 401px) 100vw, 401px\" \/><\/p>\n<p><img loading=\"lazy\" decoding=\"async\" class=\"alignnone wp-image-64951 \" src=\"https:\/\/www.rotaseguros.com.br\/corretor\/wp-content\/uploads\/CARENCIA-COLETIVO-ADESAO-PRO-SAUDE-708x1024.jpg\" alt=\"\" width=\"398\" height=\"575\" srcset=\"https:\/\/www.rotaseguros.com.br\/corretor\/wp-content\/uploads\/CARENCIA-COLETIVO-ADESAO-PRO-SAUDE-708x1024.jpg 708w, https:\/\/www.rotaseguros.com.br\/corretor\/wp-content\/uploads\/CARENCIA-COLETIVO-ADESAO-PRO-SAUDE-207x300.jpg 207w, https:\/\/www.rotaseguros.com.br\/corretor\/wp-content\/uploads\/CARENCIA-COLETIVO-ADESAO-PRO-SAUDE-768x1111.jpg 768w, https:\/\/www.rotaseguros.com.br\/corretor\/wp-content\/uploads\/CARENCIA-COLETIVO-ADESAO-PRO-SAUDE-1062x1536.jpg 1062w, https:\/\/www.rotaseguros.com.br\/corretor\/wp-content\/uploads\/CARENCIA-COLETIVO-ADESAO-PRO-SAUDE-1415x2048.jpg 1415w, https:\/\/www.rotaseguros.com.br\/corretor\/wp-content\/uploads\/CARENCIA-COLETIVO-ADESAO-PRO-SAUDE-1080x1563.jpg 1080w, https:\/\/www.rotaseguros.com.br\/corretor\/wp-content\/uploads\/CARENCIA-COLETIVO-ADESAO-PRO-SAUDE-1280x1852.jpg 1280w, https:\/\/www.rotaseguros.com.br\/corretor\/wp-content\/uploads\/CARENCIA-COLETIVO-ADESAO-PRO-SAUDE-980x1418.jpg 980w, https:\/\/www.rotaseguros.com.br\/corretor\/wp-content\/uploads\/CARENCIA-COLETIVO-ADESAO-PRO-SAUDE-480x695.jpg 480w, https:\/\/www.rotaseguros.com.br\/corretor\/wp-content\/uploads\/CARENCIA-COLETIVO-ADESAO-PRO-SAUDE.jpg 1660w\" sizes=\"auto, (max-width: 398px) 100vw, 398px\" \/><\/p>\n<p><img loading=\"lazy\" decoding=\"async\" class=\"alignnone wp-image-64952 \" src=\"https:\/\/www.rotaseguros.com.br\/corretor\/wp-content\/uploads\/Documentacao-para-Contratacao-LANCERS-685x1024.jpg\" alt=\"\" width=\"408\" height=\"610\" srcset=\"https:\/\/www.rotaseguros.com.br\/corretor\/wp-content\/uploads\/Documentacao-para-Contratacao-LANCERS-685x1024.jpg 685w, https:\/\/www.rotaseguros.com.br\/corretor\/wp-content\/uploads\/Documentacao-para-Contratacao-LANCERS-201x300.jpg 201w, https:\/\/www.rotaseguros.com.br\/corretor\/wp-content\/uploads\/Documentacao-para-Contratacao-LANCERS-768x1148.jpg 768w, https:\/\/www.rotaseguros.com.br\/corretor\/wp-content\/uploads\/Documentacao-para-Contratacao-LANCERS-1027x1536.jpg 1027w, https:\/\/www.rotaseguros.com.br\/corretor\/wp-content\/uploads\/Documentacao-para-Contratacao-LANCERS-1080x1615.jpg 1080w, https:\/\/www.rotaseguros.com.br\/corretor\/wp-content\/uploads\/Documentacao-para-Contratacao-LANCERS-980x1465.jpg 980w, https:\/\/www.rotaseguros.com.br\/corretor\/wp-content\/uploads\/Documentacao-para-Contratacao-LANCERS-480x718.jpg 480w, https:\/\/www.rotaseguros.com.br\/corretor\/wp-content\/uploads\/Documentacao-para-Contratacao-LANCERS.jpg 1260w\" sizes=\"auto, (max-width: 408px) 100vw, 408px\" \/><\/p>\n<p><img loading=\"lazy\" decoding=\"async\" class=\"alignnone wp-image-64954 \" src=\"https:\/\/www.rotaseguros.com.br\/corretor\/wp-content\/uploads\/ENTIDADES-ACEITAS-.jpeg\" alt=\"\" width=\"659\" height=\"371\" srcset=\"https:\/\/www.rotaseguros.com.br\/corretor\/wp-content\/uploads\/ENTIDADES-ACEITAS-.jpeg 800w, https:\/\/www.rotaseguros.com.br\/corretor\/wp-content\/uploads\/ENTIDADES-ACEITAS--300x169.jpeg 300w, https:\/\/www.rotaseguros.com.br\/corretor\/wp-content\/uploads\/ENTIDADES-ACEITAS--768x432.jpeg 768w, https:\/\/www.rotaseguros.com.br\/corretor\/wp-content\/uploads\/ENTIDADES-ACEITAS--480x270.jpeg 480w\" sizes=\"auto, (max-width: 659px) 100vw, 659px\" \/><\/p>\n<p><img loading=\"lazy\" decoding=\"async\" class=\"alignnone wp-image-64956 \" src=\"https:\/\/www.rotaseguros.com.br\/corretor\/wp-content\/uploads\/LANCERS-PRO-CLASSIC-724x1024.jpg\" alt=\"\" width=\"506\" height=\"716\" srcset=\"https:\/\/www.rotaseguros.com.br\/corretor\/wp-content\/uploads\/LANCERS-PRO-CLASSIC-724x1024.jpg 724w, https:\/\/www.rotaseguros.com.br\/corretor\/wp-content\/uploads\/LANCERS-PRO-CLASSIC-212x300.jpg 212w, https:\/\/www.rotaseguros.com.br\/corretor\/wp-content\/uploads\/LANCERS-PRO-CLASSIC-768x1086.jpg 768w, https:\/\/www.rotaseguros.com.br\/corretor\/wp-content\/uploads\/LANCERS-PRO-CLASSIC-1086x1536.jpg 1086w, https:\/\/www.rotaseguros.com.br\/corretor\/wp-content\/uploads\/LANCERS-PRO-CLASSIC-1448x2048.jpg 1448w, https:\/\/www.rotaseguros.com.br\/corretor\/wp-content\/uploads\/LANCERS-PRO-CLASSIC-1080x1527.jpg 1080w, https:\/\/www.rotaseguros.com.br\/corretor\/wp-content\/uploads\/LANCERS-PRO-CLASSIC-1280x1809.jpg 1280w, https:\/\/www.rotaseguros.com.br\/corretor\/wp-content\/uploads\/LANCERS-PRO-CLASSIC-980x1385.jpg 980w, https:\/\/www.rotaseguros.com.br\/corretor\/wp-content\/uploads\/LANCERS-PRO-CLASSIC-480x679.jpg 480w, https:\/\/www.rotaseguros.com.br\/corretor\/wp-content\/uploads\/LANCERS-PRO-CLASSIC-scaled.jpg 1811w\" sizes=\"auto, (max-width: 506px) 100vw, 506px\" \/><\/p>\n<p><img loading=\"lazy\" decoding=\"async\" class=\"alignnone wp-image-64957 \" src=\"https:\/\/www.rotaseguros.com.br\/corretor\/wp-content\/uploads\/LANCERS-PRO-SAUDE-724x1024.jpg\" alt=\"\" width=\"497\" height=\"703\" srcset=\"https:\/\/www.rotaseguros.com.br\/corretor\/wp-content\/uploads\/LANCERS-PRO-SAUDE-724x1024.jpg 724w, https:\/\/www.rotaseguros.com.br\/corretor\/wp-content\/uploads\/LANCERS-PRO-SAUDE-212x300.jpg 212w, https:\/\/www.rotaseguros.com.br\/corretor\/wp-content\/uploads\/LANCERS-PRO-SAUDE-768x1086.jpg 768w, https:\/\/www.rotaseguros.com.br\/corretor\/wp-content\/uploads\/LANCERS-PRO-SAUDE-1086x1536.jpg 1086w, https:\/\/www.rotaseguros.com.br\/corretor\/wp-content\/uploads\/LANCERS-PRO-SAUDE-1448x2048.jpg 1448w, https:\/\/www.rotaseguros.com.br\/corretor\/wp-content\/uploads\/LANCERS-PRO-SAUDE-1080x1527.jpg 1080w, https:\/\/www.rotaseguros.com.br\/corretor\/wp-content\/uploads\/LANCERS-PRO-SAUDE-1280x1809.jpg 1280w, https:\/\/www.rotaseguros.com.br\/corretor\/wp-content\/uploads\/LANCERS-PRO-SAUDE-980x1385.jpg 980w, https:\/\/www.rotaseguros.com.br\/corretor\/wp-content\/uploads\/LANCERS-PRO-SAUDE-480x679.jpg 480w, https:\/\/www.rotaseguros.com.br\/corretor\/wp-content\/uploads\/LANCERS-PRO-SAUDE-scaled.jpg 1811w\" sizes=\"auto, (max-width: 497px) 100vw, 497px\" \/><\/p>\n<p><img loading=\"lazy\" decoding=\"async\" class=\"alignnone wp-image-64958 \" src=\"https:\/\/www.rotaseguros.com.br\/corretor\/wp-content\/uploads\/TABELA-VALOR-EXAMES-Lancers-724x1024.jpg\" alt=\"\" width=\"538\" height=\"761\" srcset=\"https:\/\/www.rotaseguros.com.br\/corretor\/wp-content\/uploads\/TABELA-VALOR-EXAMES-Lancers-724x1024.jpg 724w, https:\/\/www.rotaseguros.com.br\/corretor\/wp-content\/uploads\/TABELA-VALOR-EXAMES-Lancers-212x300.jpg 212w, https:\/\/www.rotaseguros.com.br\/corretor\/wp-content\/uploads\/TABELA-VALOR-EXAMES-Lancers-768x1086.jpg 768w, https:\/\/www.rotaseguros.com.br\/corretor\/wp-content\/uploads\/TABELA-VALOR-EXAMES-Lancers-1086x1536.jpg 1086w, https:\/\/www.rotaseguros.com.br\/corretor\/wp-content\/uploads\/TABELA-VALOR-EXAMES-Lancers-1448x2048.jpg 1448w, https:\/\/www.rotaseguros.com.br\/corretor\/wp-content\/uploads\/TABELA-VALOR-EXAMES-Lancers-1080x1527.jpg 1080w, https:\/\/www.rotaseguros.com.br\/corretor\/wp-content\/uploads\/TABELA-VALOR-EXAMES-Lancers-1280x1809.jpg 1280w, https:\/\/www.rotaseguros.com.br\/corretor\/wp-content\/uploads\/TABELA-VALOR-EXAMES-Lancers-980x1385.jpg 980w, https:\/\/www.rotaseguros.com.br\/corretor\/wp-content\/uploads\/TABELA-VALOR-EXAMES-Lancers-480x679.jpg 480w, https:\/\/www.rotaseguros.com.br\/corretor\/wp-content\/uploads\/TABELA-VALOR-EXAMES-Lancers-scaled.jpg 1811w\" sizes=\"auto, (max-width: 538px) 100vw, 538px\" \/><\/p>\n<p>&nbsp;<\/p>\n<p>&nbsp;<\/p>\n<p>&nbsp;<\/p>\n","protected":false},"excerpt":{"rendered":"<p>Tabelas de Pre\u00e7os Tabela de Vendas &#8211; PAM Ades\u00e3o &#8211; Cascavel &#8211; CAPLA E CAEBS &#8211; (Atualizado em 08\/10\/25) Tabela de Vendas PAM SA\u00daDE &#8211; Lancers &#8211; ADES\u00c3O \u2013 ESTUDANTE &#8230;<\/p>\n","protected":false},"author":22,"featured_media":0,"parent":64874,"menu_order":0,"comment_status":"closed","ping_status":"closed","template":"","meta":{"footnotes":""},"class_list":["post-64886","page","type-page","status-publish","hentry"],"_links":{"self":[{"href":"https:\/\/www.rotaseguros.com.br\/corretor\/index.php\/wp-json\/wp\/v2\/pages\/64886","targetHints":{"allow":["GET"]}}],"collection":[{"href":"https:\/\/www.rotaseguros.com.br\/corretor\/index.php\/wp-json\/wp\/v2\/pages"}],"about":[{"href":"https:\/\/www.rotaseguros.com.br\/corretor\/index.php\/wp-json\/wp\/v2\/types\/page"}],"author":[{"embeddable":true,"href":"https:\/\/www.rotaseguros.com.br\/corretor\/index.php\/wp-json\/wp\/v2\/users\/22"}],"replies":[{"embeddable":true,"href":"https:\/\/www.rotaseguros.com.br\/corretor\/index.php\/wp-json\/wp\/v2\/comments?post=64886"}],"version-history":[{"count":6,"href":"https:\/\/www.rotaseguros.com.br\/corretor\/index.php\/wp-json\/wp\/v2\/pages\/64886\/revisions"}],"predecessor-version":[{"id":66874,"href":"https:\/\/www.rotaseguros.com.br\/corretor\/index.php\/wp-json\/wp\/v2\/pages\/64886\/revisions\/66874"}],"up":[{"embeddable":true,"href":"https:\/\/www.rotaseguros.com.br\/corretor\/index.php\/wp-json\/wp\/v2\/pages\/64874"}],"wp:attachment":[{"href":"https:\/\/www.rotaseguros.com.br\/corretor\/index.php\/wp-json\/wp\/v2\/media?parent=64886"}],"curies":[{"name":"wp","href":"https:\/\/api.w.org\/{rel}","templated":true}]}}