{"id":65179,"date":"2024-11-05T12:09:35","date_gmt":"2024-11-05T15:09:35","guid":{"rendered":"https:\/\/www.rotaseguros.com.br\/corretor\/?page_id=65179"},"modified":"2026-04-23T11:56:22","modified_gmt":"2026-04-23T14:56:22","slug":"pam-saude","status":"publish","type":"page","link":"https:\/\/www.rotaseguros.com.br\/corretor\/index.php\/maringa\/pam-saude\/","title":{"rendered":"PAM Sa\u00fade"},"content":{"rendered":"<h2>Tabelas de Pre\u00e7os<\/h2>\n<p>&nbsp;<\/p>\n<p><strong>ADES\u00c3O<\/strong><\/p>\n<ul>\n<li><a href=\"http:\/\/www.rotaseguros.com.br\/corretor\/wp-content\/uploads\/Tabela-de-Vendas-PAM-Adesao-Maringa.pdf\" target=\"_blank\" rel=\"noopener\">Tabela de Vendas &#8211; PAM Ades\u00e3o &#8211; (atualizada em 23\/04\/2026)<\/a><\/li>\n<\/ul>\n<p><strong>PME<\/strong><\/p>\n<ul>\n<li><a href=\"http:\/\/www.rotaseguros.com.br\/corretor\/wp-content\/uploads\/PME1-PRO-SAUDE-7.pdf\" target=\"_blank\" rel=\"noopener\">PME 1 PRO SA\u00daDE &#8211; (atualizada em 23\/04\/2026)<\/a><\/li>\n<li><a href=\"http:\/\/www.rotaseguros.com.br\/corretor\/wp-content\/uploads\/PME1-PRO-CLASSIC-7.pdf\" target=\"_blank\" rel=\"noopener\">PME 1 PRO CLASSIC &#8211; (atualizada em 23\/04\/2026)<\/a><\/li>\n<li><a href=\"http:\/\/www.rotaseguros.com.br\/corretor\/wp-content\/uploads\/PME1-PRO-CLASSIC-APTO-7.pdf\" target=\"_blank\" rel=\"noopener\">PME 1 PRO CLASSIC APTO &#8211; (atualizada em 23\/04\/2026)<\/a><\/li>\n<li><a href=\"http:\/\/www.rotaseguros.com.br\/corretor\/wp-content\/uploads\/PME1-ALLIANCE-4.pdf\" target=\"_blank\" rel=\"noopener\">PME 1 PRO ALLIANCE &#8211; (atualizada em 23\/04\/2026)<\/a><\/li>\n<li><a href=\"http:\/\/www.rotaseguros.com.br\/corretor\/wp-content\/uploads\/PME-2-PRO-SAUDE-7.pdf\" target=\"_blank\" rel=\"noopener\">PME 2 PRO SA\u00daDE &#8211; (atualizada em 23\/04\/2026)<\/a><\/li>\n<li><a href=\"http:\/\/www.rotaseguros.com.br\/corretor\/wp-content\/uploads\/PME-2-PRO-CLASSIC-7.pdf\" target=\"_blank\" rel=\"noopener\">PME 2 PRO CLASSIC &#8211; (atualizada em 23\/04\/2026)<\/a><\/li>\n<li><a href=\"http:\/\/www.rotaseguros.com.br\/corretor\/wp-content\/uploads\/PME-2-PRO-CLASSIC-APTO-7.pdf\" target=\"_blank\" rel=\"noopener\">PME 2 PRO CLASSIC APTO &#8211; (atualizada em 23\/04\/2026)\u00a0<\/a><\/li>\n<li><a href=\"http:\/\/www.rotaseguros.com.br\/corretor\/wp-content\/uploads\/PME-2-ALLIANCE-4.pdf\" target=\"_blank\" rel=\"noopener\">PME 2 ALLIANCE &#8211; (atualizada em 23\/04\/2026)<\/a><\/li>\n<li><a href=\"http:\/\/www.rotaseguros.com.br\/corretor\/wp-content\/uploads\/PME-3-PRO-SAUDE-8.pdf\" target=\"_blank\" rel=\"noopener\">PME 3 PRO SA\u00daDE &#8211; (atualizada em 23\/04\/2026)<\/a><\/li>\n<li><a href=\"https:\/\/www.rotaseguros.com.br\/corretor\/index.php\/2026\/03\/16\/comunicacao-que-gera-credibilidade-5-dicas-de-portugues-para-o-corretor-se-destacar\/\" target=\"_blank\" rel=\"noopener\">PME 3 PRO CLASSIC &#8211; (atualizada em 23\/04\/2026)<\/a><\/li>\n<li><a href=\"http:\/\/www.rotaseguros.com.br\/corretor\/wp-content\/uploads\/PME-3-PRO-CLASSIC-APTO-8.pdf\" target=\"_blank\" rel=\"noopener\">PME 3 PRO CLASSIC APTO &#8211; (atualizada em 23\/04\/2026)<\/a><\/li>\n<li><a href=\"http:\/\/www.rotaseguros.com.br\/corretor\/wp-content\/uploads\/PME-3-ALLIANCE-4.pdf\" target=\"_blank\" rel=\"noopener\">PME 3 ALLIANCE &#8211; (atualizada em 23\/04\/2026)<\/a><\/li>\n<li><a href=\"http:\/\/www.rotaseguros.com.br\/corretor\/wp-content\/uploads\/PME-4-PRO-SAUDE-6.pdf\" target=\"_blank\" rel=\"noopener\">PME 4 PRO SA\u00daDE &#8211; (atualizada em 26\/04\/2026)<\/a><\/li>\n<li><a href=\"http:\/\/www.rotaseguros.com.br\/corretor\/wp-content\/uploads\/PME-4-PRO-CLASSIC-6.pdf\" target=\"_blank\" rel=\"noopener\">PME 4 PRO CLASSIC &#8211; (atualizada em 26\/04\/2026)<\/a><\/li>\n<li><a href=\"http:\/\/www.rotaseguros.com.br\/corretor\/wp-content\/uploads\/PME-4-PRO-CLASSIC-APTO-6.pdf\" target=\"_blank\" rel=\"noopener\">PME 4 PRO CLASSIC APTO &#8211; (atualizada em 26\/04\/2026)<\/a><\/li>\n<li><a href=\"http:\/\/www.rotaseguros.com.br\/corretor\/wp-content\/uploads\/PME-4-ALLIANCE-3.pdf\" target=\"_blank\" rel=\"noopener\">PME 4 ALLIANCE &#8211; (atualizada em 26\/04\/2026)<\/a><\/li>\n<\/ul>\n<p><strong>Materiais<\/strong><\/p>\n<ul>\n<li><a href=\"https:\/\/www.rotaseguros.com.br\/corretor\/wp-content\/uploads\/Carencia-Promocional.pdf\" target=\"_blank\" rel=\"noopener\">Car\u00eancia Promocional &#8211; (Atualizado em 05\/11\/24)<\/a><\/li>\n<li><a href=\"https:\/\/www.rotaseguros.com.br\/corretor\/wp-content\/uploads\/FOR.COM_.008-Liberacao-de-Carencias-Inclusoes-Pl.-Col.-Empr.-Global-Gold-Alliance-Pro-Classic.-Rev-08.pdf\" target=\"_blank\" rel=\"noopener\">Libera\u00e7\u00e3o de Car\u00eancias &#8211; Inclus\u00f5es &#8211; Pl. Col. Empr. Global, Gold, Alliance, Pr\u00f3 Classic. &#8211; (Atualizado em 05\/11\/24)<\/a><\/li>\n<li><a href=\"https:\/\/www.rotaseguros.com.br\/corretor\/wp-content\/uploads\/FOR.COM_.012-Termo-de-Ciencia-Terapia-de-Transtorno-do-Espectro-Autista-Rev-03.pdf\" target=\"_blank\" rel=\"noopener\">Termo de Ci\u00eancia Terapia de Transtorno do Espectro Autista &#8211; (Atualizado em 05\/11\/24)<\/a><\/li>\n<\/ul>\n","protected":false},"excerpt":{"rendered":"<p>Tabelas de Pre\u00e7os &nbsp; ADES\u00c3O Tabela de Vendas &#8211; PAM Ades\u00e3o &#8211; (atualizada em 23\/04\/2026) PME PME 1 PRO SA\u00daDE &#8211; (atualizada em 23\/04\/2026) PME 1 PRO CLASSIC &#8211; (atualizada &#8230;<\/p>\n","protected":false},"author":22,"featured_media":0,"parent":65174,"menu_order":0,"comment_status":"closed","ping_status":"closed","template":"","meta":{"footnotes":""},"class_list":["post-65179","page","type-page","status-publish","hentry"],"_links":{"self":[{"href":"https:\/\/www.rotaseguros.com.br\/corretor\/index.php\/wp-json\/wp\/v2\/pages\/65179","targetHints":{"allow":["GET"]}}],"collection":[{"href":"https:\/\/www.rotaseguros.com.br\/corretor\/index.php\/wp-json\/wp\/v2\/pages"}],"about":[{"href":"https:\/\/www.rotaseguros.com.br\/corretor\/index.php\/wp-json\/wp\/v2\/types\/page"}],"author":[{"embeddable":true,"href":"https:\/\/www.rotaseguros.com.br\/corretor\/index.php\/wp-json\/wp\/v2\/users\/22"}],"replies":[{"embeddable":true,"href":"https:\/\/www.rotaseguros.com.br\/corretor\/index.php\/wp-json\/wp\/v2\/comments?post=65179"}],"version-history":[{"count":14,"href":"https:\/\/www.rotaseguros.com.br\/corretor\/index.php\/wp-json\/wp\/v2\/pages\/65179\/revisions"}],"predecessor-version":[{"id":67561,"href":"https:\/\/www.rotaseguros.com.br\/corretor\/index.php\/wp-json\/wp\/v2\/pages\/65179\/revisions\/67561"}],"up":[{"embeddable":true,"href":"https:\/\/www.rotaseguros.com.br\/corretor\/index.php\/wp-json\/wp\/v2\/pages\/65174"}],"wp:attachment":[{"href":"https:\/\/www.rotaseguros.com.br\/corretor\/index.php\/wp-json\/wp\/v2\/media?parent=65179"}],"curies":[{"name":"wp","href":"https:\/\/api.w.org\/{rel}","templated":true}]}}