{"id":65452,"date":"2025-01-30T00:17:35","date_gmt":"2025-01-30T03:17:35","guid":{"rendered":"https:\/\/www.rotaseguros.com.br\/corretor\/?page_id=65452"},"modified":"2026-04-23T11:38:08","modified_gmt":"2026-04-23T14:38:08","slug":"humana-saude","status":"publish","type":"page","link":"https:\/\/www.rotaseguros.com.br\/corretor\/index.php\/maringa\/humana-saude\/","title":{"rendered":"Humana Sa\u00fade"},"content":{"rendered":"<h2>Portf\u00f3lios Humana Sa\u00fade Maring\u00e1<\/h2>\n<ul>\n<li><a href=\"http:\/\/www.rotaseguros.com.br\/corretor\/wp-content\/uploads\/PORTFOLIO-2026-MARINGA-PF.pdf\" target=\"_blank\" rel=\"noopener\">Portf\u00f3lio PF 2026 &#8211; Maring\u00e1 &#8211; (atualizada em 23\/04\/2026)<\/a><\/li>\n<li><a href=\"http:\/\/www.rotaseguros.com.br\/corretor\/wp-content\/uploads\/PORTFOLIO-2026-MARINGA-PJ.pdf\" target=\"_blank\" rel=\"noopener\">Portf\u00f3lio PME 2026 &#8211; Maring\u00e1 &#8211; (atualizada em 23\/04\/2026)<\/a><\/li>\n<\/ul>\n<h2>Humana Sa\u00fade &#8211; Ades\u00e3o CORPe<\/h2>\n<ul>\n<li><a href=\"http:\/\/www.rotaseguros.com.br\/corretor\/wp-content\/uploads\/TABELA-HUMANA-SAUDE_MARINGA_ENTIDADES-ABERTAS_V.1.pdf\" target=\"_blank\" rel=\"noopener\">Tabela Humana Sa\u00fade &#8211; Entidades Abertas &#8211; (atualizada em 23\/04\/2026)<\/a><\/li>\n<li><a href=\"http:\/\/www.rotaseguros.com.br\/corretor\/wp-content\/uploads\/TABELA-HUMANA-SAUDE_MARINGA_ENTIDADE-ESTUDANTIL_V.1.pdf\" target=\"_blank\" rel=\"noopener\">Tabela Humana Sa\u00fade &#8211; Entidades Estudantis &#8211; (atualizada em 23\/04\/2026)<\/a><\/li>\n<li><a href=\"http:\/\/www.rotaseguros.com.br\/corretor\/wp-content\/uploads\/TABELA-HUMANA-SAUDE_MARINGA_ENTIDADES-FECHADAS_V.1.pdf\" target=\"_blank\" rel=\"noopener\">Tabela Humana Sa\u00fade &#8211; Entidades Fechadas &#8211; (atualizada em 23\/04\/2026)<\/a><\/li>\n<\/ul>\n<h2>Humana Sa\u00fade &#8211; Ades\u00e3o UniCor<\/h2>\n<ul>\n<li><a href=\"http:\/\/www.rotaseguros.com.br\/corretor\/wp-content\/uploads\/2026-Grupo-1-HUMANA-Maringa-Tabela-de-Precos-UniCor-1.pdf\" target=\"_blank\" rel=\"noopener\">Tabela Humana Sa\u00fade &#8211; Grupo 1 &#8211; (atualizada em 23\/04\/2026)<\/a><\/li>\n<li><a href=\"http:\/\/www.rotaseguros.com.br\/corretor\/wp-content\/uploads\/2026-Alobras-HUMANA-Maringa-Tabela-de-Precos-UniCor.pdf\" target=\"_blank\" rel=\"noopener\">Tabela Humana Sa\u00fade &#8211; Alobras &#8211; (atualizada em 23\/04\/2026)<\/a><\/li>\n<li><a href=\"http:\/\/www.rotaseguros.com.br\/corretor\/wp-content\/uploads\/2026-UNICOR-HUMANA-Maringa-Tabela-de-Precos.pdf\" target=\"_blank\" rel=\"noopener\">Tabela Humana Sa\u00fade &#8211; UniCor &#8211; (atualizada em 23\/04\/2026)<\/a><\/li>\n<\/ul>\n","protected":false},"excerpt":{"rendered":"<p>Portf\u00f3lios Humana Sa\u00fade Maring\u00e1 Portf\u00f3lio PF 2026 &#8211; Maring\u00e1 &#8211; (atualizada em 23\/04\/2026) Portf\u00f3lio PME 2026 &#8211; Maring\u00e1 &#8211; (atualizada em 23\/04\/2026) Humana Sa\u00fade &#8211; Ades\u00e3o CORPe Tabela Humana Sa\u00fade &#8230;<\/p>\n","protected":false},"author":22,"featured_media":0,"parent":65174,"menu_order":0,"comment_status":"closed","ping_status":"closed","template":"","meta":{"footnotes":""},"class_list":["post-65452","page","type-page","status-publish","hentry"],"_links":{"self":[{"href":"https:\/\/www.rotaseguros.com.br\/corretor\/index.php\/wp-json\/wp\/v2\/pages\/65452","targetHints":{"allow":["GET"]}}],"collection":[{"href":"https:\/\/www.rotaseguros.com.br\/corretor\/index.php\/wp-json\/wp\/v2\/pages"}],"about":[{"href":"https:\/\/www.rotaseguros.com.br\/corretor\/index.php\/wp-json\/wp\/v2\/types\/page"}],"author":[{"embeddable":true,"href":"https:\/\/www.rotaseguros.com.br\/corretor\/index.php\/wp-json\/wp\/v2\/users\/22"}],"replies":[{"embeddable":true,"href":"https:\/\/www.rotaseguros.com.br\/corretor\/index.php\/wp-json\/wp\/v2\/comments?post=65452"}],"version-history":[{"count":10,"href":"https:\/\/www.rotaseguros.com.br\/corretor\/index.php\/wp-json\/wp\/v2\/pages\/65452\/revisions"}],"predecessor-version":[{"id":67541,"href":"https:\/\/www.rotaseguros.com.br\/corretor\/index.php\/wp-json\/wp\/v2\/pages\/65452\/revisions\/67541"}],"up":[{"embeddable":true,"href":"https:\/\/www.rotaseguros.com.br\/corretor\/index.php\/wp-json\/wp\/v2\/pages\/65174"}],"wp:attachment":[{"href":"https:\/\/www.rotaseguros.com.br\/corretor\/index.php\/wp-json\/wp\/v2\/media?parent=65452"}],"curies":[{"name":"wp","href":"https:\/\/api.w.org\/{rel}","templated":true}]}}