{"id":66297,"date":"2025-06-26T10:26:14","date_gmt":"2025-06-26T13:26:14","guid":{"rendered":"https:\/\/www.rotaseguros.com.br\/corretor\/?page_id=66297"},"modified":"2026-05-07T17:08:09","modified_gmt":"2026-05-07T20:08:09","slug":"unicor-2","status":"publish","type":"page","link":"https:\/\/www.rotaseguros.com.br\/corretor\/index.php\/unicor-2\/","title":{"rendered":"UNICOR"},"content":{"rendered":"<h2><strong>Tabela de Pre\u00e7os | Sa\u00fade<\/strong><\/h2>\n<p>&nbsp;<\/p>\n<h3>Bluzz Sa\u00fade<\/h3>\n<ul>\n<li><a href=\"http:\/\/www.rotaseguros.com.br\/corretor\/wp-content\/uploads\/PME-UNICOR-Bluzz-Saude-Tabela-de-Precos-2.pdf\" target=\"_blank\" rel=\"noopener\">_PME [UNICOR] Bluzz Sa\u00fade &#8211; Tabela de Pre\u00e7os &#8211; (Atualizado em 27\/03\/26)<\/a><\/li>\n<li><a href=\"http:\/\/www.rotaseguros.com.br\/corretor\/wp-content\/uploads\/Entidade-ABERTA-UNICOR-Bluzz-Saude-Tabela-de-Precos-1.pdf\" target=\"_blank\" rel=\"noopener\">Entidade ABERTA [UNICOR] Bluzz Sa\u00fade &#8211; Tabela de Pre\u00e7os &#8211; (Atualizado em 27\/03\/26)<\/a><\/li>\n<li><a href=\"http:\/\/www.rotaseguros.com.br\/corretor\/wp-content\/uploads\/Entidade-FECHADA-UNICOR-Bluzz-Saude-Tabela-de-Precos.pdf\" target=\"_blank\" rel=\"noopener\">Entidade FECHADA [UNICOR] Bluzz Sa\u00fade &#8211; Tabela de Pre\u00e7os &#8211; (Atualizado em 27\/03\/26)<\/a><\/li>\n<\/ul>\n<p><strong>Materiais de Suporte<\/strong><\/p>\n<ul>\n<li><a href=\"http:\/\/www.rotaseguros.com.br\/corretor\/wp-content\/uploads\/Ambulatorial-Bluzz.pdf\" target=\"_blank\" rel=\"noopener\">Ambulatorial Bluzz &#8211; (Atualizado em 19\/09\/25)<\/a><\/li>\n<li><a href=\"http:\/\/www.rotaseguros.com.br\/corretor\/wp-content\/uploads\/Care-Plus.pdf\" target=\"_blank\" rel=\"noopener\">Care Plus &#8211; (Atualizado em 19\/09\/25)<\/a><\/li>\n<li><a href=\"http:\/\/www.rotaseguros.com.br\/corretor\/wp-content\/uploads\/Care.pdf\" target=\"_blank\" rel=\"noopener\">Care &#8211; (Atualizado em 19\/09\/25)<\/a><\/li>\n<li><a href=\"http:\/\/www.rotaseguros.com.br\/corretor\/wp-content\/uploads\/Executivo.pdf\" target=\"_blank\" rel=\"noopener\">Executivo &#8211; (Atualizado em 19\/09\/25)<\/a><\/li>\n<\/ul>\n<h3>Circulo Sa\u00fade<\/h3>\n<ul>\n<li><a href=\"http:\/\/www.rotaseguros.com.br\/corretor\/wp-content\/uploads\/2026-Circulo-Saude-Tabela-de-Precos-UniCor.pdf\" target=\"_blank\" rel=\"noopener\">2026 C\u00edrculo Sa\u00fade- Tabela de Pre\u00e7os UniCor &#8211; (Atualizado em 22\/04\/26)<\/a><\/li>\n<li><a href=\"http:\/\/www.rotaseguros.com.br\/corretor\/wp-content\/uploads\/BOLETADO-PME-Circulo-Saude-Tabela-de-Precos-UniCor-1-3.pdf\" target=\"_blank\" rel=\"noopener\">[BOLETADO PME] C\u00edrculo Sa\u00fade- Tabela de Pre\u00e7os UniCor &#8211; (Atualizado em 22\/04\/26)<\/a><\/li>\n<li><a href=\"http:\/\/www.rotaseguros.com.br\/corretor\/wp-content\/uploads\/2026-SENALBA-Circulo-Saude-Tabela-de-Precos-UniCor.pdf\" target=\"_blank\" rel=\"noopener\">2026 SENALBA C\u00edrculo Sa\u00fade- Tabela de Pre\u00e7os UniCor &#8211; (Atualizado em 22\/04\/26)<\/a><\/li>\n<\/ul>\n<h3>Clinipan Hapvida<\/h3>\n<ul>\n<li><a href=\"http:\/\/www.rotaseguros.com.br\/corretor\/wp-content\/uploads\/Balneario-HAPVIDA-Clinipam.pdf\" target=\"_blank\" rel=\"noopener\">Balne\u00e1rio [HAPVIDA -Clinipam] &#8211; (Atualizado em 17\/10\/25)<\/a><\/li>\n<li><a href=\"http:\/\/www.rotaseguros.com.br\/corretor\/wp-content\/uploads\/Curitiba-HAPVIDA-Clinipam.pdf\" target=\"_blank\" rel=\"noopener\">Curitiba [HAPVIDA -Clinipam] &#8211; (Atualizado em 17\/10\/25)<\/a><\/li>\n<li><a href=\"http:\/\/www.rotaseguros.com.br\/corretor\/wp-content\/uploads\/LONDRINA-HAPVIDA-Clinipam.pdf\" target=\"_blank\" rel=\"noopener\">LONDRINA [HAPVIDA -Clinipam] &#8211; (Atualizado em 17\/10\/25)<\/a><\/li>\n<\/ul>\n<h3>GNDI<\/h3>\n<ul>\n<li><a href=\"http:\/\/www.rotaseguros.com.br\/corretor\/wp-content\/uploads\/UNICOR-GNDI.ESTUDANTES-Tabela-de-Precos-4.pdf\" target=\"_blank\" rel=\"noopener\">[UNICOR] GNDI.ESTUDANTES &#8211; Tabela de Pre\u00e7os &#8211; (Atualizado em 05\/05\/26)<\/a><\/li>\n<li><a href=\"http:\/\/www.rotaseguros.com.br\/corretor\/wp-content\/uploads\/UNICOR-GNDI-Tabela-de-Precos-8.pdf\" target=\"_blank\" rel=\"noopener\">[UNICOR] GNDI &#8211; Tabela de Pre\u00e7os &#8211; (Atualizado em 05\/05\/26)<\/a><\/li>\n<\/ul>\n<h3>Humana Sa\u00fade<\/h3>\n<ul>\n<li><a href=\"http:\/\/www.rotaseguros.com.br\/corretor\/wp-content\/uploads\/Alobras-HUMANA-Londrina.pdf\" target=\"_blank\" rel=\"noopener\">[Alobras ] HUMANA Londrina &#8211; (Atualizado em 17\/10\/25)<\/a><\/li>\n<li><a href=\"http:\/\/www.rotaseguros.com.br\/corretor\/wp-content\/uploads\/Alobras-HUMANA-SV.pdf\" target=\"_blank\" rel=\"noopener\">[Alobras ] HUMANA SV &#8211; (Atualizado em 17\/10\/25)<\/a><\/li>\n<li><a href=\"http:\/\/www.rotaseguros.com.br\/corretor\/wp-content\/uploads\/Alobras-HUMANA-Maringa.pdf\" target=\"_blank\" rel=\"noopener\">[Alobras] HUMANA Maring\u00e1 &#8211; (Atualizado em 17\/10\/25)<\/a><\/li>\n<li><a href=\"http:\/\/www.rotaseguros.com.br\/corretor\/wp-content\/uploads\/2026-Alobras-Grupo-2-HUMANA-RS-Tabela-de-Precos-UniCor-1.pdf\" target=\"_blank\" rel=\"noopener\">2026 [Alobras] Grupo 2 HUMANA RS- Tabela de Pre\u00e7os UniCor &#8211; (Atualizado em 24\/04\/26)<\/a><\/li>\n<li><a href=\"http:\/\/www.rotaseguros.com.br\/corretor\/wp-content\/uploads\/Grupo-1-HUMANA-Londrina.pdf\" target=\"_blank\" rel=\"noopener\">[Grupo 1 ] HUMANA Londrina &#8211; (Atualizado em 17\/10\/25)<\/a><\/li>\n<li><a href=\"http:\/\/www.rotaseguros.com.br\/corretor\/wp-content\/uploads\/Grupo-1-HUMANA-Maringa.pdf\" target=\"_blank\" rel=\"noopener\">[Grupo 1 ] HUMANA Maring\u00e1 &#8211; (Atualizado em 17\/10\/25)<\/a><\/li>\n<li><a href=\"http:\/\/www.rotaseguros.com.br\/corretor\/wp-content\/uploads\/Grupo-1-HUMANA-SV.pdf\" target=\"_blank\" rel=\"noopener\">[Grupo 1 ] HUMANA SV &#8211; (Atualizado em 17\/10\/25)<\/a><\/li>\n<li><a href=\"http:\/\/www.rotaseguros.com.br\/corretor\/wp-content\/uploads\/2026-Grupo-1-HUMANA-RS-Tabela-de-Precos-UniCor-1.pdf\" target=\"_blank\" rel=\"noopener\">2026 [Grupo 1] HUMANA RS- Tabela de Pre\u00e7os UniCor- (Atualizado em 24\/04\/26)<\/a><\/li>\n<li><a href=\"http:\/\/www.rotaseguros.com.br\/corretor\/wp-content\/uploads\/UNICOR-HUMANA-Londrina.pdf\" target=\"_blank\" rel=\"noopener\">[UNICOR] HUMANA Londrina &#8211; (Atualizado em 17\/10\/25)<\/a><\/li>\n<li><a href=\"http:\/\/www.rotaseguros.com.br\/corretor\/wp-content\/uploads\/2026-UNICOR-Grupo-3-HUMANA-RS-Tabela-de-Precos-1.pdf\" target=\"_blank\" rel=\"noopener\">2026 [UNICOR] Grupo 3 HUMANA RS- Tabela de Pre\u00e7os &#8211; (Atualizado em 24\/04\/26)<\/a><\/li>\n<li><a href=\"http:\/\/www.rotaseguros.com.br\/corretor\/wp-content\/uploads\/UNICOR-HUMANA-SV.pdf\" target=\"_blank\" rel=\"noopener\">[UNICOR] HUMANA SV &#8211; (Atualizado em 17\/10\/25)<\/a><\/li>\n<li><a href=\"http:\/\/www.rotaseguros.com.br\/corretor\/wp-content\/uploads\/UNICOR-HUMANA-Maringa.pdf\" target=\"_blank\" rel=\"noopener\">_[UNICOR] HUMANA Maring\u00e1 &#8211; (Atualizado em 17\/10\/25)<\/a><\/li>\n<\/ul>\n<h3>Hapvida<\/h3>\n<ul>\n<li><a href=\"http:\/\/www.rotaseguros.com.br\/corretor\/wp-content\/uploads\/UNICOR-Hapvida-Anapolis.pdf\" target=\"_blank\" rel=\"noopener\">[UNICOR] Hapvida An\u00e1polis &#8211; (Atualizado em 17\/10\/25)<\/a><\/li>\n<li><a href=\"http:\/\/www.rotaseguros.com.br\/corretor\/wp-content\/uploads\/UNICOR-Hapvida-PME-GO.pdf\" target=\"_blank\" rel=\"noopener\">[UNICOR] Hapvida PME GO &#8211; (Atualizado em 17\/10\/25)<\/a><\/li>\n<li><a href=\"http:\/\/www.rotaseguros.com.br\/corretor\/wp-content\/uploads\/UNICOR-Hapvida-PME-Limeira.pdf\" target=\"_blank\" rel=\"noopener\">[UNICOR] Hapvida PME Limeira &#8211; (Atualizado em 17\/10\/25)<\/a><\/li>\n<li><a href=\"http:\/\/www.rotaseguros.com.br\/corretor\/wp-content\/uploads\/UNICOR-Hapvida-PME-SJC.pdf\" target=\"_blank\" rel=\"noopener\">[UNICOR] Hapvida PME SJC &#8211; (Atualizado em 17\/10\/25)<\/a><\/li>\n<li><a href=\"http:\/\/www.rotaseguros.com.br\/corretor\/wp-content\/uploads\/UNICOR-Hapvida-PME-Uberaba.pdf\" target=\"_blank\" rel=\"noopener\">[UNICOR] Hapvida PME Uberaba &#8211; (Atualizado em 17\/10\/25)<\/a><\/li>\n<li><a href=\"http:\/\/www.rotaseguros.com.br\/corretor\/wp-content\/uploads\/UNICOR-Hapvida-PME-UDI.pdf\" target=\"_blank\" rel=\"noopener\">[UNICOR] Hapvida PME UDI &#8211; (Atualizado em 17\/10\/25)<\/a><\/li>\n<li><a href=\"http:\/\/www.rotaseguros.com.br\/corretor\/wp-content\/uploads\/UNICOR-Hapvida.BH_-1.pdf\" target=\"_blank\" rel=\"noopener\">[UNICOR] Hapvida.BH &#8211; (Atualizado em 17\/10\/25)<\/a><\/li>\n<li><a href=\"http:\/\/www.rotaseguros.com.br\/corretor\/wp-content\/uploads\/UNICOR-Hapvida.GO_-1.pdf\" target=\"_blank\" rel=\"noopener\">[UNICOR] Hapvida.GO &#8211; (Atualizado em 17\/10\/25)<\/a><\/li>\n<li><a href=\"http:\/\/www.rotaseguros.com.br\/corretor\/wp-content\/uploads\/UNICOR-Hapvida.Uberaba.pdf\" target=\"_blank\" rel=\"noopener\">[UNICOR] Hapvida.Uberaba &#8211; (Atualizado em 17\/10\/25)<\/a><\/li>\n<li><a href=\"http:\/\/www.rotaseguros.com.br\/corretor\/wp-content\/uploads\/UNICOR-Hapvida.UDI_.pdf\" target=\"_blank\" rel=\"noopener\">[UNICOR] Hapvida.UDI &#8211; (Atualizado em 17\/10\/25)<\/a><\/li>\n<li><a href=\"http:\/\/www.rotaseguros.com.br\/corretor\/wp-content\/uploads\/UNICOR-Hapvida-PME-BH.pdf\" target=\"_blank\" rel=\"noopener\">_[UNICOR] Hapvida PME BH &#8211; (Atualizado em 17\/10\/25)<\/a><\/li>\n<li><a href=\"http:\/\/www.rotaseguros.com.br\/corretor\/wp-content\/uploads\/Anapolis-UNICOR-Hapvida-PME.pdf\" target=\"_blank\" rel=\"noopener\">An\u00e1polis [UNICOR] Hapvida PME &#8211; (Atualizado em 17\/10\/25)<\/a><\/li>\n<li><a href=\"http:\/\/www.rotaseguros.com.br\/corretor\/wp-content\/uploads\/Limeira-UNICOR-Hapvida.pdf\" target=\"_blank\" rel=\"noopener\">Limeira [UNICOR] Hapvida &#8211; (Atualizado em 17\/10\/25)<\/a><\/li>\n<li><a href=\"http:\/\/www.rotaseguros.com.br\/corretor\/wp-content\/uploads\/SJDC-UNICOR-Hapvida.pdf\" target=\"_blank\" rel=\"noopener\">SJDC [UNICOR] Hapvida &#8211; (Atualizado em 17\/10\/25)<\/a><\/li>\n<\/ul>\n<h3>CCG &#8211; Hapvida<\/h3>\n<ul>\n<li><a href=\"http:\/\/www.rotaseguros.com.br\/corretor\/wp-content\/uploads\/2025-HAPVIDA-CCG-RS-PORTIFOLIO-CCG-Tabela-de-Precos-UniCor-2.pdf\" target=\"_blank\" rel=\"noopener\">2025 [HAPVIDA &#8211; CCG &#8211; RS &#8211; PORTIFOLIO CCG ] Tabela de Pre\u00e7os UniCor &#8211; (Atualizado em 24\/04\/26)<\/a><\/li>\n<\/ul>\n<h3>MedGold<\/h3>\n<ul>\n<li><a href=\"http:\/\/www.rotaseguros.com.br\/corretor\/wp-content\/uploads\/NOVA-MedGold.pdf\" target=\"_blank\" rel=\"noopener\">[NOVA] MedGold &#8211; (Atualizado em 17\/10\/25)<\/a><\/li>\n<\/ul>\n<h3>Plam Sa\u00fade<\/h3>\n<ul>\n<li><a href=\"http:\/\/www.rotaseguros.com.br\/corretor\/wp-content\/uploads\/AMBULATORIAL-Plam-Saude-Tabela-de-Precos-UniCor.pdf\" target=\"_blank\" rel=\"noopener\">[AMBULATORIAL] Plam Sa\u00fade &#8211; (Atualizado em 21\/10\/25)<\/a><\/li>\n<li><a href=\"http:\/\/www.rotaseguros.com.br\/corretor\/wp-content\/uploads\/COMPLETO-Plam-Saude.pdf\" target=\"_blank\" rel=\"noopener\">[COMPLETO] Plam Sa\u00fade &#8211; (Atualizado em 17\/10\/25)<\/a><\/li>\n<li><a href=\"http:\/\/www.rotaseguros.com.br\/corretor\/wp-content\/uploads\/SINDSERH-Plam-Saude.pdf\" target=\"_blank\" rel=\"noopener\">[SINDSERH] Plam Sa\u00fade &#8211; (Atualizado em 17\/10\/25)<\/a><\/li>\n<li><a href=\"http:\/\/www.rotaseguros.com.br\/corretor\/wp-content\/uploads\/Empresarial-UNICOR-Plam-Saude-Tabela-de-Precos.pdf\" target=\"_blank\" rel=\"noopener\">Empresarial [UNICOR] Plam Sa\u00fade &#8211; (Atualizado em 21\/10\/25)<\/a><\/li>\n<\/ul>\n<h3>S\u00e3o Lucas<\/h3>\n<ul>\n<li><a href=\"http:\/\/www.rotaseguros.com.br\/corretor\/wp-content\/uploads\/PROMOCIONAL-2025-Sao-Lucas-Tabela-de-Precos-UniCor.pdf\" target=\"_blank\" rel=\"noopener\">PROMOCIONAL 2025 S\u00e3o Lucas &#8211; Tabela de Pre\u00e7os UniCor (Atualizado em 04\/11\/25)<\/a><\/li>\n<\/ul>\n<h3>Unimed<\/h3>\n<ul>\n<li><a href=\"http:\/\/www.rotaseguros.com.br\/corretor\/wp-content\/uploads\/UNICOR-UnimedBH-STIC-Tabela-de-Precos-2026-reajuste.pdf\" target=\"_blank\" rel=\"noopener\">[UNICOR] UnimedBH STIC &#8211; (Atualizado em 23\/03\/26)<\/a><\/li>\n<li><a href=\"http:\/\/www.rotaseguros.com.br\/corretor\/wp-content\/uploads\/Promocional-SINORTE-TABELA-DE-PRECOS-UNIMED-BH-1.pdf\" target=\"_blank\" rel=\"noopener\">Promocional [SINORTE] TABELA DE PRE\u00c7OS (UNIMED-BH) &#8211; (Atualizado em 17\/10\/25)<\/a><\/li>\n<li><a href=\"http:\/\/www.rotaseguros.com.br\/corretor\/wp-content\/uploads\/Promocional-UNICOR-UnimedBH-SINDIMOVEIS.pdf\" target=\"_blank\" rel=\"noopener\">Promocional [UNICOR] UnimedBH SINDIM\u00d3VEIS &#8211; (Atualizado em 17\/10\/25)<\/a><\/li>\n<li><a href=\"http:\/\/www.rotaseguros.com.br\/corretor\/wp-content\/uploads\/2026-Unimed-BH-PME-Tabela-de-Precos-UNICOR-1.pdf\" target=\"_blank\" rel=\"noopener\">Unimed BH PME &#8211; (Atualizado em 23\/03\/26)<\/a><\/li>\n<li><a href=\"http:\/\/www.rotaseguros.com.br\/corretor\/wp-content\/uploads\/2026-SINORTE-TABELA-DE-PRECOS-UNIMED-BH.pdf\" target=\"_blank\" rel=\"noopener\">2026 [SINORTE] TABELA DE PRE\u00c7OS (UNIMED-BH) &#8211; (Atualizado em 23\/03\/26)<\/a><\/li>\n<\/ul>\n<p>&nbsp;<\/p>\n<h2><strong>Tabela de Pre\u00e7os | Odonto<\/strong><\/h2>\n<ul>\n<li><a href=\"http:\/\/www.rotaseguros.com.br\/corretor\/wp-content\/uploads\/UNICOR-Dental-Uni.pdf\" target=\"_blank\" rel=\"noopener\">[UNICOR] Dental Uni &#8211; (Atualizado em 17\/10\/25)<\/a><\/li>\n<li><a href=\"http:\/\/www.rotaseguros.com.br\/corretor\/wp-content\/uploads\/Unimed-Odonto.pdf\" target=\"_blank\" rel=\"noopener\">[Unimed Odonto] &#8211; (Atualizado em 17\/10\/25)<\/a><\/li>\n<li><a href=\"http:\/\/www.rotaseguros.com.br\/corretor\/wp-content\/uploads\/COBERTURA-DENTAL-AMPLO-DENTALUNI.pdf\" target=\"_blank\" rel=\"noopener\">COBERTURA &#8211; DENTAL AMPLO- DENTALUNI &#8211; (Atualizado em 17\/10\/25)<\/a><\/li>\n<li><a href=\"http:\/\/www.rotaseguros.com.br\/corretor\/wp-content\/uploads\/Cobertura-Plano-Prime-DENTALUNI.pdf\" target=\"_blank\" rel=\"noopener\">Cobertura Plano Prime DENTALUNI &#8211; (Atualizado em 17\/10\/25)<\/a><\/li>\n<li><a href=\"http:\/\/www.rotaseguros.com.br\/corretor\/wp-content\/uploads\/Comparativo-COBERTURAS-odontoUNIMED-ODONTO.pdf\" target=\"_blank\" rel=\"noopener\">Comparativo COBERTURAS (odonto)UNIMED ODONTO &#8211; (Atualizado em 17\/10\/25)<\/a><\/li>\n<li><a href=\"http:\/\/www.rotaseguros.com.br\/corretor\/wp-content\/uploads\/Tabela-de-Precos-PME-ODONTO-3.pdf\" target=\"_blank\" rel=\"noopener\">Tabela de Pre\u00e7os &#8211; PME ODONTO &#8211; (Atualizado em 07\/05\/26)<\/a><\/li>\n<li><a href=\"http:\/\/www.rotaseguros.com.br\/corretor\/wp-content\/uploads\/Tabela-de-Precos-PROMOCIONAL-UNIMED-ODONTO-ADESAO-1.pdf\" target=\"_blank\" rel=\"noopener\">Tabela de Pre\u00e7os &#8211; PROMOCIONAL UNIMED ODONTO ADES\u00c3O &#8211; (Atualizado em 07\/05\/26)<\/a><\/li>\n<\/ul>\n","protected":false},"excerpt":{"rendered":"<p>Tabela de Pre\u00e7os | Sa\u00fade &nbsp; Bluzz Sa\u00fade _PME [UNICOR] Bluzz Sa\u00fade &#8211; Tabela de Pre\u00e7os &#8211; (Atualizado em 27\/03\/26) Entidade ABERTA [UNICOR] Bluzz Sa\u00fade &#8211; Tabela de Pre\u00e7os &#8211; &#8230;<\/p>\n","protected":false},"author":22,"featured_media":0,"parent":0,"menu_order":0,"comment_status":"closed","ping_status":"closed","template":"","meta":{"footnotes":""},"class_list":["post-66297","page","type-page","status-publish","hentry"],"_links":{"self":[{"href":"https:\/\/www.rotaseguros.com.br\/corretor\/index.php\/wp-json\/wp\/v2\/pages\/66297","targetHints":{"allow":["GET"]}}],"collection":[{"href":"https:\/\/www.rotaseguros.com.br\/corretor\/index.php\/wp-json\/wp\/v2\/pages"}],"about":[{"href":"https:\/\/www.rotaseguros.com.br\/corretor\/index.php\/wp-json\/wp\/v2\/types\/page"}],"author":[{"embeddable":true,"href":"https:\/\/www.rotaseguros.com.br\/corretor\/index.php\/wp-json\/wp\/v2\/users\/22"}],"replies":[{"embeddable":true,"href":"https:\/\/www.rotaseguros.com.br\/corretor\/index.php\/wp-json\/wp\/v2\/comments?post=66297"}],"version-history":[{"count":37,"href":"https:\/\/www.rotaseguros.com.br\/corretor\/index.php\/wp-json\/wp\/v2\/pages\/66297\/revisions"}],"predecessor-version":[{"id":67670,"href":"https:\/\/www.rotaseguros.com.br\/corretor\/index.php\/wp-json\/wp\/v2\/pages\/66297\/revisions\/67670"}],"wp:attachment":[{"href":"https:\/\/www.rotaseguros.com.br\/corretor\/index.php\/wp-json\/wp\/v2\/media?parent=66297"}],"curies":[{"name":"wp","href":"https:\/\/api.w.org\/{rel}","templated":true}]}}