{"id":66613,"date":"2025-08-27T11:17:09","date_gmt":"2025-08-27T14:17:09","guid":{"rendered":"https:\/\/www.rotaseguros.com.br\/corretor\/?page_id=66613"},"modified":"2026-04-08T14:17:44","modified_gmt":"2026-04-08T17:17:44","slug":"medsenior","status":"publish","type":"page","link":"https:\/\/www.rotaseguros.com.br\/corretor\/index.php\/medsenior\/","title":{"rendered":"MEDS\u00caNIOR"},"content":{"rendered":"<p><strong>COMUNICADO:<\/strong><\/p>\n<ul>\n<li><a href=\"https:\/\/www.rotaseguros.com.br\/corretor\/index.php\/2026\/01\/26\/comunicado-medsenior-atualizacao-da-rede-credenciada-mg\/\" target=\"_blank\" rel=\"noopener\">Comunicado M\u00eadSenior: Atualiza\u00e7\u00e3o da rede credenciada \u2013 MG<\/a><\/li>\n<\/ul>\n<h3>Tabela de Pre\u00e7os<\/h3>\n<ul>\n<li style=\"list-style-type: none;\">\n<ul>\n<li><a href=\"http:\/\/www.rotaseguros.com.br\/corretor\/wp-content\/uploads\/TABELA_PF_MG_ABRIL26.pdf\" target=\"_blank\" rel=\"noopener\">Tabela de Vendas MG | MedS\u00eanior\u00a0 \u2013 (Atualizada em 08\/04\/2026)<\/a><\/li>\n<li><a href=\"http:\/\/www.rotaseguros.com.br\/corretor\/wp-content\/uploads\/TABELA_PF_ES_ABRIL26.pdf\" target=\"_blank\" rel=\"noopener\">Tabela de Vendas ES | MedS\u00eanior \u2013 (Atualizada em 08\/04\/2026)<\/a><\/li>\n<li><a href=\"http:\/\/www.rotaseguros.com.br\/corretor\/wp-content\/uploads\/TABELA_PF_RJ_ABRIL26.pdf\" target=\"_blank\" rel=\"noopener\">Tabela de Vendas RJ | MedS\u00eanior \u2013 (Atualizada em 08\/04\/2026)<\/a><\/li>\n<li><a href=\"http:\/\/www.rotaseguros.com.br\/corretor\/wp-content\/uploads\/TABELA_PF_PR_ABRIL26.pdf\" target=\"_blank\" rel=\"noopener\">Tabela de Vendas PR | MedS\u00eanior \u2013 (Atualizada em 08\/04\/2026)<\/a><\/li>\n<li><a href=\"http:\/\/www.rotaseguros.com.br\/corretor\/wp-content\/uploads\/TABELA_PF_DF_ABRIL26.pdf\" target=\"_blank\" rel=\"noopener\">Tabela de Vendas DF | MedS\u00eanior\u00a0 \u2013 (Atualizada em 08\/04\/2026)<\/a><\/li>\n<li><a href=\"http:\/\/www.rotaseguros.com.br\/corretor\/wp-content\/uploads\/TABELA_PF_RS_ABRIL26.pdf\" target=\"_blank\" rel=\"noopener\">Tabela de Vendas RS | MedS\u00eanior \u2013 (Atualizada em 08\/04\/2026)<\/a><\/li>\n<li><a href=\"http:\/\/www.rotaseguros.com.br\/corretor\/wp-content\/uploads\/TABELA_PF_SP_ABRIL26.pdf\" target=\"_blank\" rel=\"noopener\">Tabela de Vendas SP | MedS\u00eanior \u2013 (Atualizada em 08\/04\/2026)<\/a><\/li>\n<li><a href=\"http:\/\/www.rotaseguros.com.br\/corretor\/wp-content\/uploads\/TABELA_PF_CPS_ABRIL26.pdf\" target=\"_blank\" rel=\"noopener\">Tabela de Vendas CAMPINAS | MedS\u00eanior \u2013 (Atualizada em 08\/04\/26)<\/a><\/li>\n<li><a href=\"http:\/\/www.rotaseguros.com.br\/corretor\/wp-content\/uploads\/TABELA_PF_RCF_ABRIL26.pdf\" target=\"_blank\" rel=\"noopener\">Tabela de Vendas RECIFE | MedS\u00eanior \u2013 (Atualizada em 08\/04\/26)<\/a><\/li>\n<\/ul>\n<\/li>\n<\/ul>\n<h3>Tabela de Pre\u00e7os PME<\/h3>\n<ul>\n<li><a href=\"http:\/\/www.rotaseguros.com.br\/corretor\/wp-content\/uploads\/TABELA_PME_ES_ABRIL26.pdf\" target=\"_blank\" rel=\"noopener\">Tabela de Vendas ES | MedS\u00eanior Corporate \u2013 (Atualizada em 08\/04\/2026)<\/a><\/li>\n<li><a href=\"http:\/\/www.rotaseguros.com.br\/corretor\/wp-content\/uploads\/TABELA_PME_MG_ABRIL26.pdf\" target=\"_blank\" rel=\"noopener\">Tabela de Vendas MG | MedS\u00eanior Corporate\u00a0 \u2013 (Atualizada em 08\/04\/2026)<\/a><\/li>\n<li><a href=\"http:\/\/www.rotaseguros.com.br\/corretor\/wp-content\/uploads\/TABELA_PME_RJ_ABRIL26.pdf\" target=\"_blank\" rel=\"noopener\">Tabela de Vendas RJ | MedS\u00eanior Corporate \u2013 (Atualizada em 08\/04\/2026)<\/a><\/li>\n<li><a href=\"http:\/\/www.rotaseguros.com.br\/corretor\/wp-content\/uploads\/TABELA_PME_PR_ABRIL26.pdf\" target=\"_blank\" rel=\"noopener\">Tabela de Vendas PR | MedS\u00eanior Corporate \u2013 (Atualizada em 08\/04\/2026)<\/a><\/li>\n<li><a href=\"http:\/\/www.rotaseguros.com.br\/corretor\/wp-content\/uploads\/TABELA_PME_DF_ABRIL26.pdf\" target=\"_blank\" rel=\"noopener\">Tabela de Vendas DF | MedS\u00eanior Corporate \u2013 (Atualizada em 08\/04\/2026)<\/a><\/li>\n<li><a href=\"http:\/\/www.rotaseguros.com.br\/corretor\/wp-content\/uploads\/TABELA_PME_RS_ABRIL26.pdf\" target=\"_blank\" rel=\"noopener\">Tabela de Vendas RS | MedS\u00eanior Corporate \u2013 (Atualizada em 08\/04\/2026)<\/a><\/li>\n<li><a href=\"http:\/\/www.rotaseguros.com.br\/corretor\/wp-content\/uploads\/TABELA_PME_SP_ABRIL26.pdf\" target=\"_blank\" rel=\"noopener\">Tabela de Vendas SP | MedS\u00eanior Corporate \u2013 (Atualizada em 08\/04\/2026)<\/a><\/li>\n<li><a href=\"http:\/\/www.rotaseguros.com.br\/corretor\/wp-content\/uploads\/TABELA_PME_CPS_ABRIL26.pdf\" target=\"_blank\" rel=\"noopener\">Tabela de Vendas CAMPINAS | MedS\u00eanior Corporate \u2013 (Atualizada em 08\/04\/26)<\/a><\/li>\n<li><a href=\"http:\/\/www.rotaseguros.com.br\/corretor\/wp-content\/uploads\/TABELA_PME_RCF_ABRIL26.pdf\" target=\"_blank\" rel=\"noopener\">Tabela de Vendas RECIFE | MedS\u00eanior Corporate \u2013 (Atualizada em 08\/04\/26)<\/a><\/li>\n<\/ul>\n<p>&nbsp;<\/p>\n<h2><strong>Demais Arquivos<\/strong><\/h2>\n<h3><strong>Vit\u00f3ria<\/strong><\/h3>\n<ul>\n<li><a href=\"https:\/\/www.rotaseguros.com.br\/corretor\/wp-content\/uploads\/MANUALVENDAS_PME_REVISADO_ADAPTADO-VITORIA.pdf\" target=\"_blank\" rel=\"noopener\">Manual de Vendas PME \u2013 (Atualizado em 14\/01\/25)<\/a><\/li>\n<li><a href=\"https:\/\/www.rotaseguros.com.br\/corretor\/wp-content\/uploads\/aditivo-atual-com-plano_compressed.pdf\" target=\"_blank\" rel=\"noopener\">Aditivo com Plano \u2013 (Atualizado em 15\/05\/24)<\/a><\/li>\n<li><a href=\"https:\/\/www.rotaseguros.com.br\/corretor\/wp-content\/uploads\/Aditivo_Sem_Plano_ES_compressed-1.pdf\" target=\"_blank\" rel=\"noopener\">Aditivo sem Plano \u2013 (Atualizado em 15\/05\/24)<\/a><\/li>\n<li><a href=\"https:\/\/www.rotaseguros.com.br\/corretor\/wp-content\/uploads\/TREINAMENTO-EM-PDF-CORRETORES_compressed-1.pdf\" target=\"_blank\" rel=\"noopener\">Treinamento em PDF<\/a><\/li>\n<\/ul>\n<p>&nbsp;<\/p>\n<h3>BH<\/h3>\n<h3>Conhe\u00e7a nosso material sobre o Bem Envelhecer, e conhe\u00e7a mais sobre esse programa fant\u00e1stico!<\/h3>\n<ul>\n<li><a href=\"http:\/\/www.rotaseguros.com.br\/corretor\/wp-content\/uploads\/cartilha-bem-envelhecer-v6.pdf\" target=\"_blank\" rel=\"noopener\">cartilha-bem-envelhecer v6 \u2013 (Atualizado em 20\/05\/25)<\/a><\/li>\n<\/ul>\n<p>&nbsp;<\/p>\n<div style=\"width: 480px;\" class=\"wp-video\"><video class=\"wp-video-shortcode\" id=\"video-66613-1\" width=\"480\" height=\"848\" preload=\"metadata\" controls=\"controls\"><source type=\"video\/mp4\" src=\"http:\/\/www.rotaseguros.com.br\/corretor\/wp-content\/uploads\/video-explicativo.mp4?_=1\" \/><a href=\"http:\/\/www.rotaseguros.com.br\/corretor\/wp-content\/uploads\/video-explicativo.mp4\">http:\/\/www.rotaseguros.com.br\/corretor\/wp-content\/uploads\/video-explicativo.mp4<\/a><\/video><\/div>\n<div class=\"wp-video\"><\/div>\n<h4><\/h4>\n<p>&nbsp;<\/p>\n<h4><strong>YouTube<\/strong><\/h4>\n<p><a href=\"https:\/\/youtu.be\/gCPaSKzHT3o\" target=\"_blank\" rel=\"noopener\">https:\/\/youtu.be\/gCPaSKzHT3o<\/a><\/p>\n<p><a href=\"https:\/\/www.youtube.com\/playlist?list=PLPAiC6DBXPgTPoPfxkxj_abSTwokS0WgW\" target=\"_blank\" rel=\"noopener\">https:\/\/www.youtube.com\/playlist?list=PLPAiC6DBXPgTPoPfxkxj_abSTwokS0WgW<\/a><\/p>\n<p><a href=\"https:\/\/youtu.be\/1wSsdgzAdA4\" target=\"_blank\" rel=\"noopener\">https:\/\/youtu.be\/1wSsdgzAdA4<\/a><\/p>\n<p>&nbsp;<\/p>\n<p><strong>Alguns links que v\u00e3o te apoiar em suas vendas.<\/strong><\/p>\n<p>Link de Vendas:\u00a0<a href=\"https:\/\/vendadigital.medsenior.com.br\/\" target=\"_blank\" rel=\"noopener\">https:\/\/vendadigital.medsenior.com.br\/<\/a><\/p>\n<p>Link do Termo:\u00a0<a href=\"http:\/\/vendas.medsenior.com.br\/mpa\" target=\"_blank\" rel=\"noopener\">vendas.medsenior.com.br\/mpa<\/a><\/p>\n<p>Link da Entrevista:\u00a0<a href=\"https:\/\/qrco.de\/bd2xVB\" target=\"_blank\" rel=\"noopener\">https:\/\/qrco.de\/bd2xVB<\/a><\/p>\n<p>Link Cart\u00e3o do SUS:\u00a0<a href=\"http:\/\/cnesadm.datasus.gov.br\/cnesadm\/publico\/usuarios\/cadastro\" target=\"_blank\" rel=\"noopener\">http:\/\/cnesadm.datasus.gov.br\/cnesadm\/publico\/usuarios\/cadastro<\/a><\/p>\n<p>Portal do Cliente:<br \/>\n<a href=\"http:\/\/portaldocliente.medsenior.com.br\/\" target=\"_blank\" rel=\"noopener\">portaldocliente.medsenior.com.br<\/a><\/p>\n<p>Link Guia M\u00e9dico:<br \/>\n<a href=\"https:\/\/guiamedico.medsenior.com.br\/\" target=\"_blank\" rel=\"noopener\">https:\/\/guiamedico.medsenior.com.br\/<\/a><\/p>\n<p>&nbsp;<\/p>\n<p>&nbsp;<\/p>\n<p>&nbsp;<\/p>\n<p>&nbsp;<\/p>\n<p>&nbsp;<\/p>\n<p>&nbsp;<\/p>\n<p>&nbsp;<\/p>\n<p>&nbsp;<\/p>\n<p>&nbsp;<\/p>\n<p>&nbsp;<\/p>\n<p>&nbsp;<\/p>\n","protected":false},"excerpt":{"rendered":"<p>COMUNICADO: Comunicado M\u00eadSenior: Atualiza\u00e7\u00e3o da rede credenciada \u2013 MG Tabela de Pre\u00e7os Tabela de Vendas MG | MedS\u00eanior\u00a0 \u2013 (Atualizada em 08\/04\/2026) Tabela de Vendas ES | MedS\u00eanior \u2013 (Atualizada &#8230;<\/p>\n","protected":false},"author":22,"featured_media":0,"parent":0,"menu_order":0,"comment_status":"closed","ping_status":"closed","template":"","meta":{"footnotes":""},"class_list":["post-66613","page","type-page","status-publish","hentry"],"_links":{"self":[{"href":"https:\/\/www.rotaseguros.com.br\/corretor\/index.php\/wp-json\/wp\/v2\/pages\/66613","targetHints":{"allow":["GET"]}}],"collection":[{"href":"https:\/\/www.rotaseguros.com.br\/corretor\/index.php\/wp-json\/wp\/v2\/pages"}],"about":[{"href":"https:\/\/www.rotaseguros.com.br\/corretor\/index.php\/wp-json\/wp\/v2\/types\/page"}],"author":[{"embeddable":true,"href":"https:\/\/www.rotaseguros.com.br\/corretor\/index.php\/wp-json\/wp\/v2\/users\/22"}],"replies":[{"embeddable":true,"href":"https:\/\/www.rotaseguros.com.br\/corretor\/index.php\/wp-json\/wp\/v2\/comments?post=66613"}],"version-history":[{"count":21,"href":"https:\/\/www.rotaseguros.com.br\/corretor\/index.php\/wp-json\/wp\/v2\/pages\/66613\/revisions"}],"predecessor-version":[{"id":67443,"href":"https:\/\/www.rotaseguros.com.br\/corretor\/index.php\/wp-json\/wp\/v2\/pages\/66613\/revisions\/67443"}],"wp:attachment":[{"href":"https:\/\/www.rotaseguros.com.br\/corretor\/index.php\/wp-json\/wp\/v2\/media?parent=66613"}],"curies":[{"name":"wp","href":"https:\/\/api.w.org\/{rel}","templated":true}]}}