{"id":67021,"date":"2025-11-12T11:24:31","date_gmt":"2025-11-12T14:24:31","guid":{"rendered":"https:\/\/www.rotaseguros.com.br\/corretor\/?page_id=67021"},"modified":"2026-02-05T09:53:40","modified_gmt":"2026-02-05T12:53:40","slug":"supermed","status":"publish","type":"page","link":"https:\/\/www.rotaseguros.com.br\/corretor\/index.php\/links\/informacoes-de-operadoras\/supermed\/","title":{"rendered":"Supermed"},"content":{"rendered":"<h2 class=\"wp-block-heading\">Tabelas de Pre\u00e7os<\/h2>\n<p><strong>Planos por Ades\u00e3o<\/strong><\/p>\n<ul>\n<li style=\"list-style-type: none;\">\n<ul>\n<li><a href=\"http:\/\/www.rotaseguros.com.br\/corretor\/wp-content\/uploads\/MAV-AMIL-MG.pdf\" target=\"_blank\" rel=\"noopener\">Plano por Ades\u00e3o Amil &#8211; (Atualizado em 05\/02\/26)<\/a><\/li>\n<\/ul>\n<\/li>\n<\/ul>\n<p><img loading=\"lazy\" decoding=\"async\" class=\"alignnone wp-image-67231 \" src=\"http:\/\/www.rotaseguros.com.br\/corretor\/wp-content\/uploads\/WhatsApp-Image-2026-02-05-at-08.05.51-2-576x1024.jpeg\" alt=\"\" width=\"290\" height=\"516\" srcset=\"https:\/\/www.rotaseguros.com.br\/corretor\/wp-content\/uploads\/WhatsApp-Image-2026-02-05-at-08.05.51-2-576x1024.jpeg 576w, https:\/\/www.rotaseguros.com.br\/corretor\/wp-content\/uploads\/WhatsApp-Image-2026-02-05-at-08.05.51-2-169x300.jpeg 169w, https:\/\/www.rotaseguros.com.br\/corretor\/wp-content\/uploads\/WhatsApp-Image-2026-02-05-at-08.05.51-2-768x1365.jpeg 768w, https:\/\/www.rotaseguros.com.br\/corretor\/wp-content\/uploads\/WhatsApp-Image-2026-02-05-at-08.05.51-2-864x1536.jpeg 864w, https:\/\/www.rotaseguros.com.br\/corretor\/wp-content\/uploads\/WhatsApp-Image-2026-02-05-at-08.05.51-2.jpeg 900w\" sizes=\"auto, (max-width: 290px) 100vw, 290px\" \/><\/p>\n<p><img loading=\"lazy\" decoding=\"async\" class=\"alignnone wp-image-67232 \" src=\"http:\/\/www.rotaseguros.com.br\/corretor\/wp-content\/uploads\/WhatsApp-Image-2026-02-05-at-08.05.51-1-819x1024.jpeg\" alt=\"\" width=\"289\" height=\"361\" srcset=\"https:\/\/www.rotaseguros.com.br\/corretor\/wp-content\/uploads\/WhatsApp-Image-2026-02-05-at-08.05.51-1-819x1024.jpeg 819w, https:\/\/www.rotaseguros.com.br\/corretor\/wp-content\/uploads\/WhatsApp-Image-2026-02-05-at-08.05.51-1-240x300.jpeg 240w, https:\/\/www.rotaseguros.com.br\/corretor\/wp-content\/uploads\/WhatsApp-Image-2026-02-05-at-08.05.51-1-768x960.jpeg 768w, https:\/\/www.rotaseguros.com.br\/corretor\/wp-content\/uploads\/WhatsApp-Image-2026-02-05-at-08.05.51-1.jpeg 1080w\" sizes=\"auto, (max-width: 289px) 100vw, 289px\" \/><\/p>\n<p>&#8212;&#8212;&#8212;&#8212;&#8212;&#8212;&#8212;&#8212;&#8212;&#8212;&#8212;&#8212;&#8212;&#8212;&#8212;&#8212;&#8212;&#8212;&#8212;&#8212;&#8212;&#8212;&#8212;&#8212;&#8211;<\/p>\n<p><img loading=\"lazy\" decoding=\"async\" class=\"alignnone wp-image-67241 \" src=\"http:\/\/www.rotaseguros.com.br\/corretor\/wp-content\/uploads\/WhatsApp-Image-2026-02-05-at-08.05.55-819x1024.jpeg\" alt=\"\" width=\"292\" height=\"365\" srcset=\"https:\/\/www.rotaseguros.com.br\/corretor\/wp-content\/uploads\/WhatsApp-Image-2026-02-05-at-08.05.55-819x1024.jpeg 819w, https:\/\/www.rotaseguros.com.br\/corretor\/wp-content\/uploads\/WhatsApp-Image-2026-02-05-at-08.05.55-240x300.jpeg 240w, https:\/\/www.rotaseguros.com.br\/corretor\/wp-content\/uploads\/WhatsApp-Image-2026-02-05-at-08.05.55-768x960.jpeg 768w, https:\/\/www.rotaseguros.com.br\/corretor\/wp-content\/uploads\/WhatsApp-Image-2026-02-05-at-08.05.55.jpeg 1080w\" sizes=\"auto, (max-width: 292px) 100vw, 292px\" \/><\/p>\n<div><strong>Nova tabela Amil lan\u00e7ada!<\/strong><\/div>\n<div><\/div>\n<div>\u2022 <strong>Nova tabela<\/strong> (ANASPL e UNICOM): vendas <strong>a partir da vig\u00eancia\u00a0 01\/03 | reajuste<\/strong> s\u00f3 em <strong>fevereiro\/2027<\/strong>.<\/div>\n<div><\/div>\n<div><strong>Diferenciais:<\/strong><\/div>\n<div>\u2022 Dental gr\u00e1tis por 12 meses<\/div>\n<div>\u2022 Desconto em farm\u00e1cias<\/div>\n<div>\u2022 Assist\u00eancia viagem (urg\u00eancia e emerg\u00eancia)<\/div>\n<div><\/div>\n<div>\u2022 Amil segue liderando!<\/div>\n<div>\u2022 Ofertem a nova tabela!<\/div>\n<div><\/div>\n<p>&#8212;&#8212;&#8212;&#8212;&#8212;&#8212;&#8212;&#8212;&#8212;&#8212;&#8212;&#8212;&#8212;&#8212;&#8212;&#8212;&#8212;&#8212;&#8212;&#8212;&#8212;&#8212;&#8212;&#8212;&#8211;<\/p>\n<p><img loading=\"lazy\" decoding=\"async\" class=\"alignnone wp-image-67227 \" src=\"http:\/\/www.rotaseguros.com.br\/corretor\/wp-content\/uploads\/WhatsApp-Image-2026-02-05-at-08.05.48-576x1024.jpeg\" alt=\"\" width=\"316\" height=\"562\" srcset=\"https:\/\/www.rotaseguros.com.br\/corretor\/wp-content\/uploads\/WhatsApp-Image-2026-02-05-at-08.05.48-576x1024.jpeg 576w, https:\/\/www.rotaseguros.com.br\/corretor\/wp-content\/uploads\/WhatsApp-Image-2026-02-05-at-08.05.48-169x300.jpeg 169w, https:\/\/www.rotaseguros.com.br\/corretor\/wp-content\/uploads\/WhatsApp-Image-2026-02-05-at-08.05.48-768x1365.jpeg 768w, https:\/\/www.rotaseguros.com.br\/corretor\/wp-content\/uploads\/WhatsApp-Image-2026-02-05-at-08.05.48-864x1536.jpeg 864w, https:\/\/www.rotaseguros.com.br\/corretor\/wp-content\/uploads\/WhatsApp-Image-2026-02-05-at-08.05.48.jpeg 900w\" sizes=\"auto, (max-width: 316px) 100vw, 316px\" \/><\/p>\n<p><strong>APROVEITE OS \u00daLTIMOS DIAS DE TABELA ATUAL, TEM FECHAMENTO DE VIG\u00caNCIA APROXIMANDO!<\/strong><\/p>\n<p>Nada de deixar pra \u00faltima hora, hein?<br \/>\nA transmiss\u00e3o em dia de fechamento, vai at\u00e9 <strong>23:59<\/strong> e <strong>n\u00e3o tem chorinho!<\/strong><\/p>\n<p>Essa \u00e9 a hora de garantir suas vendas, bater a meta e fechar o m\u00eas com tudo!<\/p>\n<p><strong>Acesse agora <\/strong><a href=\"https:\/\/vendas.supermed.com.br\/login\" target=\"_blank\" rel=\"noopener\">vendas.supermed.com.br<\/a><\/p>\n<p>&#8212;&#8212;&#8212;&#8212;&#8212;&#8212;&#8212;&#8212;&#8212;&#8212;&#8212;&#8212;&#8212;&#8212;&#8212;&#8212;&#8212;&#8212;&#8212;&#8212;&#8212;&#8212;&#8212;&#8212;&#8211;<\/p>\n<p><strong>Aten\u00e7\u00e3o a nova \u00e1rea de comercializa\u00e7\u00e3o. Agora temos JUIZ DE FORA que voc\u00eas tanto pediram, n\u00e3o temos desculpas para n\u00e3o vender muito.<\/strong><\/p>\n<p>&#8212;&#8212;&#8212;&#8212;&#8212;&#8212;&#8212;&#8212;&#8212;&#8212;&#8212;&#8212;&#8212;&#8212;&#8212;&#8212;&#8212;&#8212;&#8212;&#8212;&#8212;&#8212;&#8212;&#8212;&#8211;<\/p>\n<p><img loading=\"lazy\" decoding=\"async\" class=\"alignnone wp-image-67228 \" src=\"http:\/\/www.rotaseguros.com.br\/corretor\/wp-content\/uploads\/WhatsApp-Image-2026-02-05-at-08.05.49-1024x1024.jpeg\" alt=\"\" width=\"364\" height=\"364\" srcset=\"https:\/\/www.rotaseguros.com.br\/corretor\/wp-content\/uploads\/WhatsApp-Image-2026-02-05-at-08.05.49-1024x1024.jpeg 1024w, https:\/\/www.rotaseguros.com.br\/corretor\/wp-content\/uploads\/WhatsApp-Image-2026-02-05-at-08.05.49-300x300.jpeg 300w, https:\/\/www.rotaseguros.com.br\/corretor\/wp-content\/uploads\/WhatsApp-Image-2026-02-05-at-08.05.49-150x150.jpeg 150w, https:\/\/www.rotaseguros.com.br\/corretor\/wp-content\/uploads\/WhatsApp-Image-2026-02-05-at-08.05.49-768x768.jpeg 768w, https:\/\/www.rotaseguros.com.br\/corretor\/wp-content\/uploads\/WhatsApp-Image-2026-02-05-at-08.05.49-1536x1536.jpeg 1536w, https:\/\/www.rotaseguros.com.br\/corretor\/wp-content\/uploads\/WhatsApp-Image-2026-02-05-at-08.05.49.jpeg 1600w\" sizes=\"auto, (max-width: 364px) 100vw, 364px\" \/><\/p>\n<p><strong>Mudan\u00e7a importante para as vig\u00eancias de MAR\u00c7O!<\/strong><br \/>\nA partir de <strong>01\/03<\/strong>, as <strong>entidades da AMIL foram alteradas:<\/strong><br \/>\nASPROLI -&gt; ANASPL (Profissional Liberal)<br \/>\nAAFP -&gt; UNICOM (Servidores P\u00fablicos)<\/p>\n<p>\u2022 Fique atento para <strong>n\u00e3o perder prazo<\/strong> e garantir a proposta correta.<br \/>\n\u2022 Consulte todos os detalhes no <strong>app Supermed Corretores<\/strong>.<\/p>\n<p><strong>Antecipe-se e siga vendendo sem imprevistos!<\/strong><\/p>\n<p>&#8212;&#8212;&#8212;&#8212;&#8212;&#8212;&#8212;&#8212;&#8212;&#8212;&#8212;&#8212;&#8212;&#8212;&#8212;&#8212;&#8212;&#8212;&#8212;&#8212;&#8212;&#8212;&#8212;&#8212;&#8211;<\/p>\n<p><img loading=\"lazy\" decoding=\"async\" class=\"alignnone wp-image-67230 \" src=\"http:\/\/www.rotaseguros.com.br\/corretor\/wp-content\/uploads\/WhatsApp-Image-2026-02-05-at-08.05.51-1024x1024.jpeg\" alt=\"\" width=\"437\" height=\"437\" srcset=\"https:\/\/www.rotaseguros.com.br\/corretor\/wp-content\/uploads\/WhatsApp-Image-2026-02-05-at-08.05.51-1024x1024.jpeg 1024w, https:\/\/www.rotaseguros.com.br\/corretor\/wp-content\/uploads\/WhatsApp-Image-2026-02-05-at-08.05.51-300x300.jpeg 300w, https:\/\/www.rotaseguros.com.br\/corretor\/wp-content\/uploads\/WhatsApp-Image-2026-02-05-at-08.05.51-150x150.jpeg 150w, https:\/\/www.rotaseguros.com.br\/corretor\/wp-content\/uploads\/WhatsApp-Image-2026-02-05-at-08.05.51-768x768.jpeg 768w, https:\/\/www.rotaseguros.com.br\/corretor\/wp-content\/uploads\/WhatsApp-Image-2026-02-05-at-08.05.51.jpeg 1280w\" sizes=\"auto, (max-width: 437px) 100vw, 437px\" \/><\/p>\n<p>Lembre-se: a <strong>comprova\u00e7\u00e3o de endere\u00e7o<\/strong> \u00e9 simples e pr\u00e1tica. S\u00e3o aceitos comprovantes em nome do <strong>titular da proposta<\/strong>, mas tamb\u00e9m em nome de <strong>pais, c\u00f4njuge, irm\u00e3os ou av\u00f3s<\/strong>, desde que haja comprova\u00e7\u00e3o do grau de parentesco.<\/p>\n<p>\u2022 Essa facilidade garante agilidade no processo e mais vendas conclu\u00eddas com sucesso!<\/p>\n<p>&#8212;&#8212;&#8212;&#8212;&#8212;&#8212;&#8212;&#8212;&#8212;&#8212;&#8212;&#8212;&#8212;&#8212;&#8212;&#8212;&#8212;&#8212;&#8212;&#8212;&#8212;&#8212;&#8212;&#8212;&#8211;<\/p>\n<p><img loading=\"lazy\" decoding=\"async\" class=\"alignnone wp-image-67233 \" src=\"http:\/\/www.rotaseguros.com.br\/corretor\/wp-content\/uploads\/WhatsApp-Image-2026-02-05-at-08.05.52-585x1024.jpeg\" alt=\"\" width=\"403\" height=\"705\" srcset=\"https:\/\/www.rotaseguros.com.br\/corretor\/wp-content\/uploads\/WhatsApp-Image-2026-02-05-at-08.05.52-585x1024.jpeg 585w, https:\/\/www.rotaseguros.com.br\/corretor\/wp-content\/uploads\/WhatsApp-Image-2026-02-05-at-08.05.52-171x300.jpeg 171w, https:\/\/www.rotaseguros.com.br\/corretor\/wp-content\/uploads\/WhatsApp-Image-2026-02-05-at-08.05.52-768x1344.jpeg 768w, https:\/\/www.rotaseguros.com.br\/corretor\/wp-content\/uploads\/WhatsApp-Image-2026-02-05-at-08.05.52-877x1536.jpeg 877w, https:\/\/www.rotaseguros.com.br\/corretor\/wp-content\/uploads\/WhatsApp-Image-2026-02-05-at-08.05.52.jpeg 914w\" sizes=\"auto, (max-width: 403px) 100vw, 403px\" \/><\/p>\n<p><img loading=\"lazy\" decoding=\"async\" class=\"alignnone wp-image-67234 \" src=\"http:\/\/www.rotaseguros.com.br\/corretor\/wp-content\/uploads\/WhatsApp-Image-2026-02-05-at-08.05.53-573x1024.jpeg\" alt=\"\" width=\"403\" height=\"720\" srcset=\"https:\/\/www.rotaseguros.com.br\/corretor\/wp-content\/uploads\/WhatsApp-Image-2026-02-05-at-08.05.53-573x1024.jpeg 573w, https:\/\/www.rotaseguros.com.br\/corretor\/wp-content\/uploads\/WhatsApp-Image-2026-02-05-at-08.05.53-168x300.jpeg 168w, https:\/\/www.rotaseguros.com.br\/corretor\/wp-content\/uploads\/WhatsApp-Image-2026-02-05-at-08.05.53-768x1371.jpeg 768w, https:\/\/www.rotaseguros.com.br\/corretor\/wp-content\/uploads\/WhatsApp-Image-2026-02-05-at-08.05.53-860x1536.jpeg 860w, https:\/\/www.rotaseguros.com.br\/corretor\/wp-content\/uploads\/WhatsApp-Image-2026-02-05-at-08.05.53.jpeg 896w\" sizes=\"auto, (max-width: 403px) 100vw, 403px\" \/><\/p>\n<p><img loading=\"lazy\" decoding=\"async\" class=\"alignnone wp-image-67240 \" src=\"http:\/\/www.rotaseguros.com.br\/corretor\/wp-content\/uploads\/WhatsApp-Image-2026-02-05-at-08.05.54-819x1024.jpeg\" alt=\"\" width=\"403\" height=\"503\" srcset=\"https:\/\/www.rotaseguros.com.br\/corretor\/wp-content\/uploads\/WhatsApp-Image-2026-02-05-at-08.05.54-819x1024.jpeg 819w, https:\/\/www.rotaseguros.com.br\/corretor\/wp-content\/uploads\/WhatsApp-Image-2026-02-05-at-08.05.54-240x300.jpeg 240w, https:\/\/www.rotaseguros.com.br\/corretor\/wp-content\/uploads\/WhatsApp-Image-2026-02-05-at-08.05.54-768x960.jpeg 768w, https:\/\/www.rotaseguros.com.br\/corretor\/wp-content\/uploads\/WhatsApp-Image-2026-02-05-at-08.05.54.jpeg 1080w\" sizes=\"auto, (max-width: 403px) 100vw, 403px\" \/><\/p>\n<p>&#8212;&#8212;&#8212;&#8212;&#8212;&#8212;&#8212;&#8212;&#8212;&#8212;&#8212;&#8212;&#8212;&#8212;&#8212;&#8212;&#8212;&#8212;&#8212;&#8212;&#8212;&#8212;&#8212;&#8212;&#8211;<\/p>\n<p><strong>Materiais<\/strong><\/p>\n<ul>\n<li style=\"list-style-type: none;\">\n<ul>\n<li><a href=\"http:\/\/www.rotaseguros.com.br\/corretor\/wp-content\/uploads\/FICHA-ASSOCIATIVA-ANASPL-Nova-Versao.pdf\" target=\"_blank\" rel=\"noopener\">FICHA ASSOCIATIVA &#8211; ANASPL Nova Versao &#8211; (Atualizada em 05\/02\/26)<\/a><\/li>\n<li><a href=\"http:\/\/www.rotaseguros.com.br\/corretor\/wp-content\/uploads\/FICHA-ASSOCIATIVA-UNICOM.pdf\" target=\"_blank\" rel=\"noopener\">FICHA ASSOCIATIVA UNICOM &#8211; (Atualizado em 05\/02\/26)<\/a><\/li>\n<\/ul>\n<\/li>\n<\/ul>\n","protected":false},"excerpt":{"rendered":"<p>Tabelas de Pre\u00e7os Planos por Ades\u00e3o Plano por Ades\u00e3o Amil &#8211; (Atualizado em 05\/02\/26) &#8212;&#8212;&#8212;&#8212;&#8212;&#8212;&#8212;&#8212;&#8212;&#8212;&#8212;&#8212;&#8212;&#8212;&#8212;&#8212;&#8212;&#8212;&#8212;&#8212;&#8212;&#8212;&#8212;&#8212;&#8211; Nova tabela Amil lan\u00e7ada! \u2022 Nova tabela (ANASPL e UNICOM): vendas a partir da vig\u00eancia\u00a0 &#8230;<\/p>\n","protected":false},"author":22,"featured_media":0,"parent":11,"menu_order":0,"comment_status":"closed","ping_status":"closed","template":"","meta":{"footnotes":""},"class_list":["post-67021","page","type-page","status-publish","hentry"],"_links":{"self":[{"href":"https:\/\/www.rotaseguros.com.br\/corretor\/index.php\/wp-json\/wp\/v2\/pages\/67021","targetHints":{"allow":["GET"]}}],"collection":[{"href":"https:\/\/www.rotaseguros.com.br\/corretor\/index.php\/wp-json\/wp\/v2\/pages"}],"about":[{"href":"https:\/\/www.rotaseguros.com.br\/corretor\/index.php\/wp-json\/wp\/v2\/types\/page"}],"author":[{"embeddable":true,"href":"https:\/\/www.rotaseguros.com.br\/corretor\/index.php\/wp-json\/wp\/v2\/users\/22"}],"replies":[{"embeddable":true,"href":"https:\/\/www.rotaseguros.com.br\/corretor\/index.php\/wp-json\/wp\/v2\/comments?post=67021"}],"version-history":[{"count":7,"href":"https:\/\/www.rotaseguros.com.br\/corretor\/index.php\/wp-json\/wp\/v2\/pages\/67021\/revisions"}],"predecessor-version":[{"id":67242,"href":"https:\/\/www.rotaseguros.com.br\/corretor\/index.php\/wp-json\/wp\/v2\/pages\/67021\/revisions\/67242"}],"up":[{"embeddable":true,"href":"https:\/\/www.rotaseguros.com.br\/corretor\/index.php\/wp-json\/wp\/v2\/pages\/11"}],"wp:attachment":[{"href":"https:\/\/www.rotaseguros.com.br\/corretor\/index.php\/wp-json\/wp\/v2\/media?parent=67021"}],"curies":[{"name":"wp","href":"https:\/\/api.w.org\/{rel}","templated":true}]}}