{"id":67184,"date":"2026-01-22T16:41:02","date_gmt":"2026-01-22T19:41:02","guid":{"rendered":"https:\/\/www.rotaseguros.com.br\/corretor\/?page_id=67184"},"modified":"2026-03-31T14:12:05","modified_gmt":"2026-03-31T17:12:05","slug":"bluzz-saude-2","status":"publish","type":"page","link":"https:\/\/www.rotaseguros.com.br\/corretor\/index.php\/vitoria\/bluzz-saude-2\/","title":{"rendered":"Bluzz Sa\u00fade"},"content":{"rendered":"<p><strong>Materiais de Apoio<\/strong><\/p>\n<ul>\n<li style=\"list-style-type: none;\">\n<ul>\n<li><a href=\"http:\/\/www.rotaseguros.com.br\/corretor\/wp-content\/uploads\/APRESENTACAO-BLUZZ-SAUDE.pdf\" target=\"_blank\" rel=\"noopener\">APRESENTA\u00c7\u00c3O BLUZZ SA\u00daDE &#8211; (Atualizado em 31\/03\/26)<\/a><\/li>\n<\/ul>\n<\/li>\n<\/ul>\n","protected":false},"excerpt":{"rendered":"<p>Materiais de Apoio APRESENTA\u00c7\u00c3O BLUZZ SA\u00daDE &#8211; (Atualizado em 31\/03\/26)<\/p>\n","protected":false},"author":22,"featured_media":0,"parent":8407,"menu_order":0,"comment_status":"closed","ping_status":"closed","template":"","meta":{"footnotes":""},"class_list":["post-67184","page","type-page","status-publish","hentry"],"_links":{"self":[{"href":"https:\/\/www.rotaseguros.com.br\/corretor\/index.php\/wp-json\/wp\/v2\/pages\/67184","targetHints":{"allow":["GET"]}}],"collection":[{"href":"https:\/\/www.rotaseguros.com.br\/corretor\/index.php\/wp-json\/wp\/v2\/pages"}],"about":[{"href":"https:\/\/www.rotaseguros.com.br\/corretor\/index.php\/wp-json\/wp\/v2\/types\/page"}],"author":[{"embeddable":true,"href":"https:\/\/www.rotaseguros.com.br\/corretor\/index.php\/wp-json\/wp\/v2\/users\/22"}],"replies":[{"embeddable":true,"href":"https:\/\/www.rotaseguros.com.br\/corretor\/index.php\/wp-json\/wp\/v2\/comments?post=67184"}],"version-history":[{"count":4,"href":"https:\/\/www.rotaseguros.com.br\/corretor\/index.php\/wp-json\/wp\/v2\/pages\/67184\/revisions"}],"predecessor-version":[{"id":67411,"href":"https:\/\/www.rotaseguros.com.br\/corretor\/index.php\/wp-json\/wp\/v2\/pages\/67184\/revisions\/67411"}],"up":[{"embeddable":true,"href":"https:\/\/www.rotaseguros.com.br\/corretor\/index.php\/wp-json\/wp\/v2\/pages\/8407"}],"wp:attachment":[{"href":"https:\/\/www.rotaseguros.com.br\/corretor\/index.php\/wp-json\/wp\/v2\/media?parent=67184"}],"curies":[{"name":"wp","href":"https:\/\/api.w.org\/{rel}","templated":true}]}}