{"id":8412,"date":"2020-01-06T15:16:11","date_gmt":"2020-01-06T18:16:11","guid":{"rendered":"https:\/\/www.rotaseguros.com.br\/corretor\/?page_id=8412"},"modified":"2025-10-09T14:04:34","modified_gmt":"2025-10-09T17:04:34","slug":"bradesco","status":"publish","type":"page","link":"https:\/\/www.rotaseguros.com.br\/corretor\/index.php\/vitoria\/bradesco\/","title":{"rendered":"Bradesco"},"content":{"rendered":"<p><strong>Bradesco Sa\u00fade<\/strong><\/p>\n<p>Confira todas as informa\u00e7\u00f5es no site Bradesco,<a href=\"https:\/\/www.bradescoseguros.com.br\/clientes\/produtos\/plano-saude\/listas-de-hospitais-por-linha-de-planos\" target=\"_blank\" rel=\"nofollow noopener\">\u00a0clique aqui<\/a><\/p>\n<p><a href=\"http:\/\/www.rotaseguros.com.br\/corretor\/wp-content\/uploads\/BRADESCO-SAUDE-SPG-03-A-199-VIDAS.pptx\" target=\"_blank\" rel=\"noopener\">BRADESCO SAUDE SPG &#8211; 03 A 199 VIDAS &#8211; (Atualizado em 07\/08\/25)<\/a><\/p>\n<p><a href=\"http:\/\/www.rotaseguros.com.br\/corretor\/wp-content\/uploads\/TREINAMENTO-SAUDE-ATUALIZADO-2.pdf\" target=\"_blank\" rel=\"noopener\">Treinamento &#8211; Bradesco Sa\u00fade (Atualizado 15\/05\/25)<\/a><\/p>\n<p><a href=\"https:\/\/www.rotaseguros.com.br\/corretor\/wp-content\/uploads\/MANUAL-SPG-1.pdf\" target=\"_blank\" rel=\"noopener noreferrer\">Manual Comercializa\u00e7\u00e3o &#8211; SPG<\/a><\/p>\n<p><a href=\"https:\/\/www.rotaseguros.com.br\/corretor\/wp-content\/uploads\/Novidades-na-Aceitac?a?o-2.pdf\" target=\"_blank\" rel=\"noopener noreferrer\">Novidades na Aceita\u00e7\u00e3o Agregados<\/a><\/p>\n<p><a href=\"https:\/\/www.rotaseguros.com.br\/corretor\/wp-content\/uploads\/Infos.pdf\" target=\"_blank\" rel=\"noopener noreferrer\">Informa\u00e7\u00e3o<\/a><\/p>\n<p><a href=\"https:\/\/www.rotaseguros.com.br\/corretor\/wp-content\/uploads\/CARTA-PRESTADOR-DE-SERVI\u00c3OS.pdf\" target=\"_blank\" rel=\"noopener noreferrer\">Carta Prestador de Servi\u00e7o<\/a><\/p>\n<p><a href=\"https:\/\/www.rotaseguros.com.br\/corretor\/wp-content\/uploads\/Exemplos-de-Reembolso-Padrao-Novas-Vendas.pdf\" target=\"_blank\" rel=\"noopener\">Exemplos de reembolso \u2013 (Atualizado em 23\/11\/2023)<\/a><\/p>\n<p><a href=\"https:\/\/www.rotaseguros.com.br\/corretor\/wp-content\/uploads\/FICHA-DE-SA\u00daDE-BRADESCO-PREENCHIMENTO-OBRIGAT\u00cbRIO.pdf\" target=\"_blank\" rel=\"noopener noreferrer\">Ficha de Sa\u00fade &#8211; Preenchimento Obrigat\u00f3rio<\/a><\/p>\n<p><a href=\"https:\/\/www.rotaseguros.com.br\/corretor\/wp-content\/uploads\/regioes-reembolso-especifico.pdf\" target=\"_blank\" rel=\"noopener\">regi\u00f5es reembolso espec\u00edfico &#8211; (Atualizado em 06\/06\/24)<\/a><\/p>\n<p><a href=\"https:\/\/www.rotaseguros.com.br\/corretor\/wp-content\/uploads\/A-F-Dig-PDF_NovasRegrasReembolso_190324.pdf\" target=\"_blank\" rel=\"noopener\">Novas Regras Reembolso &#8211; (Atualizado em 06\/06\/24)<\/a><\/p>\n<p><a href=\"https:\/\/www.rotaseguros.com.br\/corretor\/wp-content\/uploads\/SAUDE-REEMBOLSO-ESPECIFICO-LANCAMENTO.pdf\" target=\"_blank\" rel=\"noopener\">REEMBOLSO ESPEC\u00cdFICO LANCAMENTO &#8211; (Atualizado em 06\/06\/24)<\/a><\/p>\n<p>Arquivos para Preenchimento<\/p>\n<p><a href=\"https:\/\/www.rotaseguros.com.br\/corretor\/wp-content\/uploads\/FORMUL\u00c1RIO-CHECK-LIST-DE-ENVIO-DE-PROPOSTAS-SPG.docx\" target=\"_blank\" rel=\"noopener noreferrer\">Formul\u00e1rio Check List para envio de Proposta (obrigat\u00f3rio)<\/a><\/p>\n<p><a href=\"https:\/\/www.rotaseguros.com.br\/corretor\/wp-content\/uploads\/MODELO-DE-DECLARA\u00c7\u00c3O-PARA-CONTRATANTE-_EMPRES\u00c1RIO-INDIVIDUAL_-2.docx\" target=\"_blank\" rel=\"noopener noreferrer\">Modelo Declara\u00e7\u00e3o MEI<\/a><\/p>\n<p><a href=\"https:\/\/www.rotaseguros.com.br\/corretor\/wp-content\/uploads\/Carta-de-comprometimento-Carta-de-proponente-sobre-v\u00ddnculo-empregat\u00ddcio_revisada-ABR-2016-2.docx\" target=\"_blank\" rel=\"noopener noreferrer\">Carta de Comprometimento &#8211; V\u00ednculo Empregat\u00edcio<\/a><\/p>\n<p><a href=\"https:\/\/www.rotaseguros.com.br\/corretor\/wp-content\/uploads\/Carta-de-comprometimento-PJ-Carta-de-proponente-sobre-v\u00ddnculo-empregat\u00ddcio_revisada-pj-ABR-2016.docx\" target=\"_blank\" rel=\"noopener noreferrer\">Carta de comprometimento PJ &#8211; Carta de proponente sobre v\u00ednculo empregat\u00edcio<\/a><\/p>\n<p><a href=\"https:\/\/www.rotaseguros.com.br\/corretor\/wp-content\/uploads\/Declara\u00e7\u00e3o-de-Autenticidade-do-CEI.docx\" target=\"_blank\" rel=\"noopener noreferrer\">Declara\u00e7\u00e3o de Autenticidade do CEI<\/a><\/p>\n<p><a href=\"https:\/\/www.rotaseguros.com.br\/corretor\/wp-content\/uploads\/FORMUL\u00c1RIO-DE-INCLUS\u00c3O-DE-DEPENDENTES.docx\" target=\"_blank\" rel=\"noopener noreferrer\">Formul\u00e1rio de Inclus\u00e3o de Dependentes<\/a><\/p>\n<p><a href=\"https:\/\/www.rotaseguros.com.br\/corretor\/wp-content\/uploads\/Questionario-pleito.docx\" target=\"_blank\" rel=\"noopener noreferrer\">Question\u00e1rio Pleito<\/a><\/p>\n<p><a href=\"https:\/\/www.rotaseguros.com.br\/corretor\/wp-content\/uploads\/Termo-de-Integra\u00e7\u00e3o-de-Subestipulante-Empresarial-Grupo-Econ\u00f4mico.docx\" target=\"_blank\" rel=\"noopener noreferrer\">Termo de Integra\u00e7\u00e3o de Subestipulante Empresarial &#8211; Grupo Econ\u00f4mico<\/a><\/p>\n<p><a href=\"https:\/\/www.rotaseguros.com.br\/corretor\/wp-content\/uploads\/Termo-de-Integra\u00e7\u00e3o-de-Subestipulante-SPG-Grupo-Econ\u00f4mico.docx\" target=\"_blank\" rel=\"noopener noreferrer\">Termo de Integra\u00e7\u00e3o de Subestipulante SPG &#8211; Grupo Econ\u00f4mico<\/a><\/p>\n<p>Rede Credenciada<\/p>\n<p><a href=\"https:\/\/www.rotaseguros.com.br\/corretor\/wp-content\/uploads\/REDE-NACIONAL.xlsx\" target=\"_blank\" rel=\"noopener noreferrer\">Rede Produto Top Nacional<\/a><\/p>\n<p><a href=\"https:\/\/www.rotaseguros.com.br\/corretor\/wp-content\/uploads\/REDE-NACIONAL-FLEX-1.xlsx\" target=\"_blank\" rel=\"noopener noreferrer\">Rede Produto Nacional Flex<\/a><\/p>\n<p><a href=\"https:\/\/www.rotaseguros.com.br\/corretor\/wp-content\/uploads\/REDE-NACIONAL-PLUS.xlsx\" target=\"_blank\" rel=\"noopener noreferrer\">Rede Produto Top Nacional Plus<\/a><\/p>\n<p><strong>Bradesco Dental<\/strong><\/p>\n<p><a href=\"https:\/\/www.rotaseguros.com.br\/corretor\/wp-content\/uploads\/Tabela-Dental.pdf\" target=\"_blank\" rel=\"noopener noreferrer\">Tabela Dental<\/a><\/p>\n<p><a href=\"https:\/\/www.rotaseguros.com.br\/corretor\/wp-content\/uploads\/CAPA-Check-List_-Implanta\u00e7\u00e3o-DENTAL-exclusivo-12-07-2017-1.pdf\" target=\"_blank\" rel=\"noopener noreferrer\">Check List Implanta\u00e7\u00e3o DENTAL exclusivo &#8211; 12 07 2017<\/a><\/p>\n<p><a href=\"https:\/\/www.rotaseguros.com.br\/corretor\/wp-content\/uploads\/Credenciados-ES-2019.pdf\" target=\"_blank\" rel=\"noopener noreferrer\">Credenciados ES &#8211; 2019<\/a><\/p>\n<p><a href=\"https:\/\/www.rotaseguros.com.br\/corretor\/wp-content\/uploads\/Rede-Credenciada.pdf\" target=\"_blank\" rel=\"noopener noreferrer\">Rede Credenciada<\/a><\/p>\n<p><a href=\"https:\/\/www.rotaseguros.com.br\/corretor\/wp-content\/uploads\/Tabela-de-Reembolso-SPG-Bradesco-12-06-2017.pdf\" target=\"_blank\" rel=\"noopener noreferrer\">Tabela de Reembolso SPG &#8211; Bradesco 12 06 2017<\/a><\/p>\n<p><a href=\"https:\/\/www.rotaseguros.com.br\/corretor\/wp-content\/uploads\/C\u00f3pia-de-Tabela-Comparativa-SPG-BD.xlsx\" target=\"_blank\" rel=\"noopener noreferrer\">Tabela Comparativa SPG BD<\/a><\/p>\n<p><a href=\"https:\/\/www.rotaseguros.com.br\/corretor\/wp-content\/uploads\/BI-DENTAL-SPG.xlsx\" target=\"_blank\" rel=\"noopener noreferrer\">BI &#8211; DENTAL SPG<\/a><\/p>\n<p><a href=\"https:\/\/www.rotaseguros.com.br\/corretor\/wp-content\/uploads\/CATALOGO_DENTAL_IDEAL_DOC_V11.10.2020-1.pdf\" target=\"_blank\" rel=\"noopener\">Catalogo Dental Ideal<\/a><\/p>\n<p><a href=\"https:\/\/www.rotaseguros.com.br\/corretor\/wp-content\/uploads\/v7-Folheto_Dental_Novos_Planos_MULT-060421-10h-1.pdf\" target=\"_blank\" rel=\"noopener\">Folheto Dental Novos Planos<\/a><\/p>\n<p><a href=\"https:\/\/www.rotaseguros.com.br\/corretor\/wp-content\/uploads\/Bradesco-Dental-SPG-Padrao-DOC-1.pdf\" target=\"_blank\" rel=\"noopener\">Bradesco Dental SPG &#8211; Padr\u00e3o DOC<\/a><\/p>\n<p><a href=\"https:\/\/www.rotaseguros.com.br\/corretor\/wp-content\/uploads\/Bradesco-Dental-SPG-Premium-Top-1.pdf\" target=\"_blank\" rel=\"noopener\">Bradesco Dental SPG &#8211; Premium Top<\/a><\/p>\n<p><a href=\"https:\/\/www.rotaseguros.com.br\/corretor\/wp-content\/uploads\/Bradesco-Dental-SPG-Padrao-DOC-MEI-ME-e-EPP-nao-conjugado-1.pdf\" target=\"_blank\" rel=\"noopener\">Bradesco Dental SPG Padr\u00e3o DOC &#8211; MEI ME e EPP (n\u00e3o conjugado)<\/a><\/p>\n<p><a href=\"https:\/\/www.rotaseguros.com.br\/corretor\/wp-content\/uploads\/Tabela-de-cobertura-PF-Mercado-gb.xlsx\" target=\"_blank\" rel=\"noopener\">Tabela de cobertura PF Mercado gb &#8211; (Atualizado em 27\/11\/23)<\/a><\/p>\n<p><a href=\"https:\/\/www.rotaseguros.com.br\/corretor\/wp-content\/uploads\/Tabela-de-cobertura-2-SPG-ROL-x-PADRAO-x-PREMIUM-TOP.xlsx\" target=\"_blank\" rel=\"noopener\">Tabela de cobertura 2 SPG ROL x PADR\u00c3O x PREMIUM TOP &#8211; (Atualizado em 27\/11\/23)<\/a><\/p>\n<p><a href=\"http:\/\/www.rotaseguros.com.br\/corretor\/wp-content\/uploads\/Apresentacao-SPG-e-PF-objetiva-2-Mercado-BRADESCO-DENTAL.pptx\" target=\"_blank\" rel=\"noopener\">Apresenta\u00e7\u00e3o SPG e PF objetiva 2 &#8211; Mercado BRADESCO DENTAL &#8211; (Atualizado em 09\/10\/25)<\/a><\/p>\n<p>&nbsp;<\/p>\n","protected":false},"excerpt":{"rendered":"<p>Bradesco Sa\u00fade Confira todas as informa\u00e7\u00f5es no site Bradesco,\u00a0clique aqui BRADESCO SAUDE SPG &#8211; 03 A 199 VIDAS &#8211; (Atualizado em 07\/08\/25) Treinamento &#8211; Bradesco Sa\u00fade (Atualizado 15\/05\/25) Manual Comercializa\u00e7\u00e3o &#8230;<\/p>\n","protected":false},"author":1,"featured_media":0,"parent":8407,"menu_order":0,"comment_status":"closed","ping_status":"closed","template":"","meta":{"footnotes":""},"class_list":["post-8412","page","type-page","status-publish","hentry"],"_links":{"self":[{"href":"https:\/\/www.rotaseguros.com.br\/corretor\/index.php\/wp-json\/wp\/v2\/pages\/8412","targetHints":{"allow":["GET"]}}],"collection":[{"href":"https:\/\/www.rotaseguros.com.br\/corretor\/index.php\/wp-json\/wp\/v2\/pages"}],"about":[{"href":"https:\/\/www.rotaseguros.com.br\/corretor\/index.php\/wp-json\/wp\/v2\/types\/page"}],"author":[{"embeddable":true,"href":"https:\/\/www.rotaseguros.com.br\/corretor\/index.php\/wp-json\/wp\/v2\/users\/1"}],"replies":[{"embeddable":true,"href":"https:\/\/www.rotaseguros.com.br\/corretor\/index.php\/wp-json\/wp\/v2\/comments?post=8412"}],"version-history":[{"count":4,"href":"https:\/\/www.rotaseguros.com.br\/corretor\/index.php\/wp-json\/wp\/v2\/pages\/8412\/revisions"}],"predecessor-version":[{"id":66879,"href":"https:\/\/www.rotaseguros.com.br\/corretor\/index.php\/wp-json\/wp\/v2\/pages\/8412\/revisions\/66879"}],"up":[{"embeddable":true,"href":"https:\/\/www.rotaseguros.com.br\/corretor\/index.php\/wp-json\/wp\/v2\/pages\/8407"}],"wp:attachment":[{"href":"https:\/\/www.rotaseguros.com.br\/corretor\/index.php\/wp-json\/wp\/v2\/media?parent=8412"}],"curies":[{"name":"wp","href":"https:\/\/api.w.org\/{rel}","templated":true}]}}