{"id":8428,"date":"2020-01-06T15:37:50","date_gmt":"2020-01-06T18:37:50","guid":{"rendered":"https:\/\/www.rotaseguros.com.br\/corretor\/?page_id=8428"},"modified":"2024-04-03T13:49:47","modified_gmt":"2024-04-03T16:49:47","slug":"samp","status":"publish","type":"page","link":"https:\/\/www.rotaseguros.com.br\/corretor\/index.php\/vitoria\/samp\/","title":{"rendered":"Samp"},"content":{"rendered":"<h1>Tabela de Pre\u00e7os Samp\/S\u00e3o Bernardo<\/h1>\n<ul>\n<li><a href=\"https:\/\/www.rotaseguros.com.br\/corretor\/wp-content\/uploads\/15-01-2024_tabela_sbs-11.pdf\" target=\"_blank\" rel=\"noopener\">Tabela de Pre\u00e7os | S\u00e3o Bernardo \u2013 (Atualizado em 08\/03\/2024)<\/a><\/li>\n<\/ul>\n<p><strong>Tabela Ajudes<\/strong><\/p>\n<ul>\n<li><a href=\"https:\/\/www.rotaseguros.com.br\/corretor\/wp-content\/uploads\/Sao-Bernardo-Ajudes-2023.pdf\" target=\"_blank\" rel=\"noopener\">Tabela de Pre\u00e7os | Azul e WAY | S\u00e3o Bernardo Ajudes \u2013 (atualizada em 10\/08\/2023)<\/a><\/li>\n<\/ul>\n<p><strong>Tabela SB Odonto<\/strong><\/p>\n<ul>\n<li><a href=\"https:\/\/www.rotaseguros.com.br\/corretor\/wp-content\/uploads\/Tabela-Maio-SBS-ODONTO.pdf\" target=\"_blank\" rel=\"noopener\">Tabela de Pre\u00e7os | SB Odonto \u2013 (atualizada em 12\/05\/2023)<\/a><\/li>\n<li><a href=\"https:\/\/www.rotaseguros.com.br\/corretor\/wp-content\/uploads\/Al%C3%B4-Doutor.pdf\" target=\"_blank\" rel=\"noopener noreferrer\">Al\u00f4 Doutor<\/a><\/li>\n<li><a href=\"https:\/\/www.rotaseguros.com.br\/corretor\/wp-content\/uploads\/D-L-P-LESAO-PREEXISTENTE_SBS_compressed.pdf\" target=\"_blank\" rel=\"noopener\">Termo de Declara\u00e7\u00e3o de Doen\u00e7a\/Les\u00e3o Preexistente \u2013 (Atualizado em 12\/12\/2023)<\/a><\/li>\n<\/ul>\n<h2><strong>SAMP PF<\/strong><\/h2>\n<ul>\n<li><a href=\"https:\/\/www.rotaseguros.com.br\/corretor\/wp-content\/uploads\/TABELA_PF_07.021.pdf\" target=\"_blank\" rel=\"noopener\">TABELA SAMP PESSOA FISICA (Atualizada em 07\/02\/24)<\/a><\/li>\n<\/ul>\n<h2><strong>SAMP PME<\/strong><\/h2>\n<ul>\n<li><a href=\"https:\/\/www.rotaseguros.com.br\/corretor\/wp-content\/uploads\/PROPOSTA-ASSERCOM-2024.pdf\" target=\"_blank\" rel=\"noopener\">Proposta Simplificada \u2013 Samp \u2013 ASSERCOM \u2013 (Atualizado em 12\/03\/24)<\/a><\/li>\n<li><a href=\"https:\/\/www.rotaseguros.com.br\/corretor\/wp-content\/uploads\/TABELA_PME_07.021.pdf\" target=\"_blank\" rel=\"noopener\">Tabela SAMP PME \u2013 (Atualizada em 07\/02\/24)<\/a><\/li>\n<\/ul>\n<h2><strong>SAMP ODONTO<br \/>\n<\/strong><\/h2>\n<ul>\n<li><a href=\"https:\/\/www.rotaseguros.com.br\/corretor\/wp-content\/uploads\/Tabela-de-Vendas-Corretor_altualizacao-07-12-2023.pdf\" target=\"_blank\" rel=\"noopener\">Tabela de Pre\u00e7os | Odonto SAMP \u2013 (Atualizada em 11\/12\/23)<\/a><\/li>\n<\/ul>\n<h3>FAQ SBS Samp<\/h3>\n<ul>\n<li><a href=\"https:\/\/www.rotaseguros.com.br\/corretor\/wp-content\/uploads\/FAQ-SAMP-Incorporacao-Sao-Bernardo-Samp.pdf\" target=\"_blank\" rel=\"noopener\">FAQ Samp &#8211; Perguntas e respostas &#8211; (Atualizado 19\/03\/2024)<\/a><\/li>\n<li><a href=\"https:\/\/www.rotaseguros.com.br\/corretor\/wp-content\/uploads\/FAQ-SBS-Incorporacao-Sao-Bernardo-Samp.pdf\" target=\"_blank\" rel=\"noopener\">FAQ SBS \u2013 Perguntas e respostas \u2013 (Atualizado 19\/03\/2024)<\/a><\/li>\n<\/ul>\n<p><strong>PME<\/strong><\/p>\n<ul>\n<li><a href=\"https:\/\/www.rotaseguros.com.br\/corretor\/wp-content\/uploads\/NOVAS-REGRAS-DE-ACEITACAO-FINAL.pdf\" target=\"_blank\" rel=\"noopener\">Novas Regras de Aceita\u00e7\u00e3o \u2013 (atualizado em 14\/11\/2022)<\/a><\/li>\n<li><a href=\"https:\/\/www.rotaseguros.com.br\/corretor\/wp-content\/uploads\/Tabela-SB-AMBULATORIAL-052023.pdf\" target=\"_blank\" rel=\"noopener\">Tabela de Pre\u00e7os | S\u00e3o Bernardo Ambulatorial \u2013 (Atualizado 03\/07\/23)<\/a><\/li>\n<li><a href=\"https:\/\/www.rotaseguros.com.br\/corretor\/wp-content\/uploads\/Orientacoes-e-responsabilidades_SAO-BERNARDO_com-tabelas_AZULeWAY-JULHO-2023.pdf\" target=\"_blank\" rel=\"noopener\">Orienta\u00e7\u00f5es e Responsabilidade | S\u00e3o Bernardo Ajudes \u2013 (Atualizada em 03\/07\/2023)<\/a><\/li>\n<li><a href=\"https:\/\/www.rotaseguros.com.br\/corretor\/wp-content\/uploads\/FICHA-DE-REGISTRO-AJUDES-ATUALIZADO-2.pdf\" target=\"_blank\" rel=\"noopener\">Ficha de Filia\u00e7\u00e3o AJUDES | S\u00e3o Bernardo \u2013 (atualizada em 14\/10\/2022)<\/a><\/li>\n<li><a href=\"https:\/\/www.rotaseguros.com.br\/corretor\/wp-content\/uploads\/FICHA-DE-INCLUSAO-TITULAR-e-DEPENDENTE-1.pdf\" target=\"_blank\" rel=\"noopener\">Ficha de Inclus\u00e3o de Titular e Dependente | S\u00e3o Bernardo \u2013 (atualizada em 25\/08\/2023)<\/a><\/li>\n<li><a href=\"https:\/\/www.rotaseguros.com.br\/corretor\/wp-content\/uploads\/TERMO-PROPOSTA-AMBULATORIAL-18042023.pdf\" target=\"_blank\" rel=\"noopener\">TERMO PROPOSTA AMBULATORIAL \u2013 (Atualizado 03\/07\/23)<\/a><\/li>\n<li><a href=\"https:\/\/www.rotaseguros.com.br\/corretor\/wp-content\/uploads\/1011.1_GuiaMedico_15x21cm.indd-SAO-BERNARDO.pdf\">Guia M\u00e9dico \u2013 S\u00e3o Bernardo Sa\u00fade<\/a><\/li>\n<li><a href=\"https:\/\/www.rotaseguros.com.br\/corretor\/wp-content\/uploads\/formulario-EQ-2.pdf\" target=\"_blank\" rel=\"noopener\">Formul\u00e1rio Entrevista Qualificada<\/a><\/li>\n<li><a href=\"https:\/\/www.rotaseguros.com.br\/corretor\/wp-content\/uploads\/Mapa.pdf\" target=\"_blank\" rel=\"noopener noreferrer\">Mapa<\/a><\/li>\n<li><a href=\"https:\/\/www.rotaseguros.com.br\/corretor\/wp-content\/uploads\/Portifolio_2019-Sao-Bernardo-Saude.pdf\" target=\"_blank\" rel=\"noopener noreferrer\">Portifolio_2019 \u2013 S\u00e3o Bernardo Sa\u00fade<\/a><\/li>\n<li><a href=\"https:\/\/www.rotaseguros.com.br\/corretor\/wp-content\/uploads\/Rede_SBC_Principais-Hosp.pdf\" target=\"_blank\" rel=\"noopener noreferrer\">Rede_SBC_Principais Hosp<\/a><\/li>\n<li><a href=\"https:\/\/www.rotaseguros.com.br\/corretor\/wp-content\/uploads\/1098.4_Portifolio_TabelaPrecos_Alfa.pdf\" target=\"_blank\" rel=\"noopener noreferrer\">Tabela de Pre\u00e7os<\/a><\/li>\n<li><a href=\"https:\/\/www.rotaseguros.com.br\/corretor\/wp-content\/uploads\/1098.4_Portifolio_TabelaPrecos_Alfa-1.pdf\">Portifolio_TabelaPrecos_Alfa<\/a><\/li>\n<li><a href=\"https:\/\/www.rotaseguros.com.br\/corretor\/wp-content\/uploads\/ADITIVO-PRIMEVO-PROMO%C3%87%C3%83O.pdf\" target=\"_blank\" rel=\"noopener noreferrer\">Aditivo Primevo \u2013 Promo\u00e7\u00e3o<\/a><\/li>\n<li><a href=\"https:\/\/www.rotaseguros.com.br\/corretor\/wp-content\/uploads\/ADITIVO-ACE-ES.pdf\" target=\"_blank\" rel=\"noopener noreferrer\">ADITIVO ACE-ES<\/a><\/li>\n<li><a href=\"https:\/\/www.rotaseguros.com.br\/corretor\/wp-content\/uploads\/ADITIVO-SINDEPRES.pdf\" target=\"_blank\" rel=\"noopener noreferrer\">ADITIVO SINDEPRES<\/a><\/li>\n<li><a href=\"https:\/\/www.rotaseguros.com.br\/corretor\/wp-content\/uploads\/ADITIVO-SINDIFER.pdf\" target=\"_blank\" rel=\"noopener noreferrer\">ADITIVO SINDIFER<\/a><\/li>\n<li><a href=\"https:\/\/www.rotaseguros.com.br\/corretor\/wp-content\/uploads\/ADITIVO-SINDNORTE.pdf\" target=\"_blank\" rel=\"noopener noreferrer\">ADITIVO SINDNORTE<\/a><\/li>\n<li><a href=\"https:\/\/www.rotaseguros.com.br\/corretor\/wp-content\/uploads\/ADITIVO-SINDUSCON.pdf\" target=\"_blank\" rel=\"noopener noreferrer\">ADITIVO SINDUSCON<\/a><\/li>\n<li><a href=\"https:\/\/www.rotaseguros.com.br\/corretor\/wp-content\/uploads\/FORM-Cotacao-Athena-SAMP_SBS1.xlsm\" target=\"_blank\" rel=\"noopener\">Formul\u00e1rio de Cota\u00e7\u00e3o (acima de 30 vidas) | Athena Sa\u00fade | SBS \u2013 (atualizado em 16\/02\/2023)<\/a><\/li>\n<\/ul>\n<h3>Material de Apoio<\/h3>\n<ul>\n<li><a href=\"https:\/\/www.rotaseguros.com.br\/corretor\/wp-content\/uploads\/Apresentac?a?o-Samp-novos-produtos.22-07-2019.pdf\" target=\"_blank\" rel=\"noopener noreferrer\">Apresenta\u00e7\u00e3o Samp Novos Produtos<\/a><\/li>\n<li><a href=\"https:\/\/www.rotaseguros.com.br\/corretor\/wp-content\/uploads\/NOVAS-REGRAS-DE-ACEITACAO-FINAL.pdf\" target=\"_blank\" rel=\"noopener\">Novas Regras de Aceita\u00e7\u00e3o &#8211; (atualizado em 14\/11\/2022)<\/a><\/li>\n<li><a href=\"https:\/\/www.rotaseguros.com.br\/corretor\/wp-content\/uploads\/Guia-de-vendas-Samp-pj.pdf\" target=\"_blank\" rel=\"noopener noreferrer\">Guia de vendas Samp pj<\/a><\/li>\n<li><a href=\"https:\/\/www.rotaseguros.com.br\/corretor\/wp-content\/uploads\/SAMP-NOVA-ROTINA.pdf\" target=\"_blank\" rel=\"noopener noreferrer\">Samp &#8211; Nova Rotina<\/a><\/li>\n<li><a href=\"https:\/\/www.rotaseguros.com.br\/corretor\/wp-content\/uploads\/RIC.xlsx\" target=\"_blank\" rel=\"noopener noreferrer\">RIC<\/a><\/li>\n<li><a href=\"https:\/\/www.rotaseguros.com.br\/corretor\/wp-content\/uploads\/ADITIVO-REDUCAO-DE-CARENCIA-1.pdf\" target=\"_blank\" rel=\"noopener\">ADITIVO REDU\u00c7\u00c3O DE CAR\u00caNCIA<\/a><\/li>\n<li><a href=\"https:\/\/www.rotaseguros.com.br\/corretor\/wp-content\/uploads\/DS.pdf\" target=\"_blank\" rel=\"noopener\">Declara\u00e7\u00e3o de Sa\u00fade &#8211; (Atualizado &#8211; 02\/08\/23)<\/a><\/li>\n<li><a href=\"https:\/\/www.rotaseguros.com.br\/corretor\/wp-content\/uploads\/REDE-COMPLETA-28-06.xlsx\" target=\"_blank\" rel=\"noopener\">Rede Credenciada por Cong\u00eanere Atualizada<\/a><\/li>\n<li><a href=\"https:\/\/www.rotaseguros.com.br\/corretor\/wp-content\/uploads\/SAMP-SUPERIOR-MAIS.pdf\" target=\"_blank\" rel=\"noopener\">Proposta Samp &#8211; Superior Mais<\/a><\/li>\n<li><a href=\"https:\/\/www.rotaseguros.com.br\/corretor\/wp-content\/uploads\/TERMO-CAMPANHA-PARTO-VAH.pdf\" target=\"_blank\" rel=\"noopener\">Termo Campanha Car\u00eancia Zero para Parto<\/a><\/li>\n<li><a href=\"https:\/\/www.rotaseguros.com.br\/corretor\/wp-content\/uploads\/ANFECS-COMPULSORIO-3.pdf\" target=\"_blank\" rel=\"noopener\">Proposta de Ades\u00e3o | ANFECS Compulsorio | SAMP &#8211; (atualizada em11\/11\/2022)<\/a><\/li>\n<li><a href=\"https:\/\/www.rotaseguros.com.br\/corretor\/wp-content\/uploads\/ANFECS-FACULTATIVO-3.pdf\" target=\"_blank\" rel=\"noopener\">Proposta de Ades\u00e3o | ANFECS Facultativo | SAMP &#8211; (atualizada em11\/11\/2022)<\/a><\/li>\n<li><a href=\"https:\/\/www.rotaseguros.com.br\/corretor\/wp-content\/uploads\/FORM-Cotacao-Athena-SAMP_SBS1.xlsm\" target=\"_blank\" rel=\"noopener\">Formul\u00e1rio de Cota\u00e7\u00e3o (acima de 30 vidas) | Athena Sa\u00fade | Samp &#8211; (atualizado em 16\/02\/2023)<\/a><\/li>\n<li><a href=\"https:\/\/www.rotaseguros.com.br\/corretor\/wp-content\/uploads\/GuiadeCopay_27_10_2023-samp.pdf\" target=\"_blank\" rel=\"noopener\">Guia de Coparticipa\u00e7\u00e3o Samp (Atualizado em 29\/11\/23)<\/a><\/li>\n<li><a href=\"https:\/\/www.rotaseguros.com.br\/corretor\/wp-content\/uploads\/DS-samp.pdf\" target=\"_blank\" rel=\"noopener\">Declara\u00e7\u00e3o de Sa\u00fade Samp venda fisica &#8211; (Atualizada em 15\/02\/24)<\/a><\/li>\n<li><a href=\"https:\/\/www.rotaseguros.com.br\/corretor\/wp-content\/uploads\/6568e520294bf-Compulsorio.pdf\" target=\"_blank\" rel=\"noopener\">Proposta Simplificada &#8211; Samp &#8211; Compuls\u00f3rio &#8211; (Atualizado em 11\/12\/23)<\/a><\/li>\n<li><a href=\"https:\/\/www.rotaseguros.com.br\/corretor\/wp-content\/uploads\/6568e811ca4d0-Facultativo.pdf\" target=\"_blank\" rel=\"noopener\">Proposta Simplificada &#8211; Samp &#8211; Facultativo &#8211; (Atualizado em 11\/12\/23)<\/a><\/li>\n<li><a href=\"https:\/\/www.rotaseguros.com.br\/corretor\/wp-content\/uploads\/ARC_Sao_Bernardo_saude2023_03.pdf\" target=\"_blank\" rel=\"noopener\">ARC_Sao_Bernardo_saude2023_03 \u2013 (Atualizado 20\/06\/2023)<\/a><\/li>\n<li><a href=\"https:\/\/www.rotaseguros.com.br\/corretor\/wp-content\/uploads\/FORMULARIO-DE-INCLUSAO-RECENTE.pdf\" target=\"_blank\" rel=\"noopener\">Formul\u00e1rio de Inclus\u00e3o \u2013 (Atualizado em 25\/08\/23)<\/a><\/li>\n<li><a href=\"https:\/\/www.rotaseguros.com.br\/corretor\/wp-content\/uploads\/Manual-de-Orientacao-Sao-Bernardo-Ambulatorial-Total.pdf\" target=\"_blank\" rel=\"noopener\">Manual de Orienta\u00e7\u00e3o \u2013 S\u00e3o Bernardo \u2013 (Atualizado em 25\/08\/23)<\/a><\/li>\n<li><a href=\"https:\/\/www.rotaseguros.com.br\/corretor\/wp-content\/uploads\/PROPOSTA-DE-ADESAO-PLANO-AMBULATORIAL.pdf\" target=\"_blank\" rel=\"noopener\">Proposta de Ades\u00e3o Ambulatorial \u2013 (Atualizado em 25\/08\/23)<\/a><\/li>\n<li><a href=\"https:\/\/www.rotaseguros.com.br\/corretor\/wp-content\/uploads\/tabela-copart-SBS-2023-2.pdf\" target=\"_blank\" rel=\"noopener\">Guia de Coparticipa\u00e7\u00e3o S\u00e3o Bernardo (Atualizado em 27\/11\/23)<\/a><\/li>\n<li><a href=\"https:\/\/www.rotaseguros.com.br\/corretor\/wp-content\/uploads\/CARENCIAS-X-PROCEDIMENTOS1.pdf\" target=\"_blank\" rel=\"noopener\">Car\u00eancias X Procedimentos\u00a0<\/a><a href=\"https:\/\/www.rotaseguros.com.br\/corretor\/wp-content\/uploads\/tabela-copart-SBS-2023-2.pdf\" target=\"_blank\" rel=\"noopener\">(Atualizado em 26\/01\/24)<\/a><\/li>\n<li><a href=\"https:\/\/www.rotaseguros.com.br\/corretor\/wp-content\/uploads\/Aditivo-PRC-CARENCIA.pdf\" target=\"_blank\" rel=\"noopener\">Aditivo PRC CAR\u00caNCIA \u2013 (Atualizado em 09\/02\/24)<\/a><\/li>\n<\/ul>\n<p><strong>Material ANFECS<\/strong><\/p>\n<ul>\n<li><a href=\"https:\/\/www.rotaseguros.com.br\/corretor\/wp-content\/uploads\/FICHA-DE-FILIACAO-ANFECS.pdf\" target=\"_blank\" rel=\"noopener noreferrer\">FICHA DE FILIACAO ANFECS<\/a><\/li>\n<\/ul>\n<p><img decoding=\"async\" src=\"https:\/\/www.rotaseguros.com.br\/corretor\/wp-content\/uploads\/plano-de-saude-819x1024.jpeg\" \/><\/p>\n","protected":false},"excerpt":{"rendered":"<p>Tabela de Pre\u00e7os Samp\/S\u00e3o Bernardo Tabela de Pre\u00e7os | S\u00e3o Bernardo \u2013 (Atualizado em 08\/03\/2024) Tabela Ajudes Tabela de Pre\u00e7os | Azul e WAY | S\u00e3o Bernardo Ajudes \u2013 (atualizada &#8230;<\/p>\n","protected":false},"author":1,"featured_media":0,"parent":8407,"menu_order":0,"comment_status":"closed","ping_status":"closed","template":"","meta":{"footnotes":""},"class_list":["post-8428","page","type-page","status-publish","hentry"],"_links":{"self":[{"href":"https:\/\/www.rotaseguros.com.br\/corretor\/index.php\/wp-json\/wp\/v2\/pages\/8428","targetHints":{"allow":["GET"]}}],"collection":[{"href":"https:\/\/www.rotaseguros.com.br\/corretor\/index.php\/wp-json\/wp\/v2\/pages"}],"about":[{"href":"https:\/\/www.rotaseguros.com.br\/corretor\/index.php\/wp-json\/wp\/v2\/types\/page"}],"author":[{"embeddable":true,"href":"https:\/\/www.rotaseguros.com.br\/corretor\/index.php\/wp-json\/wp\/v2\/users\/1"}],"replies":[{"embeddable":true,"href":"https:\/\/www.rotaseguros.com.br\/corretor\/index.php\/wp-json\/wp\/v2\/comments?post=8428"}],"version-history":[{"count":0,"href":"https:\/\/www.rotaseguros.com.br\/corretor\/index.php\/wp-json\/wp\/v2\/pages\/8428\/revisions"}],"up":[{"embeddable":true,"href":"https:\/\/www.rotaseguros.com.br\/corretor\/index.php\/wp-json\/wp\/v2\/pages\/8407"}],"wp:attachment":[{"href":"https:\/\/www.rotaseguros.com.br\/corretor\/index.php\/wp-json\/wp\/v2\/media?parent=8428"}],"curies":[{"name":"wp","href":"https:\/\/api.w.org\/{rel}","templated":true}]}}