{"id":8432,"date":"2020-01-06T15:39:31","date_gmt":"2020-01-06T18:39:31","guid":{"rendered":"https:\/\/www.rotaseguros.com.br\/corretor\/?page_id=8432"},"modified":"2026-05-06T09:26:30","modified_gmt":"2026-05-06T12:26:30","slug":"unimed-vitoria","status":"publish","type":"page","link":"https:\/\/www.rotaseguros.com.br\/corretor\/index.php\/vitoria\/unimed-vitoria\/","title":{"rendered":"Benevix"},"content":{"rendered":"<h2><strong>Benevix Ades\u00e3o<\/strong><\/h2>\n<p><!--Unimed\n\n\n<ul><span data-mce-type=\"bookmark\" style=\"display: inline-block; width: 0px; overflow: hidden; line-height: 0;\" class=\"mce_SELRES_start\"><\/span>\n \t\n\n<li><a href=\"https:\/\/www.rotaseguros.com.br\/corretor\/wp-content\/uploads\/bvx_Informe_ABTS_V092023.pdf\" target=\"_blank\" rel=\"noopener\">Informe ABTS \u2013 (Atualizado em 06\/11\/2023)<\/a><\/li>\n\n\n \t\n\n<li><a href=\"https:\/\/www.rotaseguros.com.br\/corretor\/wp-content\/uploads\/bvx_Inf_-AMES-V102023.cdr_.pdf\" target=\"_blank\" rel=\"noopener\">Informe AMES (Atualizado em 27\/10\/2023)<\/a><\/li>\n\n\n \t\n\n<li><a href=\"https:\/\/www.rotaseguros.com.br\/corretor\/wp-content\/uploads\/bvx_Inf_G1_V012024.cdr_.pdf\" target=\"_blank\" rel=\"noopener\">Informe Grupo I \u2013 (Atualizado em 17\/01\/2024)<\/a><\/li>\n\n\n \t\n\n<li><a href=\"https:\/\/www.rotaseguros.com.br\/corretor\/wp-content\/uploads\/Grupo-ll.pdf\" target=\"_blank\" rel=\"noopener\">Informe Grupo 2 \u2013 (Atualizado em 06\/08\/2024)<\/a><\/li>\n\n\n \t\n\n<li><a href=\"https:\/\/www.rotaseguros.com.br\/corretor\/wp-content\/uploads\/bvx-informe-de-produtos-SINTEC.cdr_.pdf\" target=\"_blank\" rel=\"noopener\">Informe SINTEC \u2013 (Atualizada em 28\/09\/2023)<\/a><\/li>\n\n\n \t\n\n<li><a href=\"https:\/\/www.rotaseguros.com.br\/corretor\/wp-content\/uploads\/bvx_Inf_G2_ENTIDADES_V062023.cdr1_.pdf\" target=\"_blank\" rel=\"noopener\">Entidades Grupo 2 | Benevix - (atualizada em 26\/01\/2024)<\/a><\/li>\n\n\n<\/ul>\n\n\n--><br \/>\nS\u00e3o Bernardo<\/p>\n<ul>\n<li><a href=\"http:\/\/www.rotaseguros.com.br\/corretor\/wp-content\/uploads\/bvx_inf_sbs_LINHA-SBS_V01-10-2025.cdr_.pdf\" target=\"_blank\" rel=\"noopener\">Informe_de_Produtos_Linha_SBS_Coletivo_por_Adesao &#8211; (Atualizado em 08\/10\/25)<\/a><\/li>\n<\/ul>\n<p>&nbsp;<\/p>\n<p>Samp<\/p>\n<ul>\n<li><a href=\"http:\/\/www.rotaseguros.com.br\/corretor\/wp-content\/uploads\/Informe_de_Produtos_Linha_SAMP_Coletivo_por_Adesao.pdf\" target=\"_blank\" rel=\"noopener\">Informe_de_Produtos_Linha_SAMP_Coletivo_por_Adesao &#8211; (Atualizado em 19\/09\/25)<\/a><\/li>\n<\/ul>\n<p>&nbsp;<\/p>\n<h2><strong>Benevix Ades\u00e3o &#8211; Unimed Norte Capixaba<\/strong><\/h2>\n<ul>\n<li><a href=\"http:\/\/www.rotaseguros.com.br\/corretor\/wp-content\/uploads\/Informe_de_Produtos_Adesao_Grupo_I_Ativo_-_Unimed_Norte_Capixaba.pdf\" target=\"_blank\" rel=\"noopener\">Informe Ades\u00e3o | Unimed Norte \u2013 (Atualizada em 08\/01\/2026)<\/a><\/li>\n<li><a href=\"https:\/\/www.rotaseguros.com.br\/corretor\/wp-content\/uploads\/GRUPO-I-ENTIDADE_compressed.pdf\" target=\"_blank\" rel=\"noopener\">Entidades Ades\u00e3o Unimed Norte Capixaba &#8211; (Atualizada em 23\/07\/2024)<\/a><\/li>\n<li><a href=\"https:\/\/www.rotaseguros.com.br\/corretor\/wp-content\/uploads\/FORMULARIO-DE-COMPRA-DE-CARENCIA-UNIMED-2022-atual.docx\" target=\"_blank\" rel=\"noopener\">Formul\u00e1rio de compra de car\u00eancia Unimed 2022-atual<\/a><\/li>\n<\/ul>\n<p>&nbsp;<\/p>\n<h2><strong>Benevix Empresarial<\/strong><\/h2>\n<ul>\n<li><a href=\"http:\/\/www.rotaseguros.com.br\/corretor\/wp-content\/uploads\/Empresarial-SBS.pdf\" target=\"_blank\" rel=\"noopener\">bvx informe sbs EMPRESARIAL \u2013 (Atualizado em 22\/04\/26)<\/a><\/li>\n<li><a href=\"http:\/\/www.rotaseguros.com.br\/corretor\/wp-content\/uploads\/Informe_de_Produtos_Empresarial_Ativo_-_Unimed_Norte_Capixaba.pdf\" target=\"_blank\" rel=\"noopener\">Informe Empresarial | Unimed Norte \u2013 (Atualizada em 08\/01\/2026)<\/a><\/li>\n<\/ul>\n<p>&nbsp;<\/p>\n<h3>Arquivos Unimed Norte Capixaba<\/h3>\n<ul>\n<li><a href=\"https:\/\/www.rotaseguros.com.br\/corretor\/wp-content\/uploads\/FORMULARIO-DE-INCLUSAO2023.xlsx\" target=\"_blank\" rel=\"noopener\">Formul\u00e1rio de Inclus\u00e3o 2023 &#8211; (Atualizado em 06\/12\/23)<\/a><\/li>\n<li><a href=\"https:\/\/www.rotaseguros.com.br\/corretor\/wp-content\/uploads\/DECLARACAO-DE-SAUDE-2.pdf\" target=\"_blank\" rel=\"noopener\">Declara\u00e7\u00e3o de Sa\u00fade &#8211; (Atualizado em 06\/12\/23)<\/a><\/li>\n<li><a href=\"https:\/\/www.rotaseguros.com.br\/corretor\/wp-content\/uploads\/CARTA-DE-ORIENTACAO-AO-BENEFICIARIO.pdf\" target=\"_blank\" rel=\"noopener\">Carta de Orienta\u00e7\u00e3o ao Benefici\u00e1rio &#8211; (Atualizado em 06\/12\/23)<\/a><\/li>\n<li><a href=\"https:\/\/www.rotaseguros.com.br\/corretor\/wp-content\/uploads\/Termo-de-Rescisao.pdf\" target=\"_blank\" rel=\"noopener\">Termo de Rescis\u00e3o &#8211; (Atualizado em 06\/08\/24)<\/a><\/li>\n<li><a href=\"https:\/\/www.rotaseguros.com.br\/corretor\/wp-content\/uploads\/Termo-de-Cancelamento-561.pdf\" target=\"_blank\" rel=\"noopener\">Termo de Cancelamento 561 &#8211; (Atualizado em 06\/08\/24)<\/a><\/li>\n<li><a href=\"https:\/\/www.rotaseguros.com.br\/corretor\/wp-content\/uploads\/Termo-de-cancelamento-para-funcionarios.pdf\" target=\"_blank\" rel=\"noopener\">Termo de cancelamento para funcion\u00e1rios &#8211; (Atualizado em 06\/08\/24)<\/a><\/li>\n<\/ul>\n<p>&nbsp;<\/p>\n<h3>Demais Arquivos<\/h3>\n<ul>\n<li><a href=\"https:\/\/www.rotaseguros.com.br\/corretor\/wp-content\/uploads\/bvx_informe_produto_personal-smart_JUL-2023_compressed.pdf\" target=\"_blank\" rel=\"noopener\">Manual de Atendimento Personal Smart &#8211; (Atualizado em 19\/12\/2023)<\/a><\/li>\n<li><a href=\"https:\/\/www.rotaseguros.com.br\/corretor\/wp-content\/uploads\/bvx_informe_produto_personal-ambulatorial_JUL-2023-8_compressed.pdf\" target=\"_blank\" rel=\"noopener\">Manual de Atendimento Personal Ambulatorial &#8211; (Atualizado em 19\/12\/2023)\u00a0<\/a><\/li>\n<li><a href=\"https:\/\/www.rotaseguros.com.br\/corretor\/wp-content\/uploads\/DECLARACAO-DE-SAUDE-1.pdf\" target=\"_blank\" rel=\"noopener\">Declara\u00e7\u00e3o de Sa\u00fade | Unimed Vit\u00f3ria &#8211; (Atualizado em 17\/05\/23)<\/a><\/li>\n<li><a href=\"https:\/\/www.rotaseguros.com.br\/corretor\/wp-content\/uploads\/TERMO-EXCLUSAO-GERAL-EMPRESARIAL-NOVO-51.pdf\" target=\"_blank\" rel=\"noopener\">Termo de Exclus\u00e3o Geral Empresarial | Unimed Vit\u00f3ria | Benevix &#8211; (atualizado em 11\/01\/2024)<\/a><\/li>\n<li><a href=\"https:\/\/www.rotaseguros.com.br\/corretor\/wp-content\/uploads\/TERMO-CANCELAMENTO-DEPENDENTE-E-OPCIONAL-NOVO-41.pdf\" target=\"_blank\" rel=\"noopener\">Termo de Cancelamento de Dependente e Opcionais | Coletivo Empresarial\/Coletivo Ades\u00e3o | Benevix \u2013 (atualizado em 11\/01\/2024)<\/a><\/li>\n<li><a href=\"https:\/\/www.rotaseguros.com.br\/corretor\/wp-content\/uploads\/Termo-de-exclusao-de-Dependente-e-SOS-Remocao.pdf\" target=\"_blank\" rel=\"noopener\">Termo de Cancelamento de Dependente e Opcionais | Unimed Vit\u00f3ria | Benevix \u2013 (atualizado em 11\/12\/2023)<\/a><\/li>\n<li><a href=\"https:\/\/www.rotaseguros.com.br\/corretor\/wp-content\/uploads\/TERMO-CANCENLAMENTO-ODONTO-TITULAR1.pdf\" target=\"_blank\" rel=\"noopener\">Termo de Cancelamento de Titular | Odonto | Benevix \u2013 (atualizado em 11\/01\/2024)<\/a><\/li>\n<li><a href=\"https:\/\/www.rotaseguros.com.br\/corretor\/wp-content\/uploads\/TERMO-CANCELAMENTO-ODONTO-DEPENDENTES1.pdf\" target=\"_blank\" rel=\"noopener\">Termo de Cancelamento de Dependente e Opcionais | Odonto | Benevix \u2013 (atualizado em 11\/01\/2024)<\/a><\/li>\n<li><a href=\"https:\/\/www.rotaseguros.com.br\/corretor\/wp-content\/uploads\/Termo-Adesao-Livre-Adesao-e-Compulsorio-1.pdf\" target=\"_blank\" rel=\"noopener\">Termo de Ades\u00e3o Empresarial | Produtos Completos | Unimed Vit\u00f3ria &#8211; (atualizada em 26\/10\/2022)<\/a><\/li>\n<li><a href=\"https:\/\/www.rotaseguros.com.br\/corretor\/wp-content\/uploads\/declaracao.pdf\" target=\"_blank\" rel=\"noopener\">Declara\u00e7\u00e3o de Funcion\u00e1rios para MEI<\/a><\/li>\n<li><a href=\"https:\/\/www.rotaseguros.com.br\/corretor\/wp-content\/uploads\/LAYOUT-UNIMED-ODONTO-INCLUSAO.xlsx\" target=\"_blank\" rel=\"noopener\">Layout de Inclus\u00e3o | Unimed Odonto | Benevix &#8211; (atualizada em 15\/12\/2022)<\/a><\/li>\n<li><a href=\"https:\/\/www.rotaseguros.com.br\/corretor\/wp-content\/uploads\/TERM-IMP-0268.r01_Termo_de_Movimentacao_-_Unimed_Vitoria_PME_-_Compulsorio.pdf\" target=\"_blank\" rel=\"noopener\">Termo de Movimenta\u00e7\u00e3o | Unimed Vit\u00f3ria | Benevix &#8211; (atualizada em 14\/02\/2023)<\/a><\/li>\n<li><a href=\"https:\/\/www.rotaseguros.com.br\/corretor\/wp-content\/uploads\/bvx_termo-de-movimentacao_ames_V032023.cdr_.pdf\" target=\"_blank\" rel=\"noopener\">TERMO DE MOVIMENTA\u00c7\u00c3O AMES &#8211; BENEVIX &#8211; (Atualizado em 08\/05\/2023)<\/a><\/li>\n<li><a href=\"https:\/\/www.rotaseguros.com.br\/corretor\/wp-content\/uploads\/termo-de-movimentacao-coletivo-por-adesao.pdf\" target=\"_blank\" rel=\"noopener\">Termo de Movimenta\u00e7\u00e3o Coletivo por Ades\u00e3o &#8211; (Atualizado em 09\/08\/23)<\/a><\/li>\n<li><a href=\"https:\/\/www.rotaseguros.com.br\/corretor\/wp-content\/uploads\/TERM-IMP-0293.r02_Termo_de_Movimentacao_-_Contratos_1495_7816_8244.pdf\" target=\"_blank\" rel=\"noopener\">Termo de movimenta\u00e7\u00e3o benevix ABTS &#8211; (Atualizado em 13\/11\/23)<\/a><\/li>\n<li><a href=\"https:\/\/www.rotaseguros.com.br\/corretor\/wp-content\/uploads\/TABELA-CRITERIO-000415-COPART-FLEX-2-22-CLIENTE.pdf\" target=\"_blank\" rel=\"noopener\">Tabela de Crit\u00e9rio &#8211; Copart &#8211; FLEX &#8211; (Atualizado em 13\/12\/23)<\/a><\/li>\n<li><a href=\"https:\/\/www.rotaseguros.com.br\/corretor\/wp-content\/uploads\/TERM-IMP-0313.r03_Termo_Adesao_Titular_e_Dependente_-_LIVRE_e_COMPULSORIO.pdf\" target=\"_blank\" rel=\"noopener\">Termo de inclus\u00e3o benevix &#8211; (Atualizado em 16\/01\/2024)<\/a><\/li>\n<li><a href=\"https:\/\/www.rotaseguros.com.br\/corretor\/wp-content\/uploads\/342033-PRC04-SAMP-CE.pdf\" target=\"_blank\" rel=\"noopener\">Aditivo PRC CAR\u00caNCIA \u2013 (Atualizado em 21\/10\/24)<\/a><\/li>\n<\/ul>\n<p>&nbsp;<\/p>\n<p>&nbsp;<\/p>\n","protected":false},"excerpt":{"rendered":"<p>Benevix Ades\u00e3o S\u00e3o Bernardo Informe_de_Produtos_Linha_SBS_Coletivo_por_Adesao &#8211; (Atualizado em 08\/10\/25) &nbsp; Samp Informe_de_Produtos_Linha_SAMP_Coletivo_por_Adesao &#8211; (Atualizado em 19\/09\/25) &nbsp; Benevix Ades\u00e3o &#8211; Unimed Norte Capixaba Informe Ades\u00e3o | Unimed Norte \u2013 (Atualizada &#8230;<\/p>\n","protected":false},"author":1,"featured_media":0,"parent":8407,"menu_order":0,"comment_status":"closed","ping_status":"closed","template":"","meta":{"footnotes":""},"class_list":["post-8432","page","type-page","status-publish","hentry"],"_links":{"self":[{"href":"https:\/\/www.rotaseguros.com.br\/corretor\/index.php\/wp-json\/wp\/v2\/pages\/8432","targetHints":{"allow":["GET"]}}],"collection":[{"href":"https:\/\/www.rotaseguros.com.br\/corretor\/index.php\/wp-json\/wp\/v2\/pages"}],"about":[{"href":"https:\/\/www.rotaseguros.com.br\/corretor\/index.php\/wp-json\/wp\/v2\/types\/page"}],"author":[{"embeddable":true,"href":"https:\/\/www.rotaseguros.com.br\/corretor\/index.php\/wp-json\/wp\/v2\/users\/1"}],"replies":[{"embeddable":true,"href":"https:\/\/www.rotaseguros.com.br\/corretor\/index.php\/wp-json\/wp\/v2\/comments?post=8432"}],"version-history":[{"count":23,"href":"https:\/\/www.rotaseguros.com.br\/corretor\/index.php\/wp-json\/wp\/v2\/pages\/8432\/revisions"}],"predecessor-version":[{"id":67656,"href":"https:\/\/www.rotaseguros.com.br\/corretor\/index.php\/wp-json\/wp\/v2\/pages\/8432\/revisions\/67656"}],"up":[{"embeddable":true,"href":"https:\/\/www.rotaseguros.com.br\/corretor\/index.php\/wp-json\/wp\/v2\/pages\/8407"}],"wp:attachment":[{"href":"https:\/\/www.rotaseguros.com.br\/corretor\/index.php\/wp-json\/wp\/v2\/media?parent=8432"}],"curies":[{"name":"wp","href":"https:\/\/api.w.org\/{rel}","templated":true}]}}