{"id":8665,"date":"2020-01-15T08:08:03","date_gmt":"2020-01-15T11:08:03","guid":{"rendered":"https:\/\/www.rotaseguros.com.br\/corretor\/?page_id=8665"},"modified":"2023-11-27T17:33:35","modified_gmt":"2023-11-27T20:33:35","slug":"planos-odontologicos","status":"publish","type":"page","link":"https:\/\/www.rotaseguros.com.br\/corretor\/index.php\/vitoria\/planos-odontologicos\/","title":{"rendered":"Planos Odontol\u00f3gicos"},"content":{"rendered":"<p><strong>Amil<\/strong><\/p>\n<p><a href=\"https:\/\/www.rotaseguros.com.br\/corretor\/wp-content\/uploads\/TABELA-DE-VENDAS-AMIL-DENTAL.pdf\">TABELA DE VENDAS AMIL DENTAL<\/a><\/p>\n<p><a href=\"https:\/\/www.rotaseguros.com.br\/corretor\/wp-content\/uploads\/Amil-Dental-Nacional.2019-Dental-Win-PF-e-PME.pdf\">Amil Dental Nacional.2019 &#8211; Dental Win PF e PME<\/a><\/p>\n<p><a href=\"https:\/\/www.rotaseguros.com.br\/corretor\/wp-content\/uploads\/Amil-Dental-Nacional.2019-Dental-200-Individual_Familiar.pdf\" target=\"_blank\" rel=\"noopener noreferrer\">Amil Dental Nacional.2019- Dental 200 Individual_Familiar<\/a><\/p>\n<p><a href=\"https:\/\/www.rotaseguros.com.br\/corretor\/wp-content\/uploads\/Amil-Dental_2019-Win.pdf\" target=\"_blank\" rel=\"noopener noreferrer\">Amil Dental_2019- Win<\/a><\/p>\n<p><a href=\"https:\/\/www.rotaseguros.com.br\/corretor\/wp-content\/uploads\/Apresenta\u00e7\u00e3o-Dental-200-PME.pdf\" target=\"_blank\" rel=\"noopener noreferrer\">Apresenta\u00e7\u00e3o Dental 200 PME<\/a><\/p>\n<p><a href=\"https:\/\/www.rotaseguros.com.br\/corretor\/wp-content\/uploads\/M\u00f3dulo-5-Amil-Dental.bin_.pdf\" target=\"_blank\" rel=\"noopener noreferrer\">M\u00f3dulo 5 &#8211; Amil Dental.bin<\/a><\/p>\n<p><a href=\"https:\/\/www.rotaseguros.com.br\/corretor\/wp-content\/uploads\/Procedimentos-dental-200Doc.pdf\" target=\"_blank\" rel=\"noopener noreferrer\">Procedimentos-dental-200Doc<\/a><\/p>\n<p>&nbsp;<\/p>\n<p>&nbsp;<\/p>\n<p><strong>MetLife<\/strong><\/p>\n<p><a href=\"https:\/\/www.rotaseguros.com.br\/corretor\/wp-content\/uploads\/Condi\u00e7\u00e3o-Geral-1.pdf\" target=\"_blank\" rel=\"noopener noreferrer\">Condi\u00e7\u00e3o Geral<\/a><\/p>\n<p><a href=\"https:\/\/www.rotaseguros.com.br\/corretor\/wp-content\/uploads\/Cidades-v\u00e1lidas-para-or\u00e7amento-Dental.pdf\" target=\"_blank\" rel=\"noopener noreferrer\">Cidades v\u00e1lidas para or\u00e7amento Dental<\/a><\/p>\n<p><a href=\"https:\/\/www.rotaseguros.com.br\/corretor\/wp-content\/uploads\/Email_MKT_MetLife.pdf\" target=\"_blank\" rel=\"noopener noreferrer\">Email_MKT_MetLife<\/a><\/p>\n<p><a href=\"https:\/\/www.rotaseguros.com.br\/corretor\/wp-content\/uploads\/MTL_DT_Proposta-de-Contrata\u00e7\u00e3o_PME-4.pdf\" target=\"_blank\" rel=\"noopener noreferrer\">MTL_DT_Proposta de Contrata\u00e7\u00e3o_PME<\/a><\/p>\n<p><a href=\"https:\/\/www.rotaseguros.com.br\/corretor\/wp-content\/uploads\/Termo-de-Ades\u00e3o-do-Benefici\u00e1rio-4.pdf\" target=\"_blank\" rel=\"noopener noreferrer\">Termo de Ades\u00e3o do Benefici\u00e1rio<\/a><\/p>\n<p><a href=\"https:\/\/www.rotaseguros.com.br\/corretor\/wp-content\/uploads\/WEB_Folheto_PME_Dental_Empresa10-1.pdf\" target=\"_blank\" rel=\"noopener noreferrer\">WEB_Folheto_PME_Dental_Empresa10<\/a><\/p>\n<p><a href=\"https:\/\/www.rotaseguros.com.br\/corretor\/wp-content\/uploads\/PME-Dental.docx\" target=\"_blank\" rel=\"noopener noreferrer\">PME Dental<\/a><\/p>\n<p><strong>Odontoprev<\/strong><\/p>\n<p><a href=\"https:\/\/www.rotaseguros.com.br\/corretor\/wp-content\/uploads\/Tabela-Odontoprev-PF-Dental-Bem-Estar-2.pdf\" target=\"_blank\" rel=\"noopener noreferrer\">Tabela Odontoprev &#8211; PF Dental Bem Estar<\/a><\/p>\n<p><a href=\"https:\/\/www.rotaseguros.com.br\/corretor\/wp-content\/uploads\/Tabela-Odontoprev-PF-Dental-Est\u00e9tica-2.pdf\" target=\"_blank\" rel=\"noopener noreferrer\">Tabela Odontoprev &#8211; PF Dental Est\u00e9tica<\/a><\/p>\n<p><a href=\"https:\/\/www.rotaseguros.com.br\/corretor\/wp-content\/uploads\/Tabela-Odontoprev-PF-Dental-Orto-2.pdf\" target=\"_blank\" rel=\"noopener noreferrer\">Tabela Odontoprev &#8211; PF Dental Orto<\/a><\/p>\n<p><a href=\"https:\/\/www.rotaseguros.com.br\/corretor\/wp-content\/uploads\/Tabela-Odontoprev-PF-Dental-VIP-2.pdf\" target=\"_blank\" rel=\"noopener noreferrer\">Tabela Odontoprev &#8211; PF Dental VIP<\/a><\/p>\n<p><a href=\"https:\/\/www.rotaseguros.com.br\/corretor\/wp-content\/uploads\/Tabela-Odontoprev-PME-3-a-29-vidas-2.pdf\" target=\"_blank\" rel=\"noopener noreferrer\">Tabela Odontoprev &#8211; PME 3 a 29 vidas<\/a><\/p>\n<p><a href=\"https:\/\/www.rotaseguros.com.br\/corretor\/wp-content\/uploads\/Tabela-Odontoprev-PME-INTEGRAL-DOC-LE-2.pdf\" target=\"_blank\" rel=\"noopener noreferrer\">Tabela Odontoprev &#8211; PME INTEGRAL DOC LE<\/a><\/p>\n<p><a href=\"https:\/\/www.rotaseguros.com.br\/corretor\/wp-content\/uploads\/Tabela-Odontoprev-PME-MASTER-LE-2.pdf\" target=\"_blank\" rel=\"noopener noreferrer\">Tabela Odontoprev &#8211; PME MASTER LE<\/a><\/p>\n<p><a href=\"https:\/\/www.rotaseguros.com.br\/corretor\/wp-content\/uploads\/Comparativo-plano-ODPV-em-TUSS-Integral-DOC-Master.pdf\" target=\"_blank\" rel=\"noopener noreferrer\">Comparativo plano ODPV em TUSS &#8211; Integral DOC &#8211; Master<\/a><\/p>\n<p><a href=\"https:\/\/www.rotaseguros.com.br\/corretor\/wp-content\/uploads\/Contrato-Odontoprev-PME.pdf\" target=\"_blank\" rel=\"noopener noreferrer\">Contrato Odontoprev PME<\/a><\/p>\n<p><a href=\"https:\/\/www.rotaseguros.com.br\/corretor\/wp-content\/uploads\/Folder_Privian_2018.pdf\" target=\"_blank\" rel=\"noopener noreferrer\">Folder_Privian_2018<\/a><\/p>\n<p><a href=\"https:\/\/www.rotaseguros.com.br\/corretor\/wp-content\/uploads\/Folder_privian_rev03.pdf\" target=\"_blank\" rel=\"noopener noreferrer\">Folder_privian_rev03<\/a><\/p>\n<p><a href=\"https:\/\/www.rotaseguros.com.br\/corretor\/wp-content\/uploads\/Normativa-comercial-1.pdf\" target=\"_blank\" rel=\"noopener noreferrer\">Normativa comercial<\/a><\/p>\n<p><a href=\"https:\/\/www.rotaseguros.com.br\/corretor\/wp-content\/uploads\/Rede-Credenciada-Nacional.pdf\" target=\"_blank\" rel=\"noopener noreferrer\">Rede Credenciada Nacional<\/a><\/p>\n<p><a href=\"https:\/\/www.rotaseguros.com.br\/corretor\/wp-content\/uploads\/Tabela-de-cobertura-PF-Mercado-gb.xlsx\" target=\"_blank\" rel=\"noopener\">Tabela de cobertura PF Mercado gb &#8211; (Atualizado em 27\/11\/23)<\/a><\/p>\n<p><a href=\"https:\/\/www.rotaseguros.com.br\/corretor\/wp-content\/uploads\/Tabela-de-cobertura-2-SPG-ROL-x-PADRAO-x-PREMIUM-TOP.xlsx\" target=\"_blank\" rel=\"noopener\">Tabela de cobertura 2 SPG ROL x PADR\u00c3O x PREMIUM TOP &#8211; (Atualizado em 27\/11\/23)<\/a><\/p>\n<p><strong>Porto Odontol\u00f3gico<\/strong><\/p>\n<p><a href=\"https:\/\/www.rotaseguros.com.br\/corretor\/wp-content\/uploads\/Apresenta\u00e7\u00e3o-Comercial.pdf\" target=\"_blank\" rel=\"noopener noreferrer\">Apresenta\u00e7\u00e3o Comercial<\/a><\/p>\n<p><a href=\"https:\/\/www.rotaseguros.com.br\/corretor\/wp-content\/uploads\/Apresenta\u00fe\u00d2o-Comercial.pdf\" target=\"_blank\" rel=\"noopener noreferrer\">Apresenta\u00e7\u00e3o Comercial<\/a><\/p>\n<p><a href=\"https:\/\/www.rotaseguros.com.br\/corretor\/wp-content\/uploads\/Coberturas-Detalhadas-Odontol\u00begico.pdf\" target=\"_blank\" rel=\"noopener noreferrer\">Coberturas Detalhadas Odontol\u00f3gico<\/a><\/p>\n<p><a href=\"https:\/\/www.rotaseguros.com.br\/corretor\/wp-content\/uploads\/Odonto_Cobertura-dos-planos-100-1.pdf\" target=\"_blank\" rel=\"noopener noreferrer\">Odonto Cobertura dos planos + 100<\/a><\/p>\n<p><strong>Uniodonto<\/strong><\/p>\n<p><a href=\"https:\/\/www.rotaseguros.com.br\/corretor\/wp-content\/uploads\/TABELA-UNIODONTO-ABESP.pdf\" target=\"_blank\" rel=\"noopener noreferrer\">Tabela Uniodonto ABESP<\/a><\/p>\n<p><a href=\"https:\/\/www.rotaseguros.com.br\/corretor\/wp-content\/uploads\/Ficha-de-Ades\u00e3o-uniodonto.pdf\" target=\"_blank\" rel=\"noopener noreferrer\">Ficha de Ades\u00e3o uniodonto<\/a><\/p>\n<p><a href=\"https:\/\/www.rotaseguros.com.br\/corretor\/wp-content\/uploads\/Proposta-de-ades\u00e3o-UNIODONTO.pdf\" target=\"_blank\" rel=\"noopener noreferrer\">Proposta de ades\u00e3o UNIODONTO<\/a><\/p>\n<p><a href=\"https:\/\/www.rotaseguros.com.br\/corretor\/wp-content\/uploads\/Proposta-para-Ades\u00e3o-ABESP.pdf\" target=\"_blank\" rel=\"noopener noreferrer\">Proposta para Ades\u00e3o ABESP<\/a><\/p>\n","protected":false},"excerpt":{"rendered":"<p>Amil TABELA DE VENDAS AMIL DENTAL Amil Dental Nacional.2019 &#8211; Dental Win PF e PME Amil Dental Nacional.2019- Dental 200 Individual_Familiar Amil Dental_2019- Win Apresenta\u00e7\u00e3o Dental 200 PME M\u00f3dulo 5 &#8230;<\/p>\n","protected":false},"author":1,"featured_media":0,"parent":8407,"menu_order":0,"comment_status":"closed","ping_status":"closed","template":"","meta":{"footnotes":""},"class_list":["post-8665","page","type-page","status-publish","hentry"],"_links":{"self":[{"href":"https:\/\/www.rotaseguros.com.br\/corretor\/index.php\/wp-json\/wp\/v2\/pages\/8665","targetHints":{"allow":["GET"]}}],"collection":[{"href":"https:\/\/www.rotaseguros.com.br\/corretor\/index.php\/wp-json\/wp\/v2\/pages"}],"about":[{"href":"https:\/\/www.rotaseguros.com.br\/corretor\/index.php\/wp-json\/wp\/v2\/types\/page"}],"author":[{"embeddable":true,"href":"https:\/\/www.rotaseguros.com.br\/corretor\/index.php\/wp-json\/wp\/v2\/users\/1"}],"replies":[{"embeddable":true,"href":"https:\/\/www.rotaseguros.com.br\/corretor\/index.php\/wp-json\/wp\/v2\/comments?post=8665"}],"version-history":[{"count":0,"href":"https:\/\/www.rotaseguros.com.br\/corretor\/index.php\/wp-json\/wp\/v2\/pages\/8665\/revisions"}],"up":[{"embeddable":true,"href":"https:\/\/www.rotaseguros.com.br\/corretor\/index.php\/wp-json\/wp\/v2\/pages\/8407"}],"wp:attachment":[{"href":"https:\/\/www.rotaseguros.com.br\/corretor\/index.php\/wp-json\/wp\/v2\/media?parent=8665"}],"curies":[{"name":"wp","href":"https:\/\/api.w.org\/{rel}","templated":true}]}}